{"id":1385,"date":"2018-03-22T17:35:07","date_gmt":"2018-03-22T16:35:07","guid":{"rendered":"https:\/\/dev.serversmtp.com\/?page_id=1385"},"modified":"2025-10-22T10:19:59","modified_gmt":"2025-10-22T08:19:59","slug":"smtp-android-configurazione","status":"publish","type":"page","link":"https:\/\/serversmtp.com\/it\/smtp-android-configurazione\/","title":{"rendered":"Configurare l&#8217;SMTP per Android"},"content":{"rendered":"<p>Configurare un <strong>server SMTP per Android<\/strong> \u00e8 necessario per inviare le vostre email da uno smartphone o tablet che utilizza tale sistema operativo. Il processo \u00e8 molto semplice e baster\u00e0 un minuto per l&#8217;intera impostazione.<\/p>\n<p>Ricordate per\u00f2 che utilizzate un server SMTP comune &#8211; come quello associato a un account Gmail o Hotmail &#8211; \u00e8 necessario <strong>modificare queste impostazioni ogni volta che si passa a un altro ISP<\/strong>. Il che, alla lunga, pu\u00f2 essere molto fastidioso.<\/p>\n<p>Quindi, se si viaggia di frequente e si cambia molto spesso provider, la cosa migliore \u00e8 <strong>optare per un servizio SMTP dedicato:<\/strong> si configurano i parametri <strong>una volta sola<\/strong> e il server funzioner\u00e0 con qualsiasi tipo di connessione. Con turboSMTP potete cominciare subito e avere <a title=\"server smtp gratuito\" href=\"\/it\/tsmtpregistration1.php\">6000 email gratuite al mese, per sempre<\/a>.<\/p>\n<p>Ed ecco il procedimento per configurare un servero SMTP su Android:<\/p>\n<p><strong>1.<\/strong> Premete il tasto &#8220;Menu&#8221; e selezionate &#8220;Account&#8221;.<\/p>\n<p><strong>2.<\/strong> Premete di nuovo &#8220;Menu&#8221; e poi &#8220;Aggiungi account&#8221;; inserite quindi il vostro indirizzo email e la password e premete &#8220;Avanti&#8221;.<\/p>\n<p><strong>3<\/strong>. Immettete le impostazioni SMTP:<\/p>\n<p><img decoding=\"async\" class=\"aligncenter wp-image-1386 size-full\" src=\"https:\/\/serversmtp.com\/wp-content\/uploads\/2018\/03\/smtp-android-configurazione.jpg\" alt=\"\" width=\"240\" height=\"400\" srcset=\"https:\/\/serversmtp.com\/wp-content\/uploads\/2018\/03\/smtp-android-configurazione.jpg 240w, https:\/\/serversmtp.com\/wp-content\/uploads\/2018\/03\/smtp-android-configurazione-180x300.jpg 180w, https:\/\/serversmtp.com\/wp-content\/uploads\/2018\/03\/smtp-android-configurazione-239x398.jpg 239w\" sizes=\"(max-width: 240px) 100vw, 240px\" \/><\/p>\n<ul>\n<li><strong>Server SMTP<\/strong>: il nome del server in uscita. Se non lo conoscete, date un&#8217;occhiata al nostro <a title=\"parametri smtp\" href=\"\/it\/parametri-smtp\">elenco di parametri SMTP<\/a>.<\/li>\n<li><strong>Tipo di sicurezza<\/strong>: scegliete la tipologia di invio (con un protocollo di sicurezza &#8211; consigliato &#8211; oppure senza).<\/li>\n<li><strong>Richiedi accesso<\/strong>: flaggate questa opzione se volete inviare le email solo dopo l&#8217;accesso con password.<\/li>\n<li><strong>Porta<\/strong>: la porta di default \u00e8 25, ma \u00e8 possibile scegliere anche 587, o 465 se si sta inviando via SSL. Per ulteriori informazioni consultare il nostro articolo sulle <a title=\"porte smtp\" href=\"\/it\/porta-smtp\">porte per SMTP<\/a>.<\/li>\n<li><strong>Nome utente<\/strong>: il vostro indirizzo email (se utilizzi turboSMTP inserisci la Consumer Key al posto dell&#8217;indirizzo email\/nome utente \u2014 scopri <a href=\"https:\/\/serversmtp.com\/it\/cosa-sono-le-api-key-e-come-crearle-con-turbosmtp-una-guida-completa\/#how-to\" title=\"Come generare le API Key su turboSMTP\" target=\"_blank\" rel=\"noopener\">come generare le tue API Key<\/a>).<\/li>\n<li><strong>Password<\/strong>: la vostra password (se utilizzi turboSMTP inserisci la Consumer Secret al posto della password \u2014 scopri <a href=\"https:\/\/serversmtp.com\/it\/cosa-sono-le-api-key-e-come-crearle-con-turbosmtp-una-guida-completa\/#how-to\" title=\"Come generare le API Key su turboSMTP\" target=\"_blank\" rel=\"noopener\">come generare le tue API Key<\/a>).<\/li>\n<\/ul>\n<p>Ecco fatto, la configurazione della posta elettronica di Android \u00e8 conclusa: ora potete inviare i vostri messaggi.<\/p>\n","protected":false},"excerpt":{"rendered":"<p>Configurare un server SMTP per Android \u00e8 necessario per inviare le vostre email da uno smartphone o tablet che utilizza tale sistema operativo. Il processo \u00e8 molto semplice e baster\u00e0 un minuto per l&#8217;intera impostazione. Ricordate per\u00f2 che utilizzate un server SMTP comune &#8211; come quello associato a un account Gmail o Hotmail &#8211; \u00e8 &#8230; <\/p>\n<p class=\"read-more-container\"><a title=\"Configurare l&#8217;SMTP per Android\" class=\"read-more button\" href=\"https:\/\/serversmtp.com\/it\/smtp-android-configurazione\/#more-1385\" aria-label=\"Per saperne di pi\u00f9 su Configurare l&#8217;SMTP per Android\">Discover more<\/a><\/p>\n","protected":false},"author":3,"featured_media":0,"parent":0,"menu_order":0,"comment_status":"closed","ping_status":"closed","template":"","meta":{"_eb_attr":"","inline_featured_image":false,"_monsterinsights_skip_tracking":false,"_monsterinsights_sitenote_active":false,"_monsterinsights_sitenote_note":"","_monsterinsights_sitenote_category":0,"footnotes":""},"class_list":["post-1385","page","type-page","status-publish"],"yoast_head":"<!-- This site is optimized with the Yoast SEO plugin v25.3.1 - https:\/\/yoast.com\/wordpress\/plugins\/seo\/ -->\n<title>Configurare l&#039;SMTP per Android - Server Mail SMTP - Provider di servizi SMTP professionali<\/title>\n<meta name=\"robots\" content=\"index, follow, max-snippet:-1, max-image-preview:large, max-video-preview:-1\" \/>\n<link rel=\"canonical\" href=\"https:\/\/serversmtp.com\/it\/smtp-android-configurazione\/\" \/>\n<meta name=\"twitter:label1\" content=\"Tempo di lettura stimato\" \/>\n\t<meta name=\"twitter:data1\" content=\"2 minuti\" \/>\n<!-- \/ Yoast SEO plugin. -->","yoast_head_json":{"title":"Configurare l'SMTP per Android - Server Mail SMTP - Provider di servizi SMTP professionali","robots":{"index":"index","follow":"follow","max-snippet":"max-snippet:-1","max-image-preview":"max-image-preview:large","max-video-preview":"max-video-preview:-1"},"canonical":"https:\/\/serversmtp.com\/it\/smtp-android-configurazione\/","twitter_misc":{"Tempo di lettura stimato":"2 minuti"},"schema":{"@context":"https:\/\/schema.org","@graph":[{"@type":"WebPage","@id":"https:\/\/serversmtp.com\/it\/smtp-android-configurazione\/","url":"https:\/\/serversmtp.com\/it\/smtp-android-configurazione\/","name":"Configurare l'SMTP per Android - Server Mail SMTP - Provider di servizi SMTP professionali","isPartOf":{"@id":"https:\/\/serversmtp.com\/#website"},"primaryImageOfPage":{"@id":"https:\/\/serversmtp.com\/it\/smtp-android-configurazione\/#primaryimage"},"image":{"@id":"https:\/\/serversmtp.com\/it\/smtp-android-configurazione\/#primaryimage"},"thumbnailUrl":"https:\/\/serversmtp.com\/wp-content\/uploads\/2018\/03\/smtp-android-configurazione.jpg","datePublished":"2018-03-22T16:35:07+00:00","dateModified":"2025-10-22T08:19:59+00:00","breadcrumb":{"@id":"https:\/\/serversmtp.com\/it\/smtp-android-configurazione\/#breadcrumb"},"inLanguage":"it-IT","potentialAction":[{"@type":"ReadAction","target":["https:\/\/serversmtp.com\/it\/smtp-android-configurazione\/"]}]},{"@type":"ImageObject","inLanguage":"it-IT","@id":"https:\/\/serversmtp.com\/it\/smtp-android-configurazione\/#primaryimage","url":"https:\/\/serversmtp.com\/wp-content\/uploads\/2018\/03\/smtp-android-configurazione.jpg","contentUrl":"https:\/\/serversmtp.com\/wp-content\/uploads\/2018\/03\/smtp-android-configurazione.jpg"},{"@type":"BreadcrumbList","@id":"https:\/\/serversmtp.com\/it\/smtp-android-configurazione\/#breadcrumb","itemListElement":[{"@type":"ListItem","position":1,"name":"Home","item":"https:\/\/serversmtp.com\/it\/"},{"@type":"ListItem","position":2,"name":"Configurare l&#8217;SMTP per Android"}]},{"@type":"WebSite","@id":"https:\/\/serversmtp.com\/#website","url":"https:\/\/serversmtp.com\/","name":"Server Mail SMTP - Provider di servizi SMTP professionali","description":"Server Mail SMTP - Provider di servizi SMTP professionali","publisher":{"@id":"https:\/\/serversmtp.com\/#organization"},"potentialAction":[{"@type":"SearchAction","target":{"@type":"EntryPoint","urlTemplate":"https:\/\/serversmtp.com\/?s={search_term_string}"},"query-input":{"@type":"PropertyValueSpecification","valueRequired":true,"valueName":"search_term_string"}}],"inLanguage":"it-IT"},{"@type":"Organization","@id":"https:\/\/serversmtp.com\/#organization","name":"Delivery Tech","url":"https:\/\/serversmtp.com\/","logo":{"@type":"ImageObject","inLanguage":"it-IT","@id":"https:\/\/serversmtp.com\/#\/schema\/logo\/image\/","url":"https:\/\/serversmtp.com\/wp-content\/uploads\/2021\/11\/og-image-2.jpg","contentUrl":"https:\/\/serversmtp.com\/wp-content\/uploads\/2021\/11\/og-image-2.jpg","width":1200,"height":1128,"caption":"Delivery Tech"},"image":{"@id":"https:\/\/serversmtp.com\/#\/schema\/logo\/image\/"}}]}},"_links":{"self":[{"href":"https:\/\/serversmtp.com\/it\/wp-json\/wp\/v2\/pages\/1385"}],"collection":[{"href":"https:\/\/serversmtp.com\/it\/wp-json\/wp\/v2\/pages"}],"about":[{"href":"https:\/\/serversmtp.com\/it\/wp-json\/wp\/v2\/types\/page"}],"author":[{"embeddable":true,"href":"https:\/\/serversmtp.com\/it\/wp-json\/wp\/v2\/users\/3"}],"replies":[{"embeddable":true,"href":"https:\/\/serversmtp.com\/it\/wp-json\/wp\/v2\/comments?post=1385"}],"version-history":[{"count":6,"href":"https:\/\/serversmtp.com\/it\/wp-json\/wp\/v2\/pages\/1385\/revisions"}],"predecessor-version":[{"id":22500,"href":"https:\/\/serversmtp.com\/it\/wp-json\/wp\/v2\/pages\/1385\/revisions\/22500"}],"wp:attachment":[{"href":"https:\/\/serversmtp.com\/it\/wp-json\/wp\/v2\/media?parent=1385"}],"curies":[{"name":"wp","href":"https:\/\/api.w.org\/{rel}","templated":true}]}}