{"id":1377,"date":"2018-03-22T17:25:52","date_gmt":"2018-03-22T16:25:52","guid":{"rendered":"https:\/\/dev.serversmtp.com\/?page_id=1377"},"modified":"2025-10-22T09:44:03","modified_gmt":"2025-10-22T07:44:03","slug":"smtp-ipad-configurazione","status":"publish","type":"page","link":"https:\/\/serversmtp.com\/it\/smtp-ipad-configurazione\/","title":{"rendered":"Configurare l&#8217;SMTP sull&#8217;iPad"},"content":{"rendered":"<p>In questo articolo vedremo come <strong>configurare i parametri SMTP<\/strong> per il tablet di Apple, l&#8217;<strong>iPad<\/strong>.<\/p>\n<p>L&#8217;iPad \u00e8 uno degli strumenti pi\u00f9 utilizzati per inviare email quando si \u00e8 in viaggio: la sua praticit\u00e0 e il suo design raffinato lo rendono un ottimo device per la posta elettronica. La possibilit\u00e0 di aggiungere una tastiera extra, inoltre, consente di <strong>scrivere rapidamente<\/strong> anche dei messaggi pi\u00f9 lunghi.<\/p>\n<p>Naturalmente, per impostare <strong>l&#8217;app di posta elettronica<\/strong> nativa del vostro iPad e spedire correttamente le email, \u00e8 necessario inserire le <strong>impostazioni SMTP<\/strong>\u00a0del vostro server.<\/p>\n<p>Purtroppo, se utilizzate un server SMTP &#8220;normale&#8221; come quelli associati a un account Gmail o Hotmail, \u00e8 necessario modificare la configurazione <strong>ogni volta che si cambia connessione<\/strong>. Un procedimento che alla lunga pu\u00f2 risultare parecchio fastidioso.<\/p>\n<p>Per evitare questo problema si pu\u00f2 optare un <strong><a title=\"servizio SMTP\" href=\"\/it\/tsmtpregistration1.php\">servizio SMTP professionale<\/a><\/strong> che funziona con qualsiasi tipo di provider (e quindi \u00e8 ideale se si viaggia molto e si utilizza spesso l&#8217;iPad per inviare le email).<\/p>\n<p>Ci\u00f2 detto, ecco come configurare un server SMTP per il vostro iPad.<\/p>\n<p><strong>1<\/strong>. Selezionare &#8220;Impostazioni &gt; Posta, contatti, calendari&#8221;.<\/p>\n<p><strong>2<\/strong>. Selezionare l&#8217;account di posta elettronica da cui si desidera inviare le email (o aggiungerne uno nuovo, nel caso).<\/p>\n<p><strong>3<\/strong>. Selezionare &#8220;SMTP&#8221; in &#8220;Server posta in uscita&#8221;.<\/p>\n<p><strong>4<\/strong>. Selezionare &#8220;Aggiungi server &#8230;&#8221;. Nella finestra di\u00a0configurazione, immettere i seguenti parametri:<\/p>\n<ul>\n<li><strong>Nome host<\/strong>: il nome del server SMTP. Per ulteriori informazioni, date un&#8217;occhiata alla nostra <a title=\"configurazione smtp\" href=\"\/it\/configurazione-smtp\">lista di specifiche<\/a> dei vari server di posta in uscita.<\/li>\n<li><strong>Nome utente<\/strong>: l&#8217;indirizzo email da cui spedite i messaggi (Se utilizzi turboSMTP inserisci la Consumer Key \u2014 scopri <a href=\"https:\/\/serversmtp.com\/it\/cosa-sono-le-api-key-e-come-crearle-con-turbosmtp-una-guida-completa\/#how-to\" title=\"Come generare le API Key su turboSMTP\" target=\"_blank\" rel=\"noopener\">come generare le tue API Key<\/a>).<\/li>\n<li><strong>Password<\/strong>: la vostra password (Se utilizzi turboSMTP inserisci la Consumer Secret \u2014 scopri <a href=\"https:\/\/serversmtp.com\/it\/cosa-sono-le-api-key-e-come-crearle-con-turbosmtp-una-guida-completa\/#how-to\" title=\"Come generare le API Key su turboSMTP\" target=\"_blank\" rel=\"noopener\">come generare le tue API Key<\/a>).<\/li>\n<\/ul>\n<p>A questo punto l&#8217;iPad verificher\u00e0 l&#8217;SMTP e torner\u00e0 alla schermata dei dettagli. Selezionate il\u00a0<strong>server principale<\/strong> e inserite tutti parametri rimanenti:<\/p>\n<ul>\n<li><strong>Server<\/strong>: impostate &#8220;ON&#8221;.<\/li>\n<li><strong>Usa SSL<\/strong>: impostatelo attivo.<\/li>\n<li><strong>Autenticazione<\/strong>: selezionate &#8220;Password&#8221; e inserite la password (Se utilizzi turboSMTP inserisci la Consumer Secret \u2014 scopri <a href=\"https:\/\/serversmtp.com\/it\/cosa-sono-le-api-key-e-come-crearle-con-turbosmtp-una-guida-completa\/#how-to\" title=\"Come generare le API Key su turboSMTP\" target=\"_blank\" rel=\"noopener\">come generare le tue API Key<\/a>).<\/li>\n<li><strong>Porta server<\/strong>: la porta di default \u00e8 25, ma alcuni ISP la bloccano a causa della crescente quantit\u00e0 di spam; potete comunque <a title=\"porta per SMTP\" href=\"\/it\/porta-smtp\">impostarne un&#8217;altra<\/a>.<\/li>\n<\/ul>\n<p>&nbsp;<\/p>\n","protected":false},"excerpt":{"rendered":"<p>In questo articolo vedremo come configurare i parametri SMTP per il tablet di Apple, l&#8217;iPad. L&#8217;iPad \u00e8 uno degli strumenti pi\u00f9 utilizzati per inviare email quando si \u00e8 in viaggio: la sua praticit\u00e0 e il suo design raffinato lo rendono un ottimo device per la posta elettronica. La possibilit\u00e0 di aggiungere una tastiera extra, inoltre, &#8230; <\/p>\n<p class=\"read-more-container\"><a title=\"Configurare l&#8217;SMTP sull&#8217;iPad\" class=\"read-more button\" href=\"https:\/\/serversmtp.com\/it\/smtp-ipad-configurazione\/#more-1377\" aria-label=\"Per saperne di pi\u00f9 su Configurare l&#8217;SMTP sull&#8217;iPad\">Discover more<\/a><\/p>\n","protected":false},"author":3,"featured_media":0,"parent":0,"menu_order":0,"comment_status":"closed","ping_status":"closed","template":"","meta":{"_eb_attr":"","inline_featured_image":false,"_monsterinsights_skip_tracking":false,"_monsterinsights_sitenote_active":false,"_monsterinsights_sitenote_note":"","_monsterinsights_sitenote_category":0,"footnotes":""},"class_list":["post-1377","page","type-page","status-publish"],"yoast_head":"<!-- This site is optimized with the Yoast SEO plugin v25.3.1 - https:\/\/yoast.com\/wordpress\/plugins\/seo\/ -->\n<title>Configurare l&#039;SMTP sull&#039;iPad - Server Mail SMTP - Provider di servizi SMTP professionali<\/title>\n<meta name=\"robots\" content=\"index, follow, max-snippet:-1, max-image-preview:large, max-video-preview:-1\" \/>\n<link rel=\"canonical\" href=\"https:\/\/serversmtp.com\/it\/smtp-ipad-configurazione\/\" \/>\n<meta name=\"twitter:label1\" content=\"Tempo di lettura stimato\" \/>\n\t<meta name=\"twitter:data1\" content=\"2 minuti\" \/>\n<!-- \/ Yoast SEO plugin. -->","yoast_head_json":{"title":"Configurare l'SMTP sull'iPad - Server Mail SMTP - Provider di servizi SMTP professionali","robots":{"index":"index","follow":"follow","max-snippet":"max-snippet:-1","max-image-preview":"max-image-preview:large","max-video-preview":"max-video-preview:-1"},"canonical":"https:\/\/serversmtp.com\/it\/smtp-ipad-configurazione\/","twitter_misc":{"Tempo di lettura stimato":"2 minuti"},"schema":{"@context":"https:\/\/schema.org","@graph":[{"@type":"WebPage","@id":"https:\/\/serversmtp.com\/it\/smtp-ipad-configurazione\/","url":"https:\/\/serversmtp.com\/it\/smtp-ipad-configurazione\/","name":"Configurare l'SMTP sull'iPad - Server Mail SMTP - Provider di servizi SMTP professionali","isPartOf":{"@id":"https:\/\/serversmtp.com\/#website"},"datePublished":"2018-03-22T16:25:52+00:00","dateModified":"2025-10-22T07:44:03+00:00","breadcrumb":{"@id":"https:\/\/serversmtp.com\/it\/smtp-ipad-configurazione\/#breadcrumb"},"inLanguage":"it-IT","potentialAction":[{"@type":"ReadAction","target":["https:\/\/serversmtp.com\/it\/smtp-ipad-configurazione\/"]}]},{"@type":"BreadcrumbList","@id":"https:\/\/serversmtp.com\/it\/smtp-ipad-configurazione\/#breadcrumb","itemListElement":[{"@type":"ListItem","position":1,"name":"Home","item":"https:\/\/serversmtp.com\/it\/"},{"@type":"ListItem","position":2,"name":"Configurare l&#8217;SMTP sull&#8217;iPad"}]},{"@type":"WebSite","@id":"https:\/\/serversmtp.com\/#website","url":"https:\/\/serversmtp.com\/","name":"Server Mail SMTP - Provider di servizi SMTP professionali","description":"Server Mail SMTP - Provider di servizi SMTP professionali","publisher":{"@id":"https:\/\/serversmtp.com\/#organization"},"potentialAction":[{"@type":"SearchAction","target":{"@type":"EntryPoint","urlTemplate":"https:\/\/serversmtp.com\/?s={search_term_string}"},"query-input":{"@type":"PropertyValueSpecification","valueRequired":true,"valueName":"search_term_string"}}],"inLanguage":"it-IT"},{"@type":"Organization","@id":"https:\/\/serversmtp.com\/#organization","name":"Delivery Tech","url":"https:\/\/serversmtp.com\/","logo":{"@type":"ImageObject","inLanguage":"it-IT","@id":"https:\/\/serversmtp.com\/#\/schema\/logo\/image\/","url":"https:\/\/serversmtp.com\/wp-content\/uploads\/2021\/11\/og-image-2.jpg","contentUrl":"https:\/\/serversmtp.com\/wp-content\/uploads\/2021\/11\/og-image-2.jpg","width":1200,"height":1128,"caption":"Delivery Tech"},"image":{"@id":"https:\/\/serversmtp.com\/#\/schema\/logo\/image\/"}}]}},"_links":{"self":[{"href":"https:\/\/serversmtp.com\/it\/wp-json\/wp\/v2\/pages\/1377"}],"collection":[{"href":"https:\/\/serversmtp.com\/it\/wp-json\/wp\/v2\/pages"}],"about":[{"href":"https:\/\/serversmtp.com\/it\/wp-json\/wp\/v2\/types\/page"}],"author":[{"embeddable":true,"href":"https:\/\/serversmtp.com\/it\/wp-json\/wp\/v2\/users\/3"}],"replies":[{"embeddable":true,"href":"https:\/\/serversmtp.com\/it\/wp-json\/wp\/v2\/comments?post=1377"}],"version-history":[{"count":5,"href":"https:\/\/serversmtp.com\/it\/wp-json\/wp\/v2\/pages\/1377\/revisions"}],"predecessor-version":[{"id":22476,"href":"https:\/\/serversmtp.com\/it\/wp-json\/wp\/v2\/pages\/1377\/revisions\/22476"}],"wp:attachment":[{"href":"https:\/\/serversmtp.com\/it\/wp-json\/wp\/v2\/media?parent=1377"}],"curies":[{"name":"wp","href":"https:\/\/api.w.org\/{rel}","templated":true}]}}