{"id":1337,"date":"2018-03-22T16:19:08","date_gmt":"2018-03-22T15:19:08","guid":{"rendered":"https:\/\/dev.serversmtp.com\/?page_id=1337"},"modified":"2024-01-10T15:29:38","modified_gmt":"2024-01-10T14:29:38","slug":"smtp-gmail-configurazione","status":"publish","type":"page","link":"https:\/\/serversmtp.com\/it\/smtp-gmail-configurazione\/","title":{"rendered":"SMTP di Gmail: la configurazione"},"content":{"rendered":"\n<style>\r\nul.spaced-list li, ol.spaced-list li {\r\n   margin-bottom: 15px;\r\n}\r\n<\/style>\n\n\n<div class=\"gb-container gb-container-cc510334\">\n\n<p>Gmail, il servizio di posta elettronica di Google, si \u00e8 affermato come uno dei pi\u00f9 popolari grazie alla sua interfaccia intuitiva, alla sicurezza e all&#8217;integrazione con gli altri servizi Google.&nbsp;<\/p>\n\n\n\n<p>La modalit\u00e0 pi\u00f9 intuitiva per utilizzare Gmail \u00e8 con il browser <a href=\"https:\/\/www.google.com\/intl\/it_it\/chrome\/\" target=\"_blank\" rel=\"noreferrer noopener nofollow\">Chrome<\/a> oppure l&#8217;app <a href=\"https:\/\/www.google.com\/intl\/it_it\/chrome\/\" target=\"_blank\" rel=\"noreferrer noopener nofollow\">Gmail<\/a><\/p>\n\n\n\n<p>Se invece desideri utilizzare le tue mail con un client di posta dedicato, per inviare le mail sar\u00e0 necessario configurare il server SMTP.<\/p>\n\n<\/div>\n\n<div class=\"gb-container gb-container-85c02218\">\n\n<h2 class=\"gb-headline gb-headline-ecadb585 gb-headline-text\"><strong>Quando utilizzare il Server SMTP di Gmail<\/strong><\/h2>\n\n\n\n<p>Se gestisci pi\u00f9 account di posta contemporaneamente e vuoi avere la possibilit\u00e0 di utilizzarli anche quando non sei connesso ad internet, <a href=\"https:\/\/www.mozilla.org\/it\/firefox\/new\/\" target=\"_blank\" rel=\"noreferrer noopener nofollow\">Mozilla Thunderbird<\/a> o <a href=\"https:\/\/www.microsoft.com\/it-it\/microsoft-365\/outlook\/email-and-calendar-software-microsoft-outlook\" target=\"_blank\" rel=\"noreferrer noopener nofollow\">Microsoft Outlook,<\/a> sono i software pi\u00f9 diffusi e devono essere configurati specificando il server SMTP.<\/p>\n\n\n\n<p>Se utilizzi un <strong>account privato<\/strong> come \u201cnome.cognome@gmail.com\u201d, il server SMTP di Gmail riduce la probabilit\u00e0 che le tue mail finiscano nella casella spam, tuttavia ha dei limiti di utilizzo. Gmail infatti impone un tetto di 500 messaggi al giorno: se si supera questa restrizione, <a href=\"https:\/\/support.google.com\/a\/answer\/166852?sjid=9808810180979154234-EU\" target=\"_blank\" rel=\"noreferrer noopener nofollow\">Google bloccher\u00e0 il vostro account<\/a> per 24 ore.<\/p>\n\n\n\n<p>Se invece utilizzi la posta di Gmail a <strong>fini professionali<\/strong> potrai decidere di\u00a0 registrarti su <a href=\"https:\/\/workspace.google.it\/intl\/it\/\" target=\"_blank\" rel=\"noreferrer noopener nofollow\">Google Workspace<\/a> quindi <a href=\"https:\/\/support.google.com\/a\/answer\/7009324?hl=en&amp;sjid=9808810180979154234-EU\" target=\"_blank\" rel=\"noreferrer noopener nofollow\">migrare il tuo dominio<\/a> ed <a href=\"https:\/\/support.google.com\/a\/answer\/2614757?hl=en&amp;ref_topic=2921034&amp;sjid=9808810180979154234-EU\" target=\"_blank\" rel=\"noreferrer noopener nofollow\">attivare il server SMTP di Gmail<\/a> altrimenti il servizio non sar\u00e0 utilizzabile.<\/p>\n\n\n\n<p>Tieni presente che le statistiche fornite da Gmail sulle prestazioni delle email sono limitate, e la reputazione dell&#8217;IP condiviso potrebbe essere compromessa da azioni di altri utenti.<\/p>\n\n\n\n<p>La personalizzazione dei record DNS \u00e8 soggetta a restrizioni, e le email inviate attraverso Gmail potrebbero contenere pubblicit\u00e0, il che potrebbe non essere ideale per un&#8217;immagine professionale.<\/p>\n\n\n\n<p>Nel caso di utilizzo professionale della mail \u00e8 quindi preferibile utilizzare un server SMTP di terze parti come ad esempio <a href=\"https:\/\/serversmtp.com\/it\/\" title=\"Servizio SMTP professionale\">TurboSMTP<\/a> perch\u00e9 garantisce gratuitamente fino a 6.000 mail giornaliere oltre servizi aggiuntivi come ad esempio il tracciamento delle mail inviate.<\/p>\n\n<\/div>\n\n<div class=\"gb-container gb-container-375a5d60\">\n\n<h2 class=\"gb-headline gb-headline-c039da27 gb-headline-text\"><strong>Configurazione del Server SMTP di Gmail<\/strong><\/h2>\n\n\n\n<p>La guida \u00e8 utile sia per la configurazione delle mail personali&nbsp; come <a href=\"mailto:nome.cognome@gmail.com\">nome.cognome@gmail.com<\/a> sia per i domini aziendali che utilizzano i server Google come <a href=\"mailto:nome.cognome@nomeazienda.com\">nome.cognome@nomeazienda.com<\/a>&nbsp;<\/p>\n\n\n\n<p>Il processo di configurazione \u00e8 molto semplice: basta aprire il pannello impostazioni del proprio client di posta ed inserire i seguenti parametri:<\/p>\n\n\n\n<figure class=\"gb-block-image gb-block-image-303e817c\"><img decoding=\"async\" width=\"375\" height=\"311\" class=\"gb-image gb-image-303e817c\" src=\"https:\/\/serversmtp.com\/wp-content\/uploads\/2018\/03\/configurazione-mail-client-1.png\" alt=\"Configurazione del Server SMTP di Gmail\" title=\"Configurazione del Server SMTP di Gmail\" srcset=\"https:\/\/serversmtp.com\/wp-content\/uploads\/2018\/03\/configurazione-mail-client-1.png 375w, https:\/\/serversmtp.com\/wp-content\/uploads\/2018\/03\/configurazione-mail-client-1-300x249.png 300w, https:\/\/serversmtp.com\/wp-content\/uploads\/2018\/03\/configurazione-mail-client-1-320x265.png 320w, https:\/\/serversmtp.com\/wp-content\/uploads\/2018\/03\/configurazione-mail-client-1-239x198.png 239w\" sizes=\"(max-width: 375px) 100vw, 375px\" \/><\/figure>\n\n\n\n<ul class=\"spaced-list wp-block-list\">\n<li>Descrizione: un nome generico (ad esempio Server Gmail)<\/li>\n\n\n\n<li>Nome del server SMTP di Gmail: smtp.gmail.com<\/li>\n\n\n\n<li>Porta SMTP di Gmail: 25, 465 o 587<\/li>\n\n\n\n<li>Tipo di connessione: STARTTLS (o SSL\/TLS se richiesto)<\/li>\n\n\n\n<li>Nome utente del server SMTP di Gmail: il vostro indirizzo Gmail personale <a href=\"mailto:nome.cognome@gmail.com\">nome.cognome@gmail.com<\/a> oppure aziendale <a href=\"mailto:nome.cognome@nomeazienda.com\">nome.cognome@nomeazienda.com<\/a>&nbsp;<\/li>\n\n\n\n<li>Indirizzi IP condivisi<\/li>\n<\/ul>\n\n\n\n<p>Nel caso vogliate impostare un processo di autenticazione, dovrete scegliere e inserire anche una password.<\/p>\n\n\n\n<p>Ecco fatto, ora \u00e8 possibile inviare delle email con il proprio client usando il server di Gmail.<\/p>\n\n<\/div>\n\n<div class=\"gb-container gb-container-6dfe809d\">\n\n<h2 class=\"gb-headline gb-headline-c7af35ef gb-headline-text\"><strong>Servizi SMTP professionali per l\u2019invio di mail tracciabili, massive e transazionali<\/strong><\/h2>\n\n\n\n<p>Se utilizzate email con dominio aziendale, effettuate campagne di email marketing oppure inviate mail transazionali, \u00e8 consigliato utilizzare un servizio SMTP professionale come <a href=\"https:\/\/serversmtp.com\/it\/\" title=\"Servizio SMTP professionale\">turboSMTP<\/a>.&nbsp;<\/p>\n\n\n\n<p>Con&nbsp; <a href=\"https:\/\/serversmtp.com\/it\/\" title=\"Servizio SMTP professionale\">turboSMTP<\/a> sarete in grado di effettuare inviare alti volumi di e-mail con la certezza di avere il pi\u00f9 alto tasso di consegna possibile.<\/p>\n\n\n\n<p>Se le mail le utilizzi per comunicare con i tuoi clienti oppure come strumento di notifica e vuoi avere verificare la consegna, utilizzando <a href=\"https:\/\/serversmtp.com\/it\/\" title=\"Servizio SMTP professionale\">turboSMTP<\/a> potrai sempre verificare se un determinato invio sia effettivamente andato a buon fine, se il messaggio sia stato aperto e se il destinatario abbia cliccato uno dei link presenti nell\u2019email.<\/p>\n\n<\/div>\n\n<div class=\"gb-container gb-container-867b0a21\">\n\n<p style=\"font-size:14px\"><em>NOTA BENE: questa \u00e8 solo una pagina esplicativa di servizio fornita da <a title=\"Servizio SMTP professionale\" href=\"https:\/\/serversmtp.com\/it\/\">turboSMTP<\/a>; non abbiamo alcuna connessione con Gmail n\u00e9 possiamo risolvere questioni o problemi legati a Gmail.<\/em><\/p>\n\n<\/div>","protected":false},"excerpt":{"rendered":"<p>Gmail, il servizio di posta elettronica di Google, si \u00e8 affermato come uno dei pi\u00f9 popolari grazie alla sua interfaccia intuitiva, alla sicurezza e all&#8217;integrazione con gli altri servizi Google.&nbsp; La modalit\u00e0 pi\u00f9 intuitiva per utilizzare Gmail \u00e8 con il browser Chrome oppure l&#8217;app Gmail Se invece desideri utilizzare le tue mail con un client &#8230; <\/p>\n<p class=\"read-more-container\"><a title=\"SMTP di Gmail: la configurazione\" class=\"read-more button\" href=\"https:\/\/serversmtp.com\/it\/smtp-gmail-configurazione\/#more-1337\" aria-label=\"Per saperne di pi\u00f9 su SMTP di Gmail: la configurazione\">Discover more<\/a><\/p>\n","protected":false},"author":3,"featured_media":626,"parent":0,"menu_order":0,"comment_status":"closed","ping_status":"closed","template":"","meta":{"_eb_attr":"","inline_featured_image":false,"_monsterinsights_skip_tracking":false,"_monsterinsights_sitenote_active":false,"_monsterinsights_sitenote_note":"","_monsterinsights_sitenote_category":0,"footnotes":""},"class_list":["post-1337","page","type-page","status-publish","has-post-thumbnail"],"yoast_head":"<!-- This site is optimized with the Yoast SEO plugin v25.3.1 - https:\/\/yoast.com\/wordpress\/plugins\/seo\/ -->\n<title>Server SMTP con Gmail: configurazione e parametri<\/title>\n<meta name=\"description\" content=\"Guida completa su come impostare il server SMTP di Gmail su un client di posta elettronica quale Mozilla Thunderbird, Microsoft Outlook o altri.\" \/>\n<meta name=\"robots\" content=\"index, follow, max-snippet:-1, max-image-preview:large, max-video-preview:-1\" \/>\n<link rel=\"canonical\" href=\"https:\/\/serversmtp.com\/it\/smtp-gmail-configurazione\/\" \/>\n<meta name=\"twitter:label1\" content=\"Tempo di lettura stimato\" \/>\n\t<meta name=\"twitter:data1\" content=\"3 minuti\" \/>\n<!-- \/ Yoast SEO plugin. -->","yoast_head_json":{"title":"Server SMTP con Gmail: configurazione e parametri","description":"Guida completa su come impostare il server SMTP di Gmail su un client di posta elettronica quale Mozilla Thunderbird, Microsoft Outlook o altri.","robots":{"index":"index","follow":"follow","max-snippet":"max-snippet:-1","max-image-preview":"max-image-preview:large","max-video-preview":"max-video-preview:-1"},"canonical":"https:\/\/serversmtp.com\/it\/smtp-gmail-configurazione\/","twitter_misc":{"Tempo di lettura stimato":"3 minuti"},"schema":{"@context":"https:\/\/schema.org","@graph":[{"@type":"WebPage","@id":"https:\/\/serversmtp.com\/it\/smtp-gmail-configurazione\/","url":"https:\/\/serversmtp.com\/it\/smtp-gmail-configurazione\/","name":"Server SMTP con Gmail: configurazione e parametri","isPartOf":{"@id":"https:\/\/serversmtp.com\/#website"},"primaryImageOfPage":{"@id":"https:\/\/serversmtp.com\/it\/smtp-gmail-configurazione\/#primaryimage"},"image":{"@id":"https:\/\/serversmtp.com\/it\/smtp-gmail-configurazione\/#primaryimage"},"thumbnailUrl":"https:\/\/serversmtp.com\/wp-content\/uploads\/2018\/03\/mail-cofiguration.png","datePublished":"2018-03-22T15:19:08+00:00","dateModified":"2024-01-10T14:29:38+00:00","description":"Guida completa su come impostare il server SMTP di Gmail su un client di posta elettronica quale Mozilla Thunderbird, Microsoft Outlook o altri.","breadcrumb":{"@id":"https:\/\/serversmtp.com\/it\/smtp-gmail-configurazione\/#breadcrumb"},"inLanguage":"it-IT","potentialAction":[{"@type":"ReadAction","target":["https:\/\/serversmtp.com\/it\/smtp-gmail-configurazione\/"]}]},{"@type":"ImageObject","inLanguage":"it-IT","@id":"https:\/\/serversmtp.com\/it\/smtp-gmail-configurazione\/#primaryimage","url":"https:\/\/serversmtp.com\/wp-content\/uploads\/2018\/03\/mail-cofiguration.png","contentUrl":"https:\/\/serversmtp.com\/wp-content\/uploads\/2018\/03\/mail-cofiguration.png","width":408,"height":320,"caption":"Gmail SMTP Settings (2026 Update)"},{"@type":"BreadcrumbList","@id":"https:\/\/serversmtp.com\/it\/smtp-gmail-configurazione\/#breadcrumb","itemListElement":[{"@type":"ListItem","position":1,"name":"Home","item":"https:\/\/serversmtp.com\/it\/"},{"@type":"ListItem","position":2,"name":"SMTP di Gmail: la configurazione"}]},{"@type":"WebSite","@id":"https:\/\/serversmtp.com\/#website","url":"https:\/\/serversmtp.com\/","name":"Server Mail SMTP - Provider di servizi SMTP professionali","description":"Server Mail SMTP - Provider di servizi SMTP professionali","publisher":{"@id":"https:\/\/serversmtp.com\/#organization"},"potentialAction":[{"@type":"SearchAction","target":{"@type":"EntryPoint","urlTemplate":"https:\/\/serversmtp.com\/?s={search_term_string}"},"query-input":{"@type":"PropertyValueSpecification","valueRequired":true,"valueName":"search_term_string"}}],"inLanguage":"it-IT"},{"@type":"Organization","@id":"https:\/\/serversmtp.com\/#organization","name":"Delivery Tech","url":"https:\/\/serversmtp.com\/","logo":{"@type":"ImageObject","inLanguage":"it-IT","@id":"https:\/\/serversmtp.com\/#\/schema\/logo\/image\/","url":"https:\/\/serversmtp.com\/wp-content\/uploads\/2021\/11\/og-image-2.jpg","contentUrl":"https:\/\/serversmtp.com\/wp-content\/uploads\/2021\/11\/og-image-2.jpg","width":1200,"height":1128,"caption":"Delivery Tech"},"image":{"@id":"https:\/\/serversmtp.com\/#\/schema\/logo\/image\/"}}]}},"_links":{"self":[{"href":"https:\/\/serversmtp.com\/it\/wp-json\/wp\/v2\/pages\/1337"}],"collection":[{"href":"https:\/\/serversmtp.com\/it\/wp-json\/wp\/v2\/pages"}],"about":[{"href":"https:\/\/serversmtp.com\/it\/wp-json\/wp\/v2\/types\/page"}],"author":[{"embeddable":true,"href":"https:\/\/serversmtp.com\/it\/wp-json\/wp\/v2\/users\/3"}],"replies":[{"embeddable":true,"href":"https:\/\/serversmtp.com\/it\/wp-json\/wp\/v2\/comments?post=1337"}],"version-history":[{"count":11,"href":"https:\/\/serversmtp.com\/it\/wp-json\/wp\/v2\/pages\/1337\/revisions"}],"predecessor-version":[{"id":19291,"href":"https:\/\/serversmtp.com\/it\/wp-json\/wp\/v2\/pages\/1337\/revisions\/19291"}],"wp:featuredmedia":[{"embeddable":true,"href":"https:\/\/serversmtp.com\/it\/wp-json\/wp\/v2\/media\/626"}],"wp:attachment":[{"href":"https:\/\/serversmtp.com\/it\/wp-json\/wp\/v2\/media?parent=1337"}],"curies":[{"name":"wp","href":"https:\/\/api.w.org\/{rel}","templated":true}]}}