{"id":1328,"date":"2018-03-21T17:06:57","date_gmt":"2018-03-21T16:06:57","guid":{"rendered":"https:\/\/dev.serversmtp.com\/?page_id=1328"},"modified":"2018-04-17T12:12:11","modified_gmt":"2018-04-17T10:12:11","slug":"autenticazione-smtp","status":"publish","type":"page","link":"https:\/\/serversmtp.com\/it\/autenticazione-smtp\/","title":{"rendered":"Autenticazione SMTP"},"content":{"rendered":"<p>Il <a title=\"protocollo SMTP\" href=\"\/it\/protocollo-smtp\">protocollo SMTP<\/a> \u00e8 stato creato, in origine, senza alcun processo di autenticazione; pertanto \u00e8 sempre stato piuttosto facile <strong>falsificare l&#8217;identit\u00e0<\/strong> di un mittente email. \u00c8 per questo che nel 1999 J. Myers di Netscape Communications ha sviluppato uno schema di <strong>autenticazione SMTP<\/strong>.<\/p>\n<p>Nel dettaglio, viene aggiunta un&#8217;estensione tramite un particolare protocollo (CRAM-MD5, Kerberos &#8230;), oppure con un hack chiamato POP-before-SMTP, in modo da garantire che il mittente indicato corrisponda a quello del dominio d&#8217;invio.<\/p>\n<p>Le email personali a contatti che conosciamo possono essere inviate tranquillamente anche senza autenticazione, ma quando si tratta di <strong>spedizioni di massa<\/strong> (ad esempio per l&#8217;email marketing) \u00e8 bene farvi ricorso. Questo per un semplice motivo: il server del ricevente potrebbe considerare la vostra email come <strong>spam<\/strong> e dunque respingerla.<\/p>\n<p>Come <strong>configurare l&#8217;autenticazione SMTP<\/strong>, quindi?<\/p>\n<p>La procedura \u00e8 semplicissima: basta aprire il proprio client o software di posta, andare nel pannello di <a title=\"configurazione SMTP\" href=\"\/it\/configurazione-smtp\">configurazione SMTP<\/a>, e cliccare sull&#8217;opzione &#8220;Metodo di autenticazione&#8221;.<\/p>\n<p><img loading=\"lazy\" class=\"aligncenter wp-image-1329 size-full\" src=\"https:\/\/serversmtp.com\/wp-content\/uploads\/2018\/03\/configurazione-mail-client-1.png\" alt=\"\" width=\"375\" height=\"311\" srcset=\"https:\/\/serversmtp.com\/wp-content\/uploads\/2018\/03\/configurazione-mail-client-1.png 375w, https:\/\/serversmtp.com\/wp-content\/uploads\/2018\/03\/configurazione-mail-client-1-300x249.png 300w, https:\/\/serversmtp.com\/wp-content\/uploads\/2018\/03\/configurazione-mail-client-1-320x265.png 320w, https:\/\/serversmtp.com\/wp-content\/uploads\/2018\/03\/configurazione-mail-client-1-239x198.png 239w\" sizes=\"(max-width: 375px) 100vw, 375px\" \/><\/p>\n<p>Scorrendo il menu a tendina potete scegliere il metodo che preferite e impostare un nome utente e una password. Vi consigliamo di usare la <strong>porta 587<\/strong> in luogo della classica porta 25.<\/p>\n<p>Ricordiamo infine che turboSMTP fornisce un sistema di autenticazione ulteriore &#8211; la verifica <strong><a title=\"dkim\" href=\"\/it\/dkim\">DKIM<\/a><\/strong> &#8211;\u00a0per assicurare il grado pi\u00f9 alto di sicurezza: potete ottenere subito un <a title=\"autenticazione SMTP\" href=\"\/it\/tsmtpregistration1.php\">account gratuito da 6.000 email al mese per sempre<\/a>.<\/p>\n<p>&nbsp;<\/p>\n","protected":false},"excerpt":{"rendered":"<p>Il protocollo SMTP \u00e8 stato creato, in origine, senza alcun processo di autenticazione; pertanto \u00e8 sempre stato piuttosto facile falsificare l&#8217;identit\u00e0 di un mittente email. \u00c8 per questo che nel 1999 J. Myers di Netscape Communications ha sviluppato uno schema di autenticazione SMTP. Nel dettaglio, viene aggiunta un&#8217;estensione tramite un particolare protocollo (CRAM-MD5, Kerberos &#8230;), [&hellip;]<\/p>\n","protected":false},"author":3,"featured_media":0,"parent":0,"menu_order":0,"comment_status":"closed","ping_status":"closed","template":"g1_template_page_sidebar_right.php","meta":[],"yoast_head":"<!-- This site is optimized with the Yoast SEO plugin v16.4 - https:\/\/yoast.com\/wordpress\/plugins\/seo\/ -->\n<meta name=\"robots\" content=\"index, follow, max-snippet:-1, max-image-preview:large, max-video-preview:-1\" \/>\n<link rel=\"canonical\" href=\"https:\/\/serversmtp.com\/it\/autenticazione-smtp\/\" \/>\n<meta property=\"og:locale\" content=\"it_IT\" \/>\n<meta property=\"og:type\" content=\"article\" \/>\n<meta property=\"og:title\" content=\"Autenticazione SMTP - Server Mail SMTP - Provider di servizi SMTP professionali\" \/>\n<meta property=\"og:description\" content=\"Il protocollo SMTP \u00e8 stato creato, in origine, senza alcun processo di autenticazione; pertanto \u00e8 sempre stato piuttosto facile falsificare l&#8217;identit\u00e0 di un mittente email. \u00c8 per questo che nel 1999 J. Myers di Netscape Communications ha sviluppato uno schema di autenticazione SMTP. Nel dettaglio, viene aggiunta un&#8217;estensione tramite un particolare protocollo (CRAM-MD5, Kerberos &#8230;), [&hellip;]\" \/>\n<meta property=\"og:url\" content=\"https:\/\/serversmtp.com\/it\/autenticazione-smtp\/\" \/>\n<meta property=\"og:site_name\" content=\"Server Mail SMTP - Provider di servizi SMTP professionali\" \/>\n<meta property=\"article:modified_time\" content=\"2018-04-17T10:12:11+00:00\" \/>\n<meta property=\"og:image\" content=\"https:\/\/serversmtp.com\/wp-content\/uploads\/2018\/03\/configurazione-mail-client-1.png\" \/>\n<meta name=\"twitter:card\" content=\"summary_large_image\" \/>\n<meta name=\"twitter:label1\" content=\"Tempo di lettura stimato\" \/>\n\t<meta name=\"twitter:data1\" content=\"1 minuto\" \/>\n<script type=\"application\/ld+json\" class=\"yoast-schema-graph\">{\"@context\":\"https:\/\/schema.org\",\"@graph\":[{\"@type\":\"WebSite\",\"@id\":\"https:\/\/serversmtp.com\/pl\/#website\",\"url\":\"https:\/\/serversmtp.com\/pl\/\",\"name\":\"Server Mail SMTP - Provider di servizi SMTP professionali\",\"description\":\"Server Mail SMTP - Provider di servizi SMTP professionali\",\"potentialAction\":[{\"@type\":\"SearchAction\",\"target\":\"https:\/\/serversmtp.com\/pl\/?s={search_term_string}\",\"query-input\":\"required name=search_term_string\"}],\"inLanguage\":\"it-IT\"},{\"@type\":\"ImageObject\",\"@id\":\"https:\/\/serversmtp.com\/it\/autenticazione-smtp\/#primaryimage\",\"inLanguage\":\"it-IT\",\"url\":\"https:\/\/serversmtp.com\/wp-content\/uploads\/2018\/03\/configurazione-mail-client-1.png\",\"contentUrl\":\"https:\/\/serversmtp.com\/wp-content\/uploads\/2018\/03\/configurazione-mail-client-1.png\",\"width\":375,\"height\":311},{\"@type\":\"WebPage\",\"@id\":\"https:\/\/serversmtp.com\/it\/autenticazione-smtp\/#webpage\",\"url\":\"https:\/\/serversmtp.com\/it\/autenticazione-smtp\/\",\"name\":\"Autenticazione SMTP - Server Mail SMTP - Provider di servizi SMTP professionali\",\"isPartOf\":{\"@id\":\"https:\/\/serversmtp.com\/pl\/#website\"},\"primaryImageOfPage\":{\"@id\":\"https:\/\/serversmtp.com\/it\/autenticazione-smtp\/#primaryimage\"},\"datePublished\":\"2018-03-21T16:06:57+00:00\",\"dateModified\":\"2018-04-17T10:12:11+00:00\",\"breadcrumb\":{\"@id\":\"https:\/\/serversmtp.com\/it\/autenticazione-smtp\/#breadcrumb\"},\"inLanguage\":\"it-IT\",\"potentialAction\":[{\"@type\":\"ReadAction\",\"target\":[\"https:\/\/serversmtp.com\/it\/autenticazione-smtp\/\"]}]},{\"@type\":\"BreadcrumbList\",\"@id\":\"https:\/\/serversmtp.com\/it\/autenticazione-smtp\/#breadcrumb\",\"itemListElement\":[{\"@type\":\"ListItem\",\"position\":1,\"item\":{\"@type\":\"WebPage\",\"@id\":\"https:\/\/serversmtp.com\/it\/\",\"url\":\"https:\/\/serversmtp.com\/it\/\",\"name\":\"Home\"}},{\"@type\":\"ListItem\",\"position\":2,\"item\":{\"@id\":\"https:\/\/serversmtp.com\/it\/autenticazione-smtp\/#webpage\"}}]}]}<\/script>\n<!-- \/ Yoast SEO plugin. -->","_links":{"self":[{"href":"https:\/\/serversmtp.com\/it\/wp-json\/wp\/v2\/pages\/1328"}],"collection":[{"href":"https:\/\/serversmtp.com\/it\/wp-json\/wp\/v2\/pages"}],"about":[{"href":"https:\/\/serversmtp.com\/it\/wp-json\/wp\/v2\/types\/page"}],"author":[{"embeddable":true,"href":"https:\/\/serversmtp.com\/it\/wp-json\/wp\/v2\/users\/3"}],"replies":[{"embeddable":true,"href":"https:\/\/serversmtp.com\/it\/wp-json\/wp\/v2\/comments?post=1328"}],"version-history":[{"count":5,"href":"https:\/\/serversmtp.com\/it\/wp-json\/wp\/v2\/pages\/1328\/revisions"}],"predecessor-version":[{"id":2462,"href":"https:\/\/serversmtp.com\/it\/wp-json\/wp\/v2\/pages\/1328\/revisions\/2462"}],"wp:attachment":[{"href":"https:\/\/serversmtp.com\/it\/wp-json\/wp\/v2\/media?parent=1328"}],"curies":[{"name":"wp","href":"https:\/\/api.w.org\/{rel}","templated":true}]}}