{"id":1319,"date":"2018-03-21T16:53:36","date_gmt":"2018-03-21T15:53:36","guid":{"rendered":"https:\/\/dev.serversmtp.com\/?page_id=1319"},"modified":"2018-04-17T15:16:25","modified_gmt":"2018-04-17T13:16:25","slug":"porta-smtp","status":"publish","type":"page","link":"https:\/\/serversmtp.com\/it\/porta-smtp\/","title":{"rendered":"Porta per SMTP"},"content":{"rendered":"<p>Un <strong>server SMTP<\/strong> o <strong>server di posta in uscita<\/strong> \u2013 la macchina che si occupa della consegna di tutte le vostre email inviate \u2013 sfrutta una particolare <strong>porta<\/strong> per funzionare. Da un punto di vista tecnico, le porte sono punti finali di comunicazione di un computer connesso a una rete. Tali punti sono separati per differenziare i vari processi elaborati dal computer e rendere pi\u00f9 semplice gestirli: dunque ognuna ha un fine particolare ed \u00e8 associata a uno specifico protocollo.<\/p>\n<p>Qualsiasi server SMTP utilizza la <strong>porta 25<\/strong> di default. Il problema \u00e8 che alcuni IP ne negano l&#8217;uso in quanto \u00e8 affetta dal traffico di molto spam e malware. Questo problema viene sollevato in particolare quando \u00e8 necessario passare a un altro provider di internet \u2013 ad esempio se state viaggiando e dovete connettervi a un nuovo ISP. In tal caso potete provare la <strong>porta 587<\/strong> o la <strong>porta 465<\/strong>.<\/p>\n<p><img loading=\"lazy\" class=\"aligncenter wp-image-746 size-full\" src=\"https:\/\/serversmtp.com\/wp-content\/uploads\/2018\/03\/smtp-ports.png\" alt=\"\" width=\"580\" height=\"171\" srcset=\"https:\/\/serversmtp.com\/wp-content\/uploads\/2018\/03\/smtp-ports.png 580w, https:\/\/serversmtp.com\/wp-content\/uploads\/2018\/03\/smtp-ports-300x88.png 300w, https:\/\/serversmtp.com\/wp-content\/uploads\/2018\/03\/smtp-ports-320x94.png 320w, https:\/\/serversmtp.com\/wp-content\/uploads\/2018\/03\/smtp-ports-239x70.png 239w\" sizes=\"(max-width: 580px) 100vw, 580px\" \/><\/p>\n<p>Pi\u00f9 in dettaglio: la porta 587 \u00e8 supportata da quasi ogni server di posta in uscita ed \u00e8 utile per le <strong>connessioni non criptate<\/strong> o TLS; al contrario la porta 465 \u00e8 la scelta giusta se volete connettervi <strong>via SSL<\/strong>.<\/p>\n<p>In particolare, turboSMTP lavora alla perfezione con tutte queste porte, ma anche con 2525 e 25025. Inoltre, scegliendo un <strong><a title=\"turboSMTP\" href=\"\/it\/tsmtpregistration1.php\">servizio SMTP professionale<\/a><\/strong> non dovrete pi\u00f9 cambiare le vostre impostazioni di server se passate a un altro tipo di connessione internet (da desktop a mobile ad esempio): la configurazione rester\u00e0 identica e il <strong>tasso di consegna delle email<\/strong> rimarr\u00e0 sempre il pi\u00f9 alto possibile.<\/p>\n<p>&nbsp;<\/p>\n","protected":false},"excerpt":{"rendered":"<p>Un server SMTP o server di posta in uscita \u2013 la macchina che si occupa della consegna di tutte le vostre email inviate \u2013 sfrutta una particolare porta per funzionare. Da un punto di vista tecnico, le porte sono punti finali di comunicazione di un computer connesso a una rete. Tali punti sono separati per [&hellip;]<\/p>\n","protected":false},"author":3,"featured_media":0,"parent":0,"menu_order":0,"comment_status":"closed","ping_status":"closed","template":"g1_template_page_sidebar_right.php","meta":[],"yoast_head":"<!-- This site is optimized with the Yoast SEO plugin v16.4 - https:\/\/yoast.com\/wordpress\/plugins\/seo\/ -->\n<meta name=\"robots\" content=\"index, follow, max-snippet:-1, max-image-preview:large, max-video-preview:-1\" \/>\n<link rel=\"canonical\" href=\"https:\/\/serversmtp.com\/it\/porta-smtp\/\" \/>\n<meta property=\"og:locale\" content=\"it_IT\" \/>\n<meta property=\"og:type\" content=\"article\" \/>\n<meta property=\"og:title\" content=\"Porta per SMTP - Server Mail SMTP - Provider di servizi SMTP professionali\" \/>\n<meta property=\"og:description\" content=\"Un server SMTP o server di posta in uscita \u2013 la macchina che si occupa della consegna di tutte le vostre email inviate \u2013 sfrutta una particolare porta per funzionare. Da un punto di vista tecnico, le porte sono punti finali di comunicazione di un computer connesso a una rete. Tali punti sono separati per [&hellip;]\" \/>\n<meta property=\"og:url\" content=\"https:\/\/serversmtp.com\/it\/porta-smtp\/\" \/>\n<meta property=\"og:site_name\" content=\"Server Mail SMTP - Provider di servizi SMTP professionali\" \/>\n<meta property=\"article:modified_time\" content=\"2018-04-17T13:16:25+00:00\" \/>\n<meta property=\"og:image\" content=\"https:\/\/serversmtp.com\/wp-content\/uploads\/2018\/03\/smtp-ports.png\" \/>\n<meta name=\"twitter:card\" content=\"summary_large_image\" \/>\n<meta name=\"twitter:label1\" content=\"Tempo di lettura stimato\" \/>\n\t<meta name=\"twitter:data1\" content=\"1 minuto\" \/>\n<script type=\"application\/ld+json\" class=\"yoast-schema-graph\">{\"@context\":\"https:\/\/schema.org\",\"@graph\":[{\"@type\":\"WebSite\",\"@id\":\"https:\/\/serversmtp.com\/de\/#website\",\"url\":\"https:\/\/serversmtp.com\/de\/\",\"name\":\"Server Mail SMTP - Provider di servizi SMTP professionali\",\"description\":\"Server Mail SMTP - Provider di servizi SMTP professionali\",\"potentialAction\":[{\"@type\":\"SearchAction\",\"target\":\"https:\/\/serversmtp.com\/de\/?s={search_term_string}\",\"query-input\":\"required name=search_term_string\"}],\"inLanguage\":\"it-IT\"},{\"@type\":\"ImageObject\",\"@id\":\"https:\/\/serversmtp.com\/it\/porta-smtp\/#primaryimage\",\"inLanguage\":\"it-IT\",\"url\":\"https:\/\/serversmtp.com\/wp-content\/uploads\/2018\/03\/smtp-ports.png\",\"contentUrl\":\"https:\/\/serversmtp.com\/wp-content\/uploads\/2018\/03\/smtp-ports.png\",\"width\":580,\"height\":171},{\"@type\":\"WebPage\",\"@id\":\"https:\/\/serversmtp.com\/it\/porta-smtp\/#webpage\",\"url\":\"https:\/\/serversmtp.com\/it\/porta-smtp\/\",\"name\":\"Porta per SMTP - Server Mail SMTP - Provider di servizi SMTP professionali\",\"isPartOf\":{\"@id\":\"https:\/\/serversmtp.com\/de\/#website\"},\"primaryImageOfPage\":{\"@id\":\"https:\/\/serversmtp.com\/it\/porta-smtp\/#primaryimage\"},\"datePublished\":\"2018-03-21T15:53:36+00:00\",\"dateModified\":\"2018-04-17T13:16:25+00:00\",\"breadcrumb\":{\"@id\":\"https:\/\/serversmtp.com\/it\/porta-smtp\/#breadcrumb\"},\"inLanguage\":\"it-IT\",\"potentialAction\":[{\"@type\":\"ReadAction\",\"target\":[\"https:\/\/serversmtp.com\/it\/porta-smtp\/\"]}]},{\"@type\":\"BreadcrumbList\",\"@id\":\"https:\/\/serversmtp.com\/it\/porta-smtp\/#breadcrumb\",\"itemListElement\":[{\"@type\":\"ListItem\",\"position\":1,\"item\":{\"@type\":\"WebPage\",\"@id\":\"https:\/\/serversmtp.com\/it\/\",\"url\":\"https:\/\/serversmtp.com\/it\/\",\"name\":\"Home\"}},{\"@type\":\"ListItem\",\"position\":2,\"item\":{\"@id\":\"https:\/\/serversmtp.com\/it\/porta-smtp\/#webpage\"}}]}]}<\/script>\n<!-- \/ Yoast SEO plugin. -->","_links":{"self":[{"href":"https:\/\/serversmtp.com\/it\/wp-json\/wp\/v2\/pages\/1319"}],"collection":[{"href":"https:\/\/serversmtp.com\/it\/wp-json\/wp\/v2\/pages"}],"about":[{"href":"https:\/\/serversmtp.com\/it\/wp-json\/wp\/v2\/types\/page"}],"author":[{"embeddable":true,"href":"https:\/\/serversmtp.com\/it\/wp-json\/wp\/v2\/users\/3"}],"replies":[{"embeddable":true,"href":"https:\/\/serversmtp.com\/it\/wp-json\/wp\/v2\/comments?post=1319"}],"version-history":[{"count":6,"href":"https:\/\/serversmtp.com\/it\/wp-json\/wp\/v2\/pages\/1319\/revisions"}],"predecessor-version":[{"id":2537,"href":"https:\/\/serversmtp.com\/it\/wp-json\/wp\/v2\/pages\/1319\/revisions\/2537"}],"wp:attachment":[{"href":"https:\/\/serversmtp.com\/it\/wp-json\/wp\/v2\/media?parent=1319"}],"curies":[{"name":"wp","href":"https:\/\/api.w.org\/{rel}","templated":true}]}}