{"id":1309,"date":"2018-03-21T16:18:55","date_gmt":"2018-03-21T15:18:55","guid":{"rendered":"https:\/\/dev.serversmtp.com\/?page_id=1309"},"modified":"2025-10-22T09:00:34","modified_gmt":"2025-10-22T07:00:34","slug":"configurazione-smtp","status":"publish","type":"page","link":"https:\/\/serversmtp.com\/it\/configurazione-smtp\/","title":{"rendered":"Configurazione SMTP"},"content":{"rendered":"<p>Quando si configura un <strong>client di posta elettronica<\/strong> (ad esempio Outlook o Thunderbird), \u00e8 necessario fornire i parametri del <strong>server SMTP<\/strong> che si occuper\u00e0 della consegna delle vostre email.<\/p>\n<p>In genere \u00e8 sufficiente selezionare la voce &#8220;Impostazioni account&#8221; (nel menu &#8220;Strumenti&#8221;) e quindi scegliere &#8220;Server in uscita&#8221;. La finestra che comparir\u00e0 sar\u00e0 simile alla seguente:<\/p>\n<p><img decoding=\"async\" class=\"aligncenter wp-image-1311 size-full\" src=\"https:\/\/serversmtp.com\/wp-content\/uploads\/2018\/03\/configurazione-mail-client.png\" alt=\"\" width=\"375\" height=\"311\" srcset=\"https:\/\/serversmtp.com\/wp-content\/uploads\/2018\/03\/configurazione-mail-client.png 375w, https:\/\/serversmtp.com\/wp-content\/uploads\/2018\/03\/configurazione-mail-client-300x249.png 300w, https:\/\/serversmtp.com\/wp-content\/uploads\/2018\/03\/configurazione-mail-client-320x265.png 320w, https:\/\/serversmtp.com\/wp-content\/uploads\/2018\/03\/configurazione-mail-client-239x198.png 239w\" sizes=\"(max-width: 375px) 100vw, 375px\" \/><\/p>\n<p>Ecco una rapida descrizione dei vari campi da completare:<\/p>\n<ul>\n<li><strong>Descrizione<\/strong>: \u00e8 un nome informale associato al vostro server.<\/li>\n<li><strong>Nome server<\/strong>: il nome specifico del server SMTP. Sotto trovate una lista dei server di posta in uscita pi\u00f9 diffusi, legati ai principali provider di posta elettronica.<\/li>\n<li><strong>Porta<\/strong>: normalmente \u00e8 la porta 25, anche se ci sono altre opzioni. Per saperne di pi\u00f9, potete consultare il nostro articolo sulle <a title=\"porta SMTP\" href=\"\/it\/porta-smtp\">porte per SMTP<\/a>.<\/li>\n<li><strong>Sicurezza della connessione<\/strong>: la posta elettronica viene trasferita dal protocollo SMTP senza essere criptata, quindi pu\u00f2 essere una buona idea aggiungere un grado di sicurezza in pi\u00f9 come STARRTTLS o SSL\/TLS.<\/li>\n<li><strong>Metodo di autenticazione<\/strong>: pu\u00f2 essere una password in testo semplice, una cifrata, il sistema POP before SMTP, CRAM-MD5, KERBEROS, NTLM, eccetera. Per ulteriori informazioni, date un&#8217;occhiata al nostro articolo sull&#8217;<a title=\"autenticazione smtp\" href=\"\/it\/autenticazione-smtp\">autenticazione SMTP<\/a>.<\/li>\n<li><strong>Nome utente<\/strong>: il vostro indirizzo email (se utilizzi turboSMTP inserisci la tua Consumer Key al posto dell&#8217;indirizzo email\/nome utente \u2014 scopri <a href=\"https:\/\/serversmtp.com\/it\/cosa-sono-le-api-key-e-come-crearle-con-turbosmtp-una-guida-completa\/#how-to\" title=\"Come generare le API Key su turboSMTP\" target=\"_blank\" rel=\"noopener\">come generare le tue API Key<\/a>).<\/li>\n<\/ul>\n<p>Qui di seguito trovate una lista delle impostazioni dei server SMTP pi\u00f9 noti. Se non trovate il vostro vi consigliamo di scrivere direttamente al provider per avere le specifiche.<\/p>\n<p>E naturalmente, se dovete inviare delle email <strong>di massa<\/strong> (newsletter, messaggi promozionali&#8230;) raccomandiamo di scegliere un <strong><a title=\"turboSMTP\" href=\"\/it\/tsmtpregistration1.php\">servizio SMTP professionale<\/a><\/strong> come turboSMTP. Un <a href=\"https:\/\/serversmtp.com\/it\/smart-host-smtp-relay-cosa-e\/\" title=\"Smart host smtp relay- Cos\u2019\u00e8?\"><strong>SMTP Relay<\/strong><\/a> garantisce di effettuare degli invii di massa con la certezza di avere il pi\u00f9 alto tasso di consegna possibile ed evitare problemi di ricezione da parte dei vostri utenti.<\/p>\n<table style=\"width: 100%;\" border=\"1\" cellspacing=\"0\" cellpadding=\"4\">\n<colgroup>\n<col width=\"83*\" \/>\n<col width=\"75*\" \/>\n<col width=\"98*\" \/> <\/colgroup>\n<tbody>\n<tr valign=\"TOP\">\n<td width=\"32%\">\n<p lang=\"en-US\" align=\"CENTER\"><span style=\"font-size: small;\"><strong>PROVIDER<\/strong><\/span><\/p>\n<\/td>\n<td width=\"29%\">\n<p lang=\"en-US\" align=\"CENTER\"><span style=\"font-size: small;\"><strong>URL<\/strong><\/span><\/p>\n<\/td>\n<td width=\"38%\">\n<p lang=\"en-US\" align=\"CENTER\"><span style=\"font-size: small;\"><strong>SMTP<\/strong><\/span><\/p>\n<\/td>\n<\/tr>\n<tr valign=\"TOP\">\n<td width=\"32%\">\n<p lang=\"en-US\" align=\"CENTER\"><span style=\"font-size: small;\"><strong>Alice<\/strong><\/span><\/p>\n<\/td>\n<td width=\"29%\">\n<p lang=\"en-US\" align=\"CENTER\"><span style=\"font-size: small;\">Telecomitalia.it<\/span><\/p>\n<\/td>\n<td width=\"38%\">\n<p lang=\"en-US\" align=\"CENTER\"><span style=\"font-size: small;\">Smtp.alice.it<\/span><\/p>\n<\/td>\n<\/tr>\n<tr valign=\"TOP\">\n<td width=\"32%\">\n<p lang=\"en-US\" align=\"CENTER\"><span style=\"font-size: small;\"><strong>Aruba<\/strong><\/span><\/p>\n<\/td>\n<td width=\"29%\">\n<p lang=\"en-US\" align=\"CENTER\"><span style=\"font-size: small;\">Aruba.it<\/span><\/p>\n<\/td>\n<td width=\"38%\">\n<p lang=\"en-US\" align=\"CENTER\"><span style=\"font-size: small;\">Smtp.aruba.it<\/span><\/p>\n<\/td>\n<\/tr>\n<tr valign=\"TOP\">\n<td width=\"32%\">\n<p lang=\"en-US\" align=\"CENTER\"><span style=\"font-size: small;\"><strong><span style=\"background-color: transparent;\">Bluewin<\/span><\/strong><\/span><\/p>\n<\/td>\n<td width=\"29%\">\n<p lang=\"en-US\" align=\"CENTER\"><span style=\"font-size: small;\"><span style=\"background-color: transparent;\">Bluewin.ch<\/span><\/span><\/p>\n<\/td>\n<td width=\"38%\">\n<p lang=\"en-US\" align=\"CENTER\"><span style=\"font-size: small;\"><span style=\"background-color: transparent;\">Smtpauths.bluewin.ch <\/span><\/span><\/p>\n<\/td>\n<\/tr>\n<tr valign=\"TOP\">\n<td width=\"32%\">\n<p lang=\"en-US\" align=\"CENTER\"><span style=\"font-size: small;\"><strong>Fastweb<\/strong><\/span><\/p>\n<\/td>\n<td width=\"29%\">\n<p lang=\"en-US\" align=\"CENTER\"><span style=\"font-size: small;\">Fastweb.it<\/span><\/p>\n<\/td>\n<td width=\"38%\">\n<p lang=\"en-US\" align=\"CENTER\"><span style=\"font-size: small;\">Out.fastweb.it<\/span><\/p>\n<\/td>\n<\/tr>\n<tr valign=\"TOP\">\n<td width=\"32%\">\n<p lang=\"en-US\" align=\"CENTER\"><span style=\"font-size: small;\"><strong>Gmail<\/strong><\/span><\/p>\n<\/td>\n<td width=\"29%\">\n<p lang=\"en-US\" align=\"CENTER\"><span style=\"font-size: small;\">Gmail.com<\/span><\/p>\n<\/td>\n<td width=\"38%\">\n<p lang=\"en-US\" align=\"CENTER\"><span style=\"font-size: small;\">Smtp.gmail.com<\/span><\/p>\n<\/td>\n<\/tr>\n<tr valign=\"TOP\">\n<td width=\"32%\">\n<p lang=\"en-US\" align=\"CENTER\"><span style=\"font-size: small;\"><strong>Hotmail<\/strong><\/span><\/p>\n<\/td>\n<td width=\"29%\">\n<p lang=\"en-US\" align=\"CENTER\"><span style=\"font-size: small;\">Hotmail.com<\/span><\/p>\n<\/td>\n<td width=\"38%\">\n<p lang=\"en-US\" align=\"CENTER\"><span style=\"font-size: small;\">Smtp.live.com<\/span><\/p>\n<\/td>\n<\/tr>\n<tr valign=\"TOP\">\n<td width=\"32%\">\n<p lang=\"en-US\" align=\"CENTER\"><span style=\"font-size: small;\"><strong>Libero<\/strong><\/span><\/p>\n<\/td>\n<td width=\"29%\">\n<p lang=\"en-US\" align=\"CENTER\"><span style=\"font-size: small;\">Libero.it<\/span><\/p>\n<\/td>\n<td width=\"38%\">\n<p lang=\"en-US\" align=\"CENTER\"><span style=\"font-size: small;\">Mail.libero.it<\/span><\/p>\n<\/td>\n<\/tr>\n<tr valign=\"TOP\">\n<td width=\"32%\">\n<p lang=\"en-US\" align=\"CENTER\"><span style=\"font-size: small;\"><strong>Tim<\/strong><\/span><\/p>\n<\/td>\n<td width=\"29%\">\n<p lang=\"en-US\" align=\"CENTER\"><span style=\"font-size: small;\">Tim.it<\/span><\/p>\n<\/td>\n<td width=\"38%\">\n<p lang=\"en-US\" align=\"CENTER\"><span style=\"font-size: small;\">Mail.tin.it<\/span><\/p>\n<\/td>\n<\/tr>\n<tr valign=\"TOP\">\n<td width=\"32%\">\n<p lang=\"en-US\" align=\"CENTER\"><span style=\"font-size: small;\"><strong>Tin<\/strong><\/span><\/p>\n<\/td>\n<td width=\"29%\">\n<p lang=\"en-US\" align=\"CENTER\"><span style=\"font-size: small;\">Tin.it<\/span><\/p>\n<\/td>\n<td width=\"38%\">\n<p lang=\"en-US\" align=\"CENTER\"><span style=\"font-size: small;\">Mail.tin.it<\/span><\/p>\n<\/td>\n<\/tr>\n<tr valign=\"TOP\">\n<td width=\"32%\">\n<p lang=\"en-US\" align=\"CENTER\"><span style=\"font-size: small;\"><strong>Tiscali<\/strong><\/span><\/p>\n<\/td>\n<td width=\"29%\">\n<p lang=\"en-US\" align=\"CENTER\"><span style=\"font-size: small;\">Tiscali.it<\/span><\/p>\n<\/td>\n<td width=\"38%\">\n<p lang=\"en-US\" align=\"CENTER\"><span style=\"font-size: small;\">Smtp.tiscali.it<\/span><\/p>\n<\/td>\n<\/tr>\n<tr valign=\"TOP\">\n<td width=\"32%\">\n<p lang=\"en-US\" align=\"CENTER\"><span style=\"font-size: small;\"><strong>Tre<\/strong><\/span><\/p>\n<\/td>\n<td width=\"29%\">\n<p lang=\"en-US\" align=\"CENTER\"><span style=\"font-size: small;\">Tre.it<\/span><\/p>\n<\/td>\n<td width=\"38%\">\n<p lang=\"en-US\" align=\"CENTER\"><span style=\"font-size: small;\">Smtp.tre.it<\/span><\/p>\n<\/td>\n<\/tr>\n<tr valign=\"TOP\">\n<td width=\"32%\">\n<p lang=\"en-US\" align=\"CENTER\"><span style=\"font-size: small;\"><strong>Virgilio<\/strong><\/span><\/p>\n<\/td>\n<td width=\"29%\">\n<p lang=\"en-US\" align=\"CENTER\"><span style=\"font-size: small;\">Virgilio.it<\/span><\/p>\n<\/td>\n<td width=\"38%\">\n<p lang=\"en-US\" align=\"CENTER\"><span style=\"font-size: small;\">Out.virgilio.it<\/span><\/p>\n<\/td>\n<\/tr>\n<tr valign=\"TOP\">\n<td width=\"32%\">\n<p lang=\"en-US\" align=\"CENTER\"><span style=\"font-size: small;\"><strong>Vodafone<\/strong><\/span><\/p>\n<\/td>\n<td width=\"29%\">\n<p lang=\"en-US\" align=\"CENTER\"><span style=\"font-size: small;\">Vodafone.it<\/span><\/p>\n<\/td>\n<td width=\"38%\">\n<p lang=\"en-US\" align=\"CENTER\"><span style=\"font-size: small;\">Smtp.net.vodafone.it<\/span><\/p>\n<\/td>\n<\/tr>\n<tr valign=\"TOP\">\n<td width=\"32%\">\n<p lang=\"en-US\" align=\"CENTER\"><span style=\"font-size: small;\"><strong>Wind<\/strong><\/span><\/p>\n<\/td>\n<td width=\"29%\">\n<p lang=\"en-US\" align=\"CENTER\"><span style=\"font-size: small;\">Wind.it<\/span><\/p>\n<\/td>\n<td width=\"38%\">\n<p lang=\"en-US\" align=\"CENTER\"><span style=\"font-size: small;\">Smtp.libero.it<\/span><\/p>\n<\/td>\n<\/tr>\n<tr valign=\"TOP\">\n<td width=\"32%\">\n<p lang=\"en-US\" align=\"CENTER\"><span style=\"font-size: small;\"><strong>Yahoo<\/strong><\/span><\/p>\n<\/td>\n<td width=\"29%\">\n<p lang=\"en-US\" align=\"CENTER\"><span style=\"font-size: small;\">Yahoo.com<\/span><\/p>\n<\/td>\n<td width=\"38%\">\n<p lang=\"en-US\" align=\"CENTER\"><span style=\"font-size: small;\">Mail.yahoo.it<\/span><\/p>\n<\/td>\n<\/tr>\n<\/tbody>\n<\/table>\n","protected":false},"excerpt":{"rendered":"<p>Quando si configura un client di posta elettronica (ad esempio Outlook o Thunderbird), \u00e8 necessario fornire i parametri del server SMTP che si occuper\u00e0 della consegna delle vostre email. In genere \u00e8 sufficiente selezionare la voce &#8220;Impostazioni account&#8221; (nel menu &#8220;Strumenti&#8221;) e quindi scegliere &#8220;Server in uscita&#8221;. La finestra che comparir\u00e0 sar\u00e0 simile alla seguente: &#8230; <\/p>\n<p class=\"read-more-container\"><a title=\"Configurazione SMTP\" class=\"read-more button\" href=\"https:\/\/serversmtp.com\/it\/configurazione-smtp\/#more-1309\" aria-label=\"Per saperne di pi\u00f9 su Configurazione SMTP\">Discover more<\/a><\/p>\n","protected":false},"author":3,"featured_media":0,"parent":0,"menu_order":0,"comment_status":"closed","ping_status":"closed","template":"","meta":{"_eb_attr":"","inline_featured_image":false,"_monsterinsights_skip_tracking":false,"_monsterinsights_sitenote_active":false,"_monsterinsights_sitenote_note":"","_monsterinsights_sitenote_category":0,"footnotes":""},"class_list":["post-1309","page","type-page","status-publish"],"yoast_head":"<!-- This site is optimized with the Yoast SEO plugin v25.3.1 - https:\/\/yoast.com\/wordpress\/plugins\/seo\/ -->\n<title>Configurazione del server SMTP: la guida<\/title>\n<meta name=\"description\" content=\"Indicazioni passo passo e parametri per la configurazione del server SMTP sul proprio client di posta elettronica.\" \/>\n<meta name=\"robots\" content=\"index, follow, max-snippet:-1, max-image-preview:large, max-video-preview:-1\" \/>\n<link rel=\"canonical\" href=\"https:\/\/serversmtp.com\/it\/configurazione-smtp\/\" \/>\n<meta name=\"twitter:label1\" content=\"Tempo di lettura stimato\" \/>\n\t<meta name=\"twitter:data1\" content=\"2 minuti\" \/>\n<!-- \/ Yoast SEO plugin. -->","yoast_head_json":{"title":"Configurazione del server SMTP: la guida","description":"Indicazioni passo passo e parametri per la configurazione del server SMTP sul proprio client di posta elettronica.","robots":{"index":"index","follow":"follow","max-snippet":"max-snippet:-1","max-image-preview":"max-image-preview:large","max-video-preview":"max-video-preview:-1"},"canonical":"https:\/\/serversmtp.com\/it\/configurazione-smtp\/","twitter_misc":{"Tempo di lettura stimato":"2 minuti"},"schema":{"@context":"https:\/\/schema.org","@graph":[{"@type":"WebPage","@id":"https:\/\/serversmtp.com\/it\/configurazione-smtp\/","url":"https:\/\/serversmtp.com\/it\/configurazione-smtp\/","name":"Configurazione del server SMTP: la guida","isPartOf":{"@id":"https:\/\/serversmtp.com\/tr\/#website"},"primaryImageOfPage":{"@id":"https:\/\/serversmtp.com\/it\/configurazione-smtp\/#primaryimage"},"image":{"@id":"https:\/\/serversmtp.com\/it\/configurazione-smtp\/#primaryimage"},"thumbnailUrl":"https:\/\/serversmtp.com\/wp-content\/uploads\/2018\/03\/configurazione-mail-client.png","datePublished":"2018-03-21T15:18:55+00:00","dateModified":"2025-10-22T07:00:34+00:00","description":"Indicazioni passo passo e parametri per la configurazione del server SMTP sul proprio client di posta elettronica.","breadcrumb":{"@id":"https:\/\/serversmtp.com\/it\/configurazione-smtp\/#breadcrumb"},"inLanguage":"it-IT","potentialAction":[{"@type":"ReadAction","target":["https:\/\/serversmtp.com\/it\/configurazione-smtp\/"]}]},{"@type":"ImageObject","inLanguage":"it-IT","@id":"https:\/\/serversmtp.com\/it\/configurazione-smtp\/#primaryimage","url":"https:\/\/serversmtp.com\/wp-content\/uploads\/2018\/03\/configurazione-mail-client.png","contentUrl":"https:\/\/serversmtp.com\/wp-content\/uploads\/2018\/03\/configurazione-mail-client.png"},{"@type":"BreadcrumbList","@id":"https:\/\/serversmtp.com\/it\/configurazione-smtp\/#breadcrumb","itemListElement":[{"@type":"ListItem","position":1,"name":"Home","item":"https:\/\/serversmtp.com\/it\/"},{"@type":"ListItem","position":2,"name":"Configurazione SMTP"}]},{"@type":"WebSite","@id":"https:\/\/serversmtp.com\/tr\/#website","url":"https:\/\/serversmtp.com\/tr\/","name":"Server Mail SMTP - Provider di servizi SMTP professionali","description":"Server Mail SMTP - Provider di servizi SMTP professionali","publisher":{"@id":"https:\/\/serversmtp.com\/tr\/#organization"},"potentialAction":[{"@type":"SearchAction","target":{"@type":"EntryPoint","urlTemplate":"https:\/\/serversmtp.com\/tr\/?s={search_term_string}"},"query-input":{"@type":"PropertyValueSpecification","valueRequired":true,"valueName":"search_term_string"}}],"inLanguage":"it-IT"},{"@type":"Organization","@id":"https:\/\/serversmtp.com\/tr\/#organization","name":"Delivery Tech","url":"https:\/\/serversmtp.com\/tr\/","logo":{"@type":"ImageObject","inLanguage":"it-IT","@id":"https:\/\/serversmtp.com\/tr\/#\/schema\/logo\/image\/","url":"https:\/\/serversmtp.com\/wp-content\/uploads\/2021\/11\/og-image-2.jpg","contentUrl":"https:\/\/serversmtp.com\/wp-content\/uploads\/2021\/11\/og-image-2.jpg","width":1200,"height":1128,"caption":"Delivery Tech"},"image":{"@id":"https:\/\/serversmtp.com\/tr\/#\/schema\/logo\/image\/"}}]}},"_links":{"self":[{"href":"https:\/\/serversmtp.com\/it\/wp-json\/wp\/v2\/pages\/1309"}],"collection":[{"href":"https:\/\/serversmtp.com\/it\/wp-json\/wp\/v2\/pages"}],"about":[{"href":"https:\/\/serversmtp.com\/it\/wp-json\/wp\/v2\/types\/page"}],"author":[{"embeddable":true,"href":"https:\/\/serversmtp.com\/it\/wp-json\/wp\/v2\/users\/3"}],"replies":[{"embeddable":true,"href":"https:\/\/serversmtp.com\/it\/wp-json\/wp\/v2\/comments?post=1309"}],"version-history":[{"count":6,"href":"https:\/\/serversmtp.com\/it\/wp-json\/wp\/v2\/pages\/1309\/revisions"}],"predecessor-version":[{"id":22460,"href":"https:\/\/serversmtp.com\/it\/wp-json\/wp\/v2\/pages\/1309\/revisions\/22460"}],"wp:attachment":[{"href":"https:\/\/serversmtp.com\/it\/wp-json\/wp\/v2\/media?parent=1309"}],"curies":[{"name":"wp","href":"https:\/\/api.w.org\/{rel}","templated":true}]}}