{"id":11189,"date":"2020-11-26T16:07:05","date_gmt":"2020-11-26T15:07:05","guid":{"rendered":"https:\/\/www.serversmtp.com\/?page_id=11189"},"modified":"2024-07-11T09:41:21","modified_gmt":"2024-07-11T07:41:21","slug":"come-gestire-la-deliverability-del-tuo-servizio-smtp","status":"publish","type":"page","link":"https:\/\/serversmtp.com\/it\/come-gestire-la-deliverability-del-tuo-servizio-smtp\/","title":{"rendered":"Come gestire la deliverability del tuo servizio SMTP"},"content":{"rendered":"<style type=\"text\/css\">\n#landing_top {\nbackground-size: cover;\n}\n#get-it-free.g1-button {\ncolor: #ffffff;\nbackground-color: #93ba19;\nborder-color: #93ba19;\nfont-weight: 600;\n}\n.g1-section h2 {\nfont-weight: 600;\n}\n.g1-section h3 {\nfont-weight: 600;\nfont-size: 20px;\n}\n.g1-list--icon li {\nborder-style: none;\n}\nblockquote {\n    margin: 1.5em 0;\n    padding: 1.5em 4em 0.5em 4em;\n    position: relative;\n    border-width: 0;\n    background-color: #efefef;\n    text-align: center;\n    font-size: 1.5em;\n    font-style: oblique;\n}\nblockquote:before {\n    display: block;\n    position: absolute;\n    left: 0.75em;\n    top: 0.5em;\n    font: 1.5em FontAwesome;\n    content: \"\\f10d\";\n    color: #ccc;\n}\nblockquote:after {\n    display: block;\n    position: absolute;\n    right: 0.75em;\n    bottom: 0.5em;\n    font: 1.5em FontAwesome;\n    content: \"\\f10e\";\n    color: #ccc;\n}\n<\/style>\n<p>Quando si parla di email, molti danno per scontato che inviare una mail corrisponda a recapitarla al destinatario.<br \/>Gli addetti ai lavori sanno invece che <strong>invio e recapito sono due fasi ben distinte<\/strong> e che il recapito \u00e8 estremamente complesso. E infatti quando si parla di consegna delle mail il concetto chiave \u00e8 quello di <strong>deliverability<\/strong>. Con questo termine si intende il tasso medio di consegna delle mail inviate, cio\u00e8 quante delle email che al mittente risultano spedite sono effettivamente arrivate nella casella di posta elettronica dei destinatari.<\/p>\n<p>Recapitare (non semplicemente inviare) una email richiede un know-how molto specialistico, ma di cui esiste poca documentazione. Dato che questo \u00e8 esattamente il nostro business, abbiamo creato un <strong>documento sulla deliverability<\/strong> nel quale descriviamo tecnologie e processi che permettono alle email di raggiungere la loro destinazione finale.<\/p>\n\n<div class=\"g1-space\" style=\"height: 20px;\"><\/div>\n\n<h2>Perch\u00e9 una guida tecnica sulla deliverability<\/h2>\n<p>Se invio e recapito di una mail non sono la stessa cosa, quali sono le differenze? Pensiamo a un\u2019attivit\u00e0 relativamente comune nella vita di tutti i giorni: spedire un pacco. L\u2019invio del pacco corrisponde a portare il pacco all\u2019ufficio postale o a farlo prelevare dal corriere. Il recapito invece \u00e8 tutto quello che viene dopo: la complessa logistica del trasferimento del pacco da un luogo all\u2019altro, passando per varie tappe di smistamento e attraverso diversi sistemi di trasporto, fino ad arrivare nelle mani del destinatario. <strong>La complessit\u00e0, evidentemente, non \u00e8 nell\u2019invio ma nel recapito<\/strong>. Aprire un ufficio che accetti pacchi dai mittenti \u00e8 tutto sommato semplice; ma creare un sistema di logistica che li porti a destinazione \u00e8 estremamente complesso, tanto che le aziende al mondo che se ne occupano sono relativamente poche.<\/p>\n<p>Il recapito delle mail \u00e8 un processo molto simile e, bench\u00e9 avvenga nel mondo digitale anzich\u00e9 in quello fisico, presenta sostanzialmente le stesse complessit\u00e0. Anzi ne prevede una molto pi\u00f9 grande: le email possono essere indesiderate o addirittura pericolose, motivo per cui i destinatari trattano i recapiti con sospetto (immaginate se una percentuale elevata dei pacchi contenesse esplosivo\u2026) ed \u00e8 pertanto necessario convincerli che il messaggio in arrivo \u00e8 sicuro. Il messaggio \u00e8 spam? Proviene davvero dall\u2019azienda che sembra averlo spedito? Contiene allegati o link pericolosi?<\/p>\n<p>Spiegare la reale complessit\u00e0 del concetto di deliverability ci permette di mettere in evidenza il valore aggiunto della nostra attivit\u00e0 e di creare qualcosa di utile per chi deve occuparsi tecnicamente dell\u2019invio di email e <strong>migliorare il suo sistema di recapito<\/strong>.<\/p>\n\n<p style=\"font-style: oblique; background-color: #efefef; padding: 1em 1.5em;\"><strong>ATTENZIONE:<\/strong> nel documento non saranno trattate le cosiddette best practice che devono essere seguite da chi scrive i contenuti delle email (oggetto, contenuto, layout, ecc:) e da chi gestisce le comunicazioni (frequenza di invio, segmentazione, ecc) e le eventuali liste di distribuzione (double opt-in, pulizia liste, GDPR compliance, ecc.). Tutti questi aspetti hanno un impatto molto rilevante sulla deliverability, ma non coinvolgono le procedure tecniche di recapito e al tal proposito si trova moltissima documentazione sul web, dalle liste di parole da evitare nel contenuto alle statistiche sulle frequenze ideali di invio.<\/p>\n\n<div class=\"g1-space\" style=\"height: 30px;\"><\/div>\n\n<p style=\"margin-bottom: 0.4em; text-align: center;\"><a class=\"g1-button g1-button--medium g1-button--solid\" style=\"color: #ffffff; background-color: #f09e00; border-color: #f09e00; margin: 0.5em; padding: 1em 2em; font-size: 1.2em;\" title=\"Scopri la guida PDF completa: come gestire la deliverability del tuo servizio SMTP\" href=\"https:\/\/serversmtp.com\/wp-content\/uploads\/2020\/11\/TurboSMTP-Deliverability.pdf\" target=\"_blank\" rel=\"noopener noreferrer\">SCARICA LA GUIDA PDF COMPLETA<br \/><small style=\"opacity: 0.9; font-size: 0.7em;\">Come gestire la deliverability del tuo servizio SMTP<\/small><\/a><\/p>\n\n<div class=\"gb-container gb-container-54ed16c8\">\n<div class=\"gb-container gb-container-6cd0d14b\">\n<div class=\"gb-grid-wrapper gb-grid-wrapper-0bb3846f\">\n<div class=\"gb-grid-column gb-grid-column-dc467293\"><div class=\"gb-container gb-container-dc467293\">\n\n<figure class=\"gb-block-image gb-block-image-27229403\"><img decoding=\"async\" width=\"400\" height=\"400\" class=\"gb-image gb-image-27229403\" src=\"https:\/\/serversmtp.com\/wp-content\/uploads\/2024\/07\/luca-marras.jpg\" alt=\"Luca Marras\" title=\"Luca Marras\" srcset=\"https:\/\/serversmtp.com\/wp-content\/uploads\/2024\/07\/luca-marras.jpg 400w, https:\/\/serversmtp.com\/wp-content\/uploads\/2024\/07\/luca-marras-300x300.jpg 300w, https:\/\/serversmtp.com\/wp-content\/uploads\/2024\/07\/luca-marras-150x150.jpg 150w\" sizes=\"(max-width: 400px) 100vw, 400px\" \/><\/figure>\n\n<\/div><\/div>\n\n<div class=\"gb-grid-column gb-grid-column-83054d42\"><div class=\"gb-container gb-container-83054d42\">\n\n<h4 class=\"gb-headline gb-headline-6dad38f8 gb-headline-text\"><a href=\"https:\/\/serversmtp.com\/it\/luca-marras-esperto-di-email-marketing-e-deliverability\/\" title=\"Luca Marras: esperto di email marketing e deliverability\">Luca Marras<\/a><\/h4>\n\n\n\n<p>Scritto da Luca Marras: co-fondatore di TurboSMTP, esperto di email marketing e email deliverability.<\/p>\n\n<\/div><\/div>\n<\/div>\n<\/div>\n<\/div>","protected":false},"excerpt":{"rendered":"<p>Quando si parla di email, molti danno per scontato che inviare una mail corrisponda a recapitarla al destinatario.Gli addetti ai lavori sanno invece che invio e recapito sono due fasi ben distinte e che il recapito \u00e8 estremamente complesso. E infatti quando si parla di consegna delle mail il concetto chiave \u00e8 quello di deliverability. &#8230; <\/p>\n<p class=\"read-more-container\"><a title=\"Come gestire la deliverability del tuo servizio SMTP\" class=\"read-more button\" href=\"https:\/\/serversmtp.com\/it\/come-gestire-la-deliverability-del-tuo-servizio-smtp\/#more-11189\" aria-label=\"Per saperne di pi\u00f9 su Come gestire la deliverability del tuo servizio SMTP\">Discover more<\/a><\/p>\n","protected":false},"author":18,"featured_media":0,"parent":0,"menu_order":0,"comment_status":"closed","ping_status":"closed","template":"","meta":{"_eb_attr":"","inline_featured_image":false,"_monsterinsights_skip_tracking":false,"_monsterinsights_sitenote_active":false,"_monsterinsights_sitenote_note":"","_monsterinsights_sitenote_category":0,"footnotes":""},"class_list":["post-11189","page","type-page","status-publish"],"yoast_head":"<!-- This site is optimized with the Yoast SEO plugin v25.3.1 - https:\/\/yoast.com\/wordpress\/plugins\/seo\/ -->\n<title>Come gestire la deliverability del tuo servizio SMTP<\/title>\n<meta name=\"description\" content=\"Scopri le tecniche utilizzate dai professionisti per far s\u00ec che le email arrivino sempre a destinazione. Scarica la guida pdf completa!\" \/>\n<meta name=\"robots\" content=\"index, follow, max-snippet:-1, max-image-preview:large, max-video-preview:-1\" \/>\n<link rel=\"canonical\" href=\"https:\/\/serversmtp.com\/it\/come-gestire-la-deliverability-del-tuo-servizio-smtp\/\" \/>\n<meta name=\"twitter:label1\" content=\"Tempo di lettura stimato\" \/>\n\t<meta name=\"twitter:data1\" content=\"5 minuti\" \/>\n<!-- \/ Yoast SEO plugin. -->","yoast_head_json":{"title":"Come gestire la deliverability del tuo servizio SMTP","description":"Scopri le tecniche utilizzate dai professionisti per far s\u00ec che le email arrivino sempre a destinazione. Scarica la guida pdf completa!","robots":{"index":"index","follow":"follow","max-snippet":"max-snippet:-1","max-image-preview":"max-image-preview:large","max-video-preview":"max-video-preview:-1"},"canonical":"https:\/\/serversmtp.com\/it\/come-gestire-la-deliverability-del-tuo-servizio-smtp\/","twitter_misc":{"Tempo di lettura stimato":"5 minuti"},"schema":{"@context":"https:\/\/schema.org","@graph":[{"@type":"WebPage","@id":"https:\/\/serversmtp.com\/it\/come-gestire-la-deliverability-del-tuo-servizio-smtp\/","url":"https:\/\/serversmtp.com\/it\/come-gestire-la-deliverability-del-tuo-servizio-smtp\/","name":"Come gestire la deliverability del tuo servizio SMTP","isPartOf":{"@id":"https:\/\/serversmtp.com\/de\/#website"},"datePublished":"2020-11-26T15:07:05+00:00","dateModified":"2024-07-11T07:41:21+00:00","description":"Scopri le tecniche utilizzate dai professionisti per far s\u00ec che le email arrivino sempre a destinazione. Scarica la guida pdf completa!","breadcrumb":{"@id":"https:\/\/serversmtp.com\/it\/come-gestire-la-deliverability-del-tuo-servizio-smtp\/#breadcrumb"},"inLanguage":"it-IT","potentialAction":[{"@type":"ReadAction","target":["https:\/\/serversmtp.com\/it\/come-gestire-la-deliverability-del-tuo-servizio-smtp\/"]}]},{"@type":"BreadcrumbList","@id":"https:\/\/serversmtp.com\/it\/come-gestire-la-deliverability-del-tuo-servizio-smtp\/#breadcrumb","itemListElement":[{"@type":"ListItem","position":1,"name":"Home","item":"https:\/\/serversmtp.com\/it\/"},{"@type":"ListItem","position":2,"name":"Come gestire la deliverability del tuo servizio SMTP"}]},{"@type":"WebSite","@id":"https:\/\/serversmtp.com\/de\/#website","url":"https:\/\/serversmtp.com\/de\/","name":"Server Mail SMTP - Provider di servizi SMTP professionali","description":"Server Mail SMTP - Provider di servizi SMTP professionali","publisher":{"@id":"https:\/\/serversmtp.com\/de\/#organization"},"potentialAction":[{"@type":"SearchAction","target":{"@type":"EntryPoint","urlTemplate":"https:\/\/serversmtp.com\/de\/?s={search_term_string}"},"query-input":{"@type":"PropertyValueSpecification","valueRequired":true,"valueName":"search_term_string"}}],"inLanguage":"it-IT"},{"@type":"Organization","@id":"https:\/\/serversmtp.com\/de\/#organization","name":"Delivery Tech","url":"https:\/\/serversmtp.com\/de\/","logo":{"@type":"ImageObject","inLanguage":"it-IT","@id":"https:\/\/serversmtp.com\/de\/#\/schema\/logo\/image\/","url":"https:\/\/serversmtp.com\/wp-content\/uploads\/2021\/11\/og-image-2.jpg","contentUrl":"https:\/\/serversmtp.com\/wp-content\/uploads\/2021\/11\/og-image-2.jpg","width":1200,"height":1128,"caption":"Delivery Tech"},"image":{"@id":"https:\/\/serversmtp.com\/de\/#\/schema\/logo\/image\/"}}]}},"_links":{"self":[{"href":"https:\/\/serversmtp.com\/it\/wp-json\/wp\/v2\/pages\/11189"}],"collection":[{"href":"https:\/\/serversmtp.com\/it\/wp-json\/wp\/v2\/pages"}],"about":[{"href":"https:\/\/serversmtp.com\/it\/wp-json\/wp\/v2\/types\/page"}],"author":[{"embeddable":true,"href":"https:\/\/serversmtp.com\/it\/wp-json\/wp\/v2\/users\/18"}],"replies":[{"embeddable":true,"href":"https:\/\/serversmtp.com\/it\/wp-json\/wp\/v2\/comments?post=11189"}],"version-history":[{"count":15,"href":"https:\/\/serversmtp.com\/it\/wp-json\/wp\/v2\/pages\/11189\/revisions"}],"predecessor-version":[{"id":20188,"href":"https:\/\/serversmtp.com\/it\/wp-json\/wp\/v2\/pages\/11189\/revisions\/20188"}],"wp:attachment":[{"href":"https:\/\/serversmtp.com\/it\/wp-json\/wp\/v2\/media?parent=11189"}],"curies":[{"name":"wp","href":"https:\/\/api.w.org\/{rel}","templated":true}]}}