{"id":11123,"date":"2020-11-24T09:59:11","date_gmt":"2020-11-24T08:59:11","guid":{"rendered":"https:\/\/www.serversmtp.com\/?page_id=11123"},"modified":"2024-07-11T09:43:50","modified_gmt":"2024-07-11T07:43:50","slug":"amazon-ses-il-servizio-smtp-piu-economico","status":"publish","type":"page","link":"https:\/\/serversmtp.com\/it\/amazon-ses-il-servizio-smtp-piu-economico\/","title":{"rendered":"Amazon SES: il servizio SMTP pi\u00f9 economico"},"content":{"rendered":"<style type=\"text\/css\">\n#get-it-free.g1-button {<br \/>\n    color: #ffffff;<br \/>\n    background-color: #93ba19;<br \/>\n    border-color: #93ba19;<br \/>\n    font-weight: 600;<br \/>\n}<br \/>\n.g1-section h2 {<br \/>\n    font-weight: 600;<br \/>\n}<br \/>\n.g1-section h3 {<br \/>\n    font-weight: 600;<br \/>\n    font-size: 20px;<br \/>\n}<br \/>\n.g1-list--icon li {<br \/>\n    border-style: none;<br \/>\n}<br \/>\n<\/style>\n<p>Stai cercando il <strong>server SMTP pi\u00f9 economico<\/strong> o addirittura <strong>gratuito<\/strong>? Sei nel posto giusto. Il nostro intento \u00e8 guidarti alla scoperta del servizio di invio di email pi\u00f9 economico sul mercato e spiegarti i <strong>pro<\/strong>, i <strong>contro <\/strong>e le <strong>alternative<\/strong>.<\/p>\n<p>Ma prima tieni a mente due considerazioni:<\/p>\n\n<ul id=\"\" class=\"g1-list g1-list--icon g1-list--simple \">\n<li><i class=\"fa fa-check g1-list__icon\"><\/i>economico non significa necessariamente conveniente<\/li>\n<li><i class=\"fa fa-check g1-list__icon\"><\/i>un semplice server smtp (come il tuo server di posta in uscita o provider di hosting &#8211; e anche Amazon SES) non \u00e8 la stessa cosa di uno smarthost. Il primo gestisce l&#8217;<strong>invio<\/strong>; il secondo gestisce la <strong>deliverability<\/strong><\/li>\n<\/ul>\n\n<div class=\"g1-space\" style=\"height: 30px;\"><\/div>\n<h2>Amazon SES &#8211; Cos&#8217;\u00e8 e perch\u00e9 \u00e8 cos\u00ec economico<\/h2>\n<p><img decoding=\"async\" src=\"https:\/\/serversmtp.com\/wp-content\/uploads\/2020\/11\/amazon-ses-come-funziona.png\" alt=\"Amazon SES - Cos'\u00e8 e perch\u00e9 \u00e8 cos\u00ec economico\" width=\"711\" height=\"152\" \/><\/p>\n<p><strong>Amazon SES<\/strong> (Simple Email Service) \u00e8 un servizio di posta elettronica di base, scalabile e basato su cloud dedicato agli sviluppatori e che fa parte degli Amazon WEB Services (AWS).<\/p>\n<p>Amazon ci dice che <strong>Amazon SES<\/strong> \u00e8 adatto all&#8217;invio di:<\/p>\n\n<ul id=\"\" class=\"g1-list g1-list--icon g1-list--simple \">\n<li><i class=\"fa fa-check g1-list__icon\"><\/i>Email transazionali<\/li>\n<li><i class=\"fa fa-check g1-list__icon\"><\/i>Bulk email<\/li>\n<li><i class=\"fa fa-check g1-list__icon\"><\/i>Campagne di email marketing<\/li>\n<\/ul>\n\n<p>A nostro avviso &#8211; per motivi che spiegheremo pi\u00f9 avanti &#8211;  questo tipo di servizio di posta elettronica \u00e8 pi\u00f9 adatto all&#8217;invio di <strong>email transazionali<\/strong> piuttosto che all&#8217;invio di email di marketing. Ora, basti pensare che Amazon SES non dispone di una piattaforma completa che permetta di strutturare il design e il template delle email, essenziale per una campagna di email marketing di successo.<\/p>\n<p><strong>Amazon SES<\/strong> \u00e8 uno dei servizi di posta elettronica pi\u00f9 economici disponibili. Il costo \u00e8 di 0,1 $ ogni 1000 email inviate. Si paga per ci\u00f2 che si utilizza, con un modello di abbonamento che non prevede un piano specifico con pagamento anticipato.<\/p>\n<div class=\"g1-space\" style=\"height: 30px;\"><\/div>\n<h2>Il pi\u00f9 grande vantaggio di Amazon SES \u00e8 il prezzo<\/h2>\n<p>Come abbiamo appena visto, Amazon SES \u00e8 piuttosto economico e dispone addirittura di una versione gratuita per coloro che utilizzano l&#8217;app di hosting Amazon EC2. Questa versione consente di inviare gratuitamente fino a 62.000 email al mese (gli allegati non sono inclusi) e pu\u00f2 rappresentare un ottimo affare per le piccole aziende che inviano una quantit\u00e0 di email al di sotto di tale soglia.<\/p>\n<p>Il motivo del basso costo di Amazon SES \u00e8 che si tratta principalmente di un server di invio e non di un servizio completo capace di garantire un\u2019ottima deliverability e di fornire statistiche dettagliate sulla performance delle email inviate. In sostanza, Amazon SES esegue un&#8217;azione molto semplice, ovvero invia un gran numero di email da un singolo account. L&#8217;utente \u00e8 completamente solo nella gestione del suo flusso di posta elettronica e non sar\u00e0 in grado di analizzare il suo lavoro tramite <strong>report e statistiche<\/strong> (strumenti davvero utili per i veri marketers).<\/p>\n<p>Amazon SES permette di inviare una grande quantit\u00e0 di messaggi transazionali e svolge molto bene questa attivit\u00e0, ma \u00e8 fondamentalmente un <strong>semplice strumento di invio<\/strong>. \u00c8 stato creato per inviare email tramite API non per offrire una piattaforma SMTP completa. Questo \u00e8 il motivo per cui \u00e8 cos\u00ec economico e non pu\u00f2 essere paragonato ad altri servizi e API di posta elettronica professionali. Se ti aspetti da Amazon SES qualcosa di diverso o di pi\u00f9 dell&#8217;invio delle tue email, rischi di rimanere deluso.<\/p>\n<div class=\"g1-space\" style=\"height: 30px;\"><\/div>\n<h2>Pro e contro di Amazon SES<\/h2>\n<p>Proviamo ad analizzare i pro e i contro di Amazon SES, uno dei Servizi SMTP pi\u00f9 economici sul mercato. Perch\u00e9 \u00e8 cos\u00ec popolare e perch\u00e9 non \u00e8 sempre la scelta giusta per ogni tipo di attivit\u00e0?<\/p>\n<h3>Pro<\/h3>\n\n<ul id=\"\" class=\"g1-list g1-list--icon g1-list--simple \">\n<li><i class=\"fa fa-thumbs-up g1-list__icon\"><\/i>Prezzo basso<\/li>\n<li><i class=\"fa fa-thumbs-up g1-list__icon\"><\/i>Piano gratuito fino a 62.000 email al mese<\/li>\n<li><i class=\"fa fa-thumbs-up g1-list__icon\"><\/i>Facile integrazione con altri servizi AWS<\/li>\n<li><i class=\"fa fa-thumbs-up g1-list__icon\"><\/i>Gestione della posta in arrivo<\/li>\n<\/ul>\n\n<h3>Contro<\/h3>\n\n<ul id=\"\" class=\"g1-list g1-list--icon g1-list--simple \">\n<li><i class=\"fa fa-thumbs-down g1-list__icon\"><\/i>Assenza di templates<\/li>\n<li><i class=\"fa fa-thumbs-down g1-list__icon\"><\/i>Nessun editor Drag &#038; Drop<\/li>\n<li><i class=\"fa fa-thumbs-down g1-list__icon\"><\/i>Nessuna statistica e analisi degli invii<\/li>\n<li><i class=\"fa fa-thumbs-down g1-list__icon\"><\/i>Nessun supporto alla deliverability<\/li>\n<li><i class=\"fa fa-thumbs-down g1-list__icon\"><\/i>Difficile da usare<\/li>\n<li><i class=\"fa fa-thumbs-down g1-list__icon\"><\/i>Integrazione con altri servizi complicata<\/li>\n<li><i class=\"fa fa-thumbs-down g1-list__icon\"><\/i>Possibili problemi di deliverability con l&#8217;IP condiviso<\/li>\n<\/ul>\n\n<p>Analizzando i pro ei contro, possiamo confermare che la migliore qualit\u00e0 di SES \u00e8 il suo prezzo accessibile. Anche se alcuni utenti segnalano che SES \u00e8 <strong>difficile da usare e da integrare con altri servizi<\/strong> (ad esclusione di quelli AWS), dobbiamo anche ammettere che si tratta di un valido strumento per l\u2019invio delle email, a patto che il tuo obiettivo sia solo inviarle, senza avere alcuna certezza di avvenuta consegna e nessuna possibilit\u00e0 di gestire gli altri componenti della tua campagna email (progettazione grafica e analisi delle prestazioni, per esempio).<\/p>\n<p>Tuttavia, \u00e8 difficile pensare che un&#8217;azienda possa preoccuparsi solo di inviare le email e ignorare tutto il resto. Anche pensando all&#8217;invio di email transazionali non \u00e8 consigliabile non lavorare sui <strong>template<\/strong> e non analizzare le <strong>statistiche di invio<\/strong>.<\/p>\n<p>Le email transazionali &#8211; come abbiamo spiegato in questo <a href=\"https:\/\/serversmtp.com\/it\/email-transazionali-cosa-sono\/\" title=\"Cosa sono le email transazionali\">articolo<\/a> &#8211; sono il biglietto da visita di ogni attivit\u00e0 commerciale online e devono arrivare in tempo nella casella di posta del destinatario. Non solo, se il loro aspetto \u00e8 curato nei minimi dettagli (per esempio grazie all\u2019uso di bei template e all\u2019inserimento di consigli d\u2019acquisto e codici promo) riescono anche a funzionare come potenti catalizzatori di nuovi acquisti.<\/p>\n<p>Trattandosi di email che i destinatari si aspettano (a seguito di un ordine, di una richiesta di reimpostazione della password, ecc.), \u00e8 anche fondamentale che i messaggi transazionali non finiscano in spam. In caso contrario, l\u2019utente coinvolto perderebbe fiducia nel tuo brand e, come conseguenza pi\u00f9 ampia, rischieresti di perdere credibilit\u00e0 agli occhi di tutti i clienti. Quest&#8217;ultima considerazione spiega perch\u00e9 dovresti affidarti a un servizio SMTP esterno per assicurarti che le tue email arrivino sempre a destinazione.<\/p>\n<p>Le piattaforme professionali di gestione della posta elettronica come turboSMTP e <a href=\"https:\/\/serversmtp.com\/it\/cosa-e-sendgrid-alternativa-in-italiano\/\" title=\"Cos'\u00e8 SendGrid\">SendGrid<\/a> garantiscono una migliore velocit\u00e0 di consegna perch\u00e9 sono costruite per affrontare i problemi di deliverability e coltivare relazioni con i principali provider di posta elettronica al fine di <strong>mantenere gli IP condivisi e quelli dedicati in whitelist<\/strong>.<\/p>\n<p>Altri vantaggi di un servizio SMTP completo come turboSMTP sono:<\/p>\n\n<ul id=\"\" class=\"g1-list g1-list--icon g1-list--simple \">\n<li><i class=\"fa fa-check g1-list__icon\"><\/i>Statistiche in tempo reale che ti consentono di tenere traccia dei tuoi risultati e ottenere il massimo dalla tua strategia di posta elettronica imparando dai tuoi errori<\/li>\n<li><i class=\"fa fa-check g1-list__icon\"><\/i>Editor Drag &#038; Drop per creare modelli accattivanti sia per email transazionali che commerciali<\/li>\n<li><i class=\"fa fa-check g1-list__icon\"><\/i>Supporto dedicato per problemi di consegna e piani di marketing<\/li>\n<li><i class=\"fa fa-check g1-list__icon\"><\/i>Facilit\u00e0 di utilizzo (che rende queste piattaforme adatte a utenti sia tecnici che non tecnici)<\/li>\n<\/ul>\n\n<div class=\"g1-space\" style=\"height: 30px;\"><\/div>\n<h2>Cerchi un servizio SMTP gratuito o pi\u00f9 economico? Meglio uno professionale<\/h2>\n<p><strong>Servizi SMTP economici o gratis come Amazon SES<\/strong> non ti offrono supporto specifico, templates, statistiche e altri preziosi strumenti per la tua strategia di comunicazione. Ci\u00f2 significa che &#8211; risolto il problema dell\u2019invio &#8211; dovrai fare tutto il resto da solo e cercare una o pi\u00f9 piattaforme aggiuntive che ti consentano di monitorare il flusso della tua posta elettronica in uscita, analizzare i risultati e creare template per email accattivanti. <\/p>\n<p>Anche in termini di costi, <strong>una strategia di questo tipo non \u00e8 sempre conveniente<\/strong>. Puoi prenderla in considerazione solo se gestisci un&#8217;azienda molto grande che invia milioni di email al mese. Se non lo sei, dovresti valutare altre possibilit\u00e0.<\/p>\n<p>Grazie ad un servizio SMTP professionale puoi sottoscrivere il piano pi\u00f9 adatto alle tue esigenze e avere accesso a una piattaforma di facile utilizzo che ti offre in un&#8217;unica soluzione:<\/p>\n\n<ul id=\"\" class=\"g1-list g1-list--icon g1-list--simple \">\n<li><i class=\"fa fa-check g1-list__icon\"><\/i><a href=\"https:\/\/serversmtp.com\/it\/email-api-per-sviluppatori-smart\/\" title=\"Email API per sviluppatori smart\">API di posta elettronica professionali per sviluppatori<\/a><\/li>\n<li><i class=\"fa fa-check g1-list__icon\"><\/i>Invio di email transazionali<\/li>\n<li><i class=\"fa fa-check g1-list__icon\"><\/i>Invio di newsletter<\/li>\n<li><i class=\"fa fa-check g1-list__icon\"><\/i>Monitoraggio delle email in tempo reale<\/li>\n<li><i class=\"fa fa-check g1-list__icon\"><\/i>Supporto alla deliverability<\/li>\n<li><i class=\"fa fa-check g1-list__icon\"><\/i>Assistenza clienti 24\/7<\/li>\n<li><i class=\"fa fa-check g1-list__icon\"><\/i>IP in whitelist<\/li>\n<li><i class=\"fa fa-check g1-list__icon\"><\/i>Restrizioni degli ISP bypassate<\/li>\n<li><i class=\"fa fa-check g1-list__icon\"><\/i>Editor Drag &#038; Drop per template<\/li>\n<\/ul>\n\n<div class=\"g1-space\" style=\"height: 30px;\"><\/div>\n<h2 style=\"text-align: center;\">Non soffermarti solo sul prezzo!<\/h2>\n<h3 style=\"text-align: center; font-weight: 500;\">Un servizio SMTP pi\u00f9 economico o gratuito potrebbe non essere quello pi\u00f9 giusto per le tue esigenze<\/h3>\n<p style=\"margin-bottom: 0.4em; text-align: center;\"><a class=\"g1-button g1-button--medium g1-button--solid\" style=\"color: #ffffff; background-color: #93ba19; border-color: #93ba19; margin: 0.5em; padding: 1em 2em;\" href=\"https:\/\/serversmtp.com\/it\/signup\" title=\"Inizia la tua prova gratuita\">PROVA TURBOSMTP GRATIS<\/a><a class=\"g1-button g1-button--medium g1-button--solid\" style=\"color: #ffffff; background-color: #f09e00; border-color: #f09e00;  margin: 0.5em; padding: 1em 2em;\" href=\"https:\/\/serversmtp.com\/it\/cart.php?carttpl=2clic\" title=\"Scopri i piani\">SCOPRI I NOSTRI PIANI<\/a><\/p>\n\n<div class=\"gb-container gb-container-23048728\">\n<div class=\"gb-container gb-container-6cd0d14b\">\n<div class=\"gb-grid-wrapper gb-grid-wrapper-0bb3846f\">\n<div class=\"gb-grid-column gb-grid-column-dc467293\"><div class=\"gb-container gb-container-dc467293\">\n\n<figure class=\"gb-block-image gb-block-image-27229403\"><img decoding=\"async\" width=\"400\" height=\"400\" class=\"gb-image gb-image-27229403\" src=\"https:\/\/serversmtp.com\/wp-content\/uploads\/2024\/07\/luca-marras.jpg\" alt=\"Luca Marras\" title=\"Luca Marras\" srcset=\"https:\/\/serversmtp.com\/wp-content\/uploads\/2024\/07\/luca-marras.jpg 400w, https:\/\/serversmtp.com\/wp-content\/uploads\/2024\/07\/luca-marras-300x300.jpg 300w, https:\/\/serversmtp.com\/wp-content\/uploads\/2024\/07\/luca-marras-150x150.jpg 150w\" sizes=\"(max-width: 400px) 100vw, 400px\" \/><\/figure>\n\n<\/div><\/div>\n\n<div class=\"gb-grid-column gb-grid-column-83054d42\"><div class=\"gb-container gb-container-83054d42\">\n\n<h4 class=\"gb-headline gb-headline-6dad38f8 gb-headline-text\"><a href=\"https:\/\/serversmtp.com\/it\/luca-marras-esperto-di-email-marketing-e-deliverability\/\" title=\"Luca Marras: esperto di email marketing e deliverability\">Luca Marras<\/a><\/h4>\n\n\n\n<p>Scritto da Luca Marras: co-fondatore di TurboSMTP, esperto di email marketing e email deliverability.<\/p>\n\n<\/div><\/div>\n<\/div>\n<\/div>\n<\/div>","protected":false},"excerpt":{"rendered":"<p>Stai cercando il server SMTP pi\u00f9 economico o addirittura gratuito? Sei nel posto giusto. Il nostro intento \u00e8 guidarti alla scoperta del servizio di invio di email pi\u00f9 economico sul mercato e spiegarti i pro, i contro e le alternative. Ma prima tieni a mente due considerazioni: Amazon SES &#8211; Cos&#8217;\u00e8 e perch\u00e9 \u00e8 cos\u00ec &#8230; <\/p>\n<p class=\"read-more-container\"><a title=\"Amazon SES: il servizio SMTP pi\u00f9 economico\" class=\"read-more button\" href=\"https:\/\/serversmtp.com\/it\/amazon-ses-il-servizio-smtp-piu-economico\/#more-11123\" aria-label=\"Per saperne di pi\u00f9 su Amazon SES: il servizio SMTP pi\u00f9 economico\">Discover more<\/a><\/p>\n","protected":false},"author":18,"featured_media":0,"parent":0,"menu_order":0,"comment_status":"closed","ping_status":"closed","template":"","meta":{"_eb_attr":"","inline_featured_image":false,"_monsterinsights_skip_tracking":false,"_monsterinsights_sitenote_active":false,"_monsterinsights_sitenote_note":"","_monsterinsights_sitenote_category":0,"footnotes":""},"class_list":["post-11123","page","type-page","status-publish"],"yoast_head":"<!-- This site is optimized with the Yoast SEO plugin v25.3.1 - https:\/\/yoast.com\/wordpress\/plugins\/seo\/ -->\n<title>Amazon SES - SMTP Gratuito<\/title>\n<meta name=\"description\" content=\"Scopri i pro e i contro del server SMTP pi\u00f9 economico sul mercato\" \/>\n<meta name=\"robots\" content=\"index, follow, max-snippet:-1, max-image-preview:large, max-video-preview:-1\" \/>\n<link rel=\"canonical\" href=\"https:\/\/serversmtp.com\/it\/amazon-ses-il-servizio-smtp-piu-economico\/\" \/>\n<meta name=\"twitter:label1\" content=\"Tempo di lettura stimato\" \/>\n\t<meta name=\"twitter:data1\" content=\"12 minuti\" \/>\n<!-- \/ Yoast SEO plugin. -->","yoast_head_json":{"title":"Amazon SES - SMTP Gratuito","description":"Scopri i pro e i contro del server SMTP pi\u00f9 economico sul mercato","robots":{"index":"index","follow":"follow","max-snippet":"max-snippet:-1","max-image-preview":"max-image-preview:large","max-video-preview":"max-video-preview:-1"},"canonical":"https:\/\/serversmtp.com\/it\/amazon-ses-il-servizio-smtp-piu-economico\/","twitter_misc":{"Tempo di lettura stimato":"12 minuti"},"schema":{"@context":"https:\/\/schema.org","@graph":[{"@type":"WebPage","@id":"https:\/\/serversmtp.com\/it\/amazon-ses-il-servizio-smtp-piu-economico\/","url":"https:\/\/serversmtp.com\/it\/amazon-ses-il-servizio-smtp-piu-economico\/","name":"Amazon SES - SMTP Gratuito","isPartOf":{"@id":"https:\/\/serversmtp.com\/es\/#website"},"primaryImageOfPage":{"@id":"https:\/\/serversmtp.com\/it\/amazon-ses-il-servizio-smtp-piu-economico\/#primaryimage"},"image":{"@id":"https:\/\/serversmtp.com\/it\/amazon-ses-il-servizio-smtp-piu-economico\/#primaryimage"},"thumbnailUrl":"https:\/\/www.serversmtp.com\/wp-content\/uploads\/2020\/11\/amazon-ses-come-funziona.png","datePublished":"2020-11-24T08:59:11+00:00","dateModified":"2024-07-11T07:43:50+00:00","description":"Scopri i pro e i contro del server SMTP pi\u00f9 economico sul mercato","breadcrumb":{"@id":"https:\/\/serversmtp.com\/it\/amazon-ses-il-servizio-smtp-piu-economico\/#breadcrumb"},"inLanguage":"it-IT","potentialAction":[{"@type":"ReadAction","target":["https:\/\/serversmtp.com\/it\/amazon-ses-il-servizio-smtp-piu-economico\/"]}]},{"@type":"ImageObject","inLanguage":"it-IT","@id":"https:\/\/serversmtp.com\/it\/amazon-ses-il-servizio-smtp-piu-economico\/#primaryimage","url":"https:\/\/www.serversmtp.com\/wp-content\/uploads\/2020\/11\/amazon-ses-come-funziona.png","contentUrl":"https:\/\/www.serversmtp.com\/wp-content\/uploads\/2020\/11\/amazon-ses-come-funziona.png"},{"@type":"BreadcrumbList","@id":"https:\/\/serversmtp.com\/it\/amazon-ses-il-servizio-smtp-piu-economico\/#breadcrumb","itemListElement":[{"@type":"ListItem","position":1,"name":"Home","item":"https:\/\/serversmtp.com\/it\/"},{"@type":"ListItem","position":2,"name":"Amazon SES: il servizio SMTP pi\u00f9 economico"}]},{"@type":"WebSite","@id":"https:\/\/serversmtp.com\/es\/#website","url":"https:\/\/serversmtp.com\/es\/","name":"Server Mail SMTP - Provider di servizi SMTP professionali","description":"Server Mail SMTP - Provider di servizi SMTP professionali","publisher":{"@id":"https:\/\/serversmtp.com\/es\/#organization"},"potentialAction":[{"@type":"SearchAction","target":{"@type":"EntryPoint","urlTemplate":"https:\/\/serversmtp.com\/es\/?s={search_term_string}"},"query-input":{"@type":"PropertyValueSpecification","valueRequired":true,"valueName":"search_term_string"}}],"inLanguage":"it-IT"},{"@type":"Organization","@id":"https:\/\/serversmtp.com\/es\/#organization","name":"Delivery Tech","url":"https:\/\/serversmtp.com\/es\/","logo":{"@type":"ImageObject","inLanguage":"it-IT","@id":"https:\/\/serversmtp.com\/es\/#\/schema\/logo\/image\/","url":"https:\/\/serversmtp.com\/wp-content\/uploads\/2021\/11\/og-image-2.jpg","contentUrl":"https:\/\/serversmtp.com\/wp-content\/uploads\/2021\/11\/og-image-2.jpg","width":1200,"height":1128,"caption":"Delivery Tech"},"image":{"@id":"https:\/\/serversmtp.com\/es\/#\/schema\/logo\/image\/"}}]}},"_links":{"self":[{"href":"https:\/\/serversmtp.com\/it\/wp-json\/wp\/v2\/pages\/11123"}],"collection":[{"href":"https:\/\/serversmtp.com\/it\/wp-json\/wp\/v2\/pages"}],"about":[{"href":"https:\/\/serversmtp.com\/it\/wp-json\/wp\/v2\/types\/page"}],"author":[{"embeddable":true,"href":"https:\/\/serversmtp.com\/it\/wp-json\/wp\/v2\/users\/18"}],"replies":[{"embeddable":true,"href":"https:\/\/serversmtp.com\/it\/wp-json\/wp\/v2\/comments?post=11123"}],"version-history":[{"count":14,"href":"https:\/\/serversmtp.com\/it\/wp-json\/wp\/v2\/pages\/11123\/revisions"}],"predecessor-version":[{"id":20191,"href":"https:\/\/serversmtp.com\/it\/wp-json\/wp\/v2\/pages\/11123\/revisions\/20191"}],"wp:attachment":[{"href":"https:\/\/serversmtp.com\/it\/wp-json\/wp\/v2\/media?parent=11123"}],"curies":[{"name":"wp","href":"https:\/\/api.w.org\/{rel}","templated":true}]}}