{"id":10999,"date":"2020-11-10T09:23:40","date_gmt":"2020-11-10T08:23:40","guid":{"rendered":"https:\/\/www.serversmtp.com\/?page_id=10999"},"modified":"2022-02-14T11:45:50","modified_gmt":"2022-02-14T10:45:50","slug":"cosa-e-sendgrid-alternativa-in-italiano","status":"publish","type":"page","link":"https:\/\/serversmtp.com\/it\/cosa-e-sendgrid-alternativa-in-italiano\/","title":{"rendered":"Cosa \u00e8 SendGrid?"},"content":{"rendered":"<style type=\"text\/css\">\n#landing_top {\n    background-size: cover;\n}\n#get-it-free.g1-button {\n    color: #ffffff;\n    background-color: #93ba19;\n    border-color: #93ba19;\n    font-weight: 600;\n}\n.g1-section h2 {\n    font-weight: 600;\n}\n.g1-section h3 {\n    font-weight: 600;\n    font-size: 20px;\n}\n.g1-list--icon li {\n    border-style: none;\n}\n.services-compare  td.light-blue {\n    background-color: #ffffff !important;\n}\n<\/style>\n<p><strong>SendGrid <\/strong>\u00e8 una piattaforma statunitense per la gestione di email transazionali e di marketing. Complici gli strumenti di marketing aggressivo messi in atto dalla compagnia, la piattaforma in cloud Sendgrid (anche nota come Twilio Sendgrid) \u00e8 molto conosciuta tra i marketers esperti e meno esperti. La compagnia ha sede in USA (Denver, Colorado) e dispone di un servizio clienti in lingua inglese, sicuramente non adatto a utenti di altre lingue.<\/p>\n<div class=\"g1-space\" style=\"height: 30px;\"><\/div>\n<h2><img decoding=\"async\" width=\"260\" height=\"257\" style=\"display: inline-block; max-height: 33px; margin-bottom: -7px; margin-right: 10px; width: auto !important;\" src=\"https:\/\/serversmtp.com\/wp-content\/uploads\/2020\/11\/alternativa-italiana-sendgrid.png\" \/>L\u2019alternativa italiana a SendGrid \u00e8 solo una: turboSMTP<\/h2>\n<p>Sei rimasto scottato da una precedente esperienza in cui ha cercato di contattare per ore il servizio clienti Sendgrid? Hai provato di tutto, email, ticket, telefonate ma non sei riuscito ad ottenere la risposta che ti serviva? Forse \u00e8 giunto il momento di guardarti intorno. Le <a title=\"Email transazionali\" href=\"https:\/\/serversmtp.com\/it\/email-transazionali-cosa-sono\/\"><strong>email transazionali<\/strong><\/a> e commerciali sono il biglietto da visita del tuo business e non puoi certo farne a meno. Ecco perch\u00e9 \u00e8 essenziale per te <strong>ottimizzare il tuo tasso di consegna<\/strong> e avere a tua disposizione un team di esperti che parli la tua lingua e che si occupi 24\/7 di gestire la <a href=\"https:\/\/serversmtp.com\/it\/come-migliorare-email-deliverability-consigli-e-servizi\/\">deliverability delle email<\/a> e di guidarti nella scelta della strategia di comunicazione email pi\u00f9 adatta alla tua attivit\u00e0 e alle tue esigenze.<\/p>\n<p>Noi di turboSMTP ti offriamo tutto quello che potresti avere con Sendgrid:<\/p>\n\n<ul id=\"\" class=\"g1-list g1-list--icon g1-list--simple \">\n<li><i class=\"fa fa-check g1-list__icon\"><\/i>Invio di email transazionali e commerciali<\/li>\n<li><i class=\"fa fa-check g1-list__icon\"><\/i>Server e IP sicuri e in whitelist<\/li>\n<li><i class=\"fa fa-check g1-list__icon\"><\/i><a title=\"Email API per programamtori\" href=\"https:\/\/serversmtp.com\/it\/email-api-per-sviluppatori-smart\/\"><strong>API<\/strong><\/a> e plugin per sviluppatori<\/li>\n<li><i class=\"fa fa-check g1-list__icon\"><\/i>Statistiche complete in tempo reale<\/li>\n<li><i class=\"fa fa-check g1-list__icon\"><\/i>Editor per template newsletter<\/li>\n<\/ul>\n\n<p>Ti starai domandando allora, <strong>perch\u00e9 scegliere turboSMTP e non SendGrid<\/strong>? Semplice. Noi abbiamo qualcosa che SendGrid non ha e che potrebbe davvero cambiare le sorti della tua gestione delle email.<\/p>\n<p>turboSMTP \u00e8 un prodotto <strong>100% italiano<\/strong>. La <a href=\"https:\/\/serversmtp.com\/it\/come-migliorare-email-deliverability-consigli-e-servizi\/\"><strong>massima deliverability<\/strong><\/a> \u00e8 il nostro obiettivo e lavoriamo costantemente per far s\u00ec che le tue email raggiungano sempre l\u2019inbox dei destinatari, ma non solo. Ci impegnamo per garantire ai nostri clienti la migliore esperienza di acquisto grazie a una piattaforma e a un servizio di customer care che parlano la tua lingua.<\/p>\n<p>Con noi avrai anche la garanzia di:<\/p>\n\n<ul id=\"\" class=\"g1-list g1-list--icon g1-list--simple \">\n<li><i class=\"fa fa-check g1-list__icon\"><\/i>un\u2019infrastruttura solida e affidabile<\/li>\n<li><i class=\"fa fa-check g1-list__icon\"><\/i>soluzioni scalabili<\/li>\n<\/ul>\n\n<div class=\"g1-space\" style=\"height: 30px;\"><\/div>\n<h3 style=\"color: #005293 !important;\"><i id=\"ic0\" class=\"fa fa-language g1-icon g1-icon--none g1-icon--medium g1-icon--inherit \" ><\/i> Servizio clienti in italiano (e in tutte le lingue del mondo!)<\/h3>\n<p><strong>SendGrid <\/strong>\u00e8 una piattaforma <strong>smtp <\/strong>made in USA, che garantisce un supporto alla clientela non particolarmente efficiente e monolingua. \u00c8 possibile comunicare con SendGrid solo in inglese. Certo, si tratta di una lingua universale e ormai conosciuta ai pi\u00f9, ma non sarebbe pi\u00f9 comodo poter ricevere supporto in italiano in caso di problemi? Noi di turboSMTP abbiamo pensato alle <strong>esigenze delle aziende italiane<\/strong> (ma non solo) e ci siamo dotati di un servizio clienti costituito da un team di tecnici multilingua che parlano italiano e le altre lingue principali del mondo (francese, tedesco, spagnolo ecc.).<\/p>\n<div class=\"g1-space\" style=\"height: 30px;\"><\/div>\n<h3 style=\"color: #005293 !important;\"><i id=\"ic1\" class=\"fa fa-desktop g1-icon g1-icon--none g1-icon--medium g1-icon--inherit \" ><\/i> Piattaforma e strumenti in italiano<\/h3>\n<p>L\u2019interfaccia di turboSMTP parla la tua lingua, questo significa che non dovrai decifrare i comandi dall\u2019inglese, ma potrai gestire serenamente l\u2019invio delle tue email in italiano.<\/p>\n<div class=\"g1-space\" style=\"height: 30px;\"><\/div>\n<h3 style=\"color: #005293 !important;\"><i id=\"ic2\" class=\"fa fa-server g1-icon g1-icon--none g1-icon--medium g1-icon--inherit \" ><\/i> Server e IP italiani e in whitelist<\/h3>\n<p>Utilizziamo server italiani e sicuri in modo da garantirti la massima deliverability. Manteniamo i rapporti con i principali provider di posta elettronica in modo da mantenere i nostri server sempre in whitelist.<\/p>\n<div class=\"g1-space\" style=\"height: 30px;\"><\/div>\n<h3 style=\"color: #005293 !important;\"><i id=\"ic2\" class=\"fa fa-shield g1-icon g1-icon--none g1-icon--medium g1-icon--inherit \" ><\/i> 100% GDPR compliant<\/h3>\n<p>Noi di turboSMTP teniamo molto alla sicurezza dei tuoi dati personali e siamo conformi al GDPR al 100%. La nostra societ\u00e0 ha sede in Italia e utilizza server e IP italiani, al contrario di SendGrid, che utilizza invece server e IP localizzati in USA. Questo significa che, scegliendo turboSMTP, avrai la certezza di una piena conformit\u00e0 alle norme europee, mentre, scegliendo SendGrid, non potrai avere lo stesso standard di tutela dei tuoi dati.<\/p>\n<div class=\"g1-space\" style=\"height: 30px;\"><\/div>\n<h3 style=\"color: #005293 !important;\"><i id=\"ic3\" class=\"fa fa-support g1-icon g1-icon--none g1-icon--medium g1-icon--inherit \" ><\/i> Consulenza su misura<\/h3>\n<p>Il nostro team di tecnici e consulenti offre un <strong>servizio clienti 24\/7<\/strong> che non solo gestisce i problemi relativi alla deliverability, ma \u00e8 anche disponibile per studiare strategie ad hoc per le campagne di email marketing per le aziende.<\/p>\n<p>Tutti i nostri piani sono personalizzabili in base alle tue esigenze, che potrai esporre nella tua lingua direttamente al nostro supporto clienti.<\/p>\n<div class=\"g1-space\" style=\"height: 30px;\"><\/div>\n<h3 style=\"color: #005293 !important;\"><i id=\"ic4\" class=\"fa fa-check g1-icon g1-icon--none g1-icon--medium g1-icon--inherit \" ><\/i> Tabella comparativa turboSMTP VS SendGrid<\/h3>\n<div id=\"g1-table-1\" class=\"g1-table g1-table--solid services-compare\" style=\"margin-top: 2em;\">\n<table class=\"desktop-view\">\n<tbody>\n<tr>\n<th style=\"width: 50%;\"><\/th>\n<th style=\"width: 25%;\">turboSMTP<\/th>\n<th style=\"width: 25%;\">Sendgrid<\/th>\n<\/tr>\n<tr>\n<td>Sito e interfaccia in italiano<\/td>\n<td>\n<style type=\"text\/css\" scoped=\"scoped\">#icon-1.g1-icon { color: #3399ff; }<\/style>\n<p style=\"margin: 8px 0px;\">\n<\/td>\n<td>\n<style type=\"text\/css\" scoped=\"scoped\">#icon-2.g1-icon { color: #ff3300; }<\/style>\n<p style=\"margin: 8px 0px;\">\n<\/td>\n<\/tr>\n<tr>\n<td>Server in Italia<\/td>\n<td>\n<style type=\"text\/css\" scoped=\"scoped\">#icon-3.g1-icon { color: #3399ff; }<\/style>\n<p style=\"margin: 8px 0px;\">\n<\/td>\n<td>\n<style type=\"text\/css\" scoped=\"scoped\">#icon-4.g1-icon { color: #ff3300; }<\/style>\n<p style=\"margin: 8px 0px;\">\n<\/td>\n<\/tr>\n<tr>\n<td>100% GDPR compliant<\/td>\n<td>\n<style type=\"text\/css\" scoped=\"scoped\">#icon-3.g1-icon { color: #3399ff; }<\/style>\n<p style=\"margin: 8px 0px;\">\n<\/td>\n<td>\n<style type=\"text\/css\" scoped=\"scoped\">#icon-4.g1-icon { color: #ff3300; }<\/style>\n<p style=\"margin: 8px 0px;\">\n<\/td>\n<\/tr>\n<tr>\n<td>Supporto tecnico e commerciale in italiano<\/td>\n<td>\n<style type=\"text\/css\" scoped=\"scoped\">#icon-5.g1-icon { color: #3399ff; }<\/style>\n<p style=\"margin: 8px 0px;\">\n<\/td>\n<td>\n<style type=\"text\/css\" scoped=\"scoped\">#icon-6.g1-icon { color: #ff3300; }<\/style>\n<p style=\"margin: 8px 0px;\">\n<\/td>\n<\/tr>\n<tr>\n<td>Consulenza marketing su misura<\/td>\n<td>\n<style type=\"text\/css\" scoped=\"scoped\">#icon-7.g1-icon { color: #3399ff; }<\/style>\n<p style=\"margin: 8px 0px;\">\n<\/td>\n<td>\n<style type=\"text\/css\" scoped=\"scoped\">#icon-8.g1-icon { color: #ff3300; }<\/style>\n<p style=\"margin: 8px 0px;\">\n<\/td>\n<\/tr>\n<tr>\n<td>Recensioni su <strong>Trustpilot<\/strong><br \/>\n<small style=\"color: #999;\">dati aggiornati a febbraio 2021<\/small><\/td>\n<td><img decoding=\"async\" width=\"357\" height=\"229\" style=\"max-width: 180px;\" src=\"https:\/\/serversmtp.com\/wp-content\/uploads\/2021\/03\/Senza-titolo-2_18.png\" alt=\"Recensioni turboSMTP su Trustpilot\" \/><\/td>\n<td><img decoding=\"async\" width=\"348\" height=\"229\" style=\"max-width: 180px;\" src=\"https:\/\/serversmtp.com\/wp-content\/uploads\/2021\/03\/Senza-titolo-2_20.png\" alt=\"Recensioni SendGrid su Trustpilot\" \/><\/td>\n<\/tr>\n<tr>\n<td><\/td>\n<td style=\"text-align: center;\"><a id=\"g1-button-1\" class=\"g1-button g1-button--medium g1-button--solid g1-button--standard \" title=\"Vedi i prezzi\" href=\"\/it\/order.php\"><i class=\"fa fa-shopping-cart\"><\/i>Vedi i prezzi<\/a><\/td>\n<td><\/td>\n<\/tr>\n<\/tbody>\n<\/table>\n<table class=\"mobile-view\">\n<tbody>\n<tr>\n<th class=\"light-blue\" style=\"width: 50%;\">turboSMTP<\/th>\n<th style=\"width: 50%;\">Sendgrid<\/th>\n<\/tr>\n<tr>\n<td colspan=\"2\">Sito e interfaccia in italiano<\/td>\n<\/tr>\n<tr>\n<td class=\"light-blue\">\n<style type=\"text\/css\" scoped=\"scoped\">#icon-9.g1-icon { color: #3399ff; }<\/style>\n<p>&nbsp;<\/td>\n<td>\n<style type=\"text\/css\" scoped=\"scoped\">#icon-10.g1-icon { color: #ff3300; }<\/style>\n<p>&nbsp;<\/td>\n<\/tr>\n<tr>\n<td colspan=\"2\">Server in Italia<\/td>\n<\/tr>\n<tr>\n<td class=\"light-blue\">\n<style type=\"text\/css\" scoped=\"scoped\">#icon-11.g1-icon { color: #3399ff; }<\/style>\n<p>&nbsp;<\/td>\n<td>\n<style type=\"text\/css\" scoped=\"scoped\">#icon-12.g1-icon { color: #ff3300; }<\/style>\n<p>&nbsp;<\/td>\n<\/tr>\n<tr>\n<td colspan=\"2\">100% GDPR compliant<\/td>\n<\/tr>\n<tr>\n<td class=\"light-blue\">\n<style type=\"text\/css\" scoped=\"scoped\">#icon-11.g1-icon { color: #3399ff; }<\/style>\n<p>&nbsp;<\/td>\n<td>\n<style type=\"text\/css\" scoped=\"scoped\">#icon-12.g1-icon { color: #ff3300; }<\/style>\n<p>&nbsp;<\/td>\n<\/tr>\n<tr>\n<td colspan=\"2\">Supporto tecnico e commerciale in italiano<\/td>\n<\/tr>\n<tr>\n<td class=\"light-blue\">\n<style type=\"text\/css\" scoped=\"scoped\">#icon-13.g1-icon { color: #3399ff; }<\/style>\n<p>&nbsp;<\/td>\n<td>\n<style type=\"text\/css\" scoped=\"scoped\">#icon-14.g1-icon { color: #ff3300; }<\/style>\n<p>&nbsp;<\/td>\n<\/tr>\n<tr>\n<td colspan=\"2\">Consulenza marketing su misura<\/td>\n<\/tr>\n<tr>\n<td class=\"light-blue\">\n<style type=\"text\/css\" scoped=\"scoped\">#icon-15.g1-icon { color: #3399ff; }<\/style>\n<p>&nbsp;<\/td>\n<td>\n<style type=\"text\/css\" scoped=\"scoped\">#icon-16.g1-icon { color: #ff3300; }<\/style>\n<p>&nbsp;<\/td>\n<\/tr>\n<tr>\n<td colspan=\"2\">Recensioni su <strong>Trustpilot<\/strong><br \/>\n<small style=\"color: #999;\">dati aggiornati a febbraio 2021<\/small><\/td>\n<\/tr>\n<tr>\n<td class=\"light-blue\"><img decoding=\"async\" width=\"357\" height=\"229\" style=\"max-width: 180px;\" src=\"https:\/\/serversmtp.com\/wp-content\/uploads\/2021\/03\/Senza-titolo-2_18.png\" alt=\"Recensioni turboSMTP su Trustpilot\" \/><\/td>\n<td><img decoding=\"async\" width=\"348\" height=\"229\" style=\"max-width: 180px;\" src=\"https:\/\/serversmtp.com\/wp-content\/uploads\/2021\/03\/Senza-titolo-2_20.png\" alt=\"Recensioni SendGrid su Trustpilot\" \/><\/td>\n<\/tr>\n<tr>\n<td class=\"light-blue\"><a id=\"g1-button-2\" class=\"g1-button g1-button--medium g1-button--solid g1-button--wide \" title=\"Vedi i prezzi\" href=\"\/it\/order.php\"><i class=\"fa fa-shopping-cart\"><\/i>Vedi i prezzi<\/a><\/td>\n<td><\/td>\n<\/tr>\n<\/tbody>\n<\/table>\n<\/div>\n<div class=\"g1-space\" style=\"height: 30px;\"><\/div>\n<h2 style=\"text-align: center; font-weight: 500;\">Sposta il tuo business da SendGrid a turboSMTP<br \/>\nTi aiutiamo noi!<\/h2>\n<p style=\"margin-bottom: 0.4em; text-align: center;\"><a class=\"g1-button g1-button--medium g1-button--solid\" style=\"color: #ffffff; background-color: #93ba19; border-color: #93ba19; margin: 0.5em; padding: 1em 2em;\" title=\"Inizia la tua prova gratuita\" href=\"https:\/\/serversmtp.com\/it\/signup\">INIZIA LA TUA PROVA GRATUITA<\/a><a class=\"g1-button g1-button--medium g1-button--solid\" style=\"color: #ffffff; background-color: #f09e00; border-color: #f09e00; margin: 0.5em; padding: 1em 2em;\" title=\"Contattaci\" href=\"https:\/\/serversmtp.com\/it\/contact.php\">CONTATTACI PER UNA CONSULENZA<\/a><\/p>\n","protected":false},"excerpt":{"rendered":"<p>SendGrid \u00e8 una piattaforma statunitense per la gestione di email transazionali e di marketing. Complici gli strumenti di marketing aggressivo messi in atto dalla compagnia, la piattaforma in cloud Sendgrid (anche nota come Twilio Sendgrid) \u00e8 molto conosciuta tra i marketers esperti e meno esperti. La compagnia ha sede in USA (Denver, Colorado) e dispone &#8230; <\/p>\n<p class=\"read-more-container\"><a title=\"Cosa \u00e8 SendGrid?\" class=\"read-more button\" href=\"https:\/\/serversmtp.com\/it\/cosa-e-sendgrid-alternativa-in-italiano\/#more-10999\" aria-label=\"Per saperne di pi\u00f9 su Cosa \u00e8 SendGrid?\">Discover more<\/a><\/p>\n","protected":false},"author":8,"featured_media":0,"parent":0,"menu_order":0,"comment_status":"closed","ping_status":"closed","template":"","meta":{"_eb_attr":"","inline_featured_image":false,"_monsterinsights_skip_tracking":false,"_monsterinsights_sitenote_active":false,"_monsterinsights_sitenote_note":"","_monsterinsights_sitenote_category":0,"footnotes":""},"class_list":["post-10999","page","type-page","status-publish"],"yoast_head":"<!-- This site is optimized with the Yoast SEO plugin v25.3.1 - https:\/\/yoast.com\/wordpress\/plugins\/seo\/ -->\n<title>Che cos\u2019\u00e8 SendGrid? Scopri l\u2019alternativa italiana<\/title>\n<meta name=\"description\" content=\"Scopri come inviare email transazionali e commerciali con l\u2019alternativa a SendGrid con servizio e supporto clienti completamente in italiano\" \/>\n<meta name=\"robots\" content=\"index, follow, max-snippet:-1, max-image-preview:large, max-video-preview:-1\" \/>\n<link rel=\"canonical\" href=\"https:\/\/serversmtp.com\/it\/cosa-e-sendgrid-alternativa-in-italiano\/\" \/>\n<meta name=\"twitter:label1\" content=\"Tempo di lettura stimato\" \/>\n\t<meta name=\"twitter:data1\" content=\"6 minuti\" \/>\n<!-- \/ Yoast SEO plugin. -->","yoast_head_json":{"title":"Che cos\u2019\u00e8 SendGrid? Scopri l\u2019alternativa italiana","description":"Scopri come inviare email transazionali e commerciali con l\u2019alternativa a SendGrid con servizio e supporto clienti completamente in italiano","robots":{"index":"index","follow":"follow","max-snippet":"max-snippet:-1","max-image-preview":"max-image-preview:large","max-video-preview":"max-video-preview:-1"},"canonical":"https:\/\/serversmtp.com\/it\/cosa-e-sendgrid-alternativa-in-italiano\/","twitter_misc":{"Tempo di lettura stimato":"6 minuti"},"schema":{"@context":"https:\/\/schema.org","@graph":[{"@type":"WebPage","@id":"https:\/\/serversmtp.com\/it\/cosa-e-sendgrid-alternativa-in-italiano\/","url":"https:\/\/serversmtp.com\/it\/cosa-e-sendgrid-alternativa-in-italiano\/","name":"Che cos\u2019\u00e8 SendGrid? Scopri l\u2019alternativa italiana","isPartOf":{"@id":"https:\/\/serversmtp.com\/es\/#website"},"primaryImageOfPage":{"@id":"https:\/\/serversmtp.com\/it\/cosa-e-sendgrid-alternativa-in-italiano\/#primaryimage"},"image":{"@id":"https:\/\/serversmtp.com\/it\/cosa-e-sendgrid-alternativa-in-italiano\/#primaryimage"},"thumbnailUrl":"https:\/\/www.serversmtp.com\/wp-content\/uploads\/2020\/11\/alternativa-italiana-sendgrid.png","datePublished":"2020-11-10T08:23:40+00:00","dateModified":"2022-02-14T10:45:50+00:00","description":"Scopri come inviare email transazionali e commerciali con l\u2019alternativa a SendGrid con servizio e supporto clienti completamente in italiano","breadcrumb":{"@id":"https:\/\/serversmtp.com\/it\/cosa-e-sendgrid-alternativa-in-italiano\/#breadcrumb"},"inLanguage":"it-IT","potentialAction":[{"@type":"ReadAction","target":["https:\/\/serversmtp.com\/it\/cosa-e-sendgrid-alternativa-in-italiano\/"]}]},{"@type":"ImageObject","inLanguage":"it-IT","@id":"https:\/\/serversmtp.com\/it\/cosa-e-sendgrid-alternativa-in-italiano\/#primaryimage","url":"https:\/\/www.serversmtp.com\/wp-content\/uploads\/2020\/11\/alternativa-italiana-sendgrid.png","contentUrl":"https:\/\/www.serversmtp.com\/wp-content\/uploads\/2020\/11\/alternativa-italiana-sendgrid.png"},{"@type":"BreadcrumbList","@id":"https:\/\/serversmtp.com\/it\/cosa-e-sendgrid-alternativa-in-italiano\/#breadcrumb","itemListElement":[{"@type":"ListItem","position":1,"name":"Home","item":"https:\/\/serversmtp.com\/it\/"},{"@type":"ListItem","position":2,"name":"Cosa \u00e8 SendGrid?"}]},{"@type":"WebSite","@id":"https:\/\/serversmtp.com\/es\/#website","url":"https:\/\/serversmtp.com\/es\/","name":"Server Mail SMTP - Provider di servizi SMTP professionali","description":"Server Mail SMTP - Provider di servizi SMTP professionali","publisher":{"@id":"https:\/\/serversmtp.com\/es\/#organization"},"potentialAction":[{"@type":"SearchAction","target":{"@type":"EntryPoint","urlTemplate":"https:\/\/serversmtp.com\/es\/?s={search_term_string}"},"query-input":{"@type":"PropertyValueSpecification","valueRequired":true,"valueName":"search_term_string"}}],"inLanguage":"it-IT"},{"@type":"Organization","@id":"https:\/\/serversmtp.com\/es\/#organization","name":"Delivery Tech","url":"https:\/\/serversmtp.com\/es\/","logo":{"@type":"ImageObject","inLanguage":"it-IT","@id":"https:\/\/serversmtp.com\/es\/#\/schema\/logo\/image\/","url":"https:\/\/serversmtp.com\/wp-content\/uploads\/2021\/11\/og-image-2.jpg","contentUrl":"https:\/\/serversmtp.com\/wp-content\/uploads\/2021\/11\/og-image-2.jpg","width":1200,"height":1128,"caption":"Delivery Tech"},"image":{"@id":"https:\/\/serversmtp.com\/es\/#\/schema\/logo\/image\/"}}]}},"_links":{"self":[{"href":"https:\/\/serversmtp.com\/it\/wp-json\/wp\/v2\/pages\/10999"}],"collection":[{"href":"https:\/\/serversmtp.com\/it\/wp-json\/wp\/v2\/pages"}],"about":[{"href":"https:\/\/serversmtp.com\/it\/wp-json\/wp\/v2\/types\/page"}],"author":[{"embeddable":true,"href":"https:\/\/serversmtp.com\/it\/wp-json\/wp\/v2\/users\/8"}],"replies":[{"embeddable":true,"href":"https:\/\/serversmtp.com\/it\/wp-json\/wp\/v2\/comments?post=10999"}],"version-history":[{"count":24,"href":"https:\/\/serversmtp.com\/it\/wp-json\/wp\/v2\/pages\/10999\/revisions"}],"predecessor-version":[{"id":12601,"href":"https:\/\/serversmtp.com\/it\/wp-json\/wp\/v2\/pages\/10999\/revisions\/12601"}],"wp:attachment":[{"href":"https:\/\/serversmtp.com\/it\/wp-json\/wp\/v2\/media?parent=10999"}],"curies":[{"name":"wp","href":"https:\/\/api.w.org\/{rel}","templated":true}]}}