{"id":10674,"date":"2020-11-05T10:41:50","date_gmt":"2020-11-05T09:41:50","guid":{"rendered":"https:\/\/www.serversmtp.com\/?page_id=10674"},"modified":"2020-11-26T15:59:37","modified_gmt":"2020-11-26T14:59:37","slug":"email-api-per-sviluppatori-smart","status":"publish","type":"page","link":"https:\/\/serversmtp.com\/it\/email-api-per-sviluppatori-smart\/","title":{"rendered":"Email API per sviluppatori smart"},"content":{"rendered":"<style type=\"text\/css\">\n#landing_top {\nbackground-size: cover;\n}\n#get-it-free.g1-button {\ncolor: #ffffff;\nbackground-color: #93ba19;\nborder-color: #93ba19;\nfont-weight: 600;\n}\n.g1-section h2 {\nfont-weight: 600;\n}\n.g1-section h3 {\nfont-weight: 600;\nfont-size: 20px;\n}\n.g1-list--icon li {\nborder-style: none;\n}\n<\/style>\n<div id=\"landing_top\" class=\"g1-section gb-container \"  style=\"background-image:url(https:\/\/serversmtp.com\/wp-content\/uploads\/2018\/02\/background-turbosmtp-2017.png); background-repeat:no-repeat; background-position:center top; background-attachment:static; padding-bottom:40px; padding-top:50px;\"><div class=\"g1-layout-inner\">\n<h1 style=\"text-align: center; color: #fff; font-size: 3.4em; margin-bottom: 0.2em; font-weight: 600;\">Email API per sviluppatori smart<\/h1>\n<h2 style=\"text-align: center; color: #fff; font-size: 2em; margin-bottom: 0.6em; font-weight: 300;\">Invia newsletter e email transazionali direttamente dal tuo sito con le API di turboSMTP<\/h2>\n<p style=\"margin-bottom: 0.4em; text-align: center;\"><a class=\"g1-button g1-button--medium g1-button--solid\" style=\"color: #ffffff; background-color: #93ba19; border-color: #93ba19; margin: 0.5em; padding: 1em 2em;\" title=\"Inizia la tua prova gratuita\" href=\"https:\/\/serversmtp.com\/it\/signup\">INIZIA LA TUA PROVA GRATUITA<\/a><a class=\"g1-button g1-button--medium g1-button--solid\" style=\"color: #ffffff; background-color: #f09e00; border-color: #f09e00; margin: 0.5em; padding: 1em 2em;\" title=\"Scopri i nostri piani\" href=\"https:\/\/serversmtp.com\/it\/cart.php?carttpl=2clic\">SCOPRI I NOSTRI PIANI<\/a><\/p>\n<p style=\"margin-bottom: 0.4em; text-align: center; font-size: 14px; color: #fff;\">Hai esigenze particolari? <a title=\"Contattaci\" href=\"https:\/\/serversmtp.com\/it\/contact.php\">Contattaci<\/a><\/p>\n<\/div><\/div>\n<div id=\"\" class=\"g1-section gb-container \"  style=\"background-repeat:no-repeat; background-position:center top; background-attachment:static; padding-bottom:40px; padding-top:40px;\"><div class=\"g1-layout-inner\">\n<p>Chi meglio di noi pu\u00f2 sapere quanto sia difficile gestire la posta dal tuo server, soprattutto se sei concentrato sullo sviluppo della tua app o del tuo sito web?<\/p>\n<p>Tenendo in mente le tue esigenze di sviluppatore, abbiamo ideato la soluzione perfetta per una gestione delle email spensierata per il tuo sito web, e-commerce, software CMS e CRM o qualsiasi altro tipo di app. Grazie alle <a href=\"https:\/\/serversmtp.com\/turbo-api\/#turbosmtp-public-api\" target=\"_blank\" rel=\"noopener noreferrer\">nostre <strong>API <\/strong><\/a>\u00a0e ai <a href=\"https:\/\/serversmtp.com\/it\/documentazione-per-le-notifiche-di-eventi-webhooks\/\">nostri <strong>Webhook<\/strong><\/a> (notifiche server to server degli eventi che riguardano le tue email) sarai in grado di integrare l&#8217;infrastruttura email di turboSMTP nella tua piattaforma, ma c&#8217;\u00e8 di pi\u00f9. Non dovrai pi\u00f9 preoccuparti della <strong>deliverability <\/strong>e di tutti gli altri problemi relativi alla gestione delle email!<\/p>\n<div class=\"g1-space\" style=\"height: 30px;\"><\/div>\n<h2>Configura il tuo servizio di email API<\/h2>\n<p>Integra uno <strong>smarthost email scalabile<\/strong> nella tua applicazione. Sincronizzando la nostra app con il tuo sito web grazie al nostro provider API potrai:<\/p>\n\n<ul id=\"\" class=\"g1-list g1-list--icon g1-list--simple \">\n<li><i class=\"fa fa-check g1-list__icon\"><\/i>effettuare un&#8217;integrazione totale con il tuo sistema di back-office e gestire le iscrizioni alla tua mailing list aggiungendo nuovi abbonati e visualizzando i loro dati<\/li>\n<li><i class=\"fa fa-check g1-list__icon\"><\/i>inviare le tue <strong>email transazionali<\/strong> direttamente tramite il tuo sito web o applicazione e tenere traccia dei tuoi risultati<\/li>\n<li><i class=\"fa fa-check g1-list__icon\"><\/i>inviare <strong>newsletter <\/strong>personalizzate tramite il tuo sito web o applicazione e tenere traccia dei risultati.<\/li>\n<\/ul>\n\n<div class=\"g1-space\" style=\"height: 30px;\"><\/div>\n<h2>Invia email direttamente dal tuo sito e&#8230;<\/h2>\n<h3>1. Ottieni il tuo pass per l\u2019inbox<\/h3>\n<p><img decoding=\"async\" src=\"https:\/\/serversmtp.com\/wp-content\/uploads\/2020\/11\/email-api-per-sviluppatori-smart.jpg\" alt=\"Ottieni il tuo pass per l\u2019inbox\" width=\"600\" height=\"276\" \/><\/p>\n<p>La tua <strong>deliverability<\/strong> \u00e8 il nostro obiettivo. Ogni singola email inviata conta e vogliamo che tu raggiunga il maggior numero di contatti possibile, indipendentemente dal tipo di email che devi inviare (transazionali o commerciali). Non \u00e8 facile ottenere l\u2019accesso alle caselle di posta dei tuoi destinatari ma &#8211; sorpresa &#8211; noi abbiamo le chiavi!<\/p>\n\n<ul id=\"\" class=\"g1-list g1-list--icon g1-list--simple \">\n<li><i class=\"fa fa-check g1-list__icon\"><\/i>Invia email dal tuo dominio e migliora la tua reputazione grazie ai record SPF, DKIM e DMARC<\/li>\n<li><i class=\"fa fa-check g1-list__icon\"><\/i>Permettici di gestire i feedback loop e di mantenere buoni rapporti con i principali email provider<\/li>\n<li><i class=\"fa fa-check g1-list__icon\"><\/i>Non importa quante email devi inviare, le nostre API sono affidabili e scalabili<\/li>\n<li><i class=\"fa fa-check g1-list__icon\"><\/i>Fissa una consulenza con i nostri esperti per studiare un piano specifico per il tuo business<\/li>\n<\/ul>\n\n<div class=\"g1-space\" style=\"height: 20px;\"><\/div>\n<h3>2. Monitora i tuoi risultati<\/h3>\n<p><img decoding=\"async\" src=\"https:\/\/serversmtp.com\/wp-content\/uploads\/2020\/11\/email-api-per-sviluppatori-smart-2.jpg\" alt=\"Monitora i tuoi risultati\" width=\"600\" height=\"276\" \/><\/p>\n<p>Tieni sempre sotto controllo le performance delle tue email. Integrando le nostre API, puoi monitorare il tuo flusso di posta elettronica direttamente dalla tua app o sito web. Grazie al nostro servizio professionale di email analytics potrai consultare <strong>report dettagliati<\/strong> su:<\/p>\n\n<ul id=\"\" class=\"g1-list g1-list--icon g1-list--simple \">\n<li><i class=\"fa fa-check g1-list__icon\"><\/i>tasso di apertura<\/li>\n<li><i class=\"fa fa-check g1-list__icon\"><\/i>tasso di consegna<\/li>\n<li><i class=\"fa fa-check g1-list__icon\"><\/i>click rate<\/li>\n<li><i class=\"fa fa-check g1-list__icon\"><\/i>CTR<\/li>\n<li><i class=\"fa fa-check g1-list__icon\"><\/i>bounce rate<\/li>\n<li><i class=\"fa fa-check g1-list__icon\"><\/i>punteggio spam<\/li>\n<\/ul>\n\n<p>Ma c&#8217;\u00e8 di pi\u00f9. Puoi anche sapere quando e quante volte le tue email vengono lette, a che ora e su quale dispositivo. Tutte queste informazioni ti aiuteranno a studiare la migliore strategia email per raggiungere i tuoi iscritti.<\/p>\n<p>Sei uno sviluppatore, quindi sai bene che potrebbero verificarsi errori e fallimenti, anche quando si tratta di gestire la posta elettronica. Scegliendo di integrare la tua app con le nostre API, sarai in grado di imparare pi\u00f9 velocemente dai tuoi errori di email marketing e diagnosticare in tempo reale ogni tipo di problema di deliverability.<\/p>\n<div class=\"g1-space\" style=\"height: 20px;\"><\/div>\n<h3>3. Affidati all&#8217;assistenza clienti che parla la tua lingua di programmatore<\/h3>\n<p><img decoding=\"async\" src=\"https:\/\/serversmtp.com\/wp-content\/uploads\/2020\/11\/email-api-per-sviluppatori-smart-3.jpg\" alt=\"Affidati all'assistenza clienti che parla la tua lingua di programmatore\" width=\"600\" height=\"330\" \/><\/p>\n<p>Il nostro team tecnico \u00e8 composto da personale altamente specializzato, disponibile 24 ore su 24, 7 giorni su 7 per risolvere tutti i tuoi problemi con le email. Come sviluppatore, hai bisogno di una guida molto specifica adatta al tuo caso. Abbiamo un team di gestione della deliverability che si occupa di gestione IP, code, feedback loop e monitoraggio.<\/p>\n<p>Poich\u00e9 i nostri clienti richiedono analisi settoriali e personalizzate, <strong>il nostro team<\/strong> di consulenza \u00e8 inserito nella struttura tecnica e <strong>parla il tuo linguaggio di programmazione<\/strong>. I nostri esperti possono offrirti una guida sulla deliverability e buoni suggerimenti per ottimizzare i tuoi risultati.<\/p>\n<p>Affidandoti a un servizio esterno per risolvere il problema della posta elettronica, avrai pi\u00f9 tempo da dedicare sia allo sviluppo della tua app e del tuo sito che alla scelta e alla gestione della tua strategia di comunicazione email!<\/p>\n<div class=\"g1-space\" style=\"height: 30px;\"><\/div>\n<h2 style=\"text-align: center;\">Diventa uno sviluppatore migliore.<\/h2>\n<h3 style=\"text-align: center; font-weight: 500;\">Lasciaci gestire il tuo flusso di email transazionali e commerciali<\/h3>\n<p style=\"margin-bottom: 0.4em; text-align: center;\"><a class=\"g1-button g1-button--medium g1-button--solid\" style=\"color: #ffffff; background-color: #93ba19; border-color: #93ba19; margin: 0.5em; padding: 1em 2em;\" title=\"Inizia la tua prova gratuita\" href=\"https:\/\/serversmtp.com\/it\/signup\">INIZIA LA TUA PROVA GRATUITA<\/a><\/p>\n<\/div><\/div>\n","protected":false},"excerpt":{"rendered":"","protected":false},"author":8,"featured_media":0,"parent":0,"menu_order":0,"comment_status":"closed","ping_status":"closed","template":"g1_template_page_full_sections.php","meta":{"_eb_attr":"","inline_featured_image":false,"_monsterinsights_skip_tracking":false,"_monsterinsights_sitenote_active":false,"_monsterinsights_sitenote_note":"","_monsterinsights_sitenote_category":0,"footnotes":""},"class_list":["post-10674","page","type-page","status-publish"],"yoast_head":"<!-- This site is optimized with the Yoast SEO plugin v25.3.1 - https:\/\/yoast.com\/wordpress\/plugins\/seo\/ -->\n<title>Email API per Sviluppatori - Prova Gratis<\/title>\n<meta name=\"description\" content=\"Invia e traccia email transazionali e commerciali direttamente dal tuo sito con le API turboSMTP studiate per le esigenze dei programmatori\" \/>\n<meta name=\"robots\" content=\"index, follow, max-snippet:-1, max-image-preview:large, max-video-preview:-1\" \/>\n<link rel=\"canonical\" href=\"https:\/\/serversmtp.com\/it\/email-api-per-sviluppatori-smart\/\" \/>\n<meta name=\"twitter:label1\" content=\"Tempo di lettura stimato\" \/>\n\t<meta name=\"twitter:data1\" content=\"4 minuti\" \/>\n<!-- \/ Yoast SEO plugin. -->","yoast_head_json":{"title":"Email API per Sviluppatori - Prova Gratis","description":"Invia e traccia email transazionali e commerciali direttamente dal tuo sito con le API turboSMTP studiate per le esigenze dei programmatori","robots":{"index":"index","follow":"follow","max-snippet":"max-snippet:-1","max-image-preview":"max-image-preview:large","max-video-preview":"max-video-preview:-1"},"canonical":"https:\/\/serversmtp.com\/it\/email-api-per-sviluppatori-smart\/","twitter_misc":{"Tempo di lettura stimato":"4 minuti"},"schema":{"@context":"https:\/\/schema.org","@graph":[{"@type":"WebPage","@id":"https:\/\/serversmtp.com\/it\/email-api-per-sviluppatori-smart\/","url":"https:\/\/serversmtp.com\/it\/email-api-per-sviluppatori-smart\/","name":"Email API per Sviluppatori - Prova Gratis","isPartOf":{"@id":"https:\/\/serversmtp.com\/de\/#website"},"primaryImageOfPage":{"@id":"https:\/\/serversmtp.com\/it\/email-api-per-sviluppatori-smart\/#primaryimage"},"image":{"@id":"https:\/\/serversmtp.com\/it\/email-api-per-sviluppatori-smart\/#primaryimage"},"thumbnailUrl":"https:\/\/www.serversmtp.com\/wp-content\/uploads\/2020\/11\/email-api-per-sviluppatori-smart.jpg","datePublished":"2020-11-05T09:41:50+00:00","dateModified":"2020-11-26T14:59:37+00:00","description":"Invia e traccia email transazionali e commerciali direttamente dal tuo sito con le API turboSMTP studiate per le esigenze dei programmatori","breadcrumb":{"@id":"https:\/\/serversmtp.com\/it\/email-api-per-sviluppatori-smart\/#breadcrumb"},"inLanguage":"it-IT","potentialAction":[{"@type":"ReadAction","target":["https:\/\/serversmtp.com\/it\/email-api-per-sviluppatori-smart\/"]}]},{"@type":"ImageObject","inLanguage":"it-IT","@id":"https:\/\/serversmtp.com\/it\/email-api-per-sviluppatori-smart\/#primaryimage","url":"https:\/\/www.serversmtp.com\/wp-content\/uploads\/2020\/11\/email-api-per-sviluppatori-smart.jpg","contentUrl":"https:\/\/www.serversmtp.com\/wp-content\/uploads\/2020\/11\/email-api-per-sviluppatori-smart.jpg"},{"@type":"BreadcrumbList","@id":"https:\/\/serversmtp.com\/it\/email-api-per-sviluppatori-smart\/#breadcrumb","itemListElement":[{"@type":"ListItem","position":1,"name":"Home","item":"https:\/\/serversmtp.com\/it\/"},{"@type":"ListItem","position":2,"name":"Email API per sviluppatori smart"}]},{"@type":"WebSite","@id":"https:\/\/serversmtp.com\/de\/#website","url":"https:\/\/serversmtp.com\/de\/","name":"Server Mail SMTP - Provider di servizi SMTP professionali","description":"Server Mail SMTP - Provider di servizi SMTP professionali","publisher":{"@id":"https:\/\/serversmtp.com\/de\/#organization"},"potentialAction":[{"@type":"SearchAction","target":{"@type":"EntryPoint","urlTemplate":"https:\/\/serversmtp.com\/de\/?s={search_term_string}"},"query-input":{"@type":"PropertyValueSpecification","valueRequired":true,"valueName":"search_term_string"}}],"inLanguage":"it-IT"},{"@type":"Organization","@id":"https:\/\/serversmtp.com\/de\/#organization","name":"Delivery Tech","url":"https:\/\/serversmtp.com\/de\/","logo":{"@type":"ImageObject","inLanguage":"it-IT","@id":"https:\/\/serversmtp.com\/de\/#\/schema\/logo\/image\/","url":"https:\/\/serversmtp.com\/wp-content\/uploads\/2021\/11\/og-image-2.jpg","contentUrl":"https:\/\/serversmtp.com\/wp-content\/uploads\/2021\/11\/og-image-2.jpg","width":1200,"height":1128,"caption":"Delivery Tech"},"image":{"@id":"https:\/\/serversmtp.com\/de\/#\/schema\/logo\/image\/"}}]}},"_links":{"self":[{"href":"https:\/\/serversmtp.com\/it\/wp-json\/wp\/v2\/pages\/10674"}],"collection":[{"href":"https:\/\/serversmtp.com\/it\/wp-json\/wp\/v2\/pages"}],"about":[{"href":"https:\/\/serversmtp.com\/it\/wp-json\/wp\/v2\/types\/page"}],"author":[{"embeddable":true,"href":"https:\/\/serversmtp.com\/it\/wp-json\/wp\/v2\/users\/8"}],"replies":[{"embeddable":true,"href":"https:\/\/serversmtp.com\/it\/wp-json\/wp\/v2\/comments?post=10674"}],"version-history":[{"count":32,"href":"https:\/\/serversmtp.com\/it\/wp-json\/wp\/v2\/pages\/10674\/revisions"}],"predecessor-version":[{"id":11188,"href":"https:\/\/serversmtp.com\/it\/wp-json\/wp\/v2\/pages\/10674\/revisions\/11188"}],"wp:attachment":[{"href":"https:\/\/serversmtp.com\/it\/wp-json\/wp\/v2\/media?parent=10674"}],"curies":[{"name":"wp","href":"https:\/\/api.w.org\/{rel}","templated":true}]}}