{"id":5691,"date":"2019-11-28T16:41:49","date_gmt":"2019-11-28T15:41:49","guid":{"rendered":"https:\/\/serversmtp.com\/?page_id=5691"},"modified":"2022-02-11T09:26:25","modified_gmt":"2022-02-11T08:26:25","slug":"rapport-des-activites-regulieres-envoye-par-email","status":"publish","type":"page","link":"https:\/\/serversmtp.com\/fr\/rapport-des-activites-regulieres-envoye-par-email\/","title":{"rendered":"Rapport des activit\u00e9s r\u00e9guli\u00e8res envoy\u00e9 par email"},"content":{"rendered":"<h4><em>En utilisant turboSMTP, vous b\u00e9n\u00e9ficiez de <a href=\"https:\/\/dashboard.serversmtp.com\">notre tableau de bord<\/a> avanc\u00e9 qui fournit des statistiques pr\u00e9cises et en temps r\u00e9el sur les clics et les ouvertures. Vous saurez \u00e0 chaque fois qui et quand a interagi avec vos emails.<\/em><\/h4>\n<p>Mais il y a plus que \u00e7a.<\/p>\n<p><strong>Vous pouvez recevoir les mises \u00e0 jour des activit\u00e9s de votre compte<\/strong> directement sur votre bo\u00eete de r\u00e9ception. <strong>Le rapport inclura toutes les donn\u00e9es relatives aux performances de votre courrier \u00e9lectronique<\/strong>: Savoir le volume de messages envoy\u00e9s, livr\u00e9s, ouverts, cliqu\u00e9s sur les CTA, emails rebondis, d\u00e9sabonn\u00e9s et qualifi\u00e9s comme spam.<\/p>\n<p><strong>Vous pouvez t\u00e9l\u00e9charger le rapport<\/strong> au format CSV ou consulter directement les listes de destinataires ayant interagi avec vos courriels. Tout cela vous sera livr\u00e9 avec une table ordonn\u00e9e et accrocheuse comme celle ci-dessous:<\/p>\n<p><a href=\"https:\/\/serversmtp.com\/wp-content\/uploads\/2019\/11\/reports-en.jpg\"><img decoding=\"async\" class=\"aligncenter wp-image-5668 size-full\" src=\"https:\/\/serversmtp.com\/wp-content\/uploads\/2019\/11\/reports-en.jpg\" alt=\"\" width=\"900\" height=\"649\" srcset=\"https:\/\/serversmtp.com\/wp-content\/uploads\/2019\/11\/reports-en.jpg 900w, https:\/\/serversmtp.com\/wp-content\/uploads\/2019\/11\/reports-en-300x216.jpg 300w, https:\/\/serversmtp.com\/wp-content\/uploads\/2019\/11\/reports-en-768x554.jpg 768w, https:\/\/serversmtp.com\/wp-content\/uploads\/2019\/11\/reports-en-636x459.jpg 636w, https:\/\/serversmtp.com\/wp-content\/uploads\/2019\/11\/reports-en-320x231.jpg 320w, https:\/\/serversmtp.com\/wp-content\/uploads\/2019\/11\/reports-en-239x172.jpg 239w\" sizes=\"(max-width: 900px) 100vw, 900px\" \/><\/a><\/p>\n<p>Recherchez dans le menu &#8220;Outils&#8221; pour activer cette fonction. <strong>Vous pouvez d\u00e9finir la date de d\u00e9but de la p\u00e9riode<\/strong> pour laquelle vous souhaitez recevoir les rapports. Ils vous seront livr\u00e9s <strong>quotidiennement, hebdomadairement ou mensuellement<\/strong> selon votre choix.<\/p>\n<h3><em>Garder les r\u00e9sultats de vos activit\u00e9s d&#8217;envoi sous contr\u00f4le n&#8217;a jamais \u00e9t\u00e9 aussi simple.<br \/>\n<\/em><\/h3>\n<p><iframe title=\"Regular activities\u2019 report\" width=\"1200\" height=\"675\" src=\"https:\/\/www.youtube.com\/embed\/5KFA_yzsuxE?feature=oembed\" frameborder=\"0\" allow=\"accelerometer; autoplay; clipboard-write; encrypted-media; gyroscope; picture-in-picture\" allowfullscreen><\/iframe><\/p>\n","protected":false},"excerpt":{"rendered":"<p>En utilisant turboSMTP, vous b\u00e9n\u00e9ficiez de notre tableau de bord avanc\u00e9 qui fournit des statistiques pr\u00e9cises et en temps r\u00e9el sur les clics et les ouvertures. Vous saurez \u00e0 chaque fois qui et quand a interagi avec vos emails. Mais il y a plus que \u00e7a. Vous pouvez recevoir les mises \u00e0 jour des activit\u00e9s &#8230; <\/p>\n<p class=\"read-more-container\"><a title=\"Rapport des activit\u00e9s r\u00e9guli\u00e8res envoy\u00e9 par email\" class=\"read-more button\" href=\"https:\/\/serversmtp.com\/fr\/rapport-des-activites-regulieres-envoye-par-email\/#more-5691\" aria-label=\"En savoir plus sur Rapport des activit\u00e9s r\u00e9guli\u00e8res envoy\u00e9 par email\">Discover more<\/a><\/p>\n","protected":false},"author":2,"featured_media":0,"parent":0,"menu_order":0,"comment_status":"closed","ping_status":"closed","template":"","meta":{"_eb_attr":"","inline_featured_image":false,"_monsterinsights_skip_tracking":false,"_monsterinsights_sitenote_active":false,"_monsterinsights_sitenote_note":"","_monsterinsights_sitenote_category":0,"footnotes":""},"class_list":["post-5691","page","type-page","status-publish"],"yoast_head":"<!-- This site is optimized with the Yoast SEO plugin v25.3.1 - https:\/\/yoast.com\/wordpress\/plugins\/seo\/ -->\n<title>Rapport des activit\u00e9s r\u00e9guli\u00e8res envoy\u00e9 par email - smtp mail server - professional SMTP service provider<\/title>\n<meta name=\"robots\" content=\"index, follow, max-snippet:-1, max-image-preview:large, max-video-preview:-1\" \/>\n<link rel=\"canonical\" href=\"https:\/\/serversmtp.com\/fr\/rapport-des-activites-regulieres-envoye-par-email\/\" \/>\n<meta name=\"twitter:label1\" content=\"Dur\u00e9e de lecture estim\u00e9e\" \/>\n\t<meta name=\"twitter:data1\" content=\"1 minute\" \/>\n<!-- \/ Yoast SEO plugin. -->","yoast_head_json":{"title":"Rapport des activit\u00e9s r\u00e9guli\u00e8res envoy\u00e9 par email - smtp mail server - professional SMTP service provider","robots":{"index":"index","follow":"follow","max-snippet":"max-snippet:-1","max-image-preview":"max-image-preview:large","max-video-preview":"max-video-preview:-1"},"canonical":"https:\/\/serversmtp.com\/fr\/rapport-des-activites-regulieres-envoye-par-email\/","twitter_misc":{"Dur\u00e9e de lecture estim\u00e9e":"1 minute"},"schema":{"@context":"https:\/\/schema.org","@graph":[{"@type":"WebPage","@id":"https:\/\/serversmtp.com\/fr\/rapport-des-activites-regulieres-envoye-par-email\/","url":"https:\/\/serversmtp.com\/fr\/rapport-des-activites-regulieres-envoye-par-email\/","name":"Rapport des activit\u00e9s r\u00e9guli\u00e8res envoy\u00e9 par email - smtp mail server - professional SMTP service provider","isPartOf":{"@id":"https:\/\/serversmtp.com\/sv\/#website"},"primaryImageOfPage":{"@id":"https:\/\/serversmtp.com\/fr\/rapport-des-activites-regulieres-envoye-par-email\/#primaryimage"},"image":{"@id":"https:\/\/serversmtp.com\/fr\/rapport-des-activites-regulieres-envoye-par-email\/#primaryimage"},"thumbnailUrl":"https:\/\/serversmtp.com\/wp-content\/uploads\/2019\/11\/reports-en.jpg","datePublished":"2019-11-28T15:41:49+00:00","dateModified":"2022-02-11T08:26:25+00:00","breadcrumb":{"@id":"https:\/\/serversmtp.com\/fr\/rapport-des-activites-regulieres-envoye-par-email\/#breadcrumb"},"inLanguage":"fr-FR","potentialAction":[{"@type":"ReadAction","target":["https:\/\/serversmtp.com\/fr\/rapport-des-activites-regulieres-envoye-par-email\/"]}]},{"@type":"ImageObject","inLanguage":"fr-FR","@id":"https:\/\/serversmtp.com\/fr\/rapport-des-activites-regulieres-envoye-par-email\/#primaryimage","url":"https:\/\/serversmtp.com\/wp-content\/uploads\/2019\/11\/reports-en.jpg","contentUrl":"https:\/\/serversmtp.com\/wp-content\/uploads\/2019\/11\/reports-en.jpg"},{"@type":"BreadcrumbList","@id":"https:\/\/serversmtp.com\/fr\/rapport-des-activites-regulieres-envoye-par-email\/#breadcrumb","itemListElement":[{"@type":"ListItem","position":1,"name":"Home","item":"https:\/\/serversmtp.com\/fr\/"},{"@type":"ListItem","position":2,"name":"Rapport des activit\u00e9s r\u00e9guli\u00e8res envoy\u00e9 par email"}]},{"@type":"WebSite","@id":"https:\/\/serversmtp.com\/sv\/#website","url":"https:\/\/serversmtp.com\/sv\/","name":"smtp mail server - professional SMTP service provider","description":"smtp mail server - professional SMTP service provider","publisher":{"@id":"https:\/\/serversmtp.com\/sv\/#organization"},"potentialAction":[{"@type":"SearchAction","target":{"@type":"EntryPoint","urlTemplate":"https:\/\/serversmtp.com\/sv\/?s={search_term_string}"},"query-input":{"@type":"PropertyValueSpecification","valueRequired":true,"valueName":"search_term_string"}}],"inLanguage":"fr-FR"},{"@type":"Organization","@id":"https:\/\/serversmtp.com\/sv\/#organization","name":"Delivery Tech","url":"https:\/\/serversmtp.com\/sv\/","logo":{"@type":"ImageObject","inLanguage":"fr-FR","@id":"https:\/\/serversmtp.com\/sv\/#\/schema\/logo\/image\/","url":"https:\/\/serversmtp.com\/wp-content\/uploads\/2021\/11\/og-image-2.jpg","contentUrl":"https:\/\/serversmtp.com\/wp-content\/uploads\/2021\/11\/og-image-2.jpg","width":1200,"height":1128,"caption":"Delivery Tech"},"image":{"@id":"https:\/\/serversmtp.com\/sv\/#\/schema\/logo\/image\/"}}]}},"_links":{"self":[{"href":"https:\/\/serversmtp.com\/fr\/wp-json\/wp\/v2\/pages\/5691"}],"collection":[{"href":"https:\/\/serversmtp.com\/fr\/wp-json\/wp\/v2\/pages"}],"about":[{"href":"https:\/\/serversmtp.com\/fr\/wp-json\/wp\/v2\/types\/page"}],"author":[{"embeddable":true,"href":"https:\/\/serversmtp.com\/fr\/wp-json\/wp\/v2\/users\/2"}],"replies":[{"embeddable":true,"href":"https:\/\/serversmtp.com\/fr\/wp-json\/wp\/v2\/comments?post=5691"}],"version-history":[{"count":4,"href":"https:\/\/serversmtp.com\/fr\/wp-json\/wp\/v2\/pages\/5691\/revisions"}],"predecessor-version":[{"id":5736,"href":"https:\/\/serversmtp.com\/fr\/wp-json\/wp\/v2\/pages\/5691\/revisions\/5736"}],"wp:attachment":[{"href":"https:\/\/serversmtp.com\/fr\/wp-json\/wp\/v2\/media?parent=5691"}],"curies":[{"name":"wp","href":"https:\/\/api.w.org\/{rel}","templated":true}]}}