{"id":4218,"date":"2018-06-27T12:22:58","date_gmt":"2018-06-27T10:22:58","guid":{"rendered":"https:\/\/serversmtp.com\/?page_id=4218"},"modified":"2026-01-15T14:41:58","modified_gmt":"2026-01-15T13:41:58","slug":"securite","status":"publish","type":"page","link":"https:\/\/serversmtp.com\/fr\/politique-de-confidentialite-reglement-ue-2016-79-rgdp\/securite\/","title":{"rendered":"S\u00e9curit\u00e9"},"content":{"rendered":"<p><img decoding=\"async\" class=\"noBorders aligncenter wp-image-7025 size-full\" src=\"https:\/\/emailchef.com\/wp-content\/uploads\/2018\/05\/gdpr-protect.png\" alt=\"\" width=\"1280\" height=\"700\" \/><\/p>\n<ul class=\"g1-grid\"><li class=\"g1-column g1-one-fourth g1-valign-top\">\n<h4>Mesures techniques<\/h4>\n<\/li><!-- -->\n<li class=\"g1-column g1-three-fourth g1-valign-top\">\n<p>eDisplay Srl accorde la plus grande importance \u00e0 la s\u00e9curit\u00e9 et \u00e0 l\u2019int\u00e9grit\u00e9 de vos donn\u00e9es \u00e0 caract\u00e8re personnel.<br \/>\nConform\u00e9ment au RGPD, nous nous engageons quotidiennement \u00e0 prendre toutes les pr\u00e9cautions n\u00e9cessaires afin de pr\u00e9server la s\u00e9curit\u00e9 de vos donn\u00e9es et, en particulier, \u00e0 les prot\u00e9ger contre :<\/p>\n\n<ul id=\"\" class=\"g1-list g1-list--upper-alpha g1-list--none \">\n<li>la destruction accidentelle ou illicite ;<\/li>\n<li>la perte accidentelle ou illicite ;<\/li>\n<li>la corruption accidentelle ou illicite ;<\/li>\n<li>la circulation ou la divulgation \u00e0 des personnes non autoris\u00e9es ;<\/li>\n<li>l\u2019acc\u00e8s non autoris\u00e9 ;<\/li>\n<li>le traitement illicite.<\/li>\n<\/ul>\n\n<p>\u00c0 cette fin, nous avons adopt\u00e9 des mesures techniques de s\u00e9curit\u00e9 conformes aux standards du secteur :<\/p>\n\n<ul id=\"\" class=\"g1-list g1-list--upper-alpha g1-list--none \">\n<li>pare-feu multicouches ;<\/li>\n<li>antivirus \u00e0 l\u2019efficacit\u00e9 \u00e9prouv\u00e9e et syst\u00e8mes de d\u00e9tection des tentatives d\u2019intrusion ;<\/li>\n<li>transmission chiffr\u00e9e des donn\u00e9es via les technologies SSL\/https\/VPN.<\/li>\n<\/ul>\n\n<p>Afin de prot\u00e9ger les donn\u00e9es \u00e0 caract\u00e8re personnel contre toute divulgation non autoris\u00e9e, nous avons recours \u00e0 des m\u00e9thodes de codage sp\u00e9cialement d\u00e9velopp\u00e9es, en compl\u00e9ment d\u2019algorithmes garantissant la s\u00e9curit\u00e9 des transactions, des acc\u00e8s et des sauvegardes des donn\u00e9es.<br \/>\nNous garantissons l\u2019exactitude et l\u2019utilisation appropri\u00e9e des donn\u00e9es :<\/p>\n\n<ul id=\"\" class=\"g1-list g1-list--upper-alpha g1-list--none \">\n<li>au moyen de proc\u00e9dures \u00e9lectroniques, physiques et organisationnelles appropri\u00e9es afin de prot\u00e9ger et de pr\u00e9server les donn\u00e9es collect\u00e9es via nos services ;<\/li>\n<li>gr\u00e2ce \u00e0 la formation ad\u00e9quate de notre personnel, qui a re\u00e7u des instructions sp\u00e9cifiques pour l\u2019acc\u00e8s aux donn\u00e9es, dans le respect des dispositions pr\u00e9vues par le RGPD.<\/li>\n<\/ul>\n\n<p>Il convient toutefois de rappeler qu\u2019\u00e0 ce jour, il n\u2019existe pas de protection absolue contre les attaques de piratage ou les hackers. En cas de violation de la s\u00e9curit\u00e9 (data breach), nous nous engageons \u00e0 vous en informer sans retard injustifi\u00e9 et \u00e0 agir au maximum de nos capacit\u00e9s afin de neutraliser l\u2019intrusion et d\u2019en minimiser l\u2019impact.<br \/>\nDans le cas o\u00f9 vous subiriez un pr\u00e9judice \u00e0 la suite d\u2019une violation de la s\u00e9curit\u00e9, nous nous engageons \u00e0 vous fournir toute l\u2019assistance n\u00e9cessaire pour vous permettre de faire valoir vos droits.<br \/>\nSi, dans un cas exceptionnel, le pr\u00e9judice subi devait r\u00e9sulter d\u2019une faute grave imputable \u00e0 eDisplay Srl, nous proc\u00e9derons \u00e0 une indemnisation dans les limites de responsabilit\u00e9 pr\u00e9vues par nos Conditions G\u00e9n\u00e9rales d\u2019Utilisation.<br \/>\nSi un utilisateur, un abonn\u00e9 \u00e0 des listes de contacts ou un hacker d\u00e9couvre et exploite une violation de la s\u00e9curit\u00e9, il se rend responsable d\u2019une infraction p\u00e9nale. eDisplay Srl prendra toutes les mesures n\u00e9cessaires, y compris le d\u00e9p\u00f4t d\u2019une plainte et\/ou l\u2019engagement d\u2019une action en justice, afin de prot\u00e9ger les donn\u00e9es et les droits de ses utilisateurs et des siens, et de limiter les impacts \u00e9ventuels.  <\/p>\n<p>Les mesures susmentionn\u00e9es sont celles que nous adoptons pour la protection de vos donn\u00e9es ; toutefois, en tant qu\u2019utilisateur de nos services, applications ou logiciels, vous devrez \u00e9galement :<\/p>\n\n<ul id=\"\" class=\"g1-list g1-list--upper-alpha g1-list--none \">\n<li>contr\u00f4ler l\u2019authentification des personnes acc\u00e9dant aux donn\u00e9es ;<\/li>\n<li>utiliser un mot de passe individuel et suffisamment s\u00e9curis\u00e9, en veillant \u00e0 le modifier r\u00e9guli\u00e8rement et \u00e0 ne pas le laisser sans surveillance ;<\/li>\n<li>vous assurer de prendre des mesures de s\u00e9curit\u00e9 pour les donn\u00e9es transitant par des canaux de communication non prot\u00e9g\u00e9s et faisant l\u2019objet d\u2019un traitement par eDisplay Srl.<\/li>\n<\/ul>\n\n<p>L\u2019objectif de ces mesures techniques est de rendre vos donn\u00e9es incompr\u00e9hensibles ou inaccessibles aux personnes non autoris\u00e9es.<br \/>\nPour toute question relative \u00e0 la s\u00e9curit\u00e9 de nos services, applications et logiciels, nous vous invitons \u00e0 contacter notre support technique, disponible via nos canaux officiels : e-mail, chat en ligne et t\u00e9l\u00e9phone.<\/p>\n<\/li><!-- --><\/ul>\n<div  class=\"g1-divider g1-divider--none g1-divider--noicon \"><\/div>\n<ul class=\"g1-grid\"><li class=\"g1-column g1-one-fourth g1-valign-top\">\n<h4>Gestion des violations de donn\u00e9es <em>(data breach)<\/em><\/h4>\n<\/li><!-- -->\n<li class=\"g1-column g1-three-fourth g1-valign-top\">\n<p>L\u2019article 33 du RGPD impose au responsable du traitement de notifier \u00e0 l\u2019autorit\u00e9 de contr\u00f4le toute violation de donn\u00e9es \u00e0 caract\u00e8re personnel (data breach) dans un d\u00e9lai de soixante-douze heures \u00e0 compter du moment o\u00f9 il en a eu connaissance.<\/p>\n<p>On distingue trois types de violations :<\/p>\n\n<ul id=\"\" class=\"g1-list g1-list--upper-alpha g1-list--none \">\n<li>violation de la confidentialit\u00e9, lorsqu\u2019une divulgation ou un acc\u00e8s non autoris\u00e9 ou accidentel aux donn\u00e9es \u00e0 caract\u00e8re personnel se produit ;<\/li>\n<li>violation de l\u2019int\u00e9grit\u00e9, lorsqu\u2019une alt\u00e9ration non autoris\u00e9e ou accidentelle des donn\u00e9es \u00e0 caract\u00e8re personnel se produit ;<\/li>\n<li>violation de la disponibilit\u00e9, lorsqu\u2019une perte, une inaccessibilit\u00e9 ou une destruction, accidentelle ou non autoris\u00e9e, des donn\u00e9es \u00e0 caract\u00e8re personnel se produit.<\/li>\n<\/ul>\n\n<p>Si une \u00e9ventuelle violation concernait \u00e9galement vos donn\u00e9es, eDisplay Srl, en tant que sous-traitant du traitement des donn\u00e9es, vous en informera selon les modalit\u00e9s suivantes :<\/p>\n\n<ul id=\"\" class=\"g1-list g1-list--upper-alpha g1-list--none \">\n<li>de mani\u00e8re personnelle et directe ;<\/li>\n<li>au moyen d\u2019une communication publique ou d\u2019une mesure similaire et efficace, lorsque la communication directe et personnelle impliquerait des efforts disproportionn\u00e9s.<\/li>\n<\/ul>\n\n<p>Gardez toujours \u00e0 l\u2019esprit qu\u2019en tant qu\u2019utilisateur, vous \u00eates le responsable du traitement des donn\u00e9es ; il vous appartiendra donc d\u2019informer rapidement vos abonn\u00e9s figurant dans les listes de contacts de la violation.<br \/>\nDans ce cas, vous pourrez communiquer la violation intervenue de la mani\u00e8re suivante :<\/p>\n\n<ul id=\"\" class=\"g1-list g1-list--upper-alpha g1-list--none \">\n<li>personnellement et directement \u00e0 vos abonn\u00e9s ;<\/li>\n<li>au moyen d\u2019une communication publique ou tout aussi efficace, capable d\u2019atteindre l\u2019ensemble des contacts concern\u00e9s par la violation de donn\u00e9es.<\/li>\n<\/ul>\n\n<p>La communication directe adress\u00e9e \u00e0 vos abonn\u00e9s devra \u00eatre clairement distincte des autres communications que vous envoyez habituellement : l\u2019avis de violation doit \u00eatre clair, non \u00e9quivoque et attirer l\u2019attention de la personne concern\u00e9e.<br \/>\nLes articles 24 et 32 du RGPD sont particuli\u00e8rement essentiels, car ils imposent au responsable du traitement de :<\/p>\n\n<ul id=\"\" class=\"g1-list g1-list--upper-alpha g1-list--none \">\n<li>mettre en \u0153uvre des mesures techniques et organisationnelles appropri\u00e9es afin de garantir le respect du RGPD ;<\/li>\n<li>\u00eatre en mesure de d\u00e9montrer que le traitement des donn\u00e9es est effectu\u00e9 conform\u00e9ment aux dispositions du RGPD ;<\/li>\n<li>r\u00e9examiner et mettre \u00e0 jour les mesures susmentionn\u00e9es lorsque cela est n\u00e9cessaire ;<\/li>\n<li>garantir un niveau de s\u00e9curit\u00e9 adapt\u00e9 au risque.<\/li>\n<\/ul>\n\n<\/li><!-- --><\/ul>\n<div  class=\"g1-divider g1-divider--none g1-divider--noicon \"><\/div>\n<ul class=\"g1-grid\"><li class=\"g1-column g1-one-fourth g1-valign-top\">\n<h4>Acc\u00e8s autoris\u00e9 aux donn\u00e9es pour le service client et l\u2019assistance technique<\/h4>\n<\/li><!-- -->\n<li class=\"g1-column g1-three-fourth g1-valign-top\">\n<p>Les donn\u00e9es collect\u00e9es seront utilis\u00e9es lorsqu\u2019elles sont n\u00e9cessaires ou utiles \u00e0 la r\u00e9alisation des finalit\u00e9s suivantes :<\/p>\n\n<ul id=\"\" class=\"g1-list g1-list--upper-alpha g1-list--none \">\n<li>assistance technique aux utilisateurs, pour les services fournis par eDisplay Srl concernant les responsables du traitement des donn\u00e9es ou leurs listes de contacts ;<\/li>\n<li>appels t\u00e9l\u00e9phoniques ou e-mails, afin de conclure des transactions commerciales ;<\/li>\n<li>conseil commercial direct ou indirect.<\/li>\n<\/ul>\n\n<p>Vos donn\u00e9es pourront \u00eatre trait\u00e9es par des employ\u00e9s de eDisplay Srl ou par des tiers, lesquels seront d\u00e9sign\u00e9s, selon les cas, en tant que sous-traitants externes du traitement. Le propri\u00e9taire ou le titulaire des donn\u00e9es \u00e0 caract\u00e8re personnel sera inform\u00e9, au cas par cas, des modalit\u00e9s de traitement.<\/p>\n<\/li><!-- --><\/ul>\n<div  class=\"g1-divider g1-divider--none g1-divider--noicon \"><\/div>\n<ul class=\"g1-grid\"><li class=\"g1-column g1-one-fourth g1-valign-top\">\n<h4>Minimisation des donn\u00e9es trait\u00e9es et archivage<\/h4>\n<\/li><!-- -->\n<li class=\"g1-column g1-three-fourth g1-valign-top\">\n<p>Nous avons mis en place des mesures techniques et organisationnelles afin de garantir le principe de minimisation des donn\u00e9es trait\u00e9es, lesquelles seront toujours ad\u00e9quates, pertinentes et limit\u00e9es \u00e0 ce qui est n\u00e9cessaire \u00e0 la r\u00e9alisation des finalit\u00e9s d\u00e9clar\u00e9es.<br \/>\nLe traitement des donn\u00e9es \u00e0 des fins statistiques, d\u2019archivage dans l\u2019int\u00e9r\u00eat public, de recherche scientifique ou historique est soumis \u00e0 des garanties appropri\u00e9es pour les droits et libert\u00e9s de la personne concern\u00e9e, conform\u00e9ment aux dispositions du RGPD.<\/p>\n<\/li><!-- --><\/ul>\n","protected":false},"excerpt":{"rendered":"","protected":false},"author":2,"featured_media":0,"parent":4213,"menu_order":5,"comment_status":"closed","ping_status":"closed","template":"","meta":{"_eb_attr":"","inline_featured_image":false,"_monsterinsights_skip_tracking":false,"_monsterinsights_sitenote_active":false,"_monsterinsights_sitenote_note":"","_monsterinsights_sitenote_category":0,"footnotes":""},"class_list":["post-4218","page","type-page","status-publish"],"yoast_head":"<!-- This site is optimized with the Yoast SEO plugin v25.3.1 - https:\/\/yoast.com\/wordpress\/plugins\/seo\/ -->\n<title>S\u00e9curit\u00e9 - smtp mail server - professional SMTP service provider<\/title>\n<meta name=\"robots\" content=\"index, follow, max-snippet:-1, max-image-preview:large, max-video-preview:-1\" \/>\n<link rel=\"canonical\" href=\"https:\/\/serversmtp.com\/fr\/politique-de-confidentialite-reglement-ue-2016-79-rgdp\/securite\/\" \/>\n<meta name=\"twitter:label1\" content=\"Dur\u00e9e de lecture estim\u00e9e\" \/>\n\t<meta name=\"twitter:data1\" content=\"4 minutes\" \/>\n<!-- \/ Yoast SEO plugin. -->","yoast_head_json":{"title":"S\u00e9curit\u00e9 - smtp mail server - professional SMTP service provider","robots":{"index":"index","follow":"follow","max-snippet":"max-snippet:-1","max-image-preview":"max-image-preview:large","max-video-preview":"max-video-preview:-1"},"canonical":"https:\/\/serversmtp.com\/fr\/politique-de-confidentialite-reglement-ue-2016-79-rgdp\/securite\/","twitter_misc":{"Dur\u00e9e de lecture estim\u00e9e":"4 minutes"},"schema":{"@context":"https:\/\/schema.org","@graph":[{"@type":"WebPage","@id":"https:\/\/serversmtp.com\/fr\/politique-de-confidentialite-reglement-ue-2016-79-rgdp\/securite\/","url":"https:\/\/serversmtp.com\/fr\/politique-de-confidentialite-reglement-ue-2016-79-rgdp\/securite\/","name":"S\u00e9curit\u00e9 - smtp mail server - professional SMTP service provider","isPartOf":{"@id":"https:\/\/serversmtp.com\/sv\/#website"},"primaryImageOfPage":{"@id":"https:\/\/serversmtp.com\/fr\/politique-de-confidentialite-reglement-ue-2016-79-rgdp\/securite\/#primaryimage"},"image":{"@id":"https:\/\/serversmtp.com\/fr\/politique-de-confidentialite-reglement-ue-2016-79-rgdp\/securite\/#primaryimage"},"thumbnailUrl":"https:\/\/emailchef.com\/wp-content\/uploads\/2018\/05\/gdpr-protect.png","datePublished":"2018-06-27T10:22:58+00:00","dateModified":"2026-01-15T13:41:58+00:00","breadcrumb":{"@id":"https:\/\/serversmtp.com\/fr\/politique-de-confidentialite-reglement-ue-2016-79-rgdp\/securite\/#breadcrumb"},"inLanguage":"fr-FR","potentialAction":[{"@type":"ReadAction","target":["https:\/\/serversmtp.com\/fr\/politique-de-confidentialite-reglement-ue-2016-79-rgdp\/securite\/"]}]},{"@type":"ImageObject","inLanguage":"fr-FR","@id":"https:\/\/serversmtp.com\/fr\/politique-de-confidentialite-reglement-ue-2016-79-rgdp\/securite\/#primaryimage","url":"https:\/\/emailchef.com\/wp-content\/uploads\/2018\/05\/gdpr-protect.png","contentUrl":"https:\/\/emailchef.com\/wp-content\/uploads\/2018\/05\/gdpr-protect.png"},{"@type":"BreadcrumbList","@id":"https:\/\/serversmtp.com\/fr\/politique-de-confidentialite-reglement-ue-2016-79-rgdp\/securite\/#breadcrumb","itemListElement":[{"@type":"ListItem","position":1,"name":"Home","item":"https:\/\/serversmtp.com\/fr\/"},{"@type":"ListItem","position":2,"name":"RGPD &#8211; Introduction et objectifs","item":"https:\/\/serversmtp.com\/fr\/politique-de-confidentialite-reglement-ue-2016-79-rgdp\/"},{"@type":"ListItem","position":3,"name":"S\u00e9curit\u00e9"}]},{"@type":"WebSite","@id":"https:\/\/serversmtp.com\/sv\/#website","url":"https:\/\/serversmtp.com\/sv\/","name":"smtp mail server - professional SMTP service provider","description":"smtp mail server - professional SMTP service provider","publisher":{"@id":"https:\/\/serversmtp.com\/sv\/#organization"},"potentialAction":[{"@type":"SearchAction","target":{"@type":"EntryPoint","urlTemplate":"https:\/\/serversmtp.com\/sv\/?s={search_term_string}"},"query-input":{"@type":"PropertyValueSpecification","valueRequired":true,"valueName":"search_term_string"}}],"inLanguage":"fr-FR"},{"@type":"Organization","@id":"https:\/\/serversmtp.com\/sv\/#organization","name":"Delivery Tech","url":"https:\/\/serversmtp.com\/sv\/","logo":{"@type":"ImageObject","inLanguage":"fr-FR","@id":"https:\/\/serversmtp.com\/sv\/#\/schema\/logo\/image\/","url":"https:\/\/serversmtp.com\/wp-content\/uploads\/2021\/11\/og-image-2.jpg","contentUrl":"https:\/\/serversmtp.com\/wp-content\/uploads\/2021\/11\/og-image-2.jpg","width":1200,"height":1128,"caption":"Delivery Tech"},"image":{"@id":"https:\/\/serversmtp.com\/sv\/#\/schema\/logo\/image\/"}}]}},"_links":{"self":[{"href":"https:\/\/serversmtp.com\/fr\/wp-json\/wp\/v2\/pages\/4218"}],"collection":[{"href":"https:\/\/serversmtp.com\/fr\/wp-json\/wp\/v2\/pages"}],"about":[{"href":"https:\/\/serversmtp.com\/fr\/wp-json\/wp\/v2\/types\/page"}],"author":[{"embeddable":true,"href":"https:\/\/serversmtp.com\/fr\/wp-json\/wp\/v2\/users\/2"}],"replies":[{"embeddable":true,"href":"https:\/\/serversmtp.com\/fr\/wp-json\/wp\/v2\/comments?post=4218"}],"version-history":[{"count":5,"href":"https:\/\/serversmtp.com\/fr\/wp-json\/wp\/v2\/pages\/4218\/revisions"}],"predecessor-version":[{"id":23020,"href":"https:\/\/serversmtp.com\/fr\/wp-json\/wp\/v2\/pages\/4218\/revisions\/23020"}],"up":[{"embeddable":true,"href":"https:\/\/serversmtp.com\/fr\/wp-json\/wp\/v2\/pages\/4213"}],"wp:attachment":[{"href":"https:\/\/serversmtp.com\/fr\/wp-json\/wp\/v2\/media?parent=4218"}],"curies":[{"name":"wp","href":"https:\/\/api.w.org\/{rel}","templated":true}]}}