{"id":4217,"date":"2018-06-27T12:22:30","date_gmt":"2018-06-27T10:22:30","guid":{"rendered":"https:\/\/serversmtp.com\/?page_id=4217"},"modified":"2026-01-15T14:39:55","modified_gmt":"2026-01-15T13:39:55","slug":"acceder-exporter-modifier-et-supprimer-des-informations","status":"publish","type":"page","link":"https:\/\/serversmtp.com\/fr\/politique-de-confidentialite-reglement-ue-2016-79-rgdp\/acceder-exporter-modifier-et-supprimer-des-informations\/","title":{"rendered":"Acc\u00e9der, exporter, modifier et supprimer des informations"},"content":{"rendered":"<p><img decoding=\"async\" class=\"aligncenter size-full wp-image-4044\" src=\"https:\/\/serversmtp.com\/wp-content\/uploads\/2018\/06\/gdpr-esporta.png\" alt=\"\" width=\"1280\" height=\"700\" srcset=\"https:\/\/serversmtp.com\/wp-content\/uploads\/2018\/06\/gdpr-esporta.png 1280w, https:\/\/serversmtp.com\/wp-content\/uploads\/2018\/06\/gdpr-esporta-300x164.png 300w, https:\/\/serversmtp.com\/wp-content\/uploads\/2018\/06\/gdpr-esporta-768x420.png 768w, https:\/\/serversmtp.com\/wp-content\/uploads\/2018\/06\/gdpr-esporta-1024x560.png 1024w, https:\/\/serversmtp.com\/wp-content\/uploads\/2018\/06\/gdpr-esporta-968x529.png 968w, https:\/\/serversmtp.com\/wp-content\/uploads\/2018\/06\/gdpr-esporta-636x348.png 636w, https:\/\/serversmtp.com\/wp-content\/uploads\/2018\/06\/gdpr-esporta-320x175.png 320w, https:\/\/serversmtp.com\/wp-content\/uploads\/2018\/06\/gdpr-esporta-239x131.png 239w\" sizes=\"(max-width: 1280px) 100vw, 1280px\" \/><\/p>\n<ul class=\"g1-grid\"><li class=\"g1-column g1-one-fourth g1-valign-top\">\n<h4>Droit d\u2019acc\u00e8s, de rectification, d\u2019opposition<\/h4>\n<\/li><!-- -->\n<li class=\"g1-column g1-three-fourth g1-valign-top\">\n<p>Nous avons mis en place des m\u00e9canismes et des modalit\u00e9s qui, \u00e0 tout moment et pour des motifs l\u00e9gitimes, vous garantissent la possibilit\u00e9 de :<\/p>\n\n<ul id=\"\" class=\"g1-list g1-list--upper-alpha g1-list--none \">\n<li>vous opposer au traitement des donn\u00e9es ;<\/li>\n<li>demander la suppression, la modification ou la mise \u00e0 jour de toutes vos informations personnelles en notre possession.<\/li>\n<\/ul>\n\n<p>eDisplay Srl vous permet de modifier vos donn\u00e9es quand vous le souhaitez, en acc\u00e9dant \u00e0 votre profil via nos portails ou en nous contactant \u00e0 l\u2019adresse e-mail indiqu\u00e9e dans la section \u00ab privacy \u00bb du site web auquel le service sp\u00e9cifique fait r\u00e9f\u00e9rence.<br \/>\nVous pourrez vous d\u00e9sinscrire de notre newsletter ou choisir de ne plus recevoir de communications commerciales par e-mail : il vous suffit d\u2019utiliser le lien de d\u00e9sinscription pr\u00e9sent dans chacune d\u2019elles.<br \/>\nVous pourrez \u00e9galement transmettre les demandes de suppression, de modification ou de mise \u00e0 jour de toutes les informations personnelles par voie \u00e9lectronique, en utilisant les formulaires pr\u00e9vus \u00e0 cet effet ou en nous informant par e-mail.<br \/>\nCes demandes seront trait\u00e9es dans un d\u00e9lai maximal de 30 jours, sans retard injustifi\u00e9, et en motivant notre \u00e9ventuelle intention de ne pas y donner suite.<br \/>\nDans le cas o\u00f9 eDisplay Srl serait responsable du traitement des donn\u00e9es, conform\u00e9ment au principe de coop\u00e9ration, nous aiderons le responsable du traitement \u00e0 r\u00e9pondre aux demandes susmentionn\u00e9es.<\/p>\n<\/li><!-- --><\/ul>\n<div  class=\"g1-divider g1-divider--none g1-divider--noicon \"><\/div>\n<ul class=\"g1-grid\"><li class=\"g1-column g1-one-fourth g1-valign-top\">\n<h4>Droit \u00e0 l\u2019oubli<\/h4>\n<\/li><!-- -->\n<li class=\"g1-column g1-three-fourth g1-valign-top\">\n<p>Nous avons mis en place toutes les proc\u00e9dures n\u00e9cessaires pour garantir votre droit \u00e0 l\u2019oubli, qui vous permet d\u2019obtenir l\u2019effacement de vos donn\u00e9es \u00e0 caract\u00e8re personnel.<br \/>\nSur votre demande l\u00e9gitime, nous proc\u00e9derons \u00e0 la suppression de vos donn\u00e9es, lesquelles ne feront plus l\u2019objet d\u2019aucun traitement et ne seront plus n\u00e9cessaires aux finalit\u00e9s pour lesquelles elles ont \u00e9t\u00e9 collect\u00e9es ou trait\u00e9es auparavant.<br \/>\nVous avez la possibilit\u00e9 de retirer votre consentement ou de vous opposer au traitement des donn\u00e9es, si vous estimez que ce dernier n\u2019est pas conforme au pr\u00e9sent r\u00e8glement.<br \/>\nPour exercer ce droit, vous devrez d\u00e9montrer que vous \u00eates bien l\u2019auteur de la demande, en nous envoyant des documents attestant de votre identit\u00e9 ; n\u2019oubliez pas \u00e9galement de motiver votre d\u00e9cision.<br \/>\nUne fois votre communication re\u00e7ue, nous vous confirmerons dans les plus brefs d\u00e9lais, avec preuve \u00e0 l\u2019appui, l\u2019effacement effectif de vos donn\u00e9es.<\/p>\n<\/li><!-- --><\/ul>\n<div  class=\"g1-divider g1-divider--none g1-divider--noicon \"><\/div>\n<ul class=\"g1-grid\"><li class=\"g1-column g1-one-fourth g1-valign-top\">\n<h4>Droit \u00e0 la portabilit\u00e9 des donn\u00e9es<\/h4>\n<\/li><!-- -->\n<li class=\"g1-column g1-three-fourth g1-valign-top\">\n<p>Afin de renforcer davantage votre contr\u00f4le sur vos donn\u00e9es, lorsqu\u2019elles sont trait\u00e9es par des moyens automatis\u00e9s, vous aurez la possibilit\u00e9 de les t\u00e9l\u00e9charger depuis nos applications.<br \/>\nLes donn\u00e9es seront disponibles dans un format structur\u00e9, couramment utilis\u00e9 et lisible par machine (par exemple par ordinateur, smartphone, tablette, etc.).<br \/>\nDe cette mani\u00e8re, les fichiers contenant vos donn\u00e9es \u00e0 caract\u00e8re personnel pourront \u00eatre transmis \u00e0 un autre responsable du traitement, garantissant ainsi votre droit \u00e0 la portabilit\u00e9 des donn\u00e9es.<\/p>\n<\/li><!-- --><\/ul>\n<div  class=\"g1-divider g1-divider--none g1-divider--noicon \"><\/div>\n<ul class=\"g1-grid\"><li class=\"g1-column g1-one-fourth g1-valign-top\">\n<h4>Droit de retrait du consentement au traitement des donn\u00e9es<\/h4>\n<\/li><!-- -->\n<li class=\"g1-column g1-three-fourth g1-valign-top\">\n<p>Si vous ne souhaitez plus recevoir nos e-mails promotionnels, suivez les instructions de d\u00e9sinscription de notre liste de contacts figurant dans chaque e-mail.<br \/>\nRappel : le retrait du consentement au traitement des donn\u00e9es, limit\u00e9 \u00e0 l\u2019utilisation d\u2019un service fourni gratuitement, suspend de plein droit la fourniture dudit service.<\/p>\n<\/li><!-- --><\/ul>\n<div  class=\"g1-divider g1-divider--none g1-divider--noicon \"><\/div>\n<ul class=\"g1-grid\"><li class=\"g1-column g1-one-fourth g1-valign-top\">\n<h4>Droit de retrait du consentement au traitement des donn\u00e9es pour les personnes figurant dans les listes de clients<\/h4>\n<\/li><!-- -->\n<li class=\"g1-column g1-three-fourth g1-valign-top\">\n<p>Si vous \u00eates inscrit dans la liste de contacts d\u2019un de nos utilisateurs, nous vous rappelons que nous agissons uniquement en tant que sous-traitant du traitement des donn\u00e9es, tandis que notre utilisateur est le responsable du traitement : il lui appartient de supprimer ou de mettre \u00e0 jour vos donn\u00e9es.<br \/>\nSi vous ne souhaitez plus recevoir les communications envoy\u00e9es par l\u2019un de nos utilisateurs, nous vous invitons \u00e0 vous d\u00e9sinscrire via le lien de d\u00e9sinscription contenu dans l\u2019e-mail re\u00e7u, ou \u00e0 contacter directement l\u2019utilisateur concern\u00e9 afin de lui faire part de votre demande.<br \/>\nSi vous nous communiquez le retrait de votre consentement au traitement de vos donn\u00e9es, eDisplay Srl transmettra la demande \u00e0 l\u2019utilisateur qui d\u00e9tient votre contact dans sa liste, mais il lui appartiendra de supprimer ou de mettre \u00e0 jour vos donn\u00e9es.<\/p>\n<\/li><!-- --><\/ul>\n","protected":false},"excerpt":{"rendered":"","protected":false},"author":2,"featured_media":0,"parent":4213,"menu_order":4,"comment_status":"closed","ping_status":"closed","template":"","meta":{"_eb_attr":"","inline_featured_image":false,"_monsterinsights_skip_tracking":false,"_monsterinsights_sitenote_active":false,"_monsterinsights_sitenote_note":"","_monsterinsights_sitenote_category":0,"footnotes":""},"class_list":["post-4217","page","type-page","status-publish"],"yoast_head":"<!-- This site is optimized with the Yoast SEO plugin v25.3.1 - https:\/\/yoast.com\/wordpress\/plugins\/seo\/ -->\n<title>Acc\u00e9der, exporter, modifier et supprimer des informations - smtp mail server - professional SMTP service provider<\/title>\n<meta name=\"robots\" content=\"index, follow, max-snippet:-1, max-image-preview:large, max-video-preview:-1\" \/>\n<link rel=\"canonical\" href=\"https:\/\/serversmtp.com\/fr\/politique-de-confidentialite-reglement-ue-2016-79-rgdp\/acceder-exporter-modifier-et-supprimer-des-informations\/\" \/>\n<meta name=\"twitter:label1\" content=\"Dur\u00e9e de lecture estim\u00e9e\" \/>\n\t<meta name=\"twitter:data1\" content=\"4 minutes\" \/>\n<!-- \/ Yoast SEO plugin. -->","yoast_head_json":{"title":"Acc\u00e9der, exporter, modifier et supprimer des informations - smtp mail server - professional SMTP service provider","robots":{"index":"index","follow":"follow","max-snippet":"max-snippet:-1","max-image-preview":"max-image-preview:large","max-video-preview":"max-video-preview:-1"},"canonical":"https:\/\/serversmtp.com\/fr\/politique-de-confidentialite-reglement-ue-2016-79-rgdp\/acceder-exporter-modifier-et-supprimer-des-informations\/","twitter_misc":{"Dur\u00e9e de lecture estim\u00e9e":"4 minutes"},"schema":{"@context":"https:\/\/schema.org","@graph":[{"@type":"WebPage","@id":"https:\/\/serversmtp.com\/fr\/politique-de-confidentialite-reglement-ue-2016-79-rgdp\/acceder-exporter-modifier-et-supprimer-des-informations\/","url":"https:\/\/serversmtp.com\/fr\/politique-de-confidentialite-reglement-ue-2016-79-rgdp\/acceder-exporter-modifier-et-supprimer-des-informations\/","name":"Acc\u00e9der, exporter, modifier et supprimer des informations - smtp mail server - professional SMTP service provider","isPartOf":{"@id":"https:\/\/serversmtp.com\/fr\/#website"},"primaryImageOfPage":{"@id":"https:\/\/serversmtp.com\/fr\/politique-de-confidentialite-reglement-ue-2016-79-rgdp\/acceder-exporter-modifier-et-supprimer-des-informations\/#primaryimage"},"image":{"@id":"https:\/\/serversmtp.com\/fr\/politique-de-confidentialite-reglement-ue-2016-79-rgdp\/acceder-exporter-modifier-et-supprimer-des-informations\/#primaryimage"},"thumbnailUrl":"https:\/\/serversmtp.com\/wp-content\/uploads\/2018\/06\/gdpr-esporta.png","datePublished":"2018-06-27T10:22:30+00:00","dateModified":"2026-01-15T13:39:55+00:00","breadcrumb":{"@id":"https:\/\/serversmtp.com\/fr\/politique-de-confidentialite-reglement-ue-2016-79-rgdp\/acceder-exporter-modifier-et-supprimer-des-informations\/#breadcrumb"},"inLanguage":"fr-FR","potentialAction":[{"@type":"ReadAction","target":["https:\/\/serversmtp.com\/fr\/politique-de-confidentialite-reglement-ue-2016-79-rgdp\/acceder-exporter-modifier-et-supprimer-des-informations\/"]}]},{"@type":"ImageObject","inLanguage":"fr-FR","@id":"https:\/\/serversmtp.com\/fr\/politique-de-confidentialite-reglement-ue-2016-79-rgdp\/acceder-exporter-modifier-et-supprimer-des-informations\/#primaryimage","url":"https:\/\/serversmtp.com\/wp-content\/uploads\/2018\/06\/gdpr-esporta.png","contentUrl":"https:\/\/serversmtp.com\/wp-content\/uploads\/2018\/06\/gdpr-esporta.png"},{"@type":"BreadcrumbList","@id":"https:\/\/serversmtp.com\/fr\/politique-de-confidentialite-reglement-ue-2016-79-rgdp\/acceder-exporter-modifier-et-supprimer-des-informations\/#breadcrumb","itemListElement":[{"@type":"ListItem","position":1,"name":"Home","item":"https:\/\/serversmtp.com\/fr\/"},{"@type":"ListItem","position":2,"name":"RGPD &#8211; Introduction et objectifs","item":"https:\/\/serversmtp.com\/fr\/politique-de-confidentialite-reglement-ue-2016-79-rgdp\/"},{"@type":"ListItem","position":3,"name":"Acc\u00e9der, exporter, modifier et supprimer des informations"}]},{"@type":"WebSite","@id":"https:\/\/serversmtp.com\/fr\/#website","url":"https:\/\/serversmtp.com\/fr\/","name":"smtp mail server - professional SMTP service provider","description":"smtp mail server - professional SMTP service provider","publisher":{"@id":"https:\/\/serversmtp.com\/fr\/#organization"},"potentialAction":[{"@type":"SearchAction","target":{"@type":"EntryPoint","urlTemplate":"https:\/\/serversmtp.com\/fr\/?s={search_term_string}"},"query-input":{"@type":"PropertyValueSpecification","valueRequired":true,"valueName":"search_term_string"}}],"inLanguage":"fr-FR"},{"@type":"Organization","@id":"https:\/\/serversmtp.com\/fr\/#organization","name":"Delivery Tech","url":"https:\/\/serversmtp.com\/fr\/","logo":{"@type":"ImageObject","inLanguage":"fr-FR","@id":"https:\/\/serversmtp.com\/fr\/#\/schema\/logo\/image\/","url":"https:\/\/serversmtp.com\/wp-content\/uploads\/2021\/11\/og-image-2.jpg","contentUrl":"https:\/\/serversmtp.com\/wp-content\/uploads\/2021\/11\/og-image-2.jpg","width":1200,"height":1128,"caption":"Delivery Tech"},"image":{"@id":"https:\/\/serversmtp.com\/fr\/#\/schema\/logo\/image\/"}}]}},"_links":{"self":[{"href":"https:\/\/serversmtp.com\/fr\/wp-json\/wp\/v2\/pages\/4217"}],"collection":[{"href":"https:\/\/serversmtp.com\/fr\/wp-json\/wp\/v2\/pages"}],"about":[{"href":"https:\/\/serversmtp.com\/fr\/wp-json\/wp\/v2\/types\/page"}],"author":[{"embeddable":true,"href":"https:\/\/serversmtp.com\/fr\/wp-json\/wp\/v2\/users\/2"}],"replies":[{"embeddable":true,"href":"https:\/\/serversmtp.com\/fr\/wp-json\/wp\/v2\/comments?post=4217"}],"version-history":[{"count":4,"href":"https:\/\/serversmtp.com\/fr\/wp-json\/wp\/v2\/pages\/4217\/revisions"}],"predecessor-version":[{"id":23018,"href":"https:\/\/serversmtp.com\/fr\/wp-json\/wp\/v2\/pages\/4217\/revisions\/23018"}],"up":[{"embeddable":true,"href":"https:\/\/serversmtp.com\/fr\/wp-json\/wp\/v2\/pages\/4213"}],"wp:attachment":[{"href":"https:\/\/serversmtp.com\/fr\/wp-json\/wp\/v2\/media?parent=4217"}],"curies":[{"name":"wp","href":"https:\/\/api.w.org\/{rel}","templated":true}]}}