{"id":4216,"date":"2018-06-27T12:21:52","date_gmt":"2018-06-27T10:21:52","guid":{"rendered":"https:\/\/serversmtp.com\/?page_id=4216"},"modified":"2026-01-15T14:38:46","modified_gmt":"2026-01-15T13:38:46","slug":"comment-delivery-tech-utilise-vos-informations","status":"publish","type":"page","link":"https:\/\/serversmtp.com\/fr\/politique-de-confidentialite-reglement-ue-2016-79-rgdp\/comment-delivery-tech-utilise-vos-informations\/","title":{"rendered":"Comment Edisplay utilise vos informations"},"content":{"rendered":"<p><img decoding=\"async\" class=\"aligncenter size-full wp-image-4046\" src=\"https:\/\/serversmtp.com\/wp-content\/uploads\/2018\/06\/GDPR-intro.png\" alt=\"\" width=\"1280\" height=\"700\" srcset=\"https:\/\/serversmtp.com\/wp-content\/uploads\/2018\/06\/GDPR-intro.png 1280w, https:\/\/serversmtp.com\/wp-content\/uploads\/2018\/06\/GDPR-intro-300x164.png 300w, https:\/\/serversmtp.com\/wp-content\/uploads\/2018\/06\/GDPR-intro-768x420.png 768w, https:\/\/serversmtp.com\/wp-content\/uploads\/2018\/06\/GDPR-intro-1024x560.png 1024w, https:\/\/serversmtp.com\/wp-content\/uploads\/2018\/06\/GDPR-intro-968x529.png 968w, https:\/\/serversmtp.com\/wp-content\/uploads\/2018\/06\/GDPR-intro-636x348.png 636w, https:\/\/serversmtp.com\/wp-content\/uploads\/2018\/06\/GDPR-intro-320x175.png 320w, https:\/\/serversmtp.com\/wp-content\/uploads\/2018\/06\/GDPR-intro-239x131.png 239w\" sizes=\"(max-width: 1280px) 100vw, 1280px\" \/><\/p>\n<ul class=\"g1-grid\"><li class=\"g1-column g1-one-fourth g1-valign-top\">\n<h4>Finalit\u00e9s et objectifs du traitement des donn\u00e9es \u2013 Bases juridiques en qualit\u00e9 de responsable du traitement<\/h4>\n<\/li><!-- -->\n<li class=\"g1-column g1-three-fourth g1-valign-top\">\n<p>Nous traitons vos informations afin de poursuivre nos objectifs et ceux de tiers, en appliquant les mesures de protection appropri\u00e9es pour pr\u00e9server votre vie priv\u00e9e.<\/p>\n<p>L\u2019objectif principal de la collecte de donn\u00e9es \u00e0 caract\u00e8re personnel est d\u2019offrir une exp\u00e9rience s\u00fbre, optimale, efficace et personnalis\u00e9e. Pour atteindre cet objectif, nous vous informons que nous poursuivons des int\u00e9r\u00eats l\u00e9gitimes, conform\u00e9ment \u00e0 l\u2019article 6 du RGPD relatif \u00e0 la lic\u00e9it\u00e9 du traitement : \u00ab Constitue \u00e9galement un int\u00e9r\u00eat l\u00e9gitime du responsable du traitement concern\u00e9 le traitement de donn\u00e9es \u00e0 caract\u00e8re personnel strictement n\u00e9cessaire aux fins de pr\u00e9vention des fraudes. Le traitement de donn\u00e9es \u00e0 caract\u00e8re personnel \u00e0 des fins de prospection commerciale peut \u00eatre consid\u00e9r\u00e9 comme r\u00e9alis\u00e9 pour un int\u00e9r\u00eat l\u00e9gitime \u00bb.<\/p>\n<p>Nous vous assurons que vos donn\u00e9es seront utilis\u00e9es uniquement aux fins suivantes :<\/p>\n\n<ul id=\"\" class=\"g1-list g1-list--upper-alpha g1-list--none \">\n<li><strong>Promouvoir l\u2019utilisation de nos services<\/strong>. Lorsque vous nous demandez des informations ou que vous vous inscrivez \u00e0 des services gratuits, en nous laissant vos donn\u00e9es, nous pourrions vous contacter par t\u00e9l\u00e9phone ou vous envoyer un e-mail :\n<ul id=\"\" class=\"g1-list g1-list--upper-alpha g1-list--none \" style=\"list-style-type: lower-alpha;\">\n<li>pour vous demander votre avis ;<\/li>\n<li>pour vous proposer de vous inscrire \u00e0 l\u2019un de nos services, applications ou logiciels.<\/li>\n<\/ul>\n<p>Si vous utilisez d\u00e9j\u00e0 l\u2019un de nos services (gratuit ou payant) et que nous estimons que vous pourriez b\u00e9n\u00e9ficier de l\u2019utilisation d\u2019un autre service, application ou logiciel de eDisplay Srl, nous pourrions vous envoyer un e-mail \u00e0 ce sujet ou vous contacter afin de vous transmettre des contenus informatifs et promotionnels, conform\u00e9ment \u00e0 vos pr\u00e9f\u00e9rences de marketing.<\/li>\n<li><strong>Pour facturer ou vous envoyer des avis de paiement<\/strong>. Nous pourrions utiliser vos donn\u00e9es pour vous envoyer des e-mails contenant des factures, des re\u00e7us ou des avis d\u2019impay\u00e9. Nous faisons appel \u00e0 des tiers pour le traitement s\u00e9curis\u00e9 des transactions par carte de cr\u00e9dit et transmettons \u00e0 ces tiers les donn\u00e9es de facturation afin de traiter vos commandes et paiements.<\/li>\n<li><strong>Pour vous envoyer des messages d\u2019alerte syst\u00e8me<\/strong>. Vous pourriez recevoir des communications relatives aux services, applications ou logiciels de eDisplay Srl que vous utilisez. L\u2019objectif est de vous avertir en cas de :\n<ul id=\"\" class=\"g1-list g1-list--upper-alpha g1-list--none \" style=\"list-style-type: lower-alpha;\">\n<li>modifications temporaires ou permanentes de nos services, applications ou logiciels ;<\/li>\n<li>changement des conditions d\u2019utilisation ;<\/li>\n<li>interruptions planifi\u00e9es ;<\/li>\n<li>nouvelles fonctionnalit\u00e9s ;<\/li>\n<li>mises \u00e0 jour de version ;<\/li>\n<li>signalements d\u2019abus ou de violation de donn\u00e9es (\u00e9galement appel\u00e9e <em>data breach<\/em>) ;<\/li>\n<li>mises \u00e0 jour et modifications de notre politique de confidentialit\u00e9.<\/li>\n<\/ul>\n<\/li>\n<li><strong>Pour fournir une assistance<\/strong>. Nous pourrions communiquer avec vous, ou avec les abonn\u00e9s de l\u2019une de vos listes de contacts, afin de fournir une assistance et un support concernant les services, applications et logiciels utilis\u00e9s.<\/li>\n<li><strong>Pour des questions juridiques<\/strong>. Vous pourriez recevoir des communications de nature juridique, par exemple pour respecter des d\u00e9cisions de justice.<\/li>\n<li><strong>Pour fournir des informations \u00e0 des repr\u00e9sentants et conseillers, y compris des avocats et des experts-comptables<\/strong>. Afin de respecter les exigences l\u00e9gales, comptables ou de s\u00e9curit\u00e9 pr\u00e9vues par la loi, vos informations pourraient \u00eatre utilis\u00e9es.<\/li>\n<li><strong>Pour r\u00e9pondre aux demandes l\u00e9gitimes des autorit\u00e9s publiques<\/strong>. Si une autorit\u00e9 publique formule une demande l\u00e9gitime, motiv\u00e9e par le respect des exigences de s\u00e9curit\u00e9 nationale ou l\u2019application de la loi, vos donn\u00e9es pourraient \u00eatre utilis\u00e9es.<\/li>\n<li><strong>Pour transf\u00e9rer vos informations en cas de vente, fusion, consolidation, liquidation, r\u00e9organisation ou acquisition<\/strong>. Dans ce cas, tout acqu\u00e9reur sera soumis \u00e0 nos obligations au titre de la pr\u00e9sente politique de confidentialit\u00e9, y compris les droits d\u2019acc\u00e8s et de choix. Nous vous informerons du changement en vous envoyant un e-mail ou en publiant un avis sur notre site web.<\/li>\n<\/ul>\n\n<\/li><!-- --><\/ul>\n<div  class=\"g1-divider g1-divider--none g1-divider--noicon \"><\/div>\n<ul class=\"g1-grid\"><li class=\"g1-column g1-one-fourth g1-valign-top\">\n<h4>Quand eDisplay Srl partage vos informations \u2013 Destinataires des donn\u00e9es<\/h4>\n<\/li><!-- -->\n<li class=\"g1-column g1-three-fourth g1-valign-top\">\n<p>Les donn\u00e9es \u00e0 caract\u00e8re personnel collect\u00e9es sont destin\u00e9es aux services commerciaux, comptables et d\u2019assistance technique de eDisplay Srl ; elles pourraient \u00e9galement \u00eatre transmises \u00e0 des soci\u00e9t\u00e9s sous-traitantes auxquelles eDisplay Srl a recours dans le cadre de l\u2019ex\u00e9cution des services.<br \/>\nLes donn\u00e9es \u00e0 caract\u00e8re personnel ne peuvent pas \u00eatre c\u00e9d\u00e9es \u00e0 des tiers \u00e0 des fins de marketing sans votre consentement explicite. La communication \u00e0 des tiers de donn\u00e9es \u00e0 caract\u00e8re personnel que vous nous avez fournies ne pourra avoir lieu que dans les cas suivants :<\/p>\n\n<ul id=\"\" class=\"g1-list g1-list--upper-alpha g1-list--none \">\n<li>avec votre autorisation ;<\/li>\n<li>\u00e0 la demande des autorit\u00e9s l\u00e9gales comp\u00e9tentes, dans le cadre d\u2019une r\u00e9quisition judiciaire ou d\u2019un litige judiciaire.<\/li>\n<\/ul>\n\n<\/li><!-- --><\/ul>\n<div  class=\"g1-divider g1-divider--none g1-divider--noicon \"><\/div>\n<ul class=\"g1-grid\"><li class=\"g1-column g1-one-fourth g1-valign-top\">\n<h4>Finalit\u00e9s et objectifs du traitement des donn\u00e9es en qualit\u00e9 de sous-traitant \u2013 Utilisateur B2B<\/h4>\n<\/li><!-- -->\n<li class=\"g1-column g1-three-fourth g1-valign-top\">\n<p>Lorsque vous utilisez nos services, vous pouvez importer dans notre syst\u00e8me des informations personnelles que vous avez collect\u00e9es aupr\u00e8s de vos abonn\u00e9s ou d\u2019autres personnes. Nous n\u2019avons aucune relation directe avec vos abonn\u00e9s ou avec des personnes autres que vous ; il vous incombe donc de vous assurer que vous disposez de l\u2019autorisation appropri\u00e9e pour la collecte et le traitement des donn\u00e9es relatives \u00e0 ces personnes concern\u00e9es.<br \/>\nConform\u00e9ment aux dispositions pertinentes du RGPD, nous pourrions transf\u00e9rer vos informations personnelles, ou celles de vos abonn\u00e9s, \u00e0 des soci\u00e9t\u00e9s qui nous assistent et nous aident \u00e0 fournir nos services.<br \/>\n\u00c0 des fins statistiques ou de recherche, nous pourrions classer les informations collect\u00e9es via nos services en cat\u00e9gories. Il s\u2019agit notamment de :<\/p>\n\n<ul id=\"\" class=\"g1-list g1-list--upper-alpha g1-list--none \">\n<li>donn\u00e9es que vous nous fournissez directement ;<\/li>\n<li>donn\u00e9es collect\u00e9es par vous ;<\/li>\n<li>donn\u00e9es collect\u00e9es indistinctement aupr\u00e8s des abonn\u00e9s \u00e0 vos listes.<\/li>\n<\/ul>\n\n<\/li><!-- --><\/ul>\n<div  class=\"g1-divider g1-divider--none g1-divider--noicon \"><\/div>\n<ul class=\"g1-grid\"><li class=\"g1-column g1-one-fourth g1-valign-top\">\n<h4>Donn\u00e9es trait\u00e9es pour fournir, accompagner et am\u00e9liorer les services que nous vous offrons et pour formuler des suggestions<\/h4>\n<\/li><!-- -->\n<li class=\"g1-column g1-three-fourth g1-valign-top\">\n<p>Nous collectons des donn\u00e9es \u00e0 des fins l\u00e9gitimes et d\u00e9termin\u00e9es :<\/p>\n\n<ul id=\"\" class=\"g1-list g1-list--upper-alpha g1-list--none \">\n<li><strong>afin d\u2019offrir de meilleurs services et de vous fournir des statistiques toujours plus pr\u00e9cises<\/strong>, vous aidant \u00e0 am\u00e9liorer les performances de vos campagnes et le taux de d\u00e9livrabilit\u00e9 des e-mails ;<\/li>\n<li><strong>afin d\u2019ajouter de nouvelles fonctionnalit\u00e9s<\/strong>, de mani\u00e8re \u00e0 garantir la meilleure offre \u00e0 nos utilisateurs ;<\/li>\n<li><strong>afin de vous sugg\u00e9rer des produits ou services susceptibles de vous int\u00e9resser<\/strong> ou pouvant \u00eatre pertinents pour vous ou pour les abonn\u00e9s \u00e0 vos listes (certaines de ces suggestions sont g\u00e9n\u00e9r\u00e9es par nos algorithmes de \u00ab data science \u00bb).<\/li>\n<\/ul>\n\n<p>Le profilage nous permet de combiner des informations personnelles avec d\u2019autres informations que nous collectons ou obtenons \u00e0 votre sujet (telles que celles provenant de nos partenaires qui g\u00e8rent les paiements par carte de cr\u00e9dit), afin de vous servir de mani\u00e8re personnalis\u00e9e en fonction de vos pr\u00e9f\u00e9rences ou restrictions, ou \u00e0 des fins publicitaires ou de ciblage conform\u00e9ment \u00e0 la pr\u00e9sente politique de confidentialit\u00e9.<br \/>\nLorsque nous combinons les informations personnelles avec d\u2019autres informations de cette mani\u00e8re, nous les traitons en respectant scrupuleusement toutes les mesures de s\u00e9curit\u00e9 applicables au traitement des donn\u00e9es \u00e0 caract\u00e8re personnel, telles qu\u2019\u00e9nonc\u00e9es dans la pr\u00e9sente politique.<\/p>\n<\/li><!-- --><\/ul>\n<div  class=\"g1-divider g1-divider--none g1-divider--noicon \"><\/div>\n<ul class=\"g1-grid\"><li class=\"g1-column g1-one-fourth g1-valign-top\">\n<h4>Profilage<\/h4>\n<\/li><!-- -->\n<li class=\"g1-column g1-three-fourth g1-valign-top\">\n<p>Nous traitons \u00e9galement vos donn\u00e9es \u00e0 des fins de prospection commerciale directe, mais vous avez la possibilit\u00e9 de vous opposer \u00e0 tout moment \u00e0 ce type d\u2019activit\u00e9 ; en outre, vous \u00eates et resterez toujours inform\u00e9 de la mani\u00e8re, du lieu et du moment o\u00f9 nous mettons en \u0153uvre cette mesure.<br \/>\nAucun traitement automatis\u00e9 n\u2019est mis en \u0153uvre dans nos services susceptible de produire des effets juridiques vous concernant ou d\u2019affecter de mani\u00e8re significative votre personne.<\/p>\n<\/li><!-- --><\/ul>\n","protected":false},"excerpt":{"rendered":"","protected":false},"author":2,"featured_media":0,"parent":4213,"menu_order":3,"comment_status":"closed","ping_status":"closed","template":"","meta":{"_eb_attr":"","inline_featured_image":false,"_monsterinsights_skip_tracking":false,"_monsterinsights_sitenote_active":false,"_monsterinsights_sitenote_note":"","_monsterinsights_sitenote_category":0,"footnotes":""},"class_list":["post-4216","page","type-page","status-publish"],"yoast_head":"<!-- This site is optimized with the Yoast SEO plugin v25.3.1 - https:\/\/yoast.com\/wordpress\/plugins\/seo\/ -->\n<title>Comment Edisplay utilise vos informations - smtp mail server - professional SMTP service provider<\/title>\n<meta name=\"robots\" content=\"index, follow, max-snippet:-1, max-image-preview:large, max-video-preview:-1\" \/>\n<link rel=\"canonical\" href=\"https:\/\/serversmtp.com\/fr\/politique-de-confidentialite-reglement-ue-2016-79-rgdp\/comment-delivery-tech-utilise-vos-informations\/\" \/>\n<meta name=\"twitter:label1\" content=\"Dur\u00e9e de lecture estim\u00e9e\" \/>\n\t<meta name=\"twitter:data1\" content=\"6 minutes\" \/>\n<!-- \/ Yoast SEO plugin. -->","yoast_head_json":{"title":"Comment Edisplay utilise vos informations - smtp mail server - professional SMTP service provider","robots":{"index":"index","follow":"follow","max-snippet":"max-snippet:-1","max-image-preview":"max-image-preview:large","max-video-preview":"max-video-preview:-1"},"canonical":"https:\/\/serversmtp.com\/fr\/politique-de-confidentialite-reglement-ue-2016-79-rgdp\/comment-delivery-tech-utilise-vos-informations\/","twitter_misc":{"Dur\u00e9e de lecture estim\u00e9e":"6 minutes"},"schema":{"@context":"https:\/\/schema.org","@graph":[{"@type":"WebPage","@id":"https:\/\/serversmtp.com\/fr\/politique-de-confidentialite-reglement-ue-2016-79-rgdp\/comment-delivery-tech-utilise-vos-informations\/","url":"https:\/\/serversmtp.com\/fr\/politique-de-confidentialite-reglement-ue-2016-79-rgdp\/comment-delivery-tech-utilise-vos-informations\/","name":"Comment Edisplay utilise vos informations - smtp mail server - professional SMTP service provider","isPartOf":{"@id":"https:\/\/serversmtp.com\/fr\/#website"},"primaryImageOfPage":{"@id":"https:\/\/serversmtp.com\/fr\/politique-de-confidentialite-reglement-ue-2016-79-rgdp\/comment-delivery-tech-utilise-vos-informations\/#primaryimage"},"image":{"@id":"https:\/\/serversmtp.com\/fr\/politique-de-confidentialite-reglement-ue-2016-79-rgdp\/comment-delivery-tech-utilise-vos-informations\/#primaryimage"},"thumbnailUrl":"https:\/\/serversmtp.com\/wp-content\/uploads\/2018\/06\/GDPR-intro.png","datePublished":"2018-06-27T10:21:52+00:00","dateModified":"2026-01-15T13:38:46+00:00","breadcrumb":{"@id":"https:\/\/serversmtp.com\/fr\/politique-de-confidentialite-reglement-ue-2016-79-rgdp\/comment-delivery-tech-utilise-vos-informations\/#breadcrumb"},"inLanguage":"fr-FR","potentialAction":[{"@type":"ReadAction","target":["https:\/\/serversmtp.com\/fr\/politique-de-confidentialite-reglement-ue-2016-79-rgdp\/comment-delivery-tech-utilise-vos-informations\/"]}]},{"@type":"ImageObject","inLanguage":"fr-FR","@id":"https:\/\/serversmtp.com\/fr\/politique-de-confidentialite-reglement-ue-2016-79-rgdp\/comment-delivery-tech-utilise-vos-informations\/#primaryimage","url":"https:\/\/serversmtp.com\/wp-content\/uploads\/2018\/06\/GDPR-intro.png","contentUrl":"https:\/\/serversmtp.com\/wp-content\/uploads\/2018\/06\/GDPR-intro.png"},{"@type":"BreadcrumbList","@id":"https:\/\/serversmtp.com\/fr\/politique-de-confidentialite-reglement-ue-2016-79-rgdp\/comment-delivery-tech-utilise-vos-informations\/#breadcrumb","itemListElement":[{"@type":"ListItem","position":1,"name":"Home","item":"https:\/\/serversmtp.com\/fr\/"},{"@type":"ListItem","position":2,"name":"RGPD &#8211; Introduction et objectifs","item":"https:\/\/serversmtp.com\/fr\/politique-de-confidentialite-reglement-ue-2016-79-rgdp\/"},{"@type":"ListItem","position":3,"name":"Comment Edisplay utilise vos informations"}]},{"@type":"WebSite","@id":"https:\/\/serversmtp.com\/fr\/#website","url":"https:\/\/serversmtp.com\/fr\/","name":"smtp mail server - professional SMTP service provider","description":"smtp mail server - professional SMTP service provider","publisher":{"@id":"https:\/\/serversmtp.com\/fr\/#organization"},"potentialAction":[{"@type":"SearchAction","target":{"@type":"EntryPoint","urlTemplate":"https:\/\/serversmtp.com\/fr\/?s={search_term_string}"},"query-input":{"@type":"PropertyValueSpecification","valueRequired":true,"valueName":"search_term_string"}}],"inLanguage":"fr-FR"},{"@type":"Organization","@id":"https:\/\/serversmtp.com\/fr\/#organization","name":"Delivery Tech","url":"https:\/\/serversmtp.com\/fr\/","logo":{"@type":"ImageObject","inLanguage":"fr-FR","@id":"https:\/\/serversmtp.com\/fr\/#\/schema\/logo\/image\/","url":"https:\/\/serversmtp.com\/wp-content\/uploads\/2021\/11\/og-image-2.jpg","contentUrl":"https:\/\/serversmtp.com\/wp-content\/uploads\/2021\/11\/og-image-2.jpg","width":1200,"height":1128,"caption":"Delivery Tech"},"image":{"@id":"https:\/\/serversmtp.com\/fr\/#\/schema\/logo\/image\/"}}]}},"_links":{"self":[{"href":"https:\/\/serversmtp.com\/fr\/wp-json\/wp\/v2\/pages\/4216"}],"collection":[{"href":"https:\/\/serversmtp.com\/fr\/wp-json\/wp\/v2\/pages"}],"about":[{"href":"https:\/\/serversmtp.com\/fr\/wp-json\/wp\/v2\/types\/page"}],"author":[{"embeddable":true,"href":"https:\/\/serversmtp.com\/fr\/wp-json\/wp\/v2\/users\/2"}],"replies":[{"embeddable":true,"href":"https:\/\/serversmtp.com\/fr\/wp-json\/wp\/v2\/comments?post=4216"}],"version-history":[{"count":4,"href":"https:\/\/serversmtp.com\/fr\/wp-json\/wp\/v2\/pages\/4216\/revisions"}],"predecessor-version":[{"id":23016,"href":"https:\/\/serversmtp.com\/fr\/wp-json\/wp\/v2\/pages\/4216\/revisions\/23016"}],"up":[{"embeddable":true,"href":"https:\/\/serversmtp.com\/fr\/wp-json\/wp\/v2\/pages\/4213"}],"wp:attachment":[{"href":"https:\/\/serversmtp.com\/fr\/wp-json\/wp\/v2\/media?parent=4216"}],"curies":[{"name":"wp","href":"https:\/\/api.w.org\/{rel}","templated":true}]}}