{"id":4215,"date":"2018-06-27T12:20:58","date_gmt":"2018-06-27T10:20:58","guid":{"rendered":"https:\/\/serversmtp.com\/?page_id=4215"},"modified":"2026-01-15T14:37:00","modified_gmt":"2026-01-15T13:37:00","slug":"comment-delivery-tech-collecte-des-donnees","status":"publish","type":"page","link":"https:\/\/serversmtp.com\/fr\/politique-de-confidentialite-reglement-ue-2016-79-rgdp\/comment-delivery-tech-collecte-des-donnees\/","title":{"rendered":"Comment Edisplay collecte des donn\u00e9es"},"content":{"rendered":"<p><img decoding=\"async\" class=\"aligncenter size-full wp-image-4048\" src=\"https:\/\/serversmtp.com\/wp-content\/uploads\/2018\/06\/GDPR-raccolta.png\" alt=\"\" width=\"1280\" height=\"700\" srcset=\"https:\/\/serversmtp.com\/wp-content\/uploads\/2018\/06\/GDPR-raccolta.png 1280w, https:\/\/serversmtp.com\/wp-content\/uploads\/2018\/06\/GDPR-raccolta-300x164.png 300w, https:\/\/serversmtp.com\/wp-content\/uploads\/2018\/06\/GDPR-raccolta-768x420.png 768w, https:\/\/serversmtp.com\/wp-content\/uploads\/2018\/06\/GDPR-raccolta-1024x560.png 1024w, https:\/\/serversmtp.com\/wp-content\/uploads\/2018\/06\/GDPR-raccolta-968x529.png 968w, https:\/\/serversmtp.com\/wp-content\/uploads\/2018\/06\/GDPR-raccolta-636x348.png 636w, https:\/\/serversmtp.com\/wp-content\/uploads\/2018\/06\/GDPR-raccolta-320x175.png 320w, https:\/\/serversmtp.com\/wp-content\/uploads\/2018\/06\/GDPR-raccolta-239x131.png 239w\" sizes=\"(max-width: 1280px) 100vw, 1280px\" \/><\/p>\n<ul class=\"g1-grid\"><li class=\"g1-column g1-one-fourth g1-valign-top\">\n<h4>Donn\u00e9es collect\u00e9es automatiquement par nos applications lors de vos activit\u00e9s sur le site et lors de l\u2019utilisation de nos services<\/h4>\n<\/li><!-- -->\n<li class=\"g1-column g1-three-fourth g1-valign-top\">\n<p>Lorsque vous utilisez nos services ou naviguez sur l\u2019un de nos sites web, nous pouvons, par le biais des fichiers journaux du syst\u00e8me, collecter certaines informations vous concernant, telles que :<\/p>\n\n<ul id=\"\" class=\"g1-list g1-list--upper-alpha g1-list--none \">\n<li>votre adresse IP ;<\/li>\n<li>votre syst\u00e8me d\u2019exploitation ;<\/li>\n<li>votre identifiant et le type de navigateur utilis\u00e9 ;<\/li>\n<li>vos coordonn\u00e9es GPS.<\/li>\n<\/ul>\n\n<p>Votre activit\u00e9 de navigation sur notre site peut \u00e9galement \u00eatre suivie au moyen de :<\/p>\n\n<ul id=\"\" class=\"g1-list g1-list--upper-alpha g1-list--none \">\n<li>technologies de suivi (telles que Google Analytics) ou similaires sur notre site web, utilis\u00e9es pour la gestion, l\u2019analyse des tendances, le suivi des utilisateurs afin de comprendre comment le site est utilis\u00e9 et de proposer des publicit\u00e9s cibl\u00e9es ;<\/li>\n<li>cookies, afin d\u2019optimiser vos pr\u00e9f\u00e9rences de navigation.<\/li>\n<\/ul>\n\n<p>Lorsque nous envoyons un e-mail aux abonn\u00e9s d\u2019un service ou d\u2019une liste de contacts, nous pouvons suivre certains comportements : cela se fait gr\u00e2ce \u00e0 des web beacons ou des balises pixel, des technologies de suivi propri\u00e9taires int\u00e9gr\u00e9es \u00e0 nos e-mails, qui nous permettent de mesurer les performances des campagnes e-mail et d\u2019am\u00e9liorer les fonctionnalit\u00e9s propos\u00e9es \u00e0 des segments sp\u00e9cifiques d\u2019utilisateurs.<br \/>\nLes web beacons permettent de collecter des informations concernant l\u2019ouverture de l\u2019e-mail, votre adresse IP, votre navigateur, le type de client de messagerie \u00e9lectronique et d\u2019autres informations similaires. Nous incluons \u00e9galement des web beacons dans les e-mails qui ne font pas l\u2019objet d\u2019envois massifs.<br \/>\nLes donn\u00e9es collect\u00e9es sont ensuite utilis\u00e9es pour vous fournir des rapports indiquant comment votre campagne e-mail a \u00e9t\u00e9 ex\u00e9cut\u00e9e, d\u00e9livr\u00e9e et quelles actions ont \u00e9t\u00e9 entreprises par les abonn\u00e9s de votre liste de contacts.<\/p>\n<p>Lorsque vous nous contactez et interagissez activement avec nous, nous collectons \u00e9galement les donn\u00e9es que vous avez partag\u00e9es avec l\u2019assistance technique ou le service client, lors de l\u2019utilisation de nos syst\u00e8mes \u00e9lectroniques (chat en ligne, forum, t\u00e9l\u00e9phone). Ces informations sont collect\u00e9es sous forme de :<\/p>\n\n<ul id=\"\" class=\"g1-list g1-list--upper-alpha g1-list--none \">\n<li>parties de fichiers journaux ;<\/li>\n<li>bases de donn\u00e9es de fournisseurs tiers.<\/li>\n<\/ul>\n\n<p>Pour votre tranquillit\u00e9, nous pr\u00e9cisons que ces donn\u00e9es ne sont accompagn\u00e9es d\u2019aucune information personnelle suppl\u00e9mentaire et sont utilis\u00e9es afin de :<\/p>\n\n<ul id=\"\" class=\"g1-list g1-list--upper-alpha g1-list--none \">\n<li>obtenir des informations statistiques anonymes ;<\/li>\n<li>r\u00e9pondre \u00e0 des besoins de contr\u00f4le des modalit\u00e9s d\u2019utilisation des services ;<\/li>\n<li>\u00e9tablir des responsabilit\u00e9s en cas d\u2019\u00e9ventuelles infractions informatiques ;<\/li>\n<li>assurer le suivi de vos demandes d\u2019assistance afin d\u2019\u00eatre rapides et exhaustifs dans la r\u00e9solution des probl\u00e8mes ;<\/li>\n<li>obtenir des informations sur la mani\u00e8re et le moment o\u00f9 vous utilisez nos services, applications et logiciels, dans le but de les am\u00e9liorer, tant pour vous que pour l\u2019ensemble de nos utilisateurs.<\/li>\n<\/ul>\n\n<\/li><!-- --><\/ul>\n<div  class=\"g1-divider g1-divider--none g1-divider--noicon \"><\/div>\n<ul class=\"g1-grid\"><li class=\"g1-column g1-one-fourth g1-valign-top\">\n<h4>Donn\u00e9es fournies volontairement pour l\u2019utilisation des services<\/h4>\n<\/li><!-- -->\n<li class=\"g1-column g1-three-fourth g1-valign-top\">\n<p>Dans de nombreux cas, vous nous fournissez volontairement des informations que nous collectons afin de vous fournir ce que vous demandez, notamment lorsque :<\/p>\n\n<ul id=\"\" class=\"g1-list g1-list--upper-alpha g1-list--none \">\n<li>vous vous inscrivez et utilisez nos services, applications et logiciels ;<\/li>\n<li>vous sollicitez l\u2019assistance de notre service client ;<\/li>\n<li>vous nous envoyez une communication par e-mail ;<\/li>\n<li>vous remplissez un formulaire de contact ;<\/li>\n<li>vous int\u00e9grez nos services avec un autre site ou service web ;<\/li>\n<li>vous communiquez avec nous de quelque mani\u00e8re que ce soit (y compris par t\u00e9l\u00e9phone).<\/li>\n<\/ul>\n\n<p>Ces informations peuvent inclure votre nom et pr\u00e9nom ainsi que ceux de l\u2019un de vos clients, votre adresse physique, votre adresse e-mail, votre num\u00e9ro de t\u00e9l\u00e9phone, ainsi que des informations relatives au sexe, \u00e0 la profession, \u00e0 la localisation, \u00e0 l\u2019historique des achats et \u00e0 d\u2019autres donn\u00e9es d\u00e9mographiques.<br \/>\nEn nous fournissant ces informations, vous consentez \u00e0 ce qu\u2019elles soient collect\u00e9es, utilis\u00e9es, transf\u00e9r\u00e9es aux \u00c9tats-Unis et conserv\u00e9es par nos soins, conform\u00e9ment \u00e0 ce qui est d\u00e9crit dans nos DPA et dans la pr\u00e9sente politique de confidentialit\u00e9.<\/p>\n<\/li><!-- --><\/ul>\n<div  class=\"g1-divider g1-divider--none g1-divider--noicon \"><\/div>\n<ul class=\"g1-grid\"><li class=\"g1-column g1-one-fourth g1-valign-top\">\n<h4>Consentement au traitement des donn\u00e9es<\/h4>\n<\/li><!-- -->\n<li class=\"g1-column g1-three-fourth g1-valign-top\">\n<p><strong>Nous avons pr\u00e9vu une d\u00e9claration de consentement au traitement des donn\u00e9es<\/strong>, r\u00e9dig\u00e9e de mani\u00e8re claire et facilement accessible, sans clauses abusives. Vous pourrez toujours exercer un choix r\u00e9ellement libre.<br \/>\nLors de l\u2019expression ou du refus du consentement, vous devez tenir compte :<\/p>\n\n<ul id=\"\" class=\"g1-list g1-list--upper-alpha g1-list--none \">\n<li>de la n\u00e9cessit\u00e9 de respecter les obligations l\u00e9gales auxquelles eDisplay est \u00e9galement soumise en tant que responsable du traitement ;<\/li>\n<li>de la n\u00e9cessit\u00e9 d\u2019ex\u00e9cuter un contrat afin de fournir un service qui vous int\u00e9resse ;<\/li>\n<li>des \u00e9ventuelles mesures pr\u00e9contractuelles n\u00e9cessaires \u00e0 l\u2019\u00e9tablissement de devis ou \u00e0 l\u2019utilisation de versions de d\u00e9monstration.<\/li>\n<\/ul>\n\n<p>Vous aurez toujours la possibilit\u00e9 de donner votre consentement par un acte positif et non \u00e9quivoque, manifestant une volont\u00e9 libre, sp\u00e9cifique et \u00e9clair\u00e9e d\u2019accepter le traitement des donn\u00e9es \u00e0 caract\u00e8re personnel vous concernant.<br \/>\nSelon les cas, par \u00ab acte positif et non \u00e9quivoque \u00bb, on entend :<\/p>\n\n<ul id=\"\" class=\"g1-list g1-list--upper-alpha g1-list--none \">\n<li>une d\u00e9claration \u00e9crite sur support papier ;<\/li>\n<li>une communication par des moyens \u00e9lectroniques (par exemple via des formulaires en ligne) ou sur support papier ;<\/li>\n<li>une communication orale selon une proc\u00e9dure enregistr\u00e9e.<\/li>\n<\/ul>\n\n<p>Si la communication a lieu via un formulaire du site web \u00e0 remplir, vous devrez s\u00e9lectionner activement une case sp\u00e9cifique : ce choix indique clairement que vous avez intentionnellement accept\u00e9 le traitement propos\u00e9.<br \/>\nDans d\u2019autres cas, vous devrez cocher une case imprim\u00e9e sur un formulaire papier ou, lors d\u2019une communication orale, d\u00e9clarer express\u00e9ment le mot \u00ab OUI \u00bb \u00e0 la question pos\u00e9e par la personne charg\u00e9e de recueillir le consentement au traitement de vos donn\u00e9es : l\u2019action sera enregistr\u00e9e et constituera la preuve de votre consentement.<br \/>\nVous pourrez \u00e0 tout moment d\u00e9cider de vous opposer au traitement des donn\u00e9es, conform\u00e9ment aux r\u00e8gles du RGPD et aux conditions pr\u00e9vues.<\/p>\n<\/li><!-- --><\/ul>\n<div  class=\"g1-divider g1-divider--none g1-divider--noicon \"><\/div>\n<ul class=\"g1-grid\"><li class=\"g1-column g1-one-fourth g1-valign-top\">\n<h4>Conservation des donn\u00e9es \u2013 Dur\u00e9es et modalit\u00e9s de traitement<\/h4>\n<\/li><!-- -->\n<li class=\"g1-column g1-three-fourth g1-valign-top\">\n<p>Chez eDisplay Srl, nous faisons tout notre possible pour maintenir vos donn\u00e9es exactes et \u00e0 jour, dans la limite des informations que vous nous fournissez. Nous conserverons vos informations aussi longtemps que votre compte est actif ou pendant la dur\u00e9e n\u00e9cessaire \u00e0 la fourniture de nos services.<br \/>\nNous pouvons \u00e9galement conserver et utiliser vos informations afin de respecter nos obligations l\u00e9gales, de r\u00e9soudre des litiges, de pr\u00e9venir les abus et de faire respecter nos accords.<br \/>\nLes donn\u00e9es que nous collectons pour r\u00e9pondre aux exigences li\u00e9es \u00e0 l\u2019ex\u00e9cution des obligations contractuelles, ainsi que les informations relatives \u00e0 l\u2019utilisation de nos services, sont conserv\u00e9es dans des bases de donn\u00e9es actives, des fichiers journaux ou d\u2019autres syst\u00e8mes de stockage de donn\u00e9es d\u00fbment prot\u00e9g\u00e9s et chiffr\u00e9s.<br \/>\nEn particulier :<\/p>\n\n<ul id=\"\" class=\"g1-list g1-list--upper-alpha g1-list--none \">\n<li><strong>les donn\u00e9es \u00e0 caract\u00e8re personnel n\u00e9cessaires \u00e0 l\u2019ex\u00e9cution des conditions contractuelles<\/strong> sont conserv\u00e9es dans des <strong>bases de donn\u00e9es<\/strong> de gestion s\u00e9curis\u00e9es sur nos serveurs, pendant toute la <strong>dur\u00e9e pr\u00e9vue par le contrat<\/strong> ;<\/li>\n<li><strong>les donn\u00e9es \u00e0 caract\u00e8re personnel collect\u00e9es dans le cadre des obligations contractuelles et de facturation<\/strong> sont conserv\u00e9es via des <strong>sauvegardes<\/strong> s\u00e9curis\u00e9es sur nos serveurs, pour une <strong>p\u00e9riode de 5 ans<\/strong> apr\u00e8s la cessation de la relation contractuelle ; par cessation de la relation contractuelle, on entend la r\u00e9siliation explicite du contrat par l\u2019utilisateur, par eDisplay Srl, ou la non-utilisation des services pendant une p\u00e9riode d\u00e9finie dans le DPA ;<\/li>\n<li><strong>les donn\u00e9es \u00e0 caract\u00e8re personnel collect\u00e9es pour l\u2019acc\u00e8s \u00e0 nos services, applications et logiciels<\/strong>, qu\u2019il s\u2019agisse de versions payantes ou de d\u00e9monstration, accessibles via un nom d\u2019utilisateur et un mot de passe propres \u00e0 chaque compte, sont conserv\u00e9es sur nos serveurs dans une <strong>base de donn\u00e9es accessible tant que le compte est actif<\/strong> puis, par le biais de <strong>sauvegardes<\/strong> s\u00e9curis\u00e9es, <strong>pendant toute la dur\u00e9e d\u2019utilisation du service<\/strong>, ou archiv\u00e9es et conserv\u00e9es pendant <strong>12 mois en cas de r\u00e9siliation<\/strong>.<\/li>\n<\/ul>\n\n<p>eDisplay Srl n\u2019est pas tenue de conserver ind\u00e9finiment l\u2019ensemble de vos donn\u00e9es : vous pourrez acc\u00e9der \u00e0 certaines d\u2019entre elles tant que vous disposerez d\u2019un contrat actif, qu\u2019il soit payant ou gratuit, et pour une dur\u00e9e variable selon le type de donn\u00e9es concern\u00e9es et l\u2019offre souscrite. Les informations que nous archivons peuvent inclure des statistiques relatives \u00e0 votre compte, le contenu de vos e-mails, vos listes de contacts, etc.<\/p>\n<p><strong>Les donn\u00e9es re\u00e7ues dans le cadre d\u2019un contact professionnel<\/strong>, telles que les curriculum vitae, seront archiv\u00e9es et d\u00fbment <strong>prot\u00e9g\u00e9es sur des ordinateurs<\/strong> dans des dossiers d\u00e9di\u00e9s au personnel des ressources humaines, <strong>pour la dur\u00e9e n\u00e9cessaire \u00e0 la r\u00e9alisation des op\u00e9rations de s\u00e9lection du personnel<\/strong>.<br \/>\n<strong>Les donn\u00e9es re\u00e7ues via les formulaires de contact pour des demandes d\u2019informations g\u00e9n\u00e9rales<\/strong> seront trait\u00e9es selon les modalit\u00e9s et les d\u00e9lais n\u00e9cessaires pour r\u00e9pondre \u00e0 la demande, et seront en m\u00eame temps <strong>conserv\u00e9es et accessibles exclusivement au personnel autoris\u00e9<\/strong>.<\/p>\n<\/li><!-- --><\/ul>\n<div  class=\"g1-divider g1-divider--none g1-divider--noicon \"><\/div>\n<ul class=\"g1-grid\"><li class=\"g1-column g1-one-fourth g1-valign-top\">\n<h4>Donn\u00e9es pr\u00e9sentes dans les listes de contacts de nos clients<\/h4>\n<\/li><!-- -->\n<li class=\"g1-column g1-three-fourth g1-valign-top\">\n<p>Lorsque vous utilisez nos services, nous avons acc\u00e8s aux informations contenues dans les listes de contacts e-mail de votre compte, ainsi qu\u2019\u00e0 l\u2019objet et au contenu des e-mails que vous envoyez.<br \/>\nCes donn\u00e9es sont stock\u00e9es sur des serveurs s\u00e9curis\u00e9s et seul un nombre limit\u00e9 de personnes est autoris\u00e9 \u00e0 y acc\u00e9der, exclusivement dans le but de fournir des services d\u2019assistance.<br \/>\nVous pouvez \u00e0 tout moment r\u00e9cup\u00e9rer vos listes de contacts depuis vos comptes en utilisant la proc\u00e9dure d\u2019exportation. Il est \u00e9galement possible de modifier et\/ou de supprimer les contacts \u00e0 tout moment depuis vos comptes.<br \/>\nEn aucun cas eDisplay Srl ne vendra, ne partagera ni ne louera vos listes de contacts \u00e0 des tiers, ni ne les utilisera \u00e0 des fins autres que celles d\u00e9finies dans la pr\u00e9sente politique de confidentialit\u00e9. Nous utiliserons les informations de vos listes de contacts uniquement pour des besoins l\u00e9gaux, de facturation et, le cas \u00e9ch\u00e9ant, pour l\u2019\u00e9laboration de statistiques agr\u00e9g\u00e9es et non syst\u00e9matiques, afin de vous fournir les meilleurs services possibles.<br \/>\nRappelez-vous que vous \u00eates le cr\u00e9ateur de vos listes de contacts et des campagnes e-mail associ\u00e9es ; vous \u00eates donc consid\u00e9r\u00e9 comme le responsable du traitement des donn\u00e9es au sens du RGPD, et eDisplay Srl agit uniquement en tant que sous-traitant du traitement.<a name=\"cookies\"><\/a><\/p>\n<\/li><!-- --><\/ul>\n<div  class=\"g1-divider g1-divider--none g1-divider--noicon \"><\/div>\n<ul class=\"g1-grid\"><li class=\"g1-column g1-one-fourth g1-valign-top\">\n<h4>Cookies<\/h4>\n<\/li><!-- -->\n<li class=\"g1-column g1-three-fourth g1-valign-top\">\n<p>Certaines de nos pages web utilisent des \u00ab cookies \u00bb et d\u2019autres technologies de suivi. Un \u00ab cookie \u00bb est un petit fichier texte qui peut \u00eatre utilis\u00e9, par exemple, pour collecter des informations sur les activit\u00e9s d\u2019un site web. Certains cookies et technologies similaires peuvent servir \u00e0 rappeler des donn\u00e9es personnelles pr\u00e9c\u00e9demment fournies par un utilisateur. La plupart des navigateurs permettent \u00e0 l\u2019utilisateur de contr\u00f4ler les cookies, notamment de les accepter ou non, et de les supprimer.<\/p>\n<p>Il est possible de configurer la plupart des navigateurs afin d\u2019\u00eatre inform\u00e9 de la r\u00e9ception d\u2019un cookie, ou de choisir de bloquer les cookies directement via le navigateur. Toutefois, il est important de noter que si vous choisissez de supprimer ou de bloquer les cookies, vous devrez \u00e0 nouveau saisir votre nom d\u2019utilisateur et votre mot de passe pour acc\u00e9der \u00e0 certaines parties du site web.<\/p>\n<p>Les technologies de suivi peuvent enregistrer des informations telles que le domaine internet et les noms d\u2019h\u00f4tes, l\u2019adresse IP, le type de navigateur et de syst\u00e8me d\u2019exploitation utilis\u00e9s, les parcours de clics, ainsi que les dates et heures d\u2019acc\u00e8s \u00e0 notre site. L\u2019utilisation de cookies et d\u2019autres technologies de suivi nous permet d\u2019am\u00e9liorer notre site web et votre exp\u00e9rience de navigation. Nous pouvons \u00e9galement analyser des informations ne contenant pas de donn\u00e9es personnelles \u00e0 des fins statistiques.<\/p>\n<\/li><!-- --><\/ul>\n","protected":false},"excerpt":{"rendered":"","protected":false},"author":2,"featured_media":0,"parent":4213,"menu_order":2,"comment_status":"closed","ping_status":"closed","template":"","meta":{"_eb_attr":"","inline_featured_image":false,"_monsterinsights_skip_tracking":false,"_monsterinsights_sitenote_active":false,"_monsterinsights_sitenote_note":"","_monsterinsights_sitenote_category":0,"footnotes":""},"class_list":["post-4215","page","type-page","status-publish"],"yoast_head":"<!-- This site is optimized with the Yoast SEO plugin v25.3.1 - https:\/\/yoast.com\/wordpress\/plugins\/seo\/ -->\n<title>Comment Edisplay collecte des donn\u00e9es - smtp mail server - professional SMTP service provider<\/title>\n<meta name=\"robots\" content=\"index, follow, max-snippet:-1, max-image-preview:large, max-video-preview:-1\" \/>\n<link rel=\"canonical\" href=\"https:\/\/serversmtp.com\/fr\/politique-de-confidentialite-reglement-ue-2016-79-rgdp\/comment-delivery-tech-collecte-des-donnees\/\" \/>\n<meta name=\"twitter:label1\" content=\"Dur\u00e9e de lecture estim\u00e9e\" \/>\n\t<meta name=\"twitter:data1\" content=\"9 minutes\" \/>\n<!-- \/ Yoast SEO plugin. -->","yoast_head_json":{"title":"Comment Edisplay collecte des donn\u00e9es - smtp mail server - professional SMTP service provider","robots":{"index":"index","follow":"follow","max-snippet":"max-snippet:-1","max-image-preview":"max-image-preview:large","max-video-preview":"max-video-preview:-1"},"canonical":"https:\/\/serversmtp.com\/fr\/politique-de-confidentialite-reglement-ue-2016-79-rgdp\/comment-delivery-tech-collecte-des-donnees\/","twitter_misc":{"Dur\u00e9e de lecture estim\u00e9e":"9 minutes"},"schema":{"@context":"https:\/\/schema.org","@graph":[{"@type":"WebPage","@id":"https:\/\/serversmtp.com\/fr\/politique-de-confidentialite-reglement-ue-2016-79-rgdp\/comment-delivery-tech-collecte-des-donnees\/","url":"https:\/\/serversmtp.com\/fr\/politique-de-confidentialite-reglement-ue-2016-79-rgdp\/comment-delivery-tech-collecte-des-donnees\/","name":"Comment Edisplay collecte des donn\u00e9es - smtp mail server - professional SMTP service provider","isPartOf":{"@id":"https:\/\/serversmtp.com\/#website"},"primaryImageOfPage":{"@id":"https:\/\/serversmtp.com\/fr\/politique-de-confidentialite-reglement-ue-2016-79-rgdp\/comment-delivery-tech-collecte-des-donnees\/#primaryimage"},"image":{"@id":"https:\/\/serversmtp.com\/fr\/politique-de-confidentialite-reglement-ue-2016-79-rgdp\/comment-delivery-tech-collecte-des-donnees\/#primaryimage"},"thumbnailUrl":"https:\/\/serversmtp.com\/wp-content\/uploads\/2018\/06\/GDPR-raccolta.png","datePublished":"2018-06-27T10:20:58+00:00","dateModified":"2026-01-15T13:37:00+00:00","breadcrumb":{"@id":"https:\/\/serversmtp.com\/fr\/politique-de-confidentialite-reglement-ue-2016-79-rgdp\/comment-delivery-tech-collecte-des-donnees\/#breadcrumb"},"inLanguage":"fr-FR","potentialAction":[{"@type":"ReadAction","target":["https:\/\/serversmtp.com\/fr\/politique-de-confidentialite-reglement-ue-2016-79-rgdp\/comment-delivery-tech-collecte-des-donnees\/"]}]},{"@type":"ImageObject","inLanguage":"fr-FR","@id":"https:\/\/serversmtp.com\/fr\/politique-de-confidentialite-reglement-ue-2016-79-rgdp\/comment-delivery-tech-collecte-des-donnees\/#primaryimage","url":"https:\/\/serversmtp.com\/wp-content\/uploads\/2018\/06\/GDPR-raccolta.png","contentUrl":"https:\/\/serversmtp.com\/wp-content\/uploads\/2018\/06\/GDPR-raccolta.png"},{"@type":"BreadcrumbList","@id":"https:\/\/serversmtp.com\/fr\/politique-de-confidentialite-reglement-ue-2016-79-rgdp\/comment-delivery-tech-collecte-des-donnees\/#breadcrumb","itemListElement":[{"@type":"ListItem","position":1,"name":"Home","item":"https:\/\/serversmtp.com\/fr\/"},{"@type":"ListItem","position":2,"name":"RGPD &#8211; Introduction et objectifs","item":"https:\/\/serversmtp.com\/fr\/politique-de-confidentialite-reglement-ue-2016-79-rgdp\/"},{"@type":"ListItem","position":3,"name":"Comment Edisplay collecte des donn\u00e9es"}]},{"@type":"WebSite","@id":"https:\/\/serversmtp.com\/#website","url":"https:\/\/serversmtp.com\/","name":"smtp mail server - professional SMTP service provider","description":"smtp mail server - professional SMTP service provider","publisher":{"@id":"https:\/\/serversmtp.com\/#organization"},"potentialAction":[{"@type":"SearchAction","target":{"@type":"EntryPoint","urlTemplate":"https:\/\/serversmtp.com\/?s={search_term_string}"},"query-input":{"@type":"PropertyValueSpecification","valueRequired":true,"valueName":"search_term_string"}}],"inLanguage":"fr-FR"},{"@type":"Organization","@id":"https:\/\/serversmtp.com\/#organization","name":"Delivery Tech","url":"https:\/\/serversmtp.com\/","logo":{"@type":"ImageObject","inLanguage":"fr-FR","@id":"https:\/\/serversmtp.com\/#\/schema\/logo\/image\/","url":"https:\/\/serversmtp.com\/wp-content\/uploads\/2021\/11\/og-image-2.jpg","contentUrl":"https:\/\/serversmtp.com\/wp-content\/uploads\/2021\/11\/og-image-2.jpg","width":1200,"height":1128,"caption":"Delivery Tech"},"image":{"@id":"https:\/\/serversmtp.com\/#\/schema\/logo\/image\/"}}]}},"_links":{"self":[{"href":"https:\/\/serversmtp.com\/fr\/wp-json\/wp\/v2\/pages\/4215"}],"collection":[{"href":"https:\/\/serversmtp.com\/fr\/wp-json\/wp\/v2\/pages"}],"about":[{"href":"https:\/\/serversmtp.com\/fr\/wp-json\/wp\/v2\/types\/page"}],"author":[{"embeddable":true,"href":"https:\/\/serversmtp.com\/fr\/wp-json\/wp\/v2\/users\/2"}],"replies":[{"embeddable":true,"href":"https:\/\/serversmtp.com\/fr\/wp-json\/wp\/v2\/comments?post=4215"}],"version-history":[{"count":5,"href":"https:\/\/serversmtp.com\/fr\/wp-json\/wp\/v2\/pages\/4215\/revisions"}],"predecessor-version":[{"id":23014,"href":"https:\/\/serversmtp.com\/fr\/wp-json\/wp\/v2\/pages\/4215\/revisions\/23014"}],"up":[{"embeddable":true,"href":"https:\/\/serversmtp.com\/fr\/wp-json\/wp\/v2\/pages\/4213"}],"wp:attachment":[{"href":"https:\/\/serversmtp.com\/fr\/wp-json\/wp\/v2\/media?parent=4215"}],"curies":[{"name":"wp","href":"https:\/\/api.w.org\/{rel}","templated":true}]}}