{"id":4214,"date":"2018-06-27T12:19:42","date_gmt":"2018-06-27T10:19:42","guid":{"rendered":"https:\/\/serversmtp.com\/?page_id=4214"},"modified":"2026-01-15T14:33:59","modified_gmt":"2026-01-15T13:33:59","slug":"information-de-base","status":"publish","type":"page","link":"https:\/\/serversmtp.com\/fr\/politique-de-confidentialite-reglement-ue-2016-79-rgdp\/information-de-base\/","title":{"rendered":"Information de base"},"content":{"rendered":"<p><img decoding=\"async\" class=\"aligncenter size-full wp-image-4049\" src=\"https:\/\/serversmtp.com\/wp-content\/uploads\/2018\/06\/gdpr-base.png\" alt=\"\" width=\"1280\" height=\"700\" srcset=\"https:\/\/serversmtp.com\/wp-content\/uploads\/2018\/06\/gdpr-base.png 1280w, https:\/\/serversmtp.com\/wp-content\/uploads\/2018\/06\/gdpr-base-300x164.png 300w, https:\/\/serversmtp.com\/wp-content\/uploads\/2018\/06\/gdpr-base-768x420.png 768w, https:\/\/serversmtp.com\/wp-content\/uploads\/2018\/06\/gdpr-base-1024x560.png 1024w, https:\/\/serversmtp.com\/wp-content\/uploads\/2018\/06\/gdpr-base-968x529.png 968w, https:\/\/serversmtp.com\/wp-content\/uploads\/2018\/06\/gdpr-base-636x348.png 636w, https:\/\/serversmtp.com\/wp-content\/uploads\/2018\/06\/gdpr-base-320x175.png 320w, https:\/\/serversmtp.com\/wp-content\/uploads\/2018\/06\/gdpr-base-239x131.png 239w\" sizes=\"(max-width: 1280px) 100vw, 1280px\" \/><\/p>\n<ul class=\"g1-grid\"><li class=\"g1-column g1-one-fourth g1-valign-top\">\n<h4>Qui sommes-nous<\/h4>\n<\/li><!-- -->\n<li class=\"g1-column g1-three-fourth g1-valign-top\">\n\n<ul id=\"\" class=\"g1-list g1-list--icon g1-list--simple \">\n<li><i class=\"fa fa-arrow-circle-right g1-list__icon\"><\/i><strong>eDisplay Srl, Viale del lavoro 53, 08023, Fonni (NU)<\/strong><\/li>\n<\/ul>\n\n<\/li><!-- --><\/ul>\n<div  class=\"g1-divider g1-divider--none g1-divider--noicon \"><\/div>\n<ul class=\"g1-grid\"><li class=\"g1-column g1-one-fourth g1-valign-top\">\n<h4>Extension des r\u00e9glementations en mati\u00e8re de protection de la vie priv\u00e9e et de s\u00e9curit\u00e9 conformes \u00e0 l\u2019UE \u2013 Exigences europ\u00e9ennes<\/h4>\n<\/li><!-- -->\n<li class=\"g1-column g1-three-fourth g1-valign-top\">\n<p>Nous accordons une attention particuli\u00e8re \u00e0 la protection de la vie priv\u00e9e et \u00e0 la s\u00e9curit\u00e9 de nos utilisateurs dans le monde entier. C\u2019est pourquoi nous avons adopt\u00e9 des mesures visant \u00e0 garantir un service aussi s\u00fbr et transparent que possible, y compris l\u2019extension de notre politique au R\u00e8glement UE 2016\/79, entr\u00e9 en vigueur le 25 mai 2018.<br \/>\nEn utilisant nos sites web et nos services, l\u2019utilisateur consent \u00e0 la collecte, au stockage et au traitement des donn\u00e9es, lesquelles seront trait\u00e9es et conserv\u00e9es exclusivement sur des serveurs situ\u00e9s en Europe.<br \/>\nAfin de prot\u00e9ger les donn\u00e9es des citoyens europ\u00e9ens saisies dans nos syst\u00e8mes par nos utilisateurs, nous appliquons un mod\u00e8le de Data Privacy Agreement (DPA) dans lequel sont d\u00e9finies les modalit\u00e9s de traitement, de coop\u00e9ration et les conditions de service que nous adoptons.<br \/>\nLes utilisateurs enregistr\u00e9s (abonn\u00e9s ou utilisateurs de versions gratuites) dans l\u2019UE, qui utilisent les services turboSMTP \u00e0 des fins commerciales, devront obligatoirement adh\u00e9rer \u00e0 notre DPA afin de continuer \u00e0 utiliser nos applications.<\/p>\n<\/li><!-- --><\/ul>\n<div  class=\"g1-divider g1-divider--none g1-divider--noicon \"><\/div>\n<ul class=\"g1-grid\"><li class=\"g1-column g1-one-fourth g1-valign-top\">\n<h4>Responsable du traitement des donn\u00e9es<\/h4>\n<\/li><!-- -->\n<li class=\"g1-column g1-three-fourth g1-valign-top\">\n<p><strong>Chez eDisplay Srl, nous agissons \u00e9galement en tant que responsables du traitement des donn\u00e9es, mais uniquement lorsque nous collectons vos donn\u00e9es personnelles pour notre propre compte dans le cadre de la fourniture des services que vous avez achet\u00e9s<\/strong> : dans ce cas, une relation directe est \u00e9tablie entre vous et nous.<br \/>\n<strong>En tant que responsables du traitement, nous vous garantissons le respect des r\u00e9glementations relatives \u00e0 la protection des donn\u00e9es \u00e0 caract\u00e8re personnel, en vous fournissant toutes les informations utiles concernant le traitement des donn\u00e9es que vous nous avez communiqu\u00e9es directement et volontairement, ou qui sont collect\u00e9es par le syst\u00e8me lors de la navigation sur le site et de l\u2019utilisation de nos services.<\/strong><br \/>\nPlus pr\u00e9cis\u00e9ment, le responsable du traitement des donn\u00e9es pour eDisplay Srl est son administrateur pro tempore, assist\u00e9 par le D\u00e9l\u00e9gu\u00e9 \u00e0 la Protection des Donn\u00e9es (DPO), qui veille au respect des r\u00e8gles impos\u00e9es par le RGPD.<br \/>\nLe responsable du traitement peut \u00eatre contact\u00e9 \u00e0 tout moment \u00e0 l\u2019adresse e-mail suivante : <a href=\"mailto:dpo@edisplay.it\" target=\"_blank\" rel=\"noopener noreferrer\">dpo@edisplay.it<\/a>.<\/p>\n<\/li><!-- --><\/ul>\n<div  class=\"g1-divider g1-divider--none g1-divider--noicon \"><\/div>\n<ul class=\"g1-grid\"><li class=\"g1-column g1-one-fourth g1-valign-top\">\n<h4>Sous-traitant du traitement des donn\u00e9es<\/h4>\n<\/li><!-- -->\n<li class=\"g1-column g1-three-fourth g1-valign-top\">\n<p><strong>Lorsque vous utilisez nos services, vous pouvez importer dans notre syst\u00e8me des donn\u00e9es contenant des informations personnelles que vous avez collect\u00e9es aupr\u00e8s de vos abonn\u00e9s ou d\u2019autres personnes<\/strong>. Dans ce cas, nous n\u2019avons aucune relation directe avec vos abonn\u00e9s ou avec des personnes autres que vous et, pour cette raison, <strong>vous \u00eates le responsable du traitement des donn\u00e9es<\/strong> : il vous appartient de vous assurer que vous disposez de l\u2019autorisation appropri\u00e9e pour la collecte et le traitement des informations relatives aux diff\u00e9rentes personnes concern\u00e9es.<br \/>\nConform\u00e9ment \u00e0 l\u2019utilisation des donn\u00e9es personnelles trait\u00e9es, vous concluez un contrat (DPA) avec eDisplay Srl en tant que prestataire de services pour vos abonn\u00e9s via nos plateformes. Cet accord a pour objet de garantir l\u2019utilisation correcte des donn\u00e9es avec les garanties appropri\u00e9es, que nous vous fournissons en tant que sous-traitants du traitement des donn\u00e9es que vous avez collect\u00e9es.<br \/>\nDans ce cas, nous conserverons les donn\u00e9es \u00e0 caract\u00e8re personnel, trait\u00e9es pour le compte de nos utilisateurs, pendant toute la dur\u00e9e n\u00e9cessaire afin de :<\/p>\n\n<ul id=\"\" class=\"g1-list g1-list--upper-alpha g1-list--none \">\n<li>fournir nos services ;<\/li>\n<li>nous conformer \u00e0 nos obligations l\u00e9gales ;<\/li>\n<li>r\u00e9soudre des litiges ;<\/li>\n<li>pr\u00e9venir les abus ;<\/li>\n<li>faire respecter nos accords.<\/li>\n<\/ul>\n\n<\/li><!-- --><\/ul>\n<div  class=\"g1-divider g1-divider--none g1-divider--noicon \"><\/div>\n<ul class=\"g1-grid\"><li class=\"g1-column g1-one-fourth g1-valign-top\">\n<h4>Repr\u00e9sentant UE : d\u00e9signation du responsable du traitement des donn\u00e9es<\/h4>\n<\/li><!-- -->\n<li class=\"g1-column g1-three-fourth g1-valign-top\">\n<p>Pour les clients europ\u00e9ens, eDisplay Srl est responsable du traitement des donn\u00e9es dans le cadre de l\u2019UE ainsi que de la facturation des services. Aucune donn\u00e9e des clients europ\u00e9ens ne sera transf\u00e9r\u00e9e en dehors des fronti\u00e8res d\u00e9sign\u00e9es. Aucune donn\u00e9e ne sera trait\u00e9e ni transf\u00e9r\u00e9e vers le Royaume-Uni \u00e0 compter de la date officielle du Brexit.<\/p>\n<\/li><!-- --><\/ul>\n","protected":false},"excerpt":{"rendered":"","protected":false},"author":2,"featured_media":0,"parent":4213,"menu_order":1,"comment_status":"closed","ping_status":"closed","template":"","meta":{"_eb_attr":"","inline_featured_image":false,"_monsterinsights_skip_tracking":false,"_monsterinsights_sitenote_active":false,"_monsterinsights_sitenote_note":"","_monsterinsights_sitenote_category":0,"footnotes":""},"class_list":["post-4214","page","type-page","status-publish"],"yoast_head":"<!-- This site is optimized with the Yoast SEO plugin v25.3.1 - https:\/\/yoast.com\/wordpress\/plugins\/seo\/ -->\n<title>Information de base - smtp mail server - professional SMTP service provider<\/title>\n<meta name=\"robots\" content=\"index, follow, max-snippet:-1, max-image-preview:large, max-video-preview:-1\" \/>\n<link rel=\"canonical\" href=\"https:\/\/serversmtp.com\/fr\/politique-de-confidentialite-reglement-ue-2016-79-rgdp\/information-de-base\/\" \/>\n<meta name=\"twitter:label1\" content=\"Dur\u00e9e de lecture estim\u00e9e\" \/>\n\t<meta name=\"twitter:data1\" content=\"5 minutes\" \/>\n<!-- \/ Yoast SEO plugin. -->","yoast_head_json":{"title":"Information de base - smtp mail server - professional SMTP service provider","robots":{"index":"index","follow":"follow","max-snippet":"max-snippet:-1","max-image-preview":"max-image-preview:large","max-video-preview":"max-video-preview:-1"},"canonical":"https:\/\/serversmtp.com\/fr\/politique-de-confidentialite-reglement-ue-2016-79-rgdp\/information-de-base\/","twitter_misc":{"Dur\u00e9e de lecture estim\u00e9e":"5 minutes"},"schema":{"@context":"https:\/\/schema.org","@graph":[{"@type":"WebPage","@id":"https:\/\/serversmtp.com\/fr\/politique-de-confidentialite-reglement-ue-2016-79-rgdp\/information-de-base\/","url":"https:\/\/serversmtp.com\/fr\/politique-de-confidentialite-reglement-ue-2016-79-rgdp\/information-de-base\/","name":"Information de base - smtp mail server - professional SMTP service provider","isPartOf":{"@id":"https:\/\/serversmtp.com\/de\/#website"},"primaryImageOfPage":{"@id":"https:\/\/serversmtp.com\/fr\/politique-de-confidentialite-reglement-ue-2016-79-rgdp\/information-de-base\/#primaryimage"},"image":{"@id":"https:\/\/serversmtp.com\/fr\/politique-de-confidentialite-reglement-ue-2016-79-rgdp\/information-de-base\/#primaryimage"},"thumbnailUrl":"https:\/\/serversmtp.com\/wp-content\/uploads\/2018\/06\/gdpr-base.png","datePublished":"2018-06-27T10:19:42+00:00","dateModified":"2026-01-15T13:33:59+00:00","breadcrumb":{"@id":"https:\/\/serversmtp.com\/fr\/politique-de-confidentialite-reglement-ue-2016-79-rgdp\/information-de-base\/#breadcrumb"},"inLanguage":"fr-FR","potentialAction":[{"@type":"ReadAction","target":["https:\/\/serversmtp.com\/fr\/politique-de-confidentialite-reglement-ue-2016-79-rgdp\/information-de-base\/"]}]},{"@type":"ImageObject","inLanguage":"fr-FR","@id":"https:\/\/serversmtp.com\/fr\/politique-de-confidentialite-reglement-ue-2016-79-rgdp\/information-de-base\/#primaryimage","url":"https:\/\/serversmtp.com\/wp-content\/uploads\/2018\/06\/gdpr-base.png","contentUrl":"https:\/\/serversmtp.com\/wp-content\/uploads\/2018\/06\/gdpr-base.png"},{"@type":"BreadcrumbList","@id":"https:\/\/serversmtp.com\/fr\/politique-de-confidentialite-reglement-ue-2016-79-rgdp\/information-de-base\/#breadcrumb","itemListElement":[{"@type":"ListItem","position":1,"name":"Home","item":"https:\/\/serversmtp.com\/fr\/"},{"@type":"ListItem","position":2,"name":"RGPD &#8211; Introduction et objectifs","item":"https:\/\/serversmtp.com\/fr\/politique-de-confidentialite-reglement-ue-2016-79-rgdp\/"},{"@type":"ListItem","position":3,"name":"Information de base"}]},{"@type":"WebSite","@id":"https:\/\/serversmtp.com\/de\/#website","url":"https:\/\/serversmtp.com\/de\/","name":"smtp mail server - professional SMTP service provider","description":"smtp mail server - professional SMTP service provider","publisher":{"@id":"https:\/\/serversmtp.com\/de\/#organization"},"potentialAction":[{"@type":"SearchAction","target":{"@type":"EntryPoint","urlTemplate":"https:\/\/serversmtp.com\/de\/?s={search_term_string}"},"query-input":{"@type":"PropertyValueSpecification","valueRequired":true,"valueName":"search_term_string"}}],"inLanguage":"fr-FR"},{"@type":"Organization","@id":"https:\/\/serversmtp.com\/de\/#organization","name":"Delivery Tech","url":"https:\/\/serversmtp.com\/de\/","logo":{"@type":"ImageObject","inLanguage":"fr-FR","@id":"https:\/\/serversmtp.com\/de\/#\/schema\/logo\/image\/","url":"https:\/\/serversmtp.com\/wp-content\/uploads\/2021\/11\/og-image-2.jpg","contentUrl":"https:\/\/serversmtp.com\/wp-content\/uploads\/2021\/11\/og-image-2.jpg","width":1200,"height":1128,"caption":"Delivery Tech"},"image":{"@id":"https:\/\/serversmtp.com\/de\/#\/schema\/logo\/image\/"}}]}},"_links":{"self":[{"href":"https:\/\/serversmtp.com\/fr\/wp-json\/wp\/v2\/pages\/4214"}],"collection":[{"href":"https:\/\/serversmtp.com\/fr\/wp-json\/wp\/v2\/pages"}],"about":[{"href":"https:\/\/serversmtp.com\/fr\/wp-json\/wp\/v2\/types\/page"}],"author":[{"embeddable":true,"href":"https:\/\/serversmtp.com\/fr\/wp-json\/wp\/v2\/users\/2"}],"replies":[{"embeddable":true,"href":"https:\/\/serversmtp.com\/fr\/wp-json\/wp\/v2\/comments?post=4214"}],"version-history":[{"count":5,"href":"https:\/\/serversmtp.com\/fr\/wp-json\/wp\/v2\/pages\/4214\/revisions"}],"predecessor-version":[{"id":23013,"href":"https:\/\/serversmtp.com\/fr\/wp-json\/wp\/v2\/pages\/4214\/revisions\/23013"}],"up":[{"embeddable":true,"href":"https:\/\/serversmtp.com\/fr\/wp-json\/wp\/v2\/pages\/4213"}],"wp:attachment":[{"href":"https:\/\/serversmtp.com\/fr\/wp-json\/wp\/v2\/media?parent=4214"}],"curies":[{"name":"wp","href":"https:\/\/api.w.org\/{rel}","templated":true}]}}