{"id":4213,"date":"2018-06-27T12:19:00","date_gmt":"2018-06-27T10:19:00","guid":{"rendered":"https:\/\/serversmtp.com\/?page_id=4213"},"modified":"2026-01-15T14:32:10","modified_gmt":"2026-01-15T13:32:10","slug":"politique-de-confidentialite-reglement-ue-2016-79-rgdp","status":"publish","type":"page","link":"https:\/\/serversmtp.com\/fr\/politique-de-confidentialite-reglement-ue-2016-79-rgdp\/","title":{"rendered":"RGPD &#8211; Introduction et objectifs"},"content":{"rendered":"<p><img decoding=\"async\" class=\"aligncenter size-full wp-image-4045\" src=\"https:\/\/serversmtp.com\/wp-content\/uploads\/2018\/06\/gdpr-intro-2.png\" alt=\"\" width=\"1280\" height=\"700\" srcset=\"https:\/\/serversmtp.com\/wp-content\/uploads\/2018\/06\/gdpr-intro-2.png 1280w, https:\/\/serversmtp.com\/wp-content\/uploads\/2018\/06\/gdpr-intro-2-300x164.png 300w, https:\/\/serversmtp.com\/wp-content\/uploads\/2018\/06\/gdpr-intro-2-768x420.png 768w, https:\/\/serversmtp.com\/wp-content\/uploads\/2018\/06\/gdpr-intro-2-1024x560.png 1024w, https:\/\/serversmtp.com\/wp-content\/uploads\/2018\/06\/gdpr-intro-2-968x529.png 968w, https:\/\/serversmtp.com\/wp-content\/uploads\/2018\/06\/gdpr-intro-2-636x348.png 636w, https:\/\/serversmtp.com\/wp-content\/uploads\/2018\/06\/gdpr-intro-2-320x175.png 320w, https:\/\/serversmtp.com\/wp-content\/uploads\/2018\/06\/gdpr-intro-2-239x131.png 239w\" sizes=\"(max-width: 1280px) 100vw, 1280px\" \/><\/p>\n<p>Nous avons r\u00e9dig\u00e9 ce document dans le but de faciliter la compr\u00e9hension des r\u00e8gles relatives \u00e0 la protection de la vie priv\u00e9e, que nous devons appliquer en nous effor\u00e7ant de proposer une structure simple et un langage clair. Avec l\u2019entr\u00e9e en vigueur du <strong>R\u00e8glement UE 2016\/79<\/strong> (\u00e9galement appel\u00e9 RGPD), nous avons d\u00e9cid\u00e9 d\u2019apporter des am\u00e9liorations utiles aux utilisateurs de eDisplay Srl dans le monde entier, m\u00eame si bon nombre de ces r\u00e8gles concernent exclusivement les utilisateurs de l\u2019Union europ\u00e9enne (UE).<\/p>\n<p>Nous vous fournirons les informations n\u00e9cessaires pour utiliser les services fournis par eDisplay Srl, afin que vous sachiez quelles donn\u00e9es nous collectons, pour quelle raison, pendant combien de temps et o\u00f9 elles sont conserv\u00e9es. Notre objectif est de vous expliquer de mani\u00e8re simple comment mettre \u00e0 jour, g\u00e9rer, exporter et supprimer vos informations.<\/p>\n<p>Nous traitons vos donn\u00e9es et vous accompagnons dans leur gestion ; c\u2019est pr\u00e9cis\u00e9ment pour cette raison que nous sommes conscients qu\u2019il s\u2019agit d\u2019une grande responsabilit\u00e9 : nous prot\u00e9geons vos informations tout en vous laissant le contr\u00f4le et les outils n\u00e9cessaires pour le faire.<\/p>\n<p>Comme express\u00e9ment requis par le RGPD, lorsque vous utilisez nos services, vous avez la possibilit\u00e9 d\u2019exercer vos droits \u00e0 tout moment et en toute transparence. Nous vous invitons \u00e0 lire attentivement les informations qui suivent et \u00e0 v\u00e9rifier ce qui pourrait vous concerner. Bonne lecture !<\/p>\n","protected":false},"excerpt":{"rendered":"<p>Nous avons r\u00e9dig\u00e9 ce document dans le but de faciliter la compr\u00e9hension des r\u00e8gles relatives \u00e0 la protection de la vie priv\u00e9e, que nous devons appliquer en nous effor\u00e7ant de proposer une structure simple et un langage clair. Avec l\u2019entr\u00e9e en vigueur du R\u00e8glement UE 2016\/79 (\u00e9galement appel\u00e9 RGPD), nous avons d\u00e9cid\u00e9 d\u2019apporter des am\u00e9liorations &#8230; <\/p>\n<p class=\"read-more-container\"><a title=\"RGPD &#8211; Introduction et objectifs\" class=\"read-more button\" href=\"https:\/\/serversmtp.com\/fr\/politique-de-confidentialite-reglement-ue-2016-79-rgdp\/#more-4213\" aria-label=\"En savoir plus sur RGPD &#8211; Introduction et objectifs\">Discover more<\/a><\/p>\n","protected":false},"author":2,"featured_media":0,"parent":0,"menu_order":0,"comment_status":"closed","ping_status":"closed","template":"","meta":{"_eb_attr":"","inline_featured_image":false,"_monsterinsights_skip_tracking":false,"_monsterinsights_sitenote_active":false,"_monsterinsights_sitenote_note":"","_monsterinsights_sitenote_category":0,"footnotes":""},"class_list":["post-4213","page","type-page","status-publish"],"yoast_head":"<!-- This site is optimized with the Yoast SEO plugin v25.3.1 - https:\/\/yoast.com\/wordpress\/plugins\/seo\/ -->\n<title>RGPD - Introduction et objectifs - smtp mail server - professional SMTP service provider<\/title>\n<meta name=\"robots\" content=\"index, follow, max-snippet:-1, max-image-preview:large, max-video-preview:-1\" \/>\n<link rel=\"canonical\" href=\"https:\/\/serversmtp.com\/fr\/politique-de-confidentialite-reglement-ue-2016-79-rgdp\/\" \/>\n<meta name=\"twitter:label1\" content=\"Dur\u00e9e de lecture estim\u00e9e\" \/>\n\t<meta name=\"twitter:data1\" content=\"1 minute\" \/>\n<!-- \/ Yoast SEO plugin. -->","yoast_head_json":{"title":"RGPD - Introduction et objectifs - smtp mail server - professional SMTP service provider","robots":{"index":"index","follow":"follow","max-snippet":"max-snippet:-1","max-image-preview":"max-image-preview:large","max-video-preview":"max-video-preview:-1"},"canonical":"https:\/\/serversmtp.com\/fr\/politique-de-confidentialite-reglement-ue-2016-79-rgdp\/","twitter_misc":{"Dur\u00e9e de lecture estim\u00e9e":"1 minute"},"schema":{"@context":"https:\/\/schema.org","@graph":[{"@type":"WebPage","@id":"https:\/\/serversmtp.com\/fr\/politique-de-confidentialite-reglement-ue-2016-79-rgdp\/","url":"https:\/\/serversmtp.com\/fr\/politique-de-confidentialite-reglement-ue-2016-79-rgdp\/","name":"RGPD - Introduction et objectifs - smtp mail server - professional SMTP service provider","isPartOf":{"@id":"https:\/\/serversmtp.com\/it\/#website"},"primaryImageOfPage":{"@id":"https:\/\/serversmtp.com\/fr\/politique-de-confidentialite-reglement-ue-2016-79-rgdp\/#primaryimage"},"image":{"@id":"https:\/\/serversmtp.com\/fr\/politique-de-confidentialite-reglement-ue-2016-79-rgdp\/#primaryimage"},"thumbnailUrl":"https:\/\/serversmtp.com\/wp-content\/uploads\/2018\/06\/gdpr-intro-2.png","datePublished":"2018-06-27T10:19:00+00:00","dateModified":"2026-01-15T13:32:10+00:00","breadcrumb":{"@id":"https:\/\/serversmtp.com\/fr\/politique-de-confidentialite-reglement-ue-2016-79-rgdp\/#breadcrumb"},"inLanguage":"fr-FR","potentialAction":[{"@type":"ReadAction","target":["https:\/\/serversmtp.com\/fr\/politique-de-confidentialite-reglement-ue-2016-79-rgdp\/"]}]},{"@type":"ImageObject","inLanguage":"fr-FR","@id":"https:\/\/serversmtp.com\/fr\/politique-de-confidentialite-reglement-ue-2016-79-rgdp\/#primaryimage","url":"https:\/\/serversmtp.com\/wp-content\/uploads\/2018\/06\/gdpr-intro-2.png","contentUrl":"https:\/\/serversmtp.com\/wp-content\/uploads\/2018\/06\/gdpr-intro-2.png"},{"@type":"BreadcrumbList","@id":"https:\/\/serversmtp.com\/fr\/politique-de-confidentialite-reglement-ue-2016-79-rgdp\/#breadcrumb","itemListElement":[{"@type":"ListItem","position":1,"name":"Home","item":"https:\/\/serversmtp.com\/fr\/"},{"@type":"ListItem","position":2,"name":"RGPD &#8211; Introduction et objectifs"}]},{"@type":"WebSite","@id":"https:\/\/serversmtp.com\/it\/#website","url":"https:\/\/serversmtp.com\/it\/","name":"smtp mail server - professional SMTP service provider","description":"smtp mail server - professional SMTP service provider","publisher":{"@id":"https:\/\/serversmtp.com\/it\/#organization"},"potentialAction":[{"@type":"SearchAction","target":{"@type":"EntryPoint","urlTemplate":"https:\/\/serversmtp.com\/it\/?s={search_term_string}"},"query-input":{"@type":"PropertyValueSpecification","valueRequired":true,"valueName":"search_term_string"}}],"inLanguage":"fr-FR"},{"@type":"Organization","@id":"https:\/\/serversmtp.com\/it\/#organization","name":"Delivery Tech","url":"https:\/\/serversmtp.com\/it\/","logo":{"@type":"ImageObject","inLanguage":"fr-FR","@id":"https:\/\/serversmtp.com\/it\/#\/schema\/logo\/image\/","url":"https:\/\/serversmtp.com\/wp-content\/uploads\/2021\/11\/og-image-2.jpg","contentUrl":"https:\/\/serversmtp.com\/wp-content\/uploads\/2021\/11\/og-image-2.jpg","width":1200,"height":1128,"caption":"Delivery Tech"},"image":{"@id":"https:\/\/serversmtp.com\/it\/#\/schema\/logo\/image\/"}}]}},"_links":{"self":[{"href":"https:\/\/serversmtp.com\/fr\/wp-json\/wp\/v2\/pages\/4213"}],"collection":[{"href":"https:\/\/serversmtp.com\/fr\/wp-json\/wp\/v2\/pages"}],"about":[{"href":"https:\/\/serversmtp.com\/fr\/wp-json\/wp\/v2\/types\/page"}],"author":[{"embeddable":true,"href":"https:\/\/serversmtp.com\/fr\/wp-json\/wp\/v2\/users\/2"}],"replies":[{"embeddable":true,"href":"https:\/\/serversmtp.com\/fr\/wp-json\/wp\/v2\/comments?post=4213"}],"version-history":[{"count":5,"href":"https:\/\/serversmtp.com\/fr\/wp-json\/wp\/v2\/pages\/4213\/revisions"}],"predecessor-version":[{"id":23012,"href":"https:\/\/serversmtp.com\/fr\/wp-json\/wp\/v2\/pages\/4213\/revisions\/23012"}],"wp:attachment":[{"href":"https:\/\/serversmtp.com\/fr\/wp-json\/wp\/v2\/media?parent=4213"}],"curies":[{"name":"wp","href":"https:\/\/api.w.org\/{rel}","templated":true}]}}