{"id":3851,"date":"2018-05-14T10:35:14","date_gmt":"2018-05-14T08:35:14","guid":{"rendered":"https:\/\/dev.serversmtp.com\/?page_id=3851"},"modified":"2024-09-03T10:21:17","modified_gmt":"2024-09-03T08:21:17","slug":"regulation-eu-2016-679-gdpr","status":"publish","type":"page","link":"https:\/\/serversmtp.com\/fr\/regulation-eu-2016-679-gdpr\/","title":{"rendered":"Regulation (EU) 2016\/679 &#8211; GDPR\ufeff"},"content":{"rendered":"<br \/>\n<div id=\"\" class=\"g1-section gb-container home-grey-2box\"  style=\"background-color: #f5f5f5; background-repeat:repeat; background-position:center top; background-attachment:static;\"><div class=\"g1-layout-inner\">\n<ul class=\"g1-grid\"><li class=\"g1-column g1-one-third g1-valign-top\">\n<p><img decoding=\"async\" class=\"size-full wp-image-3797 aligncenter\" src=\"https:\/\/serversmtp.com\/wp-content\/uploads\/2018\/07\/servers_usa.png\" alt=\"\" width=\"123\" height=\"124\"><\/p>\n<\/li><!-- -->\n<li class=\"g1-column g1-two-third g1-valign-top\">\n<h4 class=\"guideTitle\"><strong>Infrastructure serveur en Europe et aux \u00c9tats-Unis<\/strong><\/h4>\n<p>Serveurs de messagerie et adresses IP d\u00e9di\u00e9s \u00e0 l&#8217;Europe, conformes \u00e0 la r\u00e9glementation de l&#8217;UE sur la protection des donn\u00e9es. Des serveurs aux \u00c9tats-Unis assurent des op\u00e9rations flexibles dans les deux r\u00e9gions.<\/p>\n<a id=\"find-out-more\" class=\"g1-button g1-button--small g1-button--solid g1-button--standard \" href=\"\/fr\/serveur-de-poste\/\" title=\"\">Plus d&#8217;infos \u2026<\/a>\n<\/li><!-- --><\/ul>\n<\/div><\/div><\/p>\n<p><div class=\"g1-space\" style=\"height: 20px;\"><\/div><br \/>\n\n<p><strong>Prot\u00e9ger la vie priv\u00e9e de nos utilisateurs est une priorit\u00e9 pour nous<\/strong>, c&#8217;est pourquoi nous prenons les mesures les plus strictes et adoptons les meilleures pratiques pour la protection des donn\u00e9es. <\/p>\n<p>Notre travail est bas\u00e9 sur le principe de la protection de la vie priv\u00e9e d\u00e8s la conception (<em>Privacy by Design<\/em>).<\/p>\n<p>Notre entreprise a d\u00e9j\u00e0 relev\u00e9 nos normes, en conformit\u00e9 avec le RGPD (R\u00e8glement g\u00e9n\u00e9ral sur la protection des donn\u00e9es). Pour nous, c\u2019est une \u00e9tape importante pour assurer une plus <strong>grande s\u00e9curit\u00e9 de vos donn\u00e9es<\/strong>.<\/p>\n<p>Nous souhaitons partager avec vous ce que nous avons fait pour garantir une s\u00e9curit\u00e9 accrue, et nous voulons \u00e9galement <strong>vous aider \u00e0 \u00eatre en conformit\u00e9 avec le RGPD<\/strong>. <\/p>\n<p>Si vous souhaitez revoir les concepts de base du RGPD, <a href=\"https:\/\/serversmtp.com\/fr\/gdpr-basic-concepts\/\" title=\"Guide GDPR\">vous pouvez consulter notre guide<\/a>, r\u00e9dig\u00e9 sp\u00e9cialement pour vous.<\/p>\n<p>&nbsp;<\/p>\n<h2>Vos donn\u00e9es sont en s\u00e9curit\u00e9 avec TurboSMTP.<\/h2>\n<p>Il y a quelque temps, notre \u00e9quipe a mis en \u0153uvre certaines am\u00e9liorations pour prot\u00e9ger vos donn\u00e9es et votre vie priv\u00e9e. Par cons\u00e9quent, nous sommes d\u00e9j\u00e0 parfaitement en ligne avec le RGPD.<\/p>\n<p><strong>Notre engagement est continu<\/strong>, en effet, nous v\u00e9rifions r\u00e9guli\u00e8rement l&#8217;efficacit\u00e9 et l&#8217;ad\u00e9quation des mesures adopt\u00e9es et mises en \u0153uvre, dans le respect et afin de garantir la protection des bases de donn\u00e9es, des droits et des libert\u00e9s fondamentales des personnes, ainsi que l&#8217;application du traitement des donn\u00e9es par ceux qui utilisent nos services.<\/p>\n<p>Dans le tableau ci-dessous, vous trouverez tous les d\u00e9tails sur le travail accompli qui vous permet d&#8217;utiliser nos produits et services en toute s\u00e9curit\u00e9.<\/p>\n<div id=\"g1-table-gdpr\" class=\"g1-table g1-table--solid \">\n<table width=\"100%\">\n<tbody>\n<tr>\n<td align=\"left\" valign=\"center\"><i><span style=\"font-weight: 400;\">Nous avons nomm\u00e9 un D\u00e9l\u00e9gu\u00e9 \u00e0 la Protection des Donn\u00e9es (DPO)<\/span><\/i><\/td>\n<td align=\"center\" valign=\"top\" width=\"100px\">\n<style type=\"text\/css\" scoped=\"scoped\">#icon-1.g1-icon { color: #005293; }<\/style>\n<p><i id=\"icon-1\" class=\"g1-icon g1-icon--none g1-icon--medium g1-icon--inherit fa fa-check-square\"><\/i><\/td>\n<\/tr>\n<tr>\n<td align=\"left\" valign=\"center\"><i><span style=\"font-weight: 400;\">Nous avons form\u00e9 une \u00e9quipe impliqu\u00e9e dans le traitement des donn\u00e9es et les activit\u00e9s de contr\u00f4le associ\u00e9es<\/span><\/i><\/td>\n<td align=\"center\" valign=\"top\" width=\"100px\">\n<style type=\"text\/css\" scoped=\"scoped\">#icon-2.g1-icon { color: #005293; }<\/style>\n<p><i id=\"icon-1\" class=\"g1-icon g1-icon--none g1-icon--medium g1-icon--inherit fa fa-check-square\"><\/i><\/td>\n<\/tr>\n<tr>\n<td align=\"left\" valign=\"center\"><i><span style=\"font-weight: 400;\">Notre politique sur les droits des personnes concern\u00e9es et les proc\u00e9dures de preuve du consentement au traitement des donn\u00e9es ont \u00e9t\u00e9 mises \u00e0 jour<\/span><\/i><\/td>\n<td align=\"center\" valign=\"top\" width=\"100px\">\n<style type=\"text\/css\" scoped=\"scoped\">#icon-3.g1-icon { color: #005293; }<\/style>\n<p><i id=\"icon-1\" class=\"g1-icon g1-icon--none g1-icon--medium g1-icon--inherit fa fa-check-square\"><\/i><\/td>\n<\/tr>\n<tr>\n<td align=\"left\" valign=\"center\"><i><span style=\"font-weight: 400;\">Nous avons cr\u00e9\u00e9 une divulgation d\u00e9taill\u00e9e et adapt\u00e9e au RGPD, facile \u00e0 comprendre, afin de permettre aux personnes concern\u00e9es de savoir comment exercer leurs droits<\/span><\/i><\/td>\n<td align=\"center\" valign=\"top\" width=\"100px\">\n<style type=\"text\/css\" scoped=\"scoped\">#icon-4.g1-icon { color: #005293; }<\/style>\n<p><i id=\"icon-1\" class=\"g1-icon g1-icon--none g1-icon--medium g1-icon--inherit fa fa-check-square\"><\/i><\/td>\n<\/tr>\n<tr>\n<td align=\"left\" valign=\"center\"><i><span style=\"font-weight: 400;\">En cas de violation des donn\u00e9es personnelles, nos proc\u00e9dures de r\u00e9ponse sont rapides et se d\u00e9roulent sans aucun retard apr\u00e8s la d\u00e9tection de l&#8217;anomalie<\/span><\/i><\/td>\n<td align=\"center\" valign=\"top\" width=\"100px\">\n<style type=\"text\/css\" scoped=\"scoped\">#icon-5.g1-icon { color: #005293; }<\/style>\n<p><i id=\"icon-1\" class=\"g1-icon g1-icon--none g1-icon--medium g1-icon--inherit fa fa-check-square\"><\/i><\/td>\n<\/tr>\n<tr>\n<td align=\"left\" valign=\"center\"><i><span style=\"font-weight: 400;\">Nous avons effectu\u00e9 la DPIA (\u00e9valuation de l&#8217;impact sur la protection des donn\u00e9es)<\/span><\/i><\/td>\n<td align=\"center\" valign=\"top\" width=\"100px\">\n<style type=\"text\/css\" scoped=\"scoped\">#icon-6.g1-icon { color: #005293; }<\/style>\n<p><i id=\"icon-1\" class=\"g1-icon g1-icon--none g1-icon--medium g1-icon--inherit fa fa-check-square\"><\/i><\/td>\n<\/tr>\n<tr>\n<td align=\"left\" valign=\"center\"><i><span style=\"font-weight: 400;\">Nous avons appliqu\u00e9 les principes du RGPD \u00e0 divers aspects du traitement des donn\u00e9es : activit\u00e9s, objectifs, description des cat\u00e9gories de destinataires et \u00e9ventuels transferts de donn\u00e9es<\/span><\/i><\/td>\n<td align=\"center\" valign=\"top\" width=\"100px\">\n<style type=\"text\/css\" scoped=\"scoped\">#icon-7.g1-icon { color: #005293; }<\/style>\n<p><i id=\"icon-1\" class=\"g1-icon g1-icon--none g1-icon--medium g1-icon--inherit fa fa-check-square\"><\/i><\/td>\n<\/tr>\n<tr>\n<td align=\"left\" valign=\"center\"><i><span style=\"font-weight: 400;\">Nos mesures techniques et organisationnelles ont \u00e9t\u00e9 consolid\u00e9es<\/span><\/i><\/td>\n<td align=\"center\" valign=\"top\" width=\"100px\">\n<style type=\"text\/css\" scoped=\"scoped\">#icon-8.g1-icon { color: #005293; }<\/style>\n<p><i id=\"icon-1\" class=\"g1-icon g1-icon--none g1-icon--medium g1-icon--inherit fa fa-check-square\"><\/i><\/td>\n<\/tr>\n<tr>\n<td align=\"left\" valign=\"center\"><i><span style=\"font-weight: 400;\">Nous garantissons le droit \u00e0 la portabilit\u00e9 des donn\u00e9es de la personne concern\u00e9e vers et depuis des syst\u00e8mes tiers<\/span><\/i><\/td>\n<td align=\"center\" valign=\"top\" width=\"100px\">\n<style type=\"text\/css\" scoped=\"scoped\">#icon-9.g1-icon { color: #005293; }<\/style>\n<p><i id=\"icon-1\" class=\"g1-icon g1-icon--none g1-icon--medium g1-icon--inherit fa fa-check-square\"><\/i><\/td>\n<\/tr>\n<tr>\n<td align=\"left\" valign=\"center\"><i><span style=\"font-weight: 400;\">Le niveau de protection pour le transfert des donn\u00e9es vers des pays hors UE a \u00e9t\u00e9 renforc\u00e9 avec des protocoles ad\u00e9quats<\/span><\/i><\/td>\n<td align=\"center\" valign=\"top\" width=\"100px\">\n<style type=\"text\/css\" scoped=\"scoped\">#icon-10.g1-icon { color: #005293; }<\/style>\n<p><i id=\"icon-1\" class=\"g1-icon g1-icon--none g1-icon--medium g1-icon--inherit fa fa-check-square\"><\/i><\/td>\n<\/tr>\n<tr>\n<td align=\"left\" valign=\"center\"><i><span style=\"font-weight: 400;\">Il y a quelque temps, nous avons adopt\u00e9 la protection de la vie priv\u00e9e d\u00e8s la conception (Privacy by Design) pour mettre en \u0153uvre efficacement les principes du RGPD dans la protection et le traitement des donn\u00e9es<\/span><\/i><\/td>\n<td align=\"center\" valign=\"top\" width=\"100px\">\n<style type=\"text\/css\" scoped=\"scoped\">#icon-11.g1-icon { color: #005293; }<\/style>\n<p><i id=\"icon-1\" class=\"g1-icon g1-icon--none g1-icon--medium g1-icon--inherit fa fa-check-square\"><\/i><\/td>\n<\/tr>\n<\/tbody>\n<\/table>\n<\/div>\n<p>&nbsp;<\/p>\n<h2>Comment \u00eatre en conformit\u00e9 avec le RGPD.<\/h2>\n<p><strong>Vous \u00eates le responsable du traitement de vos donn\u00e9es personnelles et TurboSMTP traite les donn\u00e9es personnelles<\/strong> en votre nom. <\/p>\n<p>Pour vous aider dans vos activit\u00e9s, nous vous offrons les outils les plus s\u00fbrs et les plus fiables, conformes au RGPD. <\/p>\n<p>Nous vous invitons \u00e0 consulter les conseils suivants afin que vous sachiez quoi faire pour respecter les nouvelles dispositions sur la protection de la vie priv\u00e9e et comment utiliser correctement TurboSMTP :<\/p>\n<ul id=\"g1-list-1\" class=\"g1-list--icon g1-list--simple \">\n<li><i class=\"fa fa-arrow-right g1-list__icon\"><\/i><strong>Prot\u00e9gez votre PC avec un mot de passe et un antivirus :<\/strong> personne d&#8217;autre ne pourra acc\u00e9der \u00e0 vos donn\u00e9es.<\/li>\n<li><i class=\"fa fa-arrow-right g1-list__icon\"><\/i><strong>Pr\u00eatez attention \u00e0 nos nouvelles conditions de traitement<\/strong> des donn\u00e9es, mises \u00e0 jour pour \u00eatre conformes au RGPD<\/li>\n<li><i class=\"fa fa-arrow-right g1-list__icon\"><\/i><strong>Changez r\u00e9guli\u00e8rement votre mot de passe<\/strong> de connexion<\/li>\n<li><i class=\"fa fa-arrow-right g1-list__icon\"><\/i><strong>Assurez-vous que vos donn\u00e9es sont prot\u00e9g\u00e9es<\/strong> lorsque vous exportez vos donn\u00e9es depuis turboSMTP.<\/li>\n<li><i class=\"fa fa-arrow-right g1-list__icon\"><\/i><strong>Si vous utilisez une API tierce pour importer vos donn\u00e9es<\/strong>, assurez-vous d&#8217;avoir un contrat de mise \u00e0 jour concernant le traitement des donn\u00e9es conforme au RGPD<\/li>\n<\/ul>\n","protected":false},"excerpt":{"rendered":"<p>Prot\u00e9ger la vie priv\u00e9e de nos utilisateurs est une priorit\u00e9 pour nous, c&#8217;est pourquoi nous prenons les mesures les plus strictes et adoptons les meilleures pratiques pour la protection des donn\u00e9es. Notre travail est bas\u00e9 sur le principe de la protection de la vie priv\u00e9e d\u00e8s la conception (Privacy by Design). Notre entreprise a d\u00e9j\u00e0 &#8230; <\/p>\n<p class=\"read-more-container\"><a title=\"Regulation (EU) 2016\/679 &#8211; GDPR\ufeff\" class=\"read-more button\" href=\"https:\/\/serversmtp.com\/fr\/regulation-eu-2016-679-gdpr\/#more-3851\" aria-label=\"En savoir plus sur Regulation (EU) 2016\/679 &#8211; GDPR\ufeff\">Discover more<\/a><\/p>\n","protected":false},"author":1,"featured_media":0,"parent":0,"menu_order":0,"comment_status":"closed","ping_status":"closed","template":"","meta":{"_eb_attr":"","inline_featured_image":false,"_monsterinsights_skip_tracking":false,"_monsterinsights_sitenote_active":false,"_monsterinsights_sitenote_note":"","_monsterinsights_sitenote_category":0,"footnotes":""},"class_list":["post-3851","page","type-page","status-publish"],"yoast_head":"<!-- This site is optimized with the Yoast SEO plugin v25.3.1 - https:\/\/yoast.com\/wordpress\/plugins\/seo\/ -->\n<title>Regulation (EU) 2016\/679 - GDPR\ufeff - smtp mail server - professional SMTP service provider<\/title>\n<meta name=\"robots\" content=\"index, follow, max-snippet:-1, max-image-preview:large, max-video-preview:-1\" \/>\n<link rel=\"canonical\" href=\"https:\/\/serversmtp.com\/fr\/regulation-eu-2016-679-gdpr\/\" \/>\n<meta name=\"twitter:label1\" content=\"Dur\u00e9e de lecture estim\u00e9e\" \/>\n\t<meta name=\"twitter:data1\" content=\"4 minutes\" \/>\n<!-- \/ Yoast SEO plugin. -->","yoast_head_json":{"title":"Regulation (EU) 2016\/679 - GDPR\ufeff - smtp mail server - professional SMTP service provider","robots":{"index":"index","follow":"follow","max-snippet":"max-snippet:-1","max-image-preview":"max-image-preview:large","max-video-preview":"max-video-preview:-1"},"canonical":"https:\/\/serversmtp.com\/fr\/regulation-eu-2016-679-gdpr\/","twitter_misc":{"Dur\u00e9e de lecture estim\u00e9e":"4 minutes"},"schema":{"@context":"https:\/\/schema.org","@graph":[{"@type":"WebPage","@id":"https:\/\/serversmtp.com\/fr\/regulation-eu-2016-679-gdpr\/","url":"https:\/\/serversmtp.com\/fr\/regulation-eu-2016-679-gdpr\/","name":"Regulation (EU) 2016\/679 - GDPR\ufeff - smtp mail server - professional SMTP service provider","isPartOf":{"@id":"https:\/\/serversmtp.com\/fr\/#website"},"primaryImageOfPage":{"@id":"https:\/\/serversmtp.com\/fr\/regulation-eu-2016-679-gdpr\/#primaryimage"},"image":{"@id":"https:\/\/serversmtp.com\/fr\/regulation-eu-2016-679-gdpr\/#primaryimage"},"thumbnailUrl":"https:\/\/serversmtp.com\/wp-content\/uploads\/2018\/07\/servers_usa.png","datePublished":"2018-05-14T08:35:14+00:00","dateModified":"2024-09-03T08:21:17+00:00","breadcrumb":{"@id":"https:\/\/serversmtp.com\/fr\/regulation-eu-2016-679-gdpr\/#breadcrumb"},"inLanguage":"fr-FR","potentialAction":[{"@type":"ReadAction","target":["https:\/\/serversmtp.com\/fr\/regulation-eu-2016-679-gdpr\/"]}]},{"@type":"ImageObject","inLanguage":"fr-FR","@id":"https:\/\/serversmtp.com\/fr\/regulation-eu-2016-679-gdpr\/#primaryimage","url":"https:\/\/serversmtp.com\/wp-content\/uploads\/2018\/07\/servers_usa.png","contentUrl":"https:\/\/serversmtp.com\/wp-content\/uploads\/2018\/07\/servers_usa.png"},{"@type":"BreadcrumbList","@id":"https:\/\/serversmtp.com\/fr\/regulation-eu-2016-679-gdpr\/#breadcrumb","itemListElement":[{"@type":"ListItem","position":1,"name":"Home","item":"https:\/\/serversmtp.com\/fr\/"},{"@type":"ListItem","position":2,"name":"Regulation (EU) 2016\/679 &#8211; GDPR\ufeff"}]},{"@type":"WebSite","@id":"https:\/\/serversmtp.com\/fr\/#website","url":"https:\/\/serversmtp.com\/fr\/","name":"smtp mail server - professional SMTP service provider","description":"smtp mail server - professional SMTP service provider","publisher":{"@id":"https:\/\/serversmtp.com\/fr\/#organization"},"potentialAction":[{"@type":"SearchAction","target":{"@type":"EntryPoint","urlTemplate":"https:\/\/serversmtp.com\/fr\/?s={search_term_string}"},"query-input":{"@type":"PropertyValueSpecification","valueRequired":true,"valueName":"search_term_string"}}],"inLanguage":"fr-FR"},{"@type":"Organization","@id":"https:\/\/serversmtp.com\/fr\/#organization","name":"Delivery Tech","url":"https:\/\/serversmtp.com\/fr\/","logo":{"@type":"ImageObject","inLanguage":"fr-FR","@id":"https:\/\/serversmtp.com\/fr\/#\/schema\/logo\/image\/","url":"https:\/\/serversmtp.com\/wp-content\/uploads\/2021\/11\/og-image-2.jpg","contentUrl":"https:\/\/serversmtp.com\/wp-content\/uploads\/2021\/11\/og-image-2.jpg","width":1200,"height":1128,"caption":"Delivery Tech"},"image":{"@id":"https:\/\/serversmtp.com\/fr\/#\/schema\/logo\/image\/"}}]}},"_links":{"self":[{"href":"https:\/\/serversmtp.com\/fr\/wp-json\/wp\/v2\/pages\/3851"}],"collection":[{"href":"https:\/\/serversmtp.com\/fr\/wp-json\/wp\/v2\/pages"}],"about":[{"href":"https:\/\/serversmtp.com\/fr\/wp-json\/wp\/v2\/types\/page"}],"author":[{"embeddable":true,"href":"https:\/\/serversmtp.com\/fr\/wp-json\/wp\/v2\/users\/1"}],"replies":[{"embeddable":true,"href":"https:\/\/serversmtp.com\/fr\/wp-json\/wp\/v2\/comments?post=3851"}],"version-history":[{"count":11,"href":"https:\/\/serversmtp.com\/fr\/wp-json\/wp\/v2\/pages\/3851\/revisions"}],"predecessor-version":[{"id":20580,"href":"https:\/\/serversmtp.com\/fr\/wp-json\/wp\/v2\/pages\/3851\/revisions\/20580"}],"wp:attachment":[{"href":"https:\/\/serversmtp.com\/fr\/wp-json\/wp\/v2\/media?parent=3851"}],"curies":[{"name":"wp","href":"https:\/\/api.w.org\/{rel}","templated":true}]}}