{"id":2696,"date":"2018-04-18T11:46:56","date_gmt":"2018-04-18T09:46:56","guid":{"rendered":"https:\/\/dev.serversmtp.com\/?page_id=2696"},"modified":"2022-02-14T11:18:52","modified_gmt":"2022-02-14T10:18:52","slug":"creation-template-delivrabilite","status":"publish","type":"page","link":"https:\/\/serversmtp.com\/fr\/creation-template-delivrabilite\/","title":{"rendered":"Un bon template email HTML augmente la d\u00e9livrabilit\u00e9\ufeff"},"content":{"rendered":"<p>Un <strong>mod\u00e8le HTML propre<\/strong> et soigneusement cod\u00e9 est essentiel quand il se agit de construire une campagne d&#8217;emailing: il assure une meilleure <strong>exp\u00e9rience de lecture<\/strong>; il garantit que la newsletter soit <strong>bien affich\u00e9e<\/strong> sur tous les clients; et il contribue aussi \u00e0 votre <strong>d\u00e9livrabilit\u00e9<\/strong>: un mauvaise HTML peut nuire \u00e0 la capacit\u00e9 de l&#8217;email d&#8217;acc\u00e9der \u00e0 toutes les bo\u00eetes de r\u00e9ception.<\/p>\n<p>Donc, nous vous sugg\u00e9rons de concevoir vos templates avec notre nouveau\u00a0<strong><a title=\"logiciel cr\u00e9ation newsletter\" href=\"http:\/\/www.newslettercreator.com\/fr\/pourquoi-choisir-mailstyler\/\">logiciel de cr\u00e9ation de newsletter d\u00e9di\u00e9<\/a><\/strong>: MailStyler.<\/p>\n<p>MailStyler est le logiciel de composition template le plus facile \u00e0 utiliser au monde: il vous permet de composer des mod\u00e8les 100% personnalis\u00e9s avec une simple s\u00e9rie de glisser-d\u00e9posers.<\/p>\n<div class=\"video-mailstyler2\"><iframe src=\"https:\/\/www.youtube.com\/embed\/aZJYdV6Szi0\" width=\"560\" height=\"315\" frameborder=\"0\"><\/iframe><\/div>\n<p>La combination d&#8217;un template cr\u00e9e avec MailStyler et turboSMTP comme serveur d&#8217;envoi garantit <strong>le taux le plus \u00e9l\u00e9v\u00e9 de livraison de vos campagnes<\/strong>.<\/p>\n<div style=\"text-align: center;\"><a id=\"get-it-free\" class=\"g1-button g1-button--small g1-button--solid g1-button-- button-mailstyler-green\" href=\"https:\/\/www.newslettercreator.com\/utils\/download\/pre-download.php\" title=\"get it free\">TELECHARGER MAILSTYLER<br \/>obtenez le d\u00e9mo gratuit<\/a><\/div>\n","protected":false},"excerpt":{"rendered":"<p>Un mod\u00e8le HTML propre et soigneusement cod\u00e9 est essentiel quand il se agit de construire une campagne d&#8217;emailing: il assure une meilleure exp\u00e9rience de lecture; il garantit que la newsletter soit bien affich\u00e9e sur tous les clients; et il contribue aussi \u00e0 votre d\u00e9livrabilit\u00e9: un mauvaise HTML peut nuire \u00e0 la capacit\u00e9 de l&#8217;email d&#8217;acc\u00e9der &#8230; <\/p>\n<p class=\"read-more-container\"><a title=\"Un bon template email HTML augmente la d\u00e9livrabilit\u00e9\ufeff\" class=\"read-more button\" href=\"https:\/\/serversmtp.com\/fr\/creation-template-delivrabilite\/#more-2696\" aria-label=\"En savoir plus sur Un bon template email HTML augmente la d\u00e9livrabilit\u00e9\ufeff\">Discover more<\/a><\/p>\n","protected":false},"author":1,"featured_media":0,"parent":0,"menu_order":0,"comment_status":"closed","ping_status":"closed","template":"","meta":{"_eb_attr":"","inline_featured_image":false,"_monsterinsights_skip_tracking":false,"_monsterinsights_sitenote_active":false,"_monsterinsights_sitenote_note":"","_monsterinsights_sitenote_category":0,"footnotes":""},"class_list":["post-2696","page","type-page","status-publish"],"yoast_head":"<!-- This site is optimized with the Yoast SEO plugin v25.3.1 - https:\/\/yoast.com\/wordpress\/plugins\/seo\/ -->\n<title>Un bon template email HTML augmente la d\u00e9livrabilit\u00e9\ufeff - smtp mail server - professional SMTP service provider<\/title>\n<meta name=\"robots\" content=\"index, follow, max-snippet:-1, max-image-preview:large, max-video-preview:-1\" \/>\n<link rel=\"canonical\" href=\"https:\/\/serversmtp.com\/fr\/creation-template-delivrabilite\/\" \/>\n<meta name=\"twitter:label1\" content=\"Dur\u00e9e de lecture estim\u00e9e\" \/>\n\t<meta name=\"twitter:data1\" content=\"1 minute\" \/>\n<!-- \/ Yoast SEO plugin. -->","yoast_head_json":{"title":"Un bon template email HTML augmente la d\u00e9livrabilit\u00e9\ufeff - smtp mail server - professional SMTP service provider","robots":{"index":"index","follow":"follow","max-snippet":"max-snippet:-1","max-image-preview":"max-image-preview:large","max-video-preview":"max-video-preview:-1"},"canonical":"https:\/\/serversmtp.com\/fr\/creation-template-delivrabilite\/","twitter_misc":{"Dur\u00e9e de lecture estim\u00e9e":"1 minute"},"schema":{"@context":"https:\/\/schema.org","@graph":[{"@type":"WebPage","@id":"https:\/\/serversmtp.com\/fr\/creation-template-delivrabilite\/","url":"https:\/\/serversmtp.com\/fr\/creation-template-delivrabilite\/","name":"Un bon template email HTML augmente la d\u00e9livrabilit\u00e9\ufeff - smtp mail server - professional SMTP service provider","isPartOf":{"@id":"https:\/\/serversmtp.com\/de\/#website"},"datePublished":"2018-04-18T09:46:56+00:00","dateModified":"2022-02-14T10:18:52+00:00","breadcrumb":{"@id":"https:\/\/serversmtp.com\/fr\/creation-template-delivrabilite\/#breadcrumb"},"inLanguage":"fr-FR","potentialAction":[{"@type":"ReadAction","target":["https:\/\/serversmtp.com\/fr\/creation-template-delivrabilite\/"]}]},{"@type":"BreadcrumbList","@id":"https:\/\/serversmtp.com\/fr\/creation-template-delivrabilite\/#breadcrumb","itemListElement":[{"@type":"ListItem","position":1,"name":"Home","item":"https:\/\/serversmtp.com\/fr\/"},{"@type":"ListItem","position":2,"name":"Un bon template email HTML augmente la d\u00e9livrabilit\u00e9\ufeff"}]},{"@type":"WebSite","@id":"https:\/\/serversmtp.com\/de\/#website","url":"https:\/\/serversmtp.com\/de\/","name":"smtp mail server - professional SMTP service provider","description":"smtp mail server - professional SMTP service provider","publisher":{"@id":"https:\/\/serversmtp.com\/de\/#organization"},"potentialAction":[{"@type":"SearchAction","target":{"@type":"EntryPoint","urlTemplate":"https:\/\/serversmtp.com\/de\/?s={search_term_string}"},"query-input":{"@type":"PropertyValueSpecification","valueRequired":true,"valueName":"search_term_string"}}],"inLanguage":"fr-FR"},{"@type":"Organization","@id":"https:\/\/serversmtp.com\/de\/#organization","name":"Delivery Tech","url":"https:\/\/serversmtp.com\/de\/","logo":{"@type":"ImageObject","inLanguage":"fr-FR","@id":"https:\/\/serversmtp.com\/de\/#\/schema\/logo\/image\/","url":"https:\/\/serversmtp.com\/wp-content\/uploads\/2021\/11\/og-image-2.jpg","contentUrl":"https:\/\/serversmtp.com\/wp-content\/uploads\/2021\/11\/og-image-2.jpg","width":1200,"height":1128,"caption":"Delivery Tech"},"image":{"@id":"https:\/\/serversmtp.com\/de\/#\/schema\/logo\/image\/"}}]}},"_links":{"self":[{"href":"https:\/\/serversmtp.com\/fr\/wp-json\/wp\/v2\/pages\/2696"}],"collection":[{"href":"https:\/\/serversmtp.com\/fr\/wp-json\/wp\/v2\/pages"}],"about":[{"href":"https:\/\/serversmtp.com\/fr\/wp-json\/wp\/v2\/types\/page"}],"author":[{"embeddable":true,"href":"https:\/\/serversmtp.com\/fr\/wp-json\/wp\/v2\/users\/1"}],"replies":[{"embeddable":true,"href":"https:\/\/serversmtp.com\/fr\/wp-json\/wp\/v2\/comments?post=2696"}],"version-history":[{"count":6,"href":"https:\/\/serversmtp.com\/fr\/wp-json\/wp\/v2\/pages\/2696\/revisions"}],"predecessor-version":[{"id":12594,"href":"https:\/\/serversmtp.com\/fr\/wp-json\/wp\/v2\/pages\/2696\/revisions\/12594"}],"wp:attachment":[{"href":"https:\/\/serversmtp.com\/fr\/wp-json\/wp\/v2\/media?parent=2696"}],"curies":[{"name":"wp","href":"https:\/\/api.w.org\/{rel}","templated":true}]}}