{"id":2665,"date":"2018-04-18T10:45:12","date_gmt":"2018-04-18T08:45:12","guid":{"rendered":"https:\/\/dev.serversmtp.com\/?page_id=2665"},"modified":"2024-08-12T16:11:33","modified_gmt":"2024-08-12T14:11:33","slug":"contacts","status":"publish","type":"page","link":"https:\/\/serversmtp.com\/fr\/contacts\/","title":{"rendered":"Nous contacter\ufeff"},"content":{"rendered":"<p>Vous pouvez contacter turboSMTP par l&#8217;interm\u00e9diaire de l&#8217;un des canaux suivants, actifs 24\/7:<\/p>\n<ul class=\"contactusList clearfix\">\n<li class=\"contactusEmail\"><span class=\"title\">Email<\/span><span>Envoyez un email&nbsp;<a href=\"submitticket.php?step=2&amp;deptid=7\">maintenant<\/a><\/span><\/li>\n<li class=\"contactusChat\"><span class=\"title\">Chat en direct<\/span>\n<div><a class=\"fancybox-iframe\" href=\"https:\/\/tawk.to\/chat\/5b9b8524c9abba57967788e4\/1co5odsri\"><span>Cliquez ici<\/span><\/a><\/div>\n<\/li>\n<li class=\"contactusSkype\"><span class=\"title\">Skype<\/span><a href=\"skype:contacturbo?call\"><img decoding=\"async\" style=\"border: none;\" src=\"https:\/\/serversmtp.com\/wp-content\/uploads\/2024\/08\/call_blue_white_124x52.png\" alt=\"Skype Me\u2122!\" width=\"124\" height=\"52\" src=\"\"\/><\/a><\/li>\n<\/ul>\n<h3 id=\"h3-contact-us\">Support t\u00e9l\u00e9phonique international<\/h3>\n<p><strong>USA<\/strong><br \/>+1 (646) 963-6059 (num\u00e9ro actif 24\/7)<br \/>\n<strong>Centre\/Sud Am\u00e9rique<\/strong><br \/>\n+52 554 170.36.37 Mexico &#8211; langue espagnole)<\/p>\n","protected":false},"excerpt":{"rendered":"<p>Vous pouvez contacter turboSMTP par l&#8217;interm\u00e9diaire de l&#8217;un des canaux suivants, actifs 24\/7: EmailEnvoyez un email&nbsp;maintenant Chat en direct Cliquez ici Skype Support t\u00e9l\u00e9phonique international USA+1 (646) 963-6059 (num\u00e9ro actif 24\/7) Centre\/Sud Am\u00e9rique +52 554 170.36.37 Mexico &#8211; langue espagnole)<\/p>\n","protected":false},"author":1,"featured_media":0,"parent":0,"menu_order":0,"comment_status":"closed","ping_status":"closed","template":"","meta":{"_eb_attr":"","inline_featured_image":false,"_monsterinsights_skip_tracking":false,"_monsterinsights_sitenote_active":false,"_monsterinsights_sitenote_note":"","_monsterinsights_sitenote_category":0,"footnotes":""},"class_list":["post-2665","page","type-page","status-publish"],"yoast_head":"<!-- This site is optimized with the Yoast SEO plugin v25.3.1 - https:\/\/yoast.com\/wordpress\/plugins\/seo\/ -->\n<title>Nous contacter\ufeff - smtp mail server - professional SMTP service provider<\/title>\n<meta name=\"robots\" content=\"index, follow, max-snippet:-1, max-image-preview:large, max-video-preview:-1\" \/>\n<link rel=\"canonical\" href=\"https:\/\/serversmtp.com\/fr\/contacts\/\" \/>\n<meta name=\"twitter:label1\" content=\"Dur\u00e9e de lecture estim\u00e9e\" \/>\n\t<meta name=\"twitter:data1\" content=\"1 minute\" \/>\n<!-- \/ Yoast SEO plugin. -->","yoast_head_json":{"title":"Nous contacter\ufeff - smtp mail server - professional SMTP service provider","robots":{"index":"index","follow":"follow","max-snippet":"max-snippet:-1","max-image-preview":"max-image-preview:large","max-video-preview":"max-video-preview:-1"},"canonical":"https:\/\/serversmtp.com\/fr\/contacts\/","twitter_misc":{"Dur\u00e9e de lecture estim\u00e9e":"1 minute"},"schema":{"@context":"https:\/\/schema.org","@graph":[{"@type":"WebPage","@id":"https:\/\/serversmtp.com\/fr\/contacts\/","url":"https:\/\/serversmtp.com\/fr\/contacts\/","name":"Nous contacter\ufeff - smtp mail server - professional SMTP service provider","isPartOf":{"@id":"https:\/\/serversmtp.com\/it\/#website"},"primaryImageOfPage":{"@id":"https:\/\/serversmtp.com\/fr\/contacts\/#primaryimage"},"image":{"@id":"https:\/\/serversmtp.com\/fr\/contacts\/#primaryimage"},"thumbnailUrl":"https:\/\/serversmtp.com\/wp-content\/uploads\/2024\/08\/call_blue_white_124x52.png","datePublished":"2018-04-18T08:45:12+00:00","dateModified":"2024-08-12T14:11:33+00:00","breadcrumb":{"@id":"https:\/\/serversmtp.com\/fr\/contacts\/#breadcrumb"},"inLanguage":"fr-FR","potentialAction":[{"@type":"ReadAction","target":["https:\/\/serversmtp.com\/fr\/contacts\/"]}]},{"@type":"ImageObject","inLanguage":"fr-FR","@id":"https:\/\/serversmtp.com\/fr\/contacts\/#primaryimage","url":"https:\/\/serversmtp.com\/wp-content\/uploads\/2024\/08\/call_blue_white_124x52.png","contentUrl":"https:\/\/serversmtp.com\/wp-content\/uploads\/2024\/08\/call_blue_white_124x52.png"},{"@type":"BreadcrumbList","@id":"https:\/\/serversmtp.com\/fr\/contacts\/#breadcrumb","itemListElement":[{"@type":"ListItem","position":1,"name":"Home","item":"https:\/\/serversmtp.com\/fr\/"},{"@type":"ListItem","position":2,"name":"Nous contacter\ufeff"}]},{"@type":"WebSite","@id":"https:\/\/serversmtp.com\/it\/#website","url":"https:\/\/serversmtp.com\/it\/","name":"smtp mail server - professional SMTP service provider","description":"smtp mail server - professional SMTP service provider","publisher":{"@id":"https:\/\/serversmtp.com\/it\/#organization"},"potentialAction":[{"@type":"SearchAction","target":{"@type":"EntryPoint","urlTemplate":"https:\/\/serversmtp.com\/it\/?s={search_term_string}"},"query-input":{"@type":"PropertyValueSpecification","valueRequired":true,"valueName":"search_term_string"}}],"inLanguage":"fr-FR"},{"@type":"Organization","@id":"https:\/\/serversmtp.com\/it\/#organization","name":"Delivery Tech","url":"https:\/\/serversmtp.com\/it\/","logo":{"@type":"ImageObject","inLanguage":"fr-FR","@id":"https:\/\/serversmtp.com\/it\/#\/schema\/logo\/image\/","url":"https:\/\/serversmtp.com\/wp-content\/uploads\/2021\/11\/og-image-2.jpg","contentUrl":"https:\/\/serversmtp.com\/wp-content\/uploads\/2021\/11\/og-image-2.jpg","width":1200,"height":1128,"caption":"Delivery Tech"},"image":{"@id":"https:\/\/serversmtp.com\/it\/#\/schema\/logo\/image\/"}}]}},"_links":{"self":[{"href":"https:\/\/serversmtp.com\/fr\/wp-json\/wp\/v2\/pages\/2665"}],"collection":[{"href":"https:\/\/serversmtp.com\/fr\/wp-json\/wp\/v2\/pages"}],"about":[{"href":"https:\/\/serversmtp.com\/fr\/wp-json\/wp\/v2\/types\/page"}],"author":[{"embeddable":true,"href":"https:\/\/serversmtp.com\/fr\/wp-json\/wp\/v2\/users\/1"}],"replies":[{"embeddable":true,"href":"https:\/\/serversmtp.com\/fr\/wp-json\/wp\/v2\/comments?post=2665"}],"version-history":[{"count":15,"href":"https:\/\/serversmtp.com\/fr\/wp-json\/wp\/v2\/pages\/2665\/revisions"}],"predecessor-version":[{"id":20390,"href":"https:\/\/serversmtp.com\/fr\/wp-json\/wp\/v2\/pages\/2665\/revisions\/20390"}],"wp:attachment":[{"href":"https:\/\/serversmtp.com\/fr\/wp-json\/wp\/v2\/media?parent=2665"}],"curies":[{"name":"wp","href":"https:\/\/api.w.org\/{rel}","templated":true}]}}