{"id":2322,"date":"2018-04-12T15:51:41","date_gmt":"2018-04-12T13:51:41","guid":{"rendered":"https:\/\/dev.serversmtp.com\/?page_id=2322"},"modified":"2018-04-12T15:51:41","modified_gmt":"2018-04-12T13:51:41","slug":"smtp-sortant","status":"publish","type":"page","link":"https:\/\/serversmtp.com\/fr\/smtp-sortant\/","title":{"rendered":"Qu&#8217;est-ce qu&#8217;un serveur SMTP sortant?"},"content":{"rendered":"<p>Un <strong>serveur SMTP sortant<\/strong> est la machine qui &#8220;parle&#8221; le protocole SMTP et g\u00e8re le processus de <strong>livraison des emails envoy\u00e9s<\/strong> (d&#8217;o\u00f9 le nom, sortant; au contraire, le serveur entrant permet au destinataire de les t\u00e9l\u00e9charger).<\/p>\n<p>Tout fournisseur de messagerie &#8211; comme Gmail, SFR, Num\u00e9ricable, etc. &#8211; dispose d&#8217;un <strong>serveur SMTP propre<\/strong> qui peut \u00eatre facilement configur\u00e9 sur un client de messagerie ou des logiciels d&#8217;emailing (Thunderbird, Outlook&#8230; ) pour envoyer vos messages directement \u00e0 partir du bureau. L&#8217;installation est tr\u00e8s rapide, mais vous aurez besoin des param\u00e8tres correcte de votre serveur sortant.<\/p>\n<p>La fa\u00e7on la plus simple de les est de v\u00e9rifier le tableau ci-dessous contient les noms des <strong>serveurs SMTP les plus populaires<\/strong>. Dans le cas o\u00f9 vous ne trouvez pas le v\u00f4tre, il est mieux de demander directement \u00e0 votre fournisseur de messagerie.<\/p>\n<p>Mais n&#8217;oubliez pas que si vous devez envoyer un <strong>email en masse<\/strong> comme un bulletin d&#8217;information, ou devez simplement envoyer des emails illimit\u00e9s, il faut opter pour un <strong>service SMTP professionnel<\/strong> comme <a title=\"serveur SMTP\" href=\"\/fr\/signup\">turboSMTP<\/a>.<\/p>\n<p>En effet, un serveur SMTP de messagerie commun utilise des adresses IP al\u00e9atoires qui peuvent \u00e9galement \u00eatre affect\u00e9s par une mauvaise r\u00e9putation, ou bien blacklist\u00e9s. C&#8217;est un vrai probl\u00e8me, surtout parce que vous n&#8217;obtenez pas de messages d&#8217;alerte: <strong>vos emails sont tout simplement bloqu\u00e9s<\/strong> par le filtre du destinataire, et c&#8217;est tout &#8211; sans que vous le sachiez.<\/p>\n<p>Au contraire, nos serveurs de messagerie sortants fiables et surveill\u00e9s peuvent vous garantir un <strong>taux de livraison maximale<\/strong> pour chaque message envoy\u00e9.<\/p>\n<p>Vous pouvez obtenir imm\u00e9diatement <a title=\"serveur SMTP professionnel\" href=\"\/fr\/signup\">6.000 relais gratuis par mois<\/a>, et dans la n\u00e9c\u00e9ssite d&#8217;envoyer plus d&#8217;emails, choisir le plan que vous pr\u00e9ferez.<\/p>\n<table style=\"width: 100%;\" border=\"1\" cellspacing=\"0\" cellpadding=\"4\">\n<colgroup>\n<col width=\"83*\" \/>\n<col width=\"75*\" \/>\n<col width=\"98*\" \/> <\/colgroup>\n<tbody>\n<tr valign=\"TOP\">\n<td width=\"32%\">\n<p lang=\"en-US\" align=\"CENTER\"><span style=\"font-size: small;\"><strong>FOURNISSEUR<\/strong><\/span><\/p>\n<\/td>\n<td width=\"29%\">\n<p lang=\"en-US\" align=\"CENTER\"><span style=\"font-size: small;\"><strong>URL<\/strong><\/span><\/p>\n<\/td>\n<td width=\"38%\">\n<p lang=\"en-US\" align=\"CENTER\"><span style=\"font-size: small;\"><strong>SMTP<\/strong><\/span><\/p>\n<\/td>\n<\/tr>\n<tr valign=\"TOP\">\n<td width=\"32%\">\n<p lang=\"en-US\" align=\"CENTER\"><span style=\"font-size: small;\"><strong>9 Telecom<\/strong><\/span><\/p>\n<\/td>\n<td width=\"29%\">\n<p lang=\"en-US\" align=\"CENTER\"><span style=\"font-size: small;\">Neuf.fr<\/span><\/p>\n<\/td>\n<td width=\"38%\">\n<p lang=\"en-US\" align=\"CENTER\"><span style=\"font-size: small;\">smtp.neuf.fr<\/span><\/p>\n<\/td>\n<\/tr>\n<tr valign=\"TOP\">\n<td width=\"32%\">\n<p lang=\"en-US\" align=\"CENTER\"><span style=\"font-size: small;\"><strong>Alice<\/strong><\/span><\/p>\n<\/td>\n<td width=\"29%\">\n<p lang=\"en-US\" align=\"CENTER\"><span style=\"font-size: small;\">Aliceadsl.fr<\/span><\/p>\n<\/td>\n<td width=\"38%\">\n<p lang=\"en-US\" align=\"CENTER\"><span style=\"font-size: small;\">smtp.aliceadsl.fr<\/span><\/p>\n<\/td>\n<\/tr>\n<tr valign=\"TOP\">\n<td width=\"32%\">\n<p lang=\"en-US\" align=\"CENTER\"><span style=\"font-size: small;\"><strong>AOL<\/strong><\/span><\/p>\n<\/td>\n<td width=\"29%\">\n<p lang=\"en-US\" align=\"CENTER\"><span style=\"font-size: small;\">Aol.com<\/span><\/p>\n<\/td>\n<td width=\"38%\">\n<p lang=\"en-US\" align=\"CENTER\"><span style=\"font-size: small;\">smtp.aol.com<\/span><\/p>\n<\/td>\n<\/tr>\n<tr valign=\"TOP\">\n<td width=\"32%\">\n<p lang=\"en-US\" align=\"CENTER\"><span style=\"font-size: small;\"><strong>AT&amp;T<\/strong><\/span><\/p>\n<\/td>\n<td width=\"29%\">\n<p lang=\"en-US\" align=\"CENTER\"><span style=\"font-size: small;\">Att.net<\/span><\/p>\n<\/td>\n<td width=\"38%\">\n<p lang=\"en-US\" align=\"CENTER\"><span style=\"font-size: small;\">outbound.att.net<\/span><\/p>\n<\/td>\n<\/tr>\n<tr valign=\"TOP\">\n<td width=\"32%\">\n<p lang=\"en-US\" align=\"CENTER\"><span style=\"font-size: small;\"><strong><span style=\"background-color: transparent;\">Bluewin<\/span><\/strong><\/span><\/p>\n<\/td>\n<td width=\"29%\">\n<p lang=\"en-US\" align=\"CENTER\"><span style=\"font-size: small;\"><span style=\"background-color: transparent;\">Bluewin.ch<\/span><\/span><\/p>\n<\/td>\n<td width=\"38%\">\n<p lang=\"en-US\" align=\"CENTER\"><span style=\"font-size: small;\"><span style=\"background-color: transparent;\">smtpauths.bluewin.ch <\/span><\/span><\/p>\n<\/td>\n<\/tr>\n<tr valign=\"TOP\">\n<td width=\"32%\">\n<p lang=\"en-US\" align=\"CENTER\"><span style=\"font-size: small;\"><strong>Bouygtel<\/strong><\/span><\/p>\n<\/td>\n<td width=\"29%\">\n<p lang=\"en-US\" align=\"CENTER\"><span style=\"font-size: small;\">Bouygtel.fr<\/span><\/p>\n<\/td>\n<td width=\"38%\">\n<p lang=\"en-US\" align=\"CENTER\"><span style=\"font-size: small;\">smtp.bouygtel.fr<\/span><\/p>\n<\/td>\n<\/tr>\n<tr valign=\"TOP\">\n<td width=\"32%\">\n<p lang=\"en-US\" align=\"CENTER\"><span style=\"font-size: small;\"><strong>Club Internet<\/strong><\/span><\/p>\n<\/td>\n<td width=\"29%\">\n<p lang=\"en-US\" align=\"CENTER\"><span style=\"font-size: small;\">Club-internet.fr<\/span><\/p>\n<\/td>\n<td width=\"38%\">\n<p lang=\"en-US\" align=\"CENTER\"><span style=\"font-size: small;\">mail.club-internet.fr<\/span><\/p>\n<\/td>\n<\/tr>\n<tr valign=\"TOP\">\n<td width=\"32%\">\n<p lang=\"en-US\" align=\"CENTER\"><span style=\"font-size: small;\"><strong>Free<\/strong><\/span><\/p>\n<\/td>\n<td width=\"29%\">\n<p lang=\"en-US\" align=\"CENTER\"><span style=\"font-size: small;\">Free.fr<\/span><\/p>\n<\/td>\n<td width=\"38%\">\n<p lang=\"en-US\" align=\"CENTER\"><span style=\"font-size: small;\">smtp.free.fr<\/span><\/p>\n<\/td>\n<\/tr>\n<tr valign=\"TOP\">\n<td width=\"32%\">\n<p lang=\"en-US\" align=\"CENTER\"><span style=\"font-size: small;\"><strong>Gmail<\/strong><\/span><\/p>\n<\/td>\n<td width=\"29%\">\n<p lang=\"en-US\" align=\"CENTER\"><span style=\"font-size: small;\">Gmail.com<\/span><\/p>\n<p lang=\"en-US\" align=\"CENTER\">\n<\/td>\n<td width=\"38%\">\n<p lang=\"en-US\" align=\"CENTER\"><span style=\"font-size: small;\">smtp.gmail.com<\/span><\/p>\n<\/td>\n<\/tr>\n<tr valign=\"TOP\">\n<td width=\"32%\">\n<p lang=\"en-US\" align=\"CENTER\"><span style=\"font-size: small;\"><strong>IFra<\/strong><\/span><\/p>\n<\/td>\n<td width=\"29%\">\n<p lang=\"en-US\" align=\"CENTER\"><span style=\"font-size: small;\">Ifrance.fr<\/span><\/p>\n<\/td>\n<td width=\"38%\">\n<p lang=\"en-US\" align=\"CENTER\"><span style=\"font-size: small;\">smtp.ifrance.fr<\/span><\/p>\n<\/td>\n<\/tr>\n<tr valign=\"TOP\">\n<td width=\"32%\">\n<p lang=\"en-US\" align=\"CENTER\"><span style=\"font-size: small;\"><strong>Hotmail<\/strong><\/span><\/p>\n<\/td>\n<td width=\"29%\">\n<p lang=\"en-US\" align=\"CENTER\"><span style=\"font-size: small;\">Hotmail.com<\/span><\/p>\n<\/td>\n<td width=\"38%\">\n<p lang=\"en-US\" align=\"CENTER\"><span style=\"font-size: small;\">smtp.live.com<\/span><\/p>\n<\/td>\n<\/tr>\n<tr valign=\"TOP\">\n<td width=\"32%\">\n<p lang=\"en-US\" align=\"CENTER\"><span style=\"font-size: small;\"><strong>LaPoste<\/strong><\/span><\/p>\n<\/td>\n<td width=\"29%\">\n<p lang=\"en-US\" align=\"CENTER\"><span style=\"font-size: small;\">Laposte.fr<\/span><\/p>\n<\/td>\n<td width=\"38%\">\n<p lang=\"en-US\" align=\"CENTER\"><span style=\"font-size: small;\">smtp.laposte.fr<\/span><\/p>\n<\/td>\n<\/tr>\n<tr valign=\"TOP\">\n<td width=\"32%\">\n<p lang=\"en-US\" align=\"CENTER\"><span style=\"font-size: small;\"><strong>NetCourrier<\/strong><\/span><\/p>\n<\/td>\n<td width=\"29%\">\n<p lang=\"en-US\" align=\"CENTER\"><span style=\"font-size: small;\">Netcourrier.com<\/span><\/p>\n<\/td>\n<td width=\"38%\">\n<p lang=\"en-US\" align=\"CENTER\"><span style=\"font-size: small;\">smtp.netcourrier.com<\/span><\/p>\n<\/td>\n<\/tr>\n<tr valign=\"TOP\">\n<td width=\"32%\">\n<p lang=\"en-US\" align=\"CENTER\"><span style=\"font-size: small;\"><strong>O2<\/strong><\/span><\/p>\n<\/td>\n<td width=\"29%\">\n<p lang=\"en-US\" align=\"CENTER\"><span style=\"font-size: small;\">o2.com<\/span><\/p>\n<\/td>\n<td width=\"38%\">\n<p lang=\"en-US\" align=\"CENTER\"><span style=\"font-size: small;\">smtp.o2.com<\/span><\/p>\n<\/td>\n<\/tr>\n<tr valign=\"TOP\">\n<td width=\"32%\">\n<p lang=\"en-US\" align=\"CENTER\"><span style=\"font-size: small;\"><strong>Orange<\/strong><\/span><\/p>\n<\/td>\n<td width=\"29%\">\n<p lang=\"en-US\" align=\"CENTER\"><span style=\"font-size: small;\">Orange.fr<\/span><\/p>\n<\/td>\n<td width=\"38%\">\n<p lang=\"en-US\" align=\"CENTER\"><span style=\"font-size: small;\">smtp.orange.fr<\/span><\/p>\n<\/td>\n<\/tr>\n<tr valign=\"TOP\">\n<td width=\"32%\">\n<p lang=\"en-US\" align=\"CENTER\"><span style=\"font-size: small;\"><strong>Outlook.com (former Hotmail)<\/strong><\/span><\/p>\n<\/td>\n<td width=\"29%\">\n<p lang=\"en-US\" align=\"CENTER\"><span style=\"font-size: small;\">Outlook.com<\/span><\/p>\n<\/td>\n<td width=\"38%\">\n<p lang=\"en-US\" align=\"CENTER\"><span style=\"font-size: small;\">smtp.live.com<\/span><\/p>\n<\/td>\n<\/tr>\n<tr valign=\"TOP\">\n<td width=\"32%\">\n<p lang=\"en-US\" align=\"CENTER\"><span style=\"font-size: small;\"><strong>Sympatico<\/strong><\/span><\/p>\n<\/td>\n<td width=\"29%\">\n<p lang=\"en-US\" align=\"CENTER\"><span style=\"font-size: small;\">Sympatico.ca<\/span><\/p>\n<\/td>\n<td width=\"38%\">\n<p lang=\"en-US\" align=\"CENTER\"><span style=\"font-size: small;\">smtphm.sympatico.ca<\/span><\/p>\n<\/td>\n<\/tr>\n<tr valign=\"TOP\">\n<td width=\"32%\">\n<p lang=\"en-US\" align=\"CENTER\"><span style=\"font-size: small;\"><strong>Tiscali<\/strong><\/span><\/p>\n<\/td>\n<td width=\"29%\">\n<p lang=\"en-US\" align=\"CENTER\"><span style=\"font-size: small;\">Tiscali.fr<\/span><\/p>\n<\/td>\n<td width=\"38%\">\n<p lang=\"en-US\" align=\"CENTER\"><span style=\"font-size: small;\">smtp.tiscali.fr<\/span><\/p>\n<\/td>\n<\/tr>\n<tr valign=\"TOP\">\n<td width=\"32%\">\n<p lang=\"en-US\" align=\"CENTER\"><span style=\"font-size: small;\"><strong>Verizon<\/strong><\/span><\/p>\n<\/td>\n<td width=\"29%\">\n<p lang=\"en-US\" align=\"CENTER\"><span style=\"font-size: small;\">Verizon.net<\/span><\/p>\n<\/td>\n<td width=\"38%\">\n<p lang=\"en-US\" align=\"CENTER\"><span style=\"font-size: small;\">outgoing.verizon.net<\/span><\/p>\n<\/td>\n<\/tr>\n<tr valign=\"TOP\">\n<td width=\"32%\">\n<p lang=\"en-US\" align=\"CENTER\"><span style=\"font-size: small;\"><strong>Voila<\/strong><\/span><\/p>\n<\/td>\n<td width=\"29%\">\n<p lang=\"en-US\" align=\"CENTER\"><span style=\"font-size: small;\">Voila.fr<\/span><\/p>\n<\/td>\n<td width=\"38%\">\n<p lang=\"en-US\" align=\"CENTER\"><span style=\"font-size: small;\">smtp.voila.fr<\/span><\/p>\n<\/td>\n<\/tr>\n<tr valign=\"TOP\">\n<td width=\"32%\">\n<p lang=\"en-US\" align=\"CENTER\"><span style=\"font-size: small;\"><strong>Wanadoo<\/strong><\/span><\/p>\n<\/td>\n<td width=\"29%\">\n<p lang=\"en-US\" align=\"CENTER\"><span style=\"font-size: small;\">Wanadoo.fr<\/span><\/p>\n<\/td>\n<td width=\"38%\">\n<p lang=\"en-US\" align=\"CENTER\"><span style=\"font-size: small;\">smtp.wanadoo.fr<\/span><\/p>\n<\/td>\n<\/tr>\n<tr valign=\"TOP\">\n<td width=\"32%\">\n<p lang=\"en-US\" align=\"CENTER\"><span style=\"font-size: small;\"><strong>Yahoo<\/strong><\/span><\/p>\n<\/td>\n<td width=\"29%\">\n<p lang=\"en-US\" align=\"CENTER\"><span style=\"font-size: small;\">Yahoo.com<\/span><\/p>\n<\/td>\n<td width=\"38%\">\n<p lang=\"en-US\" align=\"CENTER\"><span style=\"font-size: small;\">mail.yahoo.com<\/span><\/p>\n<\/td>\n<\/tr>\n<\/tbody>\n<\/table>\n","protected":false},"excerpt":{"rendered":"<p>Un serveur SMTP sortant est la machine qui &#8220;parle&#8221; le protocole SMTP et g\u00e8re le processus de livraison des emails envoy\u00e9s (d&#8217;o\u00f9 le nom, sortant; au contraire, le serveur entrant permet au destinataire de les t\u00e9l\u00e9charger). Tout fournisseur de messagerie &#8211; comme Gmail, SFR, Num\u00e9ricable, etc. &#8211; dispose d&#8217;un serveur SMTP propre qui peut \u00eatre &#8230; <\/p>\n<p class=\"read-more-container\"><a title=\"Qu&#8217;est-ce qu&#8217;un serveur SMTP sortant?\" class=\"read-more button\" href=\"https:\/\/serversmtp.com\/fr\/smtp-sortant\/#more-2322\" aria-label=\"En savoir plus sur Qu&#8217;est-ce qu&#8217;un serveur SMTP sortant?\">Discover more<\/a><\/p>\n","protected":false},"author":3,"featured_media":0,"parent":0,"menu_order":0,"comment_status":"closed","ping_status":"closed","template":"g1_template_page_sidebar_right.php","meta":{"_eb_attr":"","inline_featured_image":false,"_monsterinsights_skip_tracking":false,"_monsterinsights_sitenote_active":false,"_monsterinsights_sitenote_note":"","_monsterinsights_sitenote_category":0,"footnotes":""},"class_list":["post-2322","page","type-page","status-publish"],"yoast_head":"<!-- This site is optimized with the Yoast SEO plugin v25.3.1 - https:\/\/yoast.com\/wordpress\/plugins\/seo\/ -->\n<title>Qu&#039;est-ce qu&#039;un serveur SMTP sortant? - smtp mail server - professional SMTP service provider<\/title>\n<meta name=\"robots\" content=\"index, follow, max-snippet:-1, max-image-preview:large, max-video-preview:-1\" \/>\n<link rel=\"canonical\" href=\"https:\/\/serversmtp.com\/fr\/smtp-sortant\/\" \/>\n<meta name=\"twitter:label1\" content=\"Dur\u00e9e de lecture estim\u00e9e\" \/>\n\t<meta name=\"twitter:data1\" content=\"2 minutes\" \/>\n<!-- \/ Yoast SEO plugin. -->","yoast_head_json":{"title":"Qu'est-ce qu'un serveur SMTP sortant? - smtp mail server - professional SMTP service provider","robots":{"index":"index","follow":"follow","max-snippet":"max-snippet:-1","max-image-preview":"max-image-preview:large","max-video-preview":"max-video-preview:-1"},"canonical":"https:\/\/serversmtp.com\/fr\/smtp-sortant\/","twitter_misc":{"Dur\u00e9e de lecture estim\u00e9e":"2 minutes"},"schema":{"@context":"https:\/\/schema.org","@graph":[{"@type":"WebPage","@id":"https:\/\/serversmtp.com\/fr\/smtp-sortant\/","url":"https:\/\/serversmtp.com\/fr\/smtp-sortant\/","name":"Qu'est-ce qu'un serveur SMTP sortant? - smtp mail server - professional SMTP service provider","isPartOf":{"@id":"https:\/\/serversmtp.com\/#website"},"datePublished":"2018-04-12T13:51:41+00:00","breadcrumb":{"@id":"https:\/\/serversmtp.com\/fr\/smtp-sortant\/#breadcrumb"},"inLanguage":"fr-FR","potentialAction":[{"@type":"ReadAction","target":["https:\/\/serversmtp.com\/fr\/smtp-sortant\/"]}]},{"@type":"BreadcrumbList","@id":"https:\/\/serversmtp.com\/fr\/smtp-sortant\/#breadcrumb","itemListElement":[{"@type":"ListItem","position":1,"name":"Home","item":"https:\/\/serversmtp.com\/fr\/"},{"@type":"ListItem","position":2,"name":"Qu&#8217;est-ce qu&#8217;un serveur SMTP sortant?"}]},{"@type":"WebSite","@id":"https:\/\/serversmtp.com\/#website","url":"https:\/\/serversmtp.com\/","name":"smtp mail server - professional SMTP service provider","description":"smtp mail server - professional SMTP service provider","publisher":{"@id":"https:\/\/serversmtp.com\/#organization"},"potentialAction":[{"@type":"SearchAction","target":{"@type":"EntryPoint","urlTemplate":"https:\/\/serversmtp.com\/?s={search_term_string}"},"query-input":{"@type":"PropertyValueSpecification","valueRequired":true,"valueName":"search_term_string"}}],"inLanguage":"fr-FR"},{"@type":"Organization","@id":"https:\/\/serversmtp.com\/#organization","name":"Delivery Tech","url":"https:\/\/serversmtp.com\/","logo":{"@type":"ImageObject","inLanguage":"fr-FR","@id":"https:\/\/serversmtp.com\/#\/schema\/logo\/image\/","url":"https:\/\/serversmtp.com\/wp-content\/uploads\/2021\/11\/og-image-2.jpg","contentUrl":"https:\/\/serversmtp.com\/wp-content\/uploads\/2021\/11\/og-image-2.jpg","width":1200,"height":1128,"caption":"Delivery Tech"},"image":{"@id":"https:\/\/serversmtp.com\/#\/schema\/logo\/image\/"}}]}},"_links":{"self":[{"href":"https:\/\/serversmtp.com\/fr\/wp-json\/wp\/v2\/pages\/2322"}],"collection":[{"href":"https:\/\/serversmtp.com\/fr\/wp-json\/wp\/v2\/pages"}],"about":[{"href":"https:\/\/serversmtp.com\/fr\/wp-json\/wp\/v2\/types\/page"}],"author":[{"embeddable":true,"href":"https:\/\/serversmtp.com\/fr\/wp-json\/wp\/v2\/users\/3"}],"replies":[{"embeddable":true,"href":"https:\/\/serversmtp.com\/fr\/wp-json\/wp\/v2\/comments?post=2322"}],"version-history":[{"count":2,"href":"https:\/\/serversmtp.com\/fr\/wp-json\/wp\/v2\/pages\/2322\/revisions"}],"predecessor-version":[{"id":2324,"href":"https:\/\/serversmtp.com\/fr\/wp-json\/wp\/v2\/pages\/2322\/revisions\/2324"}],"wp:attachment":[{"href":"https:\/\/serversmtp.com\/fr\/wp-json\/wp\/v2\/media?parent=2322"}],"curies":[{"name":"wp","href":"https:\/\/api.w.org\/{rel}","templated":true}]}}