{"id":2282,"date":"2018-04-12T12:15:20","date_gmt":"2018-04-12T10:15:20","guid":{"rendered":"https:\/\/dev.serversmtp.com\/?page_id=2282"},"modified":"2018-04-12T12:20:58","modified_gmt":"2018-04-12T10:20:58","slug":"serveur-smtp","status":"publish","type":"page","link":"https:\/\/serversmtp.com\/fr\/serveur-smtp\/","title":{"rendered":"Serveur SMTP"},"content":{"rendered":"<p>Un <strong>serveur SMTP<\/strong> est la machine qui s&#8217;occupe de la livraison des courriers de poste electronique: et justement, il travaille avec le <a title=\"protocole smtp\" href=\"\/fr\/protocole-smtp\">protocole SMTP<\/a> (Simple Mail Transfer Protocol). En un mot, le serveur SMTP (ou <strong><a title=\"serveur sortant\" href=\"\/fr\/tsmtpregistration1.php\">serveur de poste sortant<\/a><\/strong>) prend soin de chaque email envoy\u00e9 \u00e0 partir d&#8217;un client ou d&#8217;un courrielleur web pour la transf\u00e9rer au serveur entrant du destinataire: un peu comme un <strong>facteur<\/strong>.<\/p>\n<p><img decoding=\"async\" class=\"aligncenter wp-image-536 size-full\" src=\"https:\/\/serversmtp.com\/wp-content\/uploads\/2018\/03\/what-is-smtp_0.png\" alt=\"\" width=\"580\" height=\"372\" srcset=\"https:\/\/serversmtp.com\/wp-content\/uploads\/2018\/03\/what-is-smtp_0.png 580w, https:\/\/serversmtp.com\/wp-content\/uploads\/2018\/03\/what-is-smtp_0-300x192.png 300w, https:\/\/serversmtp.com\/wp-content\/uploads\/2018\/03\/what-is-smtp_0-320x205.png 320w, https:\/\/serversmtp.com\/wp-content\/uploads\/2018\/03\/what-is-smtp_0-239x153.png 239w\" sizes=\"(max-width: 580px) 100vw, 580px\" \/><\/p>\n<p>Voil\u00e0 une <a title=\"param\u00e8tres smtp\" href=\"\/fr\/liste-serveur-smtp\">liste des param\u00e8tres des plus communs SMTP<\/a>.<\/p>\n<p>En tout cas, quand il s&#8217;agite d&#8217;envoyer de nombreux messages de poste electronique, il est conseill\u00e9 d&#8217;utiliser un <strong>serveur SMTP professionel<\/strong>. Cela pour deux raisons principales.<\/p>\n<p>Tout d&#8217;abord, les serveurs SMTP &#8220;normaux&#8221; &#8211; par exemple, ceux associ\u00e9s \u00e0 des fournisseurs d&#8217;email comme Hotmail, Gmail et Yahoo Mail &#8211; sont partag\u00e9s entre les utilisateurs et ils sont bas\u00e9s sur des IP (Internet Protocol) non d\u00e9di\u00e9s. Ce qui signifie que vous pourriez finir par compter sur une adresse IP qui est <strong>\u00e9galement utilis\u00e9 par un spammeur<\/strong>: un fait qui aura une incidence tr\u00e8s n\u00e9gative sur la livraison correcte de vos messages.<\/p>\n<p>En outre, nombreux serveurs de ce type \u00e9tablissent des <strong>strictes limites sur le nombre de courriels que vous pouvez envoyer<\/strong> (par exemple la restriction de Yahoo est de 100 emails par heure): ce qui rend tr\u00e8s compliqu\u00e9 la gestion d&#8217;une campagne email.<\/p>\n<p>C&#8217;est pourquoi, si vous envisagez d&#8217;envoyer un mail massif, nous vous recommandons d&#8217;utiliser un <strong><a title=\"Service SMTP\" href=\"\/fr\/tsmtpregistration1.php\">service de messagerie d\u00e9di\u00e9<\/a><\/strong> comme turboSMTP, qui \u00e9vite tous les probl\u00e8mes mentionn\u00e9s ci-dessus et maximize votre taux de livraison.<\/p>\n","protected":false},"excerpt":{"rendered":"<p>Un serveur SMTP est la machine qui s&#8217;occupe de la livraison des courriers de poste electronique: et justement, il travaille avec le protocole SMTP (Simple Mail Transfer Protocol). En un mot, le serveur SMTP (ou serveur de poste sortant) prend soin de chaque email envoy\u00e9 \u00e0 partir d&#8217;un client ou d&#8217;un courrielleur web pour la &#8230; <\/p>\n<p class=\"read-more-container\"><a title=\"Serveur SMTP\" class=\"read-more button\" href=\"https:\/\/serversmtp.com\/fr\/serveur-smtp\/#more-2282\" aria-label=\"En savoir plus sur Serveur SMTP\">Discover more<\/a><\/p>\n","protected":false},"author":3,"featured_media":0,"parent":0,"menu_order":0,"comment_status":"closed","ping_status":"closed","template":"g1_template_page_sidebar_right.php","meta":{"_eb_attr":"","inline_featured_image":false,"_monsterinsights_skip_tracking":false,"_monsterinsights_sitenote_active":false,"_monsterinsights_sitenote_note":"","_monsterinsights_sitenote_category":0,"footnotes":""},"class_list":["post-2282","page","type-page","status-publish"],"yoast_head":"<!-- This site is optimized with the Yoast SEO plugin v25.3.1 - https:\/\/yoast.com\/wordpress\/plugins\/seo\/ -->\n<title>Serveur SMTP - smtp mail server - professional SMTP service provider<\/title>\n<meta name=\"robots\" content=\"index, follow, max-snippet:-1, max-image-preview:large, max-video-preview:-1\" \/>\n<link rel=\"canonical\" href=\"https:\/\/serversmtp.com\/fr\/serveur-smtp\/\" \/>\n<meta name=\"twitter:label1\" content=\"Dur\u00e9e de lecture estim\u00e9e\" \/>\n\t<meta name=\"twitter:data1\" content=\"1 minute\" \/>\n<!-- \/ Yoast SEO plugin. -->","yoast_head_json":{"title":"Serveur SMTP - smtp mail server - professional SMTP service provider","robots":{"index":"index","follow":"follow","max-snippet":"max-snippet:-1","max-image-preview":"max-image-preview:large","max-video-preview":"max-video-preview:-1"},"canonical":"https:\/\/serversmtp.com\/fr\/serveur-smtp\/","twitter_misc":{"Dur\u00e9e de lecture estim\u00e9e":"1 minute"},"schema":{"@context":"https:\/\/schema.org","@graph":[{"@type":"WebPage","@id":"https:\/\/serversmtp.com\/fr\/serveur-smtp\/","url":"https:\/\/serversmtp.com\/fr\/serveur-smtp\/","name":"Serveur SMTP - smtp mail server - professional SMTP service provider","isPartOf":{"@id":"https:\/\/serversmtp.com\/#website"},"primaryImageOfPage":{"@id":"https:\/\/serversmtp.com\/fr\/serveur-smtp\/#primaryimage"},"image":{"@id":"https:\/\/serversmtp.com\/fr\/serveur-smtp\/#primaryimage"},"thumbnailUrl":"https:\/\/serversmtp.com\/wp-content\/uploads\/2018\/03\/what-is-smtp_0.png","datePublished":"2018-04-12T10:15:20+00:00","dateModified":"2018-04-12T10:20:58+00:00","breadcrumb":{"@id":"https:\/\/serversmtp.com\/fr\/serveur-smtp\/#breadcrumb"},"inLanguage":"fr-FR","potentialAction":[{"@type":"ReadAction","target":["https:\/\/serversmtp.com\/fr\/serveur-smtp\/"]}]},{"@type":"ImageObject","inLanguage":"fr-FR","@id":"https:\/\/serversmtp.com\/fr\/serveur-smtp\/#primaryimage","url":"https:\/\/serversmtp.com\/wp-content\/uploads\/2018\/03\/what-is-smtp_0.png","contentUrl":"https:\/\/serversmtp.com\/wp-content\/uploads\/2018\/03\/what-is-smtp_0.png"},{"@type":"BreadcrumbList","@id":"https:\/\/serversmtp.com\/fr\/serveur-smtp\/#breadcrumb","itemListElement":[{"@type":"ListItem","position":1,"name":"Home","item":"https:\/\/serversmtp.com\/fr\/"},{"@type":"ListItem","position":2,"name":"Serveur SMTP"}]},{"@type":"WebSite","@id":"https:\/\/serversmtp.com\/#website","url":"https:\/\/serversmtp.com\/","name":"smtp mail server - professional SMTP service provider","description":"smtp mail server - professional SMTP service provider","publisher":{"@id":"https:\/\/serversmtp.com\/#organization"},"potentialAction":[{"@type":"SearchAction","target":{"@type":"EntryPoint","urlTemplate":"https:\/\/serversmtp.com\/?s={search_term_string}"},"query-input":{"@type":"PropertyValueSpecification","valueRequired":true,"valueName":"search_term_string"}}],"inLanguage":"fr-FR"},{"@type":"Organization","@id":"https:\/\/serversmtp.com\/#organization","name":"Delivery Tech","url":"https:\/\/serversmtp.com\/","logo":{"@type":"ImageObject","inLanguage":"fr-FR","@id":"https:\/\/serversmtp.com\/#\/schema\/logo\/image\/","url":"https:\/\/serversmtp.com\/wp-content\/uploads\/2021\/11\/og-image-2.jpg","contentUrl":"https:\/\/serversmtp.com\/wp-content\/uploads\/2021\/11\/og-image-2.jpg","width":1200,"height":1128,"caption":"Delivery Tech"},"image":{"@id":"https:\/\/serversmtp.com\/#\/schema\/logo\/image\/"}}]}},"_links":{"self":[{"href":"https:\/\/serversmtp.com\/fr\/wp-json\/wp\/v2\/pages\/2282"}],"collection":[{"href":"https:\/\/serversmtp.com\/fr\/wp-json\/wp\/v2\/pages"}],"about":[{"href":"https:\/\/serversmtp.com\/fr\/wp-json\/wp\/v2\/types\/page"}],"author":[{"embeddable":true,"href":"https:\/\/serversmtp.com\/fr\/wp-json\/wp\/v2\/users\/3"}],"replies":[{"embeddable":true,"href":"https:\/\/serversmtp.com\/fr\/wp-json\/wp\/v2\/comments?post=2282"}],"version-history":[{"count":3,"href":"https:\/\/serversmtp.com\/fr\/wp-json\/wp\/v2\/pages\/2282\/revisions"}],"predecessor-version":[{"id":2285,"href":"https:\/\/serversmtp.com\/fr\/wp-json\/wp\/v2\/pages\/2282\/revisions\/2285"}],"wp:attachment":[{"href":"https:\/\/serversmtp.com\/fr\/wp-json\/wp\/v2\/media?parent=2282"}],"curies":[{"name":"wp","href":"https:\/\/api.w.org\/{rel}","templated":true}]}}