{"id":2267,"date":"2018-04-11T21:49:34","date_gmt":"2018-04-11T19:49:34","guid":{"rendered":"https:\/\/dev.serversmtp.com\/?page_id=2267"},"modified":"2018-08-29T18:02:00","modified_gmt":"2018-08-29T16:02:00","slug":"administrateurs-serveur-mail","status":"publish","type":"page","link":"https:\/\/serversmtp.com\/fr\/administrateurs-serveur-mail\/","title":{"rendered":"Administrateurs de serveur mail"},"content":{"rendered":"<p>Connaissez-vous le niveau de <strong>r\u00e9putation<\/strong> et de <strong>livraison<\/strong> de votre serveur d&#8217;email?<br \/>\nVotre serveur est-il sur la <strong>\u00ab liste blanche \u00bb<\/strong> de tous les fournisseurs de messagerie (Gmail, Hotmail, etc..)?<br \/>\nVotre adresse <strong>IP est-elle sur liste blanche?<\/strong><\/p>\n<h3>Envoyer des notifications par email<\/h3>\n<p>Si vous <strong>vendez des services<\/strong> sur le web ou poss\u00e9dez une <strong>boutique en ligne,<\/strong> alors vous utilisez certainement <strong>des notifications par email.<\/strong><br \/>\nC&#8217;est la meilleur fa\u00e7on de communiquer et d&#8217;avertir qu&#8217;une commande a \u00e9t\u00e9 re\u00e7u ou pour envoyer des codes de licences, des liens d&#8217;activation, etc.<\/p>\n<p>turboSMTP vous permet d&#8217;acc\u00e9der \u00e0 la bo\u00eete de r\u00e9ception de votre destinataire <strong>en \u00e9vitant les filtres anti-spam<\/strong> et les <strong>listes noires ou grises.<\/strong><\/p>\n<p>Nos serveurs de messagerie derniers cris sont <strong>\u00e9volutifs<\/strong> et <strong>ultra s\u00e9curis\u00e9s<\/strong>, con\u00e7us pour relayer des <strong>volumes d&#8217;email importants<\/strong> \u00e0 la plus grande vitesse possible et avec <strong>le plus grand taux de livraison.<\/strong><\/p>\n<p>Il y a de nombreux avantages, et pas des moindres, \u00e0 choisir turboSMTP au lieu de votre serveur smtp interne:<\/p>\n<ul>\n<li><strong>Fiabilit\u00e9<\/strong> \u00e0 toute \u00e9preuve<\/li>\n<li><strong>Livraison<\/strong> rapide<\/li>\n<li><strong>S\u00e9curit\u00e9<\/strong> renforc\u00e9e<\/li>\n<li>Boucles de <strong>r\u00e9troactions<\/strong> avec les FAIs<\/li>\n<li><strong>ID d&#8217;authentification<\/strong> SPF\/Sender<\/li>\n<li>Acc\u00e8s aux <strong>fichiers journaux<\/strong> SMTP<\/li>\n<li><strong>Tarification souple<\/strong><\/li>\n<\/ul>\n<p>turboSMTP est <strong>facile \u00e0 int\u00e9grer<\/strong> dans tous les principaux syst\u00e8mes d&#8217;exploitation des serveurs et des logiciels, y compris <strong>Microsoft Windows Server, Sendmail, Postfix<\/strong>.<\/p>\n<p>En plus, notre <strong>\u00e9quipe technique exp\u00e9riment\u00e9e<\/strong> sera pr\u00eate \u00e0 vous assister avec notre <strong>support de qualit\u00e9<\/strong> et de classe mondiale <strong>24\/7\/365.<\/strong><\/p>\n<h3>Ressentez la diff\u00e9rence<\/h3>\n<p>Nous offrons une <strong>vari\u00e9t\u00e9 de forfaits<\/strong> afin que vous puissiez choisir celui qui correspond le mieux aux besoins de votre entreprise.<\/p>\n<p>Si vous souhaitez <strong>demander un devis,<\/strong> veuillez <span class=\"startLink\"><a title=\"devis service SMTP\" href=\"\/fr\/contacts\/\">nous contacter<\/a><\/span><\/p>\n","protected":false},"excerpt":{"rendered":"<p>Connaissez-vous le niveau de r\u00e9putation et de livraison de votre serveur d&#8217;email? Votre serveur est-il sur la \u00ab liste blanche \u00bb de tous les fournisseurs de messagerie (Gmail, Hotmail, etc..)? Votre adresse IP est-elle sur liste blanche? Envoyer des notifications par email Si vous vendez des services sur le web ou poss\u00e9dez une boutique en &#8230; <\/p>\n<p class=\"read-more-container\"><a title=\"Administrateurs de serveur mail\" class=\"read-more button\" href=\"https:\/\/serversmtp.com\/fr\/administrateurs-serveur-mail\/#more-2267\" aria-label=\"En savoir plus sur Administrateurs de serveur mail\">Discover more<\/a><\/p>\n","protected":false},"author":3,"featured_media":0,"parent":0,"menu_order":0,"comment_status":"closed","ping_status":"closed","template":"g1_template_page_sidebar_right.php","meta":{"_eb_attr":"","inline_featured_image":false,"_monsterinsights_skip_tracking":false,"_monsterinsights_sitenote_active":false,"_monsterinsights_sitenote_note":"","_monsterinsights_sitenote_category":0,"footnotes":""},"class_list":["post-2267","page","type-page","status-publish"],"yoast_head":"<!-- This site is optimized with the Yoast SEO plugin v25.3.1 - https:\/\/yoast.com\/wordpress\/plugins\/seo\/ -->\n<title>Administrateurs de serveur mail - smtp mail server - professional SMTP service provider<\/title>\n<meta name=\"robots\" content=\"index, follow, max-snippet:-1, max-image-preview:large, max-video-preview:-1\" \/>\n<link rel=\"canonical\" href=\"https:\/\/serversmtp.com\/fr\/administrateurs-serveur-mail\/\" \/>\n<meta name=\"twitter:label1\" content=\"Dur\u00e9e de lecture estim\u00e9e\" \/>\n\t<meta name=\"twitter:data1\" content=\"1 minute\" \/>\n<!-- \/ Yoast SEO plugin. -->","yoast_head_json":{"title":"Administrateurs de serveur mail - smtp mail server - professional SMTP service provider","robots":{"index":"index","follow":"follow","max-snippet":"max-snippet:-1","max-image-preview":"max-image-preview:large","max-video-preview":"max-video-preview:-1"},"canonical":"https:\/\/serversmtp.com\/fr\/administrateurs-serveur-mail\/","twitter_misc":{"Dur\u00e9e de lecture estim\u00e9e":"1 minute"},"schema":{"@context":"https:\/\/schema.org","@graph":[{"@type":"WebPage","@id":"https:\/\/serversmtp.com\/fr\/administrateurs-serveur-mail\/","url":"https:\/\/serversmtp.com\/fr\/administrateurs-serveur-mail\/","name":"Administrateurs de serveur mail - smtp mail server - professional SMTP service provider","isPartOf":{"@id":"https:\/\/serversmtp.com\/sv\/#website"},"datePublished":"2018-04-11T19:49:34+00:00","dateModified":"2018-08-29T16:02:00+00:00","breadcrumb":{"@id":"https:\/\/serversmtp.com\/fr\/administrateurs-serveur-mail\/#breadcrumb"},"inLanguage":"fr-FR","potentialAction":[{"@type":"ReadAction","target":["https:\/\/serversmtp.com\/fr\/administrateurs-serveur-mail\/"]}]},{"@type":"BreadcrumbList","@id":"https:\/\/serversmtp.com\/fr\/administrateurs-serveur-mail\/#breadcrumb","itemListElement":[{"@type":"ListItem","position":1,"name":"Home","item":"https:\/\/serversmtp.com\/fr\/"},{"@type":"ListItem","position":2,"name":"Administrateurs de serveur mail"}]},{"@type":"WebSite","@id":"https:\/\/serversmtp.com\/sv\/#website","url":"https:\/\/serversmtp.com\/sv\/","name":"smtp mail server - professional SMTP service provider","description":"smtp mail server - professional SMTP service provider","publisher":{"@id":"https:\/\/serversmtp.com\/sv\/#organization"},"potentialAction":[{"@type":"SearchAction","target":{"@type":"EntryPoint","urlTemplate":"https:\/\/serversmtp.com\/sv\/?s={search_term_string}"},"query-input":{"@type":"PropertyValueSpecification","valueRequired":true,"valueName":"search_term_string"}}],"inLanguage":"fr-FR"},{"@type":"Organization","@id":"https:\/\/serversmtp.com\/sv\/#organization","name":"Delivery Tech","url":"https:\/\/serversmtp.com\/sv\/","logo":{"@type":"ImageObject","inLanguage":"fr-FR","@id":"https:\/\/serversmtp.com\/sv\/#\/schema\/logo\/image\/","url":"https:\/\/serversmtp.com\/wp-content\/uploads\/2021\/11\/og-image-2.jpg","contentUrl":"https:\/\/serversmtp.com\/wp-content\/uploads\/2021\/11\/og-image-2.jpg","width":1200,"height":1128,"caption":"Delivery Tech"},"image":{"@id":"https:\/\/serversmtp.com\/sv\/#\/schema\/logo\/image\/"}}]}},"_links":{"self":[{"href":"https:\/\/serversmtp.com\/fr\/wp-json\/wp\/v2\/pages\/2267"}],"collection":[{"href":"https:\/\/serversmtp.com\/fr\/wp-json\/wp\/v2\/pages"}],"about":[{"href":"https:\/\/serversmtp.com\/fr\/wp-json\/wp\/v2\/types\/page"}],"author":[{"embeddable":true,"href":"https:\/\/serversmtp.com\/fr\/wp-json\/wp\/v2\/users\/3"}],"replies":[{"embeddable":true,"href":"https:\/\/serversmtp.com\/fr\/wp-json\/wp\/v2\/comments?post=2267"}],"version-history":[{"count":3,"href":"https:\/\/serversmtp.com\/fr\/wp-json\/wp\/v2\/pages\/2267\/revisions"}],"predecessor-version":[{"id":4928,"href":"https:\/\/serversmtp.com\/fr\/wp-json\/wp\/v2\/pages\/2267\/revisions\/4928"}],"wp:attachment":[{"href":"https:\/\/serversmtp.com\/fr\/wp-json\/wp\/v2\/media?parent=2267"}],"curies":[{"name":"wp","href":"https:\/\/api.w.org\/{rel}","templated":true}]}}