{"id":2265,"date":"2018-04-11T21:47:26","date_gmt":"2018-04-11T19:47:26","guid":{"rendered":"https:\/\/dev.serversmtp.com\/?page_id=2265"},"modified":"2018-08-29T17:41:39","modified_gmt":"2018-08-29T15:41:39","slug":"distributeurs-listes-diffusion","status":"publish","type":"page","link":"https:\/\/serversmtp.com\/fr\/distributeurs-listes-diffusion\/","title":{"rendered":"Distributeurs de listes de diffusion"},"content":{"rendered":"<p>turboSMTP constitue un <strong>moyen<\/strong> \u00e9conomique et efficace pour distribuer vos messages et bulletins d&#8217;information \u00e0 vos lites de diffusion, que vous avez besoin d&#8217;envoyer des <strong>centaines ou des millions d&#8217;emails l\u00e9gitimes.<\/strong><\/p>\n<p>Quand vous commencez \u00e0 envoyer un grand nombre d&#8217;emails, vous pouvez \u00eatre confront\u00e9 \u00e0 des probl\u00e8mes d&#8217;email sortant, qui prennent du temps et demandent des efforts pour les comprendre et les r\u00e9soudre.<\/p>\n<p>D\u00e8s que vous aurez commenc\u00e9 \u00e0 utiliser turboSMTP en association avec votre application de mailing de masse, <strong>vous n&#8217;aurez plus \u00e0 vous inqui\u00e9ter des blacklists,<\/strong> <strong>restrictions des FAIs<\/strong> ou <strong>d&#8217;un email de mauvaise r\u00e9putation<\/strong>.<\/p>\n<p>Nos <strong>serveurs de messagerie en liste blanche<\/strong> se chargeront de l&#8217;envoie de vos emails <strong>et s&#8217;assureront que ceux-ci sont bien livr\u00e9s. Vous \u00e9conomisant ainsi du temps et vous permettant <\/strong>d&#8217;am\u00e9liorer vos taux de r\u00e9ponse.{\/0.<\/p>\n<p>turboSMTP fonctionne avec <strong>les principales applications de messagerie courantes,<\/strong> y compris:<\/p>\n<ul>\n<li>Max Bulk Mailer<\/li>\n<li>G-Lock Mail Easy<\/li>\n<li>SendBlaster<\/li>\n<li>Infacta Group Mail<\/li>\n<\/ul>\n<p>et bien d&#8217;autres.<\/p>\n<h3>Ressentez la diff\u00e9rence<\/h3>\n<p>Nous vous proposons diff\u00e9rents forfaits afin que vous puissiez choisir celui qui correspond le mieux aux besoins de votre entreprise.<\/p>\n<p class=\"startLink\"><a title=\"Commencez \u00e0 envoyer vos e-mails avec turboSMTP en quelques minutes...\" href=\"\/fr\/order.php\">Commencez \u00e0 envoyer vos e-mails avec turboSMTP en quelques minutes&#8230;<\/a><\/p>\n","protected":false},"excerpt":{"rendered":"<p>turboSMTP constitue un moyen \u00e9conomique et efficace pour distribuer vos messages et bulletins d&#8217;information \u00e0 vos lites de diffusion, que vous avez besoin d&#8217;envoyer des centaines ou des millions d&#8217;emails l\u00e9gitimes. Quand vous commencez \u00e0 envoyer un grand nombre d&#8217;emails, vous pouvez \u00eatre confront\u00e9 \u00e0 des probl\u00e8mes d&#8217;email sortant, qui prennent du temps et demandent &#8230; <\/p>\n<p class=\"read-more-container\"><a title=\"Distributeurs de listes de diffusion\" class=\"read-more button\" href=\"https:\/\/serversmtp.com\/fr\/distributeurs-listes-diffusion\/#more-2265\" aria-label=\"En savoir plus sur Distributeurs de listes de diffusion\">Discover more<\/a><\/p>\n","protected":false},"author":3,"featured_media":0,"parent":0,"menu_order":0,"comment_status":"closed","ping_status":"closed","template":"g1_template_page_sidebar_right.php","meta":{"_eb_attr":"","inline_featured_image":false,"_monsterinsights_skip_tracking":false,"_monsterinsights_sitenote_active":false,"_monsterinsights_sitenote_note":"","_monsterinsights_sitenote_category":0,"footnotes":""},"class_list":["post-2265","page","type-page","status-publish"],"yoast_head":"<!-- This site is optimized with the Yoast SEO plugin v25.3.1 - https:\/\/yoast.com\/wordpress\/plugins\/seo\/ -->\n<title>Distributeurs de listes de diffusion - smtp mail server - professional SMTP service provider<\/title>\n<meta name=\"robots\" content=\"index, follow, max-snippet:-1, max-image-preview:large, max-video-preview:-1\" \/>\n<link rel=\"canonical\" href=\"https:\/\/serversmtp.com\/fr\/distributeurs-listes-diffusion\/\" \/>\n<meta name=\"twitter:label1\" content=\"Dur\u00e9e de lecture estim\u00e9e\" \/>\n\t<meta name=\"twitter:data1\" content=\"1 minute\" \/>\n<!-- \/ Yoast SEO plugin. -->","yoast_head_json":{"title":"Distributeurs de listes de diffusion - smtp mail server - professional SMTP service provider","robots":{"index":"index","follow":"follow","max-snippet":"max-snippet:-1","max-image-preview":"max-image-preview:large","max-video-preview":"max-video-preview:-1"},"canonical":"https:\/\/serversmtp.com\/fr\/distributeurs-listes-diffusion\/","twitter_misc":{"Dur\u00e9e de lecture estim\u00e9e":"1 minute"},"schema":{"@context":"https:\/\/schema.org","@graph":[{"@type":"WebPage","@id":"https:\/\/serversmtp.com\/fr\/distributeurs-listes-diffusion\/","url":"https:\/\/serversmtp.com\/fr\/distributeurs-listes-diffusion\/","name":"Distributeurs de listes de diffusion - smtp mail server - professional SMTP service provider","isPartOf":{"@id":"https:\/\/serversmtp.com\/it\/#website"},"datePublished":"2018-04-11T19:47:26+00:00","dateModified":"2018-08-29T15:41:39+00:00","breadcrumb":{"@id":"https:\/\/serversmtp.com\/fr\/distributeurs-listes-diffusion\/#breadcrumb"},"inLanguage":"fr-FR","potentialAction":[{"@type":"ReadAction","target":["https:\/\/serversmtp.com\/fr\/distributeurs-listes-diffusion\/"]}]},{"@type":"BreadcrumbList","@id":"https:\/\/serversmtp.com\/fr\/distributeurs-listes-diffusion\/#breadcrumb","itemListElement":[{"@type":"ListItem","position":1,"name":"Home","item":"https:\/\/serversmtp.com\/fr\/"},{"@type":"ListItem","position":2,"name":"Distributeurs de listes de diffusion"}]},{"@type":"WebSite","@id":"https:\/\/serversmtp.com\/it\/#website","url":"https:\/\/serversmtp.com\/it\/","name":"smtp mail server - professional SMTP service provider","description":"smtp mail server - professional SMTP service provider","publisher":{"@id":"https:\/\/serversmtp.com\/it\/#organization"},"potentialAction":[{"@type":"SearchAction","target":{"@type":"EntryPoint","urlTemplate":"https:\/\/serversmtp.com\/it\/?s={search_term_string}"},"query-input":{"@type":"PropertyValueSpecification","valueRequired":true,"valueName":"search_term_string"}}],"inLanguage":"fr-FR"},{"@type":"Organization","@id":"https:\/\/serversmtp.com\/it\/#organization","name":"Delivery Tech","url":"https:\/\/serversmtp.com\/it\/","logo":{"@type":"ImageObject","inLanguage":"fr-FR","@id":"https:\/\/serversmtp.com\/it\/#\/schema\/logo\/image\/","url":"https:\/\/serversmtp.com\/wp-content\/uploads\/2021\/11\/og-image-2.jpg","contentUrl":"https:\/\/serversmtp.com\/wp-content\/uploads\/2021\/11\/og-image-2.jpg","width":1200,"height":1128,"caption":"Delivery Tech"},"image":{"@id":"https:\/\/serversmtp.com\/it\/#\/schema\/logo\/image\/"}}]}},"_links":{"self":[{"href":"https:\/\/serversmtp.com\/fr\/wp-json\/wp\/v2\/pages\/2265"}],"collection":[{"href":"https:\/\/serversmtp.com\/fr\/wp-json\/wp\/v2\/pages"}],"about":[{"href":"https:\/\/serversmtp.com\/fr\/wp-json\/wp\/v2\/types\/page"}],"author":[{"embeddable":true,"href":"https:\/\/serversmtp.com\/fr\/wp-json\/wp\/v2\/users\/3"}],"replies":[{"embeddable":true,"href":"https:\/\/serversmtp.com\/fr\/wp-json\/wp\/v2\/comments?post=2265"}],"version-history":[{"count":2,"href":"https:\/\/serversmtp.com\/fr\/wp-json\/wp\/v2\/pages\/2265\/revisions"}],"predecessor-version":[{"id":4908,"href":"https:\/\/serversmtp.com\/fr\/wp-json\/wp\/v2\/pages\/2265\/revisions\/4908"}],"wp:attachment":[{"href":"https:\/\/serversmtp.com\/fr\/wp-json\/wp\/v2\/media?parent=2265"}],"curies":[{"name":"wp","href":"https:\/\/api.w.org\/{rel}","templated":true}]}}