{"id":2261,"date":"2018-04-11T21:37:15","date_gmt":"2018-04-11T19:37:15","guid":{"rendered":"https:\/\/dev.serversmtp.com\/?page_id=2261"},"modified":"2018-08-29T17:34:37","modified_gmt":"2018-08-29T15:34:37","slug":"smtp-portable-pda-iphone","status":"publish","type":"page","link":"https:\/\/serversmtp.com\/fr\/smtp-portable-pda-iphone\/","title":{"rendered":"Utilisateurs de portable, PDA et iPhone"},"content":{"rendered":"<p>turboSMTP est la solution id\u00e9ale pour <strong> envoyer des e-mails quand vous \u00eates en d\u00e9placement.<\/strong><\/p>\n<p>Si vous poss\u00e9dez un smartphone et \/ ou iPhone, vous pourrez envoyer des emails <strong>quelque soit l&rsquo;endroit o\u00f9 vous \u00eates et<\/strong> quelle que soit <strong>la connexion Internet<\/strong> que vous utilisez.<\/p>\n<p>Vuos n&rsquo;avez qu&rsquo;\u00e0 <strong>configurer vos param\u00e8tres SMTP une seule fois.<\/strong><\/p>\n<p>Que vous utilisiez un r\u00e9seau Wi-Fi priv\u00e9, UMTS\/EDGE, un point d&rsquo;acc\u00e8s public Wi-Fi, etc. turboSMTP vous enverra vos emails de fa\u00e7on s\u00e9curis\u00e9e et rapide.<\/p>\n<h3>Restez productif quand vous vous d\u00e9placez.<\/h3>\n<p>Certains FAI peuvent bloquer l&rsquo;envoi d&#8217;emails pour \u00e9viter le \u00abspam\u00bb. En configurant simplement vos param\u00e8tres SMTP dans le logiciel de messagerie de votre portable, vous pourrez envoyer <strong>des emails depuis n&rsquo;importe quelle de vos adresses emails<\/strong> , quel que soit votre emplacement.<br \/>\nSans complications.<\/p>\n<p>turboSMTP fonctionne avec <strong>tous les principaux p\u00e9riph\u00e9riques mobiles<\/strong> disposant d&rsquo;un acc\u00e8s \u00e0 Internet, y compris:<\/p>\n<ul>\n<li>T\u00e9l\u00e9phone portable<\/li>\n<li>Smartphone<\/li>\n<li>iPhone, iPod touch<\/li>\n<li>PDA<\/li>\n<li>Netbook<\/li>\n<\/ul>\n<h3>Ressentez la diff\u00e9rence<\/h3>\n<p>Nous vous proposons <strong>diff\u00e9rents forfaits<\/strong> afin que vous puissiez choisir celui qui <strong>s&rsquo;adapte le<\/strong> mieux \u00e0 <strong>vos besoins,<\/strong> \u00e0 partir de seulement $ 7,00 par mois.<\/p>\n<p class=\"startLink\"><a title=\"Commencez \u00e0 envoyer vos e-mails avec turboSMTP en quelques minutes...\" href=\"\/fr\/order.php\">Commencez \u00e0 envoyer vos e-mails avec turboSMTP en quelques minutes&#8230;<\/a><\/p>\n","protected":false},"excerpt":{"rendered":"<p>turboSMTP est la solution id\u00e9ale pour envoyer des e-mails quand vous \u00eates en d\u00e9placement. Si vous poss\u00e9dez un smartphone et \/ ou iPhone, vous pourrez envoyer des emails quelque soit l&rsquo;endroit o\u00f9 vous \u00eates et quelle que soit la connexion Internet que vous utilisez. Vuos n&rsquo;avez qu&rsquo;\u00e0 configurer vos param\u00e8tres SMTP une seule fois. Que [&hellip;]<\/p>\n","protected":false},"author":3,"featured_media":0,"parent":0,"menu_order":0,"comment_status":"closed","ping_status":"closed","template":"g1_template_page_sidebar_right.php","meta":[],"yoast_head":"<!-- This site is optimized with the Yoast SEO plugin v16.4 - https:\/\/yoast.com\/wordpress\/plugins\/seo\/ -->\n<meta name=\"robots\" content=\"index, follow, max-snippet:-1, max-image-preview:large, max-video-preview:-1\" \/>\n<link rel=\"canonical\" href=\"https:\/\/serversmtp.com\/fr\/smtp-portable-pda-iphone\/\" \/>\n<meta property=\"og:locale\" content=\"fr_FR\" \/>\n<meta property=\"og:type\" content=\"article\" \/>\n<meta property=\"og:title\" content=\"Utilisateurs de portable, PDA et iPhone - smtp mail server - professional SMTP service provider\" \/>\n<meta property=\"og:description\" content=\"turboSMTP est la solution id\u00e9ale pour envoyer des e-mails quand vous \u00eates en d\u00e9placement. Si vous poss\u00e9dez un smartphone et \/ ou iPhone, vous pourrez envoyer des emails quelque soit l&rsquo;endroit o\u00f9 vous \u00eates et quelle que soit la connexion Internet que vous utilisez. Vuos n&rsquo;avez qu&rsquo;\u00e0 configurer vos param\u00e8tres SMTP une seule fois. Que [&hellip;]\" \/>\n<meta property=\"og:url\" content=\"https:\/\/serversmtp.com\/fr\/smtp-portable-pda-iphone\/\" \/>\n<meta property=\"og:site_name\" content=\"smtp mail server - professional SMTP service provider\" \/>\n<meta property=\"article:modified_time\" content=\"2018-08-29T15:34:37+00:00\" \/>\n<meta name=\"twitter:card\" content=\"summary_large_image\" \/>\n<meta name=\"twitter:label1\" content=\"Dur\u00e9e de lecture est.\" \/>\n\t<meta name=\"twitter:data1\" content=\"1 minute\" \/>\n<script type=\"application\/ld+json\" class=\"yoast-schema-graph\">{\"@context\":\"https:\/\/schema.org\",\"@graph\":[{\"@type\":\"WebSite\",\"@id\":\"http:\/\/serversmtp.com\/#website\",\"url\":\"http:\/\/serversmtp.com\/\",\"name\":\"smtp mail server - professional SMTP service provider\",\"description\":\"smtp mail server - professional SMTP service provider \",\"potentialAction\":[{\"@type\":\"SearchAction\",\"target\":\"http:\/\/serversmtp.com\/?s={search_term_string}\",\"query-input\":\"required name=search_term_string\"}],\"inLanguage\":\"fr-FR\"},{\"@type\":\"WebPage\",\"@id\":\"https:\/\/serversmtp.com\/fr\/smtp-portable-pda-iphone\/#webpage\",\"url\":\"https:\/\/serversmtp.com\/fr\/smtp-portable-pda-iphone\/\",\"name\":\"Utilisateurs de portable, PDA et iPhone - smtp mail server - professional SMTP service provider\",\"isPartOf\":{\"@id\":\"http:\/\/serversmtp.com\/#website\"},\"datePublished\":\"2018-04-11T19:37:15+00:00\",\"dateModified\":\"2018-08-29T15:34:37+00:00\",\"breadcrumb\":{\"@id\":\"https:\/\/serversmtp.com\/fr\/smtp-portable-pda-iphone\/#breadcrumb\"},\"inLanguage\":\"fr-FR\",\"potentialAction\":[{\"@type\":\"ReadAction\",\"target\":[\"https:\/\/serversmtp.com\/fr\/smtp-portable-pda-iphone\/\"]}]},{\"@type\":\"BreadcrumbList\",\"@id\":\"https:\/\/serversmtp.com\/fr\/smtp-portable-pda-iphone\/#breadcrumb\",\"itemListElement\":[{\"@type\":\"ListItem\",\"position\":1,\"item\":{\"@type\":\"WebPage\",\"@id\":\"https:\/\/staging.serversmtp.com\/fr\/home-2\/\",\"url\":\"https:\/\/staging.serversmtp.com\/fr\/home-2\/\",\"name\":\"Home\"}},{\"@type\":\"ListItem\",\"position\":2,\"item\":{\"@id\":\"https:\/\/serversmtp.com\/fr\/smtp-portable-pda-iphone\/#webpage\"}}]}]}<\/script>\n<!-- \/ Yoast SEO plugin. -->","_links":{"self":[{"href":"https:\/\/serversmtp.com\/fr\/wp-json\/wp\/v2\/pages\/2261"}],"collection":[{"href":"https:\/\/serversmtp.com\/fr\/wp-json\/wp\/v2\/pages"}],"about":[{"href":"https:\/\/serversmtp.com\/fr\/wp-json\/wp\/v2\/types\/page"}],"author":[{"embeddable":true,"href":"https:\/\/serversmtp.com\/fr\/wp-json\/wp\/v2\/users\/3"}],"replies":[{"embeddable":true,"href":"https:\/\/serversmtp.com\/fr\/wp-json\/wp\/v2\/comments?post=2261"}],"version-history":[{"count":2,"href":"https:\/\/serversmtp.com\/fr\/wp-json\/wp\/v2\/pages\/2261\/revisions"}],"predecessor-version":[{"id":4907,"href":"https:\/\/serversmtp.com\/fr\/wp-json\/wp\/v2\/pages\/2261\/revisions\/4907"}],"wp:attachment":[{"href":"https:\/\/serversmtp.com\/fr\/wp-json\/wp\/v2\/media?parent=2261"}],"curies":[{"name":"wp","href":"https:\/\/api.w.org\/{rel}","templated":true}]}}