{"id":2248,"date":"2018-04-11T21:24:44","date_gmt":"2018-04-11T19:24:44","guid":{"rendered":"https:\/\/dev.serversmtp.com\/?page_id=2248"},"modified":"2019-05-24T11:34:19","modified_gmt":"2019-05-24T09:34:19","slug":"avec-turbosmtp","status":"publish","type":"page","link":"https:\/\/serversmtp.com\/fr\/avec-turbosmtp\/","title":{"rendered":"Avec turboSMTP"},"content":{"rendered":"<p>Il existe de nombreuses <strong>raisons importantes<\/strong>\u00a0pour utiliser un serveur SMTP professionnel: dans le pass\u00e9 (avant l&#8217;\u00e8re du spam), envoyer des emails n&#8217;\u00e9tait pas probl\u00e9matique, alors qu&#8217;aujourd&#8217;hui il est essentiel de suivre les <strong>r\u00e9glementations<\/strong> de tous les <strong>serveurs de messagerie<\/strong> afin d&#8217;\u00e9viter que les messages ne finissent dans les <strong>r\u00e9pertoires de spam<\/strong> ou m\u00eame qu&#8217;ils soient <strong>effac\u00e9s par les serveurs<\/strong>.<\/p>\n<p>Chaque serveur de messagerie traite les emails d&#8217;une mani\u00e8re diff\u00e9rente, en fonction de la <strong>r\u00e9putation des serveurs SMTP<\/strong>, les <strong>listes blanches<\/strong> et les <strong>listes noires<\/strong>.<\/p>\n<p>Les serveurs SMTP fournis par les <strong>FAIs standards<\/strong> (Fournisseur internet turbo &#8211; connexion internet ADSL) <strong>ne sont pas toujours fiables<\/strong>: ils utilisent des adresses IP al\u00e9atoires et occasionnellement une ou plusieurs de ces IP sont blacklist\u00e9es, ce qui vous cause des <strong>probl\u00e8mes lors de l&#8217;envoi d&#8217;emails<\/strong>.<\/p>\n<p>Le <strong>pire<\/strong>, c&#8217;est que <strong>vous ne serez pas au courant<\/strong> de ces probl\u00e8mes: vous enverrez simplement des emails et vous ne saurez pas si ils sont arriv\u00e9s ou pas..<\/p>\n<p>De plus, <strong>si vous voyagez<\/strong> et utilisez diff\u00e9rents type de connexions internet comme le Wi-fi, UMTS \/ EDGE etc, vous devez <strong>modifier vos param\u00e8tres SMTP \u00e0 chaque fois<\/strong>.<\/p>\n<h3>&#8230;Et alors?<\/h3>\n<p>Nous fournissons un service SMTP <strong>fiable<\/strong> et <strong>\u00e9conomique<\/strong>. Nous surveillons en permanence les blacklistes et nous travaillons \u00e0 entretenir nos relations avec les principaux fournisseurs de messagerie pour que nos serveurs restent sur les listes blanches. Ce qui signifie que <strong>tous les serveurs de messagerie reconnaissent vos messages comme \u00e9tant s\u00fbrs<\/strong> et que tous vos <strong>messages sont livr\u00e9s<\/strong>.<\/p>\n<h3>Quelle est la diff\u00e9rence r\u00e9elle entre un serveur SMTP normal et turboSMTP?<\/h3>\n<ol class=\"boxes\">\n<li style=\"list-style-type: none;\">\n<ol class=\"boxes\">\n<li>\n<h2>Am\u00e9liorer la livraison d&#8217;email, r\u00e9duire le filtrage des emails<\/h2>\n<p>Nous cherchons activement \u00e0 faire en sorte que nos serveurs soient sur les listes blanches des principaux fournisseurs d&#8217;email et respectons strictement les directives d&#8217;exp\u00e9dition de mail du guide \u00ab Email senders&#8217; best pratices and guidlelines \u00bb.<\/li>\n<\/ol>\n<\/li>\n<\/ol>\n<p>&nbsp;<\/p>\n<ol class=\"boxes\">\n<li>\n<h2>Envoyer un email depuis n&#8217;importe o\u00f9, n&#8217;importe quand<\/h2>\n<p><strong>Vous<\/strong> d\u00e9finissez <strong>vos param\u00e8tres SMTP une seule fois<\/strong>, dans votre client de messagerie ou programme de diffusion, et vous n&#8217;aurez plus <strong>jamais<\/strong> \u00e0 les <strong>modifier<\/strong> par la suite. A chaque fois que vous serez connect\u00e9 \u00e0 Internet, depuis votre <strong>ordinateur portable<\/strong>, <strong>PC<\/strong> ou <strong>iPhone<\/strong>, vous serez pr\u00eat \u00e0 envoyer des emails, depuis chacune de vos adresses email, <strong>ind\u00e9pendamment de votre connexion Internet ou votre position actuelle<\/strong>.<\/li>\n<li>\n<h2>Contourner les restrictions des FAIs<\/h2>\n<p><strong>\u00c9viter<\/strong> tous ces<strong> limites d&#8217;utilisation<\/strong> que les FAI mettent dans leurs services d&#8217;exp\u00e9dition de courrier. Aujourd&#8217;hui, afin d&#8217;\u00e9viter le \u00abspamming\u00bb, les FAIs sont forc\u00e9s d&#8217;employer des filtres anti-spam agressifs qui pourraient refuser d&#8217;envoyer vos messages ou m\u00eame les bloquer, que l&#8217;exp\u00e9diteur soit l\u00e9gitime ou non. En <strong>choisissant TurboSMTP<\/strong>, vous profiterez <strong>de taux de livraison plus \u00e9lev\u00e9s<\/strong> et d&#8217;am\u00e9liorer votre taux de <strong>placement en boite de r\u00e9ception<\/strong>.<\/li>\n<li>\n<h2>Profitez d&#8217;une livraison super rapide<\/h2>\n<p>Les serveurs SMPT standard ont tendance \u00e0 \u00eatre surcharg\u00e9s, causant des retards fr\u00e9quents et\/ou des erreurs de livraison d&#8217;email. Notre technologie de pointe nous permet de livrer fiablement et rapidement vos emails, vous garantissant toujours le m\u00eame niveau de service professionnel et fiable. .<\/li>\n<li>\n<h2>Gardez une trace de vos e-mails<\/h2>\n<p>D\u00e9couvrez les <a href=\"https:\/\/serversmtp.com\/fr\/tracking-des-e-mails-comment-savoir-si-quelquun-lit-votre-e-mail\/\"><strong>graphiques en temps r\u00e9el<\/strong><\/a> et les statistiques de livraison disponibles dans votre section gestion de compte. Notre syst\u00e8me vous montrera quelles sont les messages qui ont bien \u00e9t\u00e9 livr\u00e9es et, en plus, vous permettra de savoir exactement pourquoi un e-mail n&#8217;a pas atteint sa destination.<\/li>\n<\/ol>\n<h3>La question est&#8230;<\/h3>\n<p><strong>Comment les serveurs de messagerie de votre serveur SMTP vous appr\u00e9hendent-ils? Dignes de confiance ou pas?<\/strong><\/p>\n<p>Si votre serveur n&#8217;est pas consid\u00e9r\u00e9 comme ayant une bonne r\u00e9putation, presque tous les <strong>serveurs de messagerie standards retarderont vos messages<\/strong> et, au mieux, ils seront envoy\u00e9s \u00e0 une liste grise ou plac\u00e9s dans les spams. Au pire le <strong>serveur les rejetera<\/strong>.<\/p>\n<p>Les serveurs de messagerie actuels comme Hotmail, Gmail, Comcast et bien d&#8217;autres (il change tous les jours) utilisent des <strong>r\u00e8gles tr\u00e8s strictes<\/strong> \u00e0 cause du comportement type &#8216;spam&#8217; des utilisateurs. C&#8217;est pourquoi il est tr\u00e8s fr\u00e9quent de retrouver des messages ordinaires dans des dossiers spam.<\/p>\n<p><strong>Si vous tenez \u00e0 vos e-mails<\/strong>, nous vous sugg\u00e9rons fortement <strong>d&#8217;utiliser turboSMTP<\/strong> afin d&#8217;\u00eatre reconnus comme <strong>fiables<\/strong> par tous les serveurs de messagerie et de booster votre d\u00e9livrabilit\u00e9 des emails.<\/p>\n<p>&nbsp;<\/p>\n<p style=\"font-size: 10px;\"><em>Veuillez noter que turboSMTP est un service de courrier sortant destin\u00e9 \u00e0 aider les exp\u00e9diteurs d&#8217;emails l\u00e9gitimes, et non pas les spammeurs.<\/em> <em>Les clients qui enfreignent notre <a href=\"\/en\/anti-spam-policy\">Politique anti-spam<\/a> verront leurs comptes suspendus ou r\u00e9sili\u00e9s.<\/em><\/p>\n","protected":false},"excerpt":{"rendered":"<p>Il existe de nombreuses raisons importantes\u00a0pour utiliser un serveur SMTP professionnel: dans le pass\u00e9 (avant l&#8217;\u00e8re du spam), envoyer des emails n&#8217;\u00e9tait pas probl\u00e9matique, alors qu&#8217;aujourd&#8217;hui il est essentiel de suivre les r\u00e9glementations de tous les serveurs de messagerie afin d&#8217;\u00e9viter que les messages ne finissent dans les r\u00e9pertoires de spam ou m\u00eame qu&#8217;ils soient &#8230; <\/p>\n<p class=\"read-more-container\"><a title=\"Avec turboSMTP\" class=\"read-more button\" href=\"https:\/\/serversmtp.com\/fr\/avec-turbosmtp\/#more-2248\" aria-label=\"En savoir plus sur Avec turboSMTP\">Discover more<\/a><\/p>\n","protected":false},"author":3,"featured_media":0,"parent":0,"menu_order":0,"comment_status":"closed","ping_status":"closed","template":"g1_template_page_sidebar_right.php","meta":{"_eb_attr":"","inline_featured_image":false,"_monsterinsights_skip_tracking":false,"_monsterinsights_sitenote_active":false,"_monsterinsights_sitenote_note":"","_monsterinsights_sitenote_category":0,"footnotes":""},"class_list":["post-2248","page","type-page","status-publish"],"yoast_head":"<!-- This site is optimized with the Yoast SEO plugin v25.3.1 - https:\/\/yoast.com\/wordpress\/plugins\/seo\/ -->\n<title>Avec turboSMTP - smtp mail server - professional SMTP service provider<\/title>\n<meta name=\"robots\" content=\"index, follow, max-snippet:-1, max-image-preview:large, max-video-preview:-1\" \/>\n<link rel=\"canonical\" href=\"https:\/\/serversmtp.com\/fr\/avec-turbosmtp\/\" \/>\n<meta name=\"twitter:label1\" content=\"Dur\u00e9e de lecture estim\u00e9e\" \/>\n\t<meta name=\"twitter:data1\" content=\"4 minutes\" \/>\n<!-- \/ Yoast SEO plugin. -->","yoast_head_json":{"title":"Avec turboSMTP - smtp mail server - professional SMTP service provider","robots":{"index":"index","follow":"follow","max-snippet":"max-snippet:-1","max-image-preview":"max-image-preview:large","max-video-preview":"max-video-preview:-1"},"canonical":"https:\/\/serversmtp.com\/fr\/avec-turbosmtp\/","twitter_misc":{"Dur\u00e9e de lecture estim\u00e9e":"4 minutes"},"schema":{"@context":"https:\/\/schema.org","@graph":[{"@type":"WebPage","@id":"https:\/\/serversmtp.com\/fr\/avec-turbosmtp\/","url":"https:\/\/serversmtp.com\/fr\/avec-turbosmtp\/","name":"Avec turboSMTP - smtp mail server - professional SMTP service provider","isPartOf":{"@id":"https:\/\/serversmtp.com\/#website"},"datePublished":"2018-04-11T19:24:44+00:00","dateModified":"2019-05-24T09:34:19+00:00","breadcrumb":{"@id":"https:\/\/serversmtp.com\/fr\/avec-turbosmtp\/#breadcrumb"},"inLanguage":"fr-FR","potentialAction":[{"@type":"ReadAction","target":["https:\/\/serversmtp.com\/fr\/avec-turbosmtp\/"]}]},{"@type":"BreadcrumbList","@id":"https:\/\/serversmtp.com\/fr\/avec-turbosmtp\/#breadcrumb","itemListElement":[{"@type":"ListItem","position":1,"name":"Home","item":"https:\/\/serversmtp.com\/fr\/"},{"@type":"ListItem","position":2,"name":"Avec turboSMTP"}]},{"@type":"WebSite","@id":"https:\/\/serversmtp.com\/#website","url":"https:\/\/serversmtp.com\/","name":"smtp mail server - professional SMTP service provider","description":"smtp mail server - professional SMTP service provider","publisher":{"@id":"https:\/\/serversmtp.com\/#organization"},"potentialAction":[{"@type":"SearchAction","target":{"@type":"EntryPoint","urlTemplate":"https:\/\/serversmtp.com\/?s={search_term_string}"},"query-input":{"@type":"PropertyValueSpecification","valueRequired":true,"valueName":"search_term_string"}}],"inLanguage":"fr-FR"},{"@type":"Organization","@id":"https:\/\/serversmtp.com\/#organization","name":"Delivery Tech","url":"https:\/\/serversmtp.com\/","logo":{"@type":"ImageObject","inLanguage":"fr-FR","@id":"https:\/\/serversmtp.com\/#\/schema\/logo\/image\/","url":"https:\/\/serversmtp.com\/wp-content\/uploads\/2021\/11\/og-image-2.jpg","contentUrl":"https:\/\/serversmtp.com\/wp-content\/uploads\/2021\/11\/og-image-2.jpg","width":1200,"height":1128,"caption":"Delivery Tech"},"image":{"@id":"https:\/\/serversmtp.com\/#\/schema\/logo\/image\/"}}]}},"_links":{"self":[{"href":"https:\/\/serversmtp.com\/fr\/wp-json\/wp\/v2\/pages\/2248"}],"collection":[{"href":"https:\/\/serversmtp.com\/fr\/wp-json\/wp\/v2\/pages"}],"about":[{"href":"https:\/\/serversmtp.com\/fr\/wp-json\/wp\/v2\/types\/page"}],"author":[{"embeddable":true,"href":"https:\/\/serversmtp.com\/fr\/wp-json\/wp\/v2\/users\/3"}],"replies":[{"embeddable":true,"href":"https:\/\/serversmtp.com\/fr\/wp-json\/wp\/v2\/comments?post=2248"}],"version-history":[{"count":20,"href":"https:\/\/serversmtp.com\/fr\/wp-json\/wp\/v2\/pages\/2248\/revisions"}],"predecessor-version":[{"id":5405,"href":"https:\/\/serversmtp.com\/fr\/wp-json\/wp\/v2\/pages\/2248\/revisions\/5405"}],"wp:attachment":[{"href":"https:\/\/serversmtp.com\/fr\/wp-json\/wp\/v2\/media?parent=2248"}],"curies":[{"name":"wp","href":"https:\/\/api.w.org\/{rel}","templated":true}]}}