{"id":2242,"date":"2018-04-11T18:20:50","date_gmt":"2018-04-11T16:20:50","guid":{"rendered":"https:\/\/dev.serversmtp.com\/?page_id=2242"},"modified":"2018-04-12T15:54:49","modified_gmt":"2018-04-12T13:54:49","slug":"smtp-illimite","status":"publish","type":"page","link":"https:\/\/serversmtp.com\/fr\/smtp-illimite\/","title":{"rendered":"SMTP illimit\u00e9"},"content":{"rendered":"<p>Pourquoi faut-il s&#8217;appuyer sur un <strong>SMTP illimit\u00e9<\/strong> quando il s&#8217;agit de cr\u00e9er une campagne d&#8217;emailing?<\/p>\n<p>L&#8217;<strong>email marketing<\/strong> s&#8217;est av\u00e9r\u00e9 \u00eatre l&#8217;une des techniques de promotion digitales les plus efficaces, avec sa capacit\u00e9 d&#8217;atteindre un vaste nombre de clients tr\u00e8s rapidement et \u00e0 moindre co\u00fbt. C&#8217;est pourquoi il est important de ne pas sous-estimer les <strong>aspects techniques<\/strong> de livraison des newsletters.<\/p>\n<p>En fait, les serveurs SMTP des fournisseurs de messagerie les plus courants (tels que Yahoo ou Gmail) <strong>ne vous permettent pas d&#8217;envoyer des emails illimit\u00e9s \u00e0 la fois<\/strong>: ils ont des limites strictes \u00e0 la fois pour le nombre de messages et le nombre des destinataires par chaque mail.<\/p>\n<p>Donc, si vous voulez tirer le maximum d&#8217;une campagne d&#8217;email vous devez utiliser un <strong>service SMTP illimit\u00e9<\/strong> comme <a title=\"SMTP illimit\u00e9\" href=\"\/fr\/signup\">turboSMTP<\/a>. C&#8217;est \u00e0 dire, un serveur de courrier sortant contr\u00f4l\u00e9 qui permet d&#8217;<strong>envoyer tous les emails que vous d\u00e9sirez<\/strong> (\u00e0 peu importe combien de contacts), avec l&#8217;assurance qu&#8217;ils soient <strong>livr\u00e9s correctement<\/strong> \u00e0 chaque destinataire.<\/p>\n<p>En plus, turboSMTP fournit un puissant <strong>outil de suivi d&#8217;email en temps r\u00e9el<\/strong> pour en savoir plus sur les effets de votre campagne (taux d&#8217;ouverture, taux de clics, nombre de bouncebacks, etc.)<\/p>\n<p>Vous pouvez choisir entre un <a title=\"service smtp illimit\u00e9\" href=\"\/fr\/cart.php?currency=3\">grand nombre de plans prepay\u00e9s ou mensuels<\/a>, selon votre besoins d&#8217;emailing &#8211; et oublier pour toujours tout probl\u00e8me d&#8217;envoi de vos emails.<\/p>\n","protected":false},"excerpt":{"rendered":"<p>Pourquoi faut-il s&#8217;appuyer sur un SMTP illimit\u00e9 quando il s&#8217;agit de cr\u00e9er une campagne d&#8217;emailing? L&#8217;email marketing s&#8217;est av\u00e9r\u00e9 \u00eatre l&#8217;une des techniques de promotion digitales les plus efficaces, avec sa capacit\u00e9 d&#8217;atteindre un vaste nombre de clients tr\u00e8s rapidement et \u00e0 moindre co\u00fbt. C&#8217;est pourquoi il est important de ne pas sous-estimer les aspects &#8230; <\/p>\n<p class=\"read-more-container\"><a title=\"SMTP illimit\u00e9\" class=\"read-more button\" href=\"https:\/\/serversmtp.com\/fr\/smtp-illimite\/#more-2242\" aria-label=\"En savoir plus sur SMTP illimit\u00e9\">Discover more<\/a><\/p>\n","protected":false},"author":3,"featured_media":0,"parent":0,"menu_order":0,"comment_status":"closed","ping_status":"closed","template":"g1_template_page_sidebar_right.php","meta":{"_eb_attr":"","inline_featured_image":false,"_monsterinsights_skip_tracking":false,"_monsterinsights_sitenote_active":false,"_monsterinsights_sitenote_note":"","_monsterinsights_sitenote_category":0,"footnotes":""},"class_list":["post-2242","page","type-page","status-publish"],"yoast_head":"<!-- This site is optimized with the Yoast SEO plugin v25.3.1 - https:\/\/yoast.com\/wordpress\/plugins\/seo\/ -->\n<title>SMTP illimit\u00e9 - smtp mail server - professional SMTP service provider<\/title>\n<meta name=\"robots\" content=\"index, follow, max-snippet:-1, max-image-preview:large, max-video-preview:-1\" \/>\n<link rel=\"canonical\" href=\"https:\/\/serversmtp.com\/fr\/smtp-illimite\/\" \/>\n<meta name=\"twitter:label1\" content=\"Dur\u00e9e de lecture estim\u00e9e\" \/>\n\t<meta name=\"twitter:data1\" content=\"1 minute\" \/>\n<!-- \/ Yoast SEO plugin. -->","yoast_head_json":{"title":"SMTP illimit\u00e9 - smtp mail server - professional SMTP service provider","robots":{"index":"index","follow":"follow","max-snippet":"max-snippet:-1","max-image-preview":"max-image-preview:large","max-video-preview":"max-video-preview:-1"},"canonical":"https:\/\/serversmtp.com\/fr\/smtp-illimite\/","twitter_misc":{"Dur\u00e9e de lecture estim\u00e9e":"1 minute"},"schema":{"@context":"https:\/\/schema.org","@graph":[{"@type":"WebPage","@id":"https:\/\/serversmtp.com\/fr\/smtp-illimite\/","url":"https:\/\/serversmtp.com\/fr\/smtp-illimite\/","name":"SMTP illimit\u00e9 - smtp mail server - professional SMTP service provider","isPartOf":{"@id":"https:\/\/serversmtp.com\/de\/#website"},"datePublished":"2018-04-11T16:20:50+00:00","dateModified":"2018-04-12T13:54:49+00:00","breadcrumb":{"@id":"https:\/\/serversmtp.com\/fr\/smtp-illimite\/#breadcrumb"},"inLanguage":"fr-FR","potentialAction":[{"@type":"ReadAction","target":["https:\/\/serversmtp.com\/fr\/smtp-illimite\/"]}]},{"@type":"BreadcrumbList","@id":"https:\/\/serversmtp.com\/fr\/smtp-illimite\/#breadcrumb","itemListElement":[{"@type":"ListItem","position":1,"name":"Home","item":"https:\/\/serversmtp.com\/fr\/"},{"@type":"ListItem","position":2,"name":"SMTP illimit\u00e9"}]},{"@type":"WebSite","@id":"https:\/\/serversmtp.com\/de\/#website","url":"https:\/\/serversmtp.com\/de\/","name":"smtp mail server - professional SMTP service provider","description":"smtp mail server - professional SMTP service provider","publisher":{"@id":"https:\/\/serversmtp.com\/de\/#organization"},"potentialAction":[{"@type":"SearchAction","target":{"@type":"EntryPoint","urlTemplate":"https:\/\/serversmtp.com\/de\/?s={search_term_string}"},"query-input":{"@type":"PropertyValueSpecification","valueRequired":true,"valueName":"search_term_string"}}],"inLanguage":"fr-FR"},{"@type":"Organization","@id":"https:\/\/serversmtp.com\/de\/#organization","name":"Delivery Tech","url":"https:\/\/serversmtp.com\/de\/","logo":{"@type":"ImageObject","inLanguage":"fr-FR","@id":"https:\/\/serversmtp.com\/de\/#\/schema\/logo\/image\/","url":"https:\/\/serversmtp.com\/wp-content\/uploads\/2021\/11\/og-image-2.jpg","contentUrl":"https:\/\/serversmtp.com\/wp-content\/uploads\/2021\/11\/og-image-2.jpg","width":1200,"height":1128,"caption":"Delivery Tech"},"image":{"@id":"https:\/\/serversmtp.com\/de\/#\/schema\/logo\/image\/"}}]}},"_links":{"self":[{"href":"https:\/\/serversmtp.com\/fr\/wp-json\/wp\/v2\/pages\/2242"}],"collection":[{"href":"https:\/\/serversmtp.com\/fr\/wp-json\/wp\/v2\/pages"}],"about":[{"href":"https:\/\/serversmtp.com\/fr\/wp-json\/wp\/v2\/types\/page"}],"author":[{"embeddable":true,"href":"https:\/\/serversmtp.com\/fr\/wp-json\/wp\/v2\/users\/3"}],"replies":[{"embeddable":true,"href":"https:\/\/serversmtp.com\/fr\/wp-json\/wp\/v2\/comments?post=2242"}],"version-history":[{"count":3,"href":"https:\/\/serversmtp.com\/fr\/wp-json\/wp\/v2\/pages\/2242\/revisions"}],"predecessor-version":[{"id":2325,"href":"https:\/\/serversmtp.com\/fr\/wp-json\/wp\/v2\/pages\/2242\/revisions\/2325"}],"wp:attachment":[{"href":"https:\/\/serversmtp.com\/fr\/wp-json\/wp\/v2\/media?parent=2242"}],"curies":[{"name":"wp","href":"https:\/\/api.w.org\/{rel}","templated":true}]}}