{"id":2239,"date":"2018-04-11T18:17:20","date_gmt":"2018-04-11T16:17:20","guid":{"rendered":"https:\/\/dev.serversmtp.com\/?page_id=2239"},"modified":"2018-04-12T15:52:39","modified_gmt":"2018-04-12T13:52:39","slug":"mails-arrivent-pas","status":"publish","type":"page","link":"https:\/\/serversmtp.com\/fr\/mails-arrivent-pas\/","title":{"rendered":"Les mails n&#8217;arrivent pas"},"content":{"rendered":"<p>Les probl\u00e8mes relatives \u00e0 la <strong>livraison de mails<\/strong> sont malheureusement assez courants, soit dans les communications quotidiennes soit quand il s&#8217;agit de lancer une campagne newsletter. <strong>Les mails tout simplement n&#8217;arrivent pas \u00e0 destination<\/strong>. Pourquoi? Qu&#8217;est-ce qui se passe?<\/p>\n<p>Pourvu que vous \u00eates correctement connect\u00e9 \u00e0 Internet (oui , \u00e7a arrive&#8230;) les causes sont tr\u00e8s probablement li\u00e9es \u00e0 <strong>votre serveur SMTP<\/strong> &#8211; la machine qui prend soin de d\u00e9livrer vos messages sortants.<\/p>\n<p>En fait, les serveurs normaux associ\u00e9s \u00e0 un fournisseur de messagerie commune (tel que Gmail ou Hotmail) peuvent donner des nombreux probl\u00e8mes car ils ne sont pas surveill\u00e9s: le meilleur choix pour \u00e9viter tout \u00e7a est donc de s&#8217;appuyer sur un <strong><a title=\"serveur sortant professionnel\" href=\"\/fr\/signup\">serveur sortant professionnel<\/a><\/strong> comme turboSMTP. (Il y a aussi un plan gratuit tr\u00e8s pratique).<\/p>\n<p>Cela dit, ici sont les probl\u00e8mes les plus fr\u00e9quentes dans le genre &#8220;les mails n&#8217;arrivent pas&#8221;, et comment les r\u00e9soudre:<\/p>\n<ul>\n<li><strong>L&#8217;authentification du courriel a \u00e9chou\u00e9<\/strong>. Si vous utilisez une authentification SMTP comme SSL, v\u00e9rifiez votre nom d&#8217;utilisateur et mot de passe.<\/li>\n<li><strong>Il ya un probl\u00e8me de port<\/strong>. Le protocole SMTP utilise normalement le port 25, qui parfois peut \u00eatre bloqu\u00e9 par votre FAI: essayez donc le port 587 (ou le port 465 si vous vous connectez via SSL).<\/li>\n<li><strong>Les param\u00e8tres SMTP sont tromp\u00e9s<\/strong>. Peut-\u00eatre vous avez configur\u00e9 votre client de messagerie avec un nom de serveur incorrecte: jetez un oeil \u00e0 notre <a title=\"liste SMTP\" href=\"\/fr\/liste-serveur-smtp\">liste de fournisseurs SMTP<\/a> pour le v\u00e9rifier, ou contacter votre fournisseur.<\/li>\n<li><strong>Probl\u00e8mes avec le pare-feu ou l&#8217;antivirus<\/strong>. Assurez-vous que vous avez une r\u00e8gle d&#8217;exception pour votre service SMTP dans votre pare-feu, service de proxy ou antivirus.<\/li>\n<\/ul>\n","protected":false},"excerpt":{"rendered":"<p>Les probl\u00e8mes relatives \u00e0 la livraison de mails sont malheureusement assez courants, soit dans les communications quotidiennes soit quand il s&#8217;agit de lancer une campagne newsletter. Les mails tout simplement n&#8217;arrivent pas \u00e0 destination. Pourquoi? Qu&#8217;est-ce qui se passe? Pourvu que vous \u00eates correctement connect\u00e9 \u00e0 Internet (oui , \u00e7a arrive&#8230;) les causes sont tr\u00e8s &#8230; <\/p>\n<p class=\"read-more-container\"><a title=\"Les mails n&#8217;arrivent pas\" class=\"read-more button\" href=\"https:\/\/serversmtp.com\/fr\/mails-arrivent-pas\/#more-2239\" aria-label=\"En savoir plus sur Les mails n&#8217;arrivent pas\">Discover more<\/a><\/p>\n","protected":false},"author":3,"featured_media":0,"parent":0,"menu_order":0,"comment_status":"closed","ping_status":"closed","template":"g1_template_page_sidebar_right.php","meta":{"_eb_attr":"","inline_featured_image":false,"_monsterinsights_skip_tracking":false,"_monsterinsights_sitenote_active":false,"_monsterinsights_sitenote_note":"","_monsterinsights_sitenote_category":0,"footnotes":""},"class_list":["post-2239","page","type-page","status-publish"],"yoast_head":"<!-- This site is optimized with the Yoast SEO plugin v25.3.1 - https:\/\/yoast.com\/wordpress\/plugins\/seo\/ -->\n<title>Les mails n&#039;arrivent pas - smtp mail server - professional SMTP service provider<\/title>\n<meta name=\"robots\" content=\"index, follow, max-snippet:-1, max-image-preview:large, max-video-preview:-1\" \/>\n<link rel=\"canonical\" href=\"https:\/\/serversmtp.com\/fr\/mails-arrivent-pas\/\" \/>\n<meta name=\"twitter:label1\" content=\"Dur\u00e9e de lecture estim\u00e9e\" \/>\n\t<meta name=\"twitter:data1\" content=\"1 minute\" \/>\n<!-- \/ Yoast SEO plugin. -->","yoast_head_json":{"title":"Les mails n'arrivent pas - smtp mail server - professional SMTP service provider","robots":{"index":"index","follow":"follow","max-snippet":"max-snippet:-1","max-image-preview":"max-image-preview:large","max-video-preview":"max-video-preview:-1"},"canonical":"https:\/\/serversmtp.com\/fr\/mails-arrivent-pas\/","twitter_misc":{"Dur\u00e9e de lecture estim\u00e9e":"1 minute"},"schema":{"@context":"https:\/\/schema.org","@graph":[{"@type":"WebPage","@id":"https:\/\/serversmtp.com\/fr\/mails-arrivent-pas\/","url":"https:\/\/serversmtp.com\/fr\/mails-arrivent-pas\/","name":"Les mails n'arrivent pas - smtp mail server - professional SMTP service provider","isPartOf":{"@id":"https:\/\/serversmtp.com\/fr\/#website"},"datePublished":"2018-04-11T16:17:20+00:00","dateModified":"2018-04-12T13:52:39+00:00","breadcrumb":{"@id":"https:\/\/serversmtp.com\/fr\/mails-arrivent-pas\/#breadcrumb"},"inLanguage":"fr-FR","potentialAction":[{"@type":"ReadAction","target":["https:\/\/serversmtp.com\/fr\/mails-arrivent-pas\/"]}]},{"@type":"BreadcrumbList","@id":"https:\/\/serversmtp.com\/fr\/mails-arrivent-pas\/#breadcrumb","itemListElement":[{"@type":"ListItem","position":1,"name":"Home","item":"https:\/\/serversmtp.com\/fr\/"},{"@type":"ListItem","position":2,"name":"Les mails n&#8217;arrivent pas"}]},{"@type":"WebSite","@id":"https:\/\/serversmtp.com\/fr\/#website","url":"https:\/\/serversmtp.com\/fr\/","name":"smtp mail server - professional SMTP service provider","description":"smtp mail server - professional SMTP service provider","publisher":{"@id":"https:\/\/serversmtp.com\/fr\/#organization"},"potentialAction":[{"@type":"SearchAction","target":{"@type":"EntryPoint","urlTemplate":"https:\/\/serversmtp.com\/fr\/?s={search_term_string}"},"query-input":{"@type":"PropertyValueSpecification","valueRequired":true,"valueName":"search_term_string"}}],"inLanguage":"fr-FR"},{"@type":"Organization","@id":"https:\/\/serversmtp.com\/fr\/#organization","name":"Delivery Tech","url":"https:\/\/serversmtp.com\/fr\/","logo":{"@type":"ImageObject","inLanguage":"fr-FR","@id":"https:\/\/serversmtp.com\/fr\/#\/schema\/logo\/image\/","url":"https:\/\/serversmtp.com\/wp-content\/uploads\/2021\/11\/og-image-2.jpg","contentUrl":"https:\/\/serversmtp.com\/wp-content\/uploads\/2021\/11\/og-image-2.jpg","width":1200,"height":1128,"caption":"Delivery Tech"},"image":{"@id":"https:\/\/serversmtp.com\/fr\/#\/schema\/logo\/image\/"}}]}},"_links":{"self":[{"href":"https:\/\/serversmtp.com\/fr\/wp-json\/wp\/v2\/pages\/2239"}],"collection":[{"href":"https:\/\/serversmtp.com\/fr\/wp-json\/wp\/v2\/pages"}],"about":[{"href":"https:\/\/serversmtp.com\/fr\/wp-json\/wp\/v2\/types\/page"}],"author":[{"embeddable":true,"href":"https:\/\/serversmtp.com\/fr\/wp-json\/wp\/v2\/users\/3"}],"replies":[{"embeddable":true,"href":"https:\/\/serversmtp.com\/fr\/wp-json\/wp\/v2\/comments?post=2239"}],"version-history":[{"count":4,"href":"https:\/\/serversmtp.com\/fr\/wp-json\/wp\/v2\/pages\/2239\/revisions"}],"predecessor-version":[{"id":2321,"href":"https:\/\/serversmtp.com\/fr\/wp-json\/wp\/v2\/pages\/2239\/revisions\/2321"}],"wp:attachment":[{"href":"https:\/\/serversmtp.com\/fr\/wp-json\/wp\/v2\/media?parent=2239"}],"curies":[{"name":"wp","href":"https:\/\/api.w.org\/{rel}","templated":true}]}}