{"id":2237,"date":"2018-04-11T18:14:52","date_gmt":"2018-04-11T16:14:52","guid":{"rendered":"https:\/\/dev.serversmtp.com\/?page_id=2237"},"modified":"2018-04-12T15:42:09","modified_gmt":"2018-04-12T13:42:09","slug":"serveur-messagerie","status":"publish","type":"page","link":"https:\/\/serversmtp.com\/fr\/serveur-messagerie\/","title":{"rendered":"Serveur de messagerie SMTP"},"content":{"rendered":"<p>Choisir un<strong> serveur de messagerie SMTP fiable<\/strong> est essentiel quand il s&#8217;agit de marketing par courriel, mais pas seulement. En fait, chaque fois que vous envoyez un mail (m\u00eame une simple ligne \u00e0 un coll\u00e8gue ou un ami) vous comptez sur cette machine.<\/p>\n<p>Pour le dire simplement, un serveur de messagerie sortant prend en charge le <strong>processus de livraison de vos mails<\/strong>: de les transf\u00e9rer \u00e0 partir de votre client ou webmail \u00e0 un autre ordinateur \u2013 le serveur de messagerie entrant \u2013 o\u00f9 le destinataire peut les t\u00e9l\u00e9charger. C&#8217;est plus ou moins comme un <strong>facteur num\u00e9rique<\/strong>, dont la capacit\u00e9 d&#8217;envoi et livraison depend et varie beaucoup.<\/p>\n<p>En fait, si vous avez besoin d&#8217;envoyer un <strong>mailing en masse<\/strong> comme un newsletter, vous ne devriez <strong>jamais<\/strong> utiliser un serveur SMTP commun comme ceux associ\u00e9s aux fournisseurs de courrier \u00e9lectronique gratuits (Gmail, Yahoo&#8230; ).<\/p>\n<p>La raison en est simple. Comme ils ne sont pas structur\u00e9s pour g\u00e9rer les envois de masse, ces serveurs de messagerie ont une <strong>limite<\/strong> au nombre de destinataires que vous pouvez g\u00e9rer par email. De plus, vous aurez des <strong>probl\u00e8mes de livraison<\/strong>: la grande majorit\u00e9 de vos messages seront simplement filtr\u00e9 par les FAI et les serveurs entrants.<\/p>\n<p>Ainsi , rappelez-vous: pour envoyer des emails multiples, choisissez toujours un <strong>serveur sortant professionnel<\/strong> comme turboSMTP. Vous pouvez vous inscrire maintenant et <a title=\"serveur messagerie professionnel\" href=\"\/fr\/signup\">obtener imm\u00e9diatement 6.000 relais gratuits par moi<\/a>s, pour toujours.<\/p>\n","protected":false},"excerpt":{"rendered":"<p>Choisir un serveur de messagerie SMTP fiable est essentiel quand il s&#8217;agit de marketing par courriel, mais pas seulement. En fait, chaque fois que vous envoyez un mail (m\u00eame une simple ligne \u00e0 un coll\u00e8gue ou un ami) vous comptez sur cette machine. Pour le dire simplement, un serveur de messagerie sortant prend en charge &#8230; <\/p>\n<p class=\"read-more-container\"><a title=\"Serveur de messagerie SMTP\" class=\"read-more button\" href=\"https:\/\/serversmtp.com\/fr\/serveur-messagerie\/#more-2237\" aria-label=\"En savoir plus sur Serveur de messagerie SMTP\">Discover more<\/a><\/p>\n","protected":false},"author":3,"featured_media":0,"parent":0,"menu_order":0,"comment_status":"closed","ping_status":"closed","template":"g1_template_page_sidebar_right.php","meta":{"_eb_attr":"","inline_featured_image":false,"_monsterinsights_skip_tracking":false,"_monsterinsights_sitenote_active":false,"_monsterinsights_sitenote_note":"","_monsterinsights_sitenote_category":0,"footnotes":""},"class_list":["post-2237","page","type-page","status-publish"],"yoast_head":"<!-- This site is optimized with the Yoast SEO plugin v25.3.1 - https:\/\/yoast.com\/wordpress\/plugins\/seo\/ -->\n<title>Serveur de messagerie SMTP - smtp mail server - professional SMTP service provider<\/title>\n<meta name=\"robots\" content=\"index, follow, max-snippet:-1, max-image-preview:large, max-video-preview:-1\" \/>\n<link rel=\"canonical\" href=\"https:\/\/serversmtp.com\/fr\/serveur-messagerie\/\" \/>\n<meta name=\"twitter:label1\" content=\"Dur\u00e9e de lecture estim\u00e9e\" \/>\n\t<meta name=\"twitter:data1\" content=\"1 minute\" \/>\n<!-- \/ Yoast SEO plugin. -->","yoast_head_json":{"title":"Serveur de messagerie SMTP - smtp mail server - professional SMTP service provider","robots":{"index":"index","follow":"follow","max-snippet":"max-snippet:-1","max-image-preview":"max-image-preview:large","max-video-preview":"max-video-preview:-1"},"canonical":"https:\/\/serversmtp.com\/fr\/serveur-messagerie\/","twitter_misc":{"Dur\u00e9e de lecture estim\u00e9e":"1 minute"},"schema":{"@context":"https:\/\/schema.org","@graph":[{"@type":"WebPage","@id":"https:\/\/serversmtp.com\/fr\/serveur-messagerie\/","url":"https:\/\/serversmtp.com\/fr\/serveur-messagerie\/","name":"Serveur de messagerie SMTP - smtp mail server - professional SMTP service provider","isPartOf":{"@id":"https:\/\/serversmtp.com\/de\/#website"},"datePublished":"2018-04-11T16:14:52+00:00","dateModified":"2018-04-12T13:42:09+00:00","breadcrumb":{"@id":"https:\/\/serversmtp.com\/fr\/serveur-messagerie\/#breadcrumb"},"inLanguage":"fr-FR","potentialAction":[{"@type":"ReadAction","target":["https:\/\/serversmtp.com\/fr\/serveur-messagerie\/"]}]},{"@type":"BreadcrumbList","@id":"https:\/\/serversmtp.com\/fr\/serveur-messagerie\/#breadcrumb","itemListElement":[{"@type":"ListItem","position":1,"name":"Home","item":"https:\/\/serversmtp.com\/fr\/"},{"@type":"ListItem","position":2,"name":"Serveur de messagerie SMTP"}]},{"@type":"WebSite","@id":"https:\/\/serversmtp.com\/de\/#website","url":"https:\/\/serversmtp.com\/de\/","name":"smtp mail server - professional SMTP service provider","description":"smtp mail server - professional SMTP service provider","publisher":{"@id":"https:\/\/serversmtp.com\/de\/#organization"},"potentialAction":[{"@type":"SearchAction","target":{"@type":"EntryPoint","urlTemplate":"https:\/\/serversmtp.com\/de\/?s={search_term_string}"},"query-input":{"@type":"PropertyValueSpecification","valueRequired":true,"valueName":"search_term_string"}}],"inLanguage":"fr-FR"},{"@type":"Organization","@id":"https:\/\/serversmtp.com\/de\/#organization","name":"Delivery Tech","url":"https:\/\/serversmtp.com\/de\/","logo":{"@type":"ImageObject","inLanguage":"fr-FR","@id":"https:\/\/serversmtp.com\/de\/#\/schema\/logo\/image\/","url":"https:\/\/serversmtp.com\/wp-content\/uploads\/2021\/11\/og-image-2.jpg","contentUrl":"https:\/\/serversmtp.com\/wp-content\/uploads\/2021\/11\/og-image-2.jpg","width":1200,"height":1128,"caption":"Delivery Tech"},"image":{"@id":"https:\/\/serversmtp.com\/de\/#\/schema\/logo\/image\/"}}]}},"_links":{"self":[{"href":"https:\/\/serversmtp.com\/fr\/wp-json\/wp\/v2\/pages\/2237"}],"collection":[{"href":"https:\/\/serversmtp.com\/fr\/wp-json\/wp\/v2\/pages"}],"about":[{"href":"https:\/\/serversmtp.com\/fr\/wp-json\/wp\/v2\/types\/page"}],"author":[{"embeddable":true,"href":"https:\/\/serversmtp.com\/fr\/wp-json\/wp\/v2\/users\/3"}],"replies":[{"embeddable":true,"href":"https:\/\/serversmtp.com\/fr\/wp-json\/wp\/v2\/comments?post=2237"}],"version-history":[{"count":2,"href":"https:\/\/serversmtp.com\/fr\/wp-json\/wp\/v2\/pages\/2237\/revisions"}],"predecessor-version":[{"id":2319,"href":"https:\/\/serversmtp.com\/fr\/wp-json\/wp\/v2\/pages\/2237\/revisions\/2319"}],"wp:attachment":[{"href":"https:\/\/serversmtp.com\/fr\/wp-json\/wp\/v2\/media?parent=2237"}],"curies":[{"name":"wp","href":"https:\/\/api.w.org\/{rel}","templated":true}]}}