{"id":2234,"date":"2018-04-11T18:13:09","date_gmt":"2018-04-11T16:13:09","guid":{"rendered":"https:\/\/dev.serversmtp.com\/?page_id=2234"},"modified":"2018-04-12T17:42:55","modified_gmt":"2018-04-12T15:42:55","slug":"probleme-envoi-email","status":"publish","type":"page","link":"https:\/\/serversmtp.com\/fr\/probleme-envoi-email\/","title":{"rendered":"Probl\u00e8mes d&#8217;envoi de l&#8217;email"},"content":{"rendered":"<p>Pourquoi parfois votre client de messagerie <strong>n&#8217;envoie pas de courriels<\/strong>? Peut-\u00eatre il ne cesse de les recevoir, mais les emails sortants ne sont pas envoy\u00e9s \u00e0 chaque d\u00e9stinataire.<\/p>\n<p><strong>Qu&#8217;est-ce qui se passe<\/strong>?<\/p>\n<p>Pourvu que vous \u00eates correctement connect\u00e9 \u00e0 Internet (oui, \u00e7a arrive &#8230;) les causes sont g\u00e9n\u00e9ralement li\u00e9es \u00e0 votre <strong><a title=\"serveur smtp\" href=\"\/fr\/serveur-smtp\">serveur SMTP<\/a><\/strong> \u2013 la machine qui prend soin de livrer vos messages.<\/p>\n<p>En effet, les serveurs sortants normaux associ\u00e9s \u00e0 un fournisseur de service email commun (comme Gmail ou Hotmail) peuvent avoir plusieurs probl\u00e8mes comme ils s&#8217;appuyent sur des IP pas surveill\u00e9s: le meilleur choix pour \u00e9viter tout est donc un <strong><a title=\"service SMTP\" href=\"\/fr\/tsmtpregistration1.php\">service SMTP professionnel<\/a><\/strong> comme turboSMTP. En tout cas, voici les probl\u00e8mes les plus fr\u00e9quentes et comment les r\u00e9soudre:<\/p>\n<ul>\n<li><strong>L&#8217;authentification a \u00e9chou\u00e9<\/strong>. Si vous utilisez une authentification SMTP comme SSL, v\u00e9rifiez \u00e0 nouveau votre nom d&#8217;utilisateur et mot de passe.<\/li>\n<li><strong>Il y a eu un probl\u00e8me avec le port<\/strong>. Le serveur SMTP utilise <a title=\"ports smtp\" href=\"\/fr\/ports-serveur-smtp\">port 25<\/a> normalement, mais ekke peut \u00eatre bloqu\u00e9e par votre FAI: essayez port 587 (ou port 465 si vous vous connectez via SSL).<\/li>\n<li><strong>Les param\u00e8tres SMTP sont tromp\u00e9s<\/strong>. Peut-\u00eatre vous avez configur\u00e9 votre client de messagerie avec un mauvais nom du serveur sortant: jetez un oeil \u00e0 notre <a title=\"liste serveur smtp\" href=\"\/fr\/liste-serveur-smtp\">liste de fournisseurs SMTP<\/a> et rev\u00e9rifiez, ou contactez directement votre fournisseur.<\/li>\n<li><strong>Il y a un probl\u00e8me d&#8217;antivirus ou firewall<\/strong>. Assurez-vous que vous avez une r\u00e8gle d&#8217;exception pour le service SMTP dans votre firewall, votre service proxy ou dans les param\u00e8tres antivirus.<\/li>\n<\/ul>\n<p>Si le client continue \u00e0 ne pas envoyer vos courriels, vous avez probablement un probl\u00e8me g\u00e9n\u00e9ral avec le FAI (que vous devriez contacter imm\u00e9diatement).<\/p>\n","protected":false},"excerpt":{"rendered":"<p>Pourquoi parfois votre client de messagerie n&#8217;envoie pas de courriels? Peut-\u00eatre il ne cesse de les recevoir, mais les emails sortants ne sont pas envoy\u00e9s \u00e0 chaque d\u00e9stinataire. Qu&#8217;est-ce qui se passe? Pourvu que vous \u00eates correctement connect\u00e9 \u00e0 Internet (oui, \u00e7a arrive &#8230;) les causes sont g\u00e9n\u00e9ralement li\u00e9es \u00e0 votre serveur SMTP \u2013 la &#8230; <\/p>\n<p class=\"read-more-container\"><a title=\"Probl\u00e8mes d&#8217;envoi de l&#8217;email\" class=\"read-more button\" href=\"https:\/\/serversmtp.com\/fr\/probleme-envoi-email\/#more-2234\" aria-label=\"En savoir plus sur Probl\u00e8mes d&#8217;envoi de l&#8217;email\">Discover more<\/a><\/p>\n","protected":false},"author":3,"featured_media":0,"parent":0,"menu_order":0,"comment_status":"closed","ping_status":"closed","template":"g1_template_page_sidebar_right.php","meta":{"_eb_attr":"","inline_featured_image":false,"_monsterinsights_skip_tracking":false,"_monsterinsights_sitenote_active":false,"_monsterinsights_sitenote_note":"","_monsterinsights_sitenote_category":0,"footnotes":""},"class_list":["post-2234","page","type-page","status-publish"],"yoast_head":"<!-- This site is optimized with the Yoast SEO plugin v25.3.1 - https:\/\/yoast.com\/wordpress\/plugins\/seo\/ -->\n<title>Probl\u00e8mes d&#039;envoi de l&#039;email - smtp mail server - professional SMTP service provider<\/title>\n<meta name=\"robots\" content=\"index, follow, max-snippet:-1, max-image-preview:large, max-video-preview:-1\" \/>\n<link rel=\"canonical\" href=\"https:\/\/serversmtp.com\/fr\/probleme-envoi-email\/\" \/>\n<meta name=\"twitter:label1\" content=\"Dur\u00e9e de lecture estim\u00e9e\" \/>\n\t<meta name=\"twitter:data1\" content=\"1 minute\" \/>\n<!-- \/ Yoast SEO plugin. -->","yoast_head_json":{"title":"Probl\u00e8mes d'envoi de l'email - smtp mail server - professional SMTP service provider","robots":{"index":"index","follow":"follow","max-snippet":"max-snippet:-1","max-image-preview":"max-image-preview:large","max-video-preview":"max-video-preview:-1"},"canonical":"https:\/\/serversmtp.com\/fr\/probleme-envoi-email\/","twitter_misc":{"Dur\u00e9e de lecture estim\u00e9e":"1 minute"},"schema":{"@context":"https:\/\/schema.org","@graph":[{"@type":"WebPage","@id":"https:\/\/serversmtp.com\/fr\/probleme-envoi-email\/","url":"https:\/\/serversmtp.com\/fr\/probleme-envoi-email\/","name":"Probl\u00e8mes d'envoi de l'email - smtp mail server - professional SMTP service provider","isPartOf":{"@id":"https:\/\/serversmtp.com\/it\/#website"},"datePublished":"2018-04-11T16:13:09+00:00","dateModified":"2018-04-12T15:42:55+00:00","breadcrumb":{"@id":"https:\/\/serversmtp.com\/fr\/probleme-envoi-email\/#breadcrumb"},"inLanguage":"fr-FR","potentialAction":[{"@type":"ReadAction","target":["https:\/\/serversmtp.com\/fr\/probleme-envoi-email\/"]}]},{"@type":"BreadcrumbList","@id":"https:\/\/serversmtp.com\/fr\/probleme-envoi-email\/#breadcrumb","itemListElement":[{"@type":"ListItem","position":1,"name":"Home","item":"https:\/\/serversmtp.com\/fr\/"},{"@type":"ListItem","position":2,"name":"Probl\u00e8mes d&#8217;envoi de l&#8217;email"}]},{"@type":"WebSite","@id":"https:\/\/serversmtp.com\/it\/#website","url":"https:\/\/serversmtp.com\/it\/","name":"smtp mail server - professional SMTP service provider","description":"smtp mail server - professional SMTP service provider","publisher":{"@id":"https:\/\/serversmtp.com\/it\/#organization"},"potentialAction":[{"@type":"SearchAction","target":{"@type":"EntryPoint","urlTemplate":"https:\/\/serversmtp.com\/it\/?s={search_term_string}"},"query-input":{"@type":"PropertyValueSpecification","valueRequired":true,"valueName":"search_term_string"}}],"inLanguage":"fr-FR"},{"@type":"Organization","@id":"https:\/\/serversmtp.com\/it\/#organization","name":"Delivery Tech","url":"https:\/\/serversmtp.com\/it\/","logo":{"@type":"ImageObject","inLanguage":"fr-FR","@id":"https:\/\/serversmtp.com\/it\/#\/schema\/logo\/image\/","url":"https:\/\/serversmtp.com\/wp-content\/uploads\/2021\/11\/og-image-2.jpg","contentUrl":"https:\/\/serversmtp.com\/wp-content\/uploads\/2021\/11\/og-image-2.jpg","width":1200,"height":1128,"caption":"Delivery Tech"},"image":{"@id":"https:\/\/serversmtp.com\/it\/#\/schema\/logo\/image\/"}}]}},"_links":{"self":[{"href":"https:\/\/serversmtp.com\/fr\/wp-json\/wp\/v2\/pages\/2234"}],"collection":[{"href":"https:\/\/serversmtp.com\/fr\/wp-json\/wp\/v2\/pages"}],"about":[{"href":"https:\/\/serversmtp.com\/fr\/wp-json\/wp\/v2\/types\/page"}],"author":[{"embeddable":true,"href":"https:\/\/serversmtp.com\/fr\/wp-json\/wp\/v2\/users\/3"}],"replies":[{"embeddable":true,"href":"https:\/\/serversmtp.com\/fr\/wp-json\/wp\/v2\/comments?post=2234"}],"version-history":[{"count":3,"href":"https:\/\/serversmtp.com\/fr\/wp-json\/wp\/v2\/pages\/2234\/revisions"}],"predecessor-version":[{"id":2331,"href":"https:\/\/serversmtp.com\/fr\/wp-json\/wp\/v2\/pages\/2234\/revisions\/2331"}],"wp:attachment":[{"href":"https:\/\/serversmtp.com\/fr\/wp-json\/wp\/v2\/media?parent=2234"}],"curies":[{"name":"wp","href":"https:\/\/api.w.org\/{rel}","templated":true}]}}