{"id":2231,"date":"2018-04-11T18:10:49","date_gmt":"2018-04-11T16:10:49","guid":{"rendered":"https:\/\/dev.serversmtp.com\/?page_id=2231"},"modified":"2018-04-12T15:32:07","modified_gmt":"2018-04-12T13:32:07","slug":"email-transactionnel","status":"publish","type":"page","link":"https:\/\/serversmtp.com\/fr\/email-transactionnel\/","title":{"rendered":"Email transactionnel: comment l&#8217;utiliser"},"content":{"rendered":"<p>Qu&#8217;est-ce qu&#8217;un <strong>email transactionnel<\/strong>? Tout simplement, c&#8217;est un email de service qui est envoy\u00e9 <strong>apr\u00e8s l&#8217;action d&#8217;un utilisateur<\/strong>: par exemple un message de bienvenue apr\u00e8s une inscription sur un site web, une confirmation de mot de passe r\u00e9initialis\u00e9e, un auto-r\u00e9pondeur, un re\u00e7u d&#8217;achat&#8230;<\/p>\n<p>Les emails transactionnels ont les<strong> taux d&#8217;ouvertures les plus \u00e9lev\u00e9s<\/strong>, parce qu&#8217;ils sont une r\u00e9ponse directe \u00e0 une action pr\u00e9c\u00e9dente: l&#8217;utilisateur est en quelque sorte d\u00e9j\u00e0 en attente pour eux. Et en g\u00e9n\u00e9ral, aussi les <strong>taux des clics<\/strong> sont extr\u00eamement \u00e9lev\u00e9s.<\/p>\n<p>Comme les emails transactionnels sont si bons pour le <strong>marketing<\/strong>, il est vital de s&#8217;assurer qu&#8217;ils soient correctement livr\u00e9s aux destinataires et le tracer avec pr\u00e9cision. En utilisant <strong>turboSMTP<\/strong>, vous pouvez faire tout cela sans effort.<\/p>\n<p>Comment?<\/p>\n<p>Il vous suffit de <a title=\"turboSMTP\" href=\"\/fr\/signup\">vous inscrire et commencer<\/a> \u00e0 envoyer vos emails avec turboSMTP comme votre nouveau serveur SMTP. Cela permettra de <strong>maximiser la d\u00e9livrabilit\u00e9 de vos messages<\/strong> en s&#8217;assurant qu&#8217;ils arrivent aux bo\u00eetes de r\u00e9ception cibl\u00e9es; en particulier quand vous pr\u00e9parez un emailing en masse \u2013 par example, justement, un <strong>email transactionnel<\/strong>.<\/p>\n<p>Ensuite, vous pourrez utiliser notre <strong>dashboard avanc\u00e9<\/strong> pour obtenir des r\u00e9sultats en temps r\u00e9el sur les emails transactionnels que vous avez envoy\u00e9s: le taux des ouvertures, le taux de bouncebacks, le taux des clics et d&#8217;autres donn\u00e9es pour avoir un contr\u00f4le total sur les actions de vos utilisateurs. Et un grand aide pour am\u00e9liorer votre communication.<\/p>\n<p>Aussi, si vous \u00eates un codeur et devez <strong>envoyer des emails transactionnels via le web<\/strong>, vous pouvez profiter de notre <a title=\"SMTP API\" href=\"\/fr\/service-smtp-api\">SMTP API<\/a>: la m\u00e9thode &#8220;Envoyer&#8221; vous permettra de cr\u00e9er un script et ex\u00e9cuter turboSMTP sur votre site ou &#8216;application et de livrer les messages transactionnels sans souci.<\/p>\n<p>Enfin, voici quelques conseils pour am\u00e9liorer vos emails transactionnels:<\/p>\n<ul>\n<li>Gardez-les<strong> concises et tr\u00e8s claires<\/strong>. L&#8217;utilisateur sait d\u00e9j\u00e0 ce qu&#8217;il attend, donc soyez synth\u00e9tiques.<\/li>\n<li>Envoyez-les <strong>quelques secondes<\/strong> apr\u00e8s l&#8217;action effectu\u00e9e par l&#8217;utilisateur.<\/li>\n<li>Utilisez le <strong>mod\u00e8le le plus beau et le plus simple<\/strong> &#8211; pour encourager les clics.<\/li>\n<li>Placez vos coordonn\u00e9es en <strong>bas de la page<\/strong> (footer).<\/li>\n<li>Envoyez toujours <strong>\u00e0 partir d&#8217;une adresse active<\/strong>, mieux encore si authentifi\u00e9e.<\/li>\n<li>Faites attention \u00e0 <strong>l&#8217;objet<\/strong>: il doit indiquer clairement le contenu de l&#8217;email transactionnel, pour le rendre reconnaissable tout de suite dans la bo\u00eete de r\u00e9ception.<\/li>\n<\/ul>\n","protected":false},"excerpt":{"rendered":"<p>Qu&#8217;est-ce qu&#8217;un email transactionnel? Tout simplement, c&#8217;est un email de service qui est envoy\u00e9 apr\u00e8s l&#8217;action d&#8217;un utilisateur: par exemple un message de bienvenue apr\u00e8s une inscription sur un site web, une confirmation de mot de passe r\u00e9initialis\u00e9e, un auto-r\u00e9pondeur, un re\u00e7u d&#8217;achat&#8230; Les emails transactionnels ont les taux d&#8217;ouvertures les plus \u00e9lev\u00e9s, parce qu&#8217;ils &#8230; <\/p>\n<p class=\"read-more-container\"><a title=\"Email transactionnel: comment l&#8217;utiliser\" class=\"read-more button\" href=\"https:\/\/serversmtp.com\/fr\/email-transactionnel\/#more-2231\" aria-label=\"En savoir plus sur Email transactionnel: comment l&#8217;utiliser\">Discover more<\/a><\/p>\n","protected":false},"author":3,"featured_media":0,"parent":0,"menu_order":0,"comment_status":"closed","ping_status":"closed","template":"g1_template_page_sidebar_right.php","meta":{"_eb_attr":"","inline_featured_image":false,"_monsterinsights_skip_tracking":false,"_monsterinsights_sitenote_active":false,"_monsterinsights_sitenote_note":"","_monsterinsights_sitenote_category":0,"footnotes":""},"class_list":["post-2231","page","type-page","status-publish"],"yoast_head":"<!-- This site is optimized with the Yoast SEO plugin v25.3.1 - https:\/\/yoast.com\/wordpress\/plugins\/seo\/ -->\n<title>Email transactionnel: comment l&#039;utiliser - smtp mail server - professional SMTP service provider<\/title>\n<meta name=\"robots\" content=\"index, follow, max-snippet:-1, max-image-preview:large, max-video-preview:-1\" \/>\n<link rel=\"canonical\" href=\"https:\/\/serversmtp.com\/fr\/email-transactionnel\/\" \/>\n<meta name=\"twitter:label1\" content=\"Dur\u00e9e de lecture estim\u00e9e\" \/>\n\t<meta name=\"twitter:data1\" content=\"2 minutes\" \/>\n<!-- \/ Yoast SEO plugin. -->","yoast_head_json":{"title":"Email transactionnel: comment l'utiliser - smtp mail server - professional SMTP service provider","robots":{"index":"index","follow":"follow","max-snippet":"max-snippet:-1","max-image-preview":"max-image-preview:large","max-video-preview":"max-video-preview:-1"},"canonical":"https:\/\/serversmtp.com\/fr\/email-transactionnel\/","twitter_misc":{"Dur\u00e9e de lecture estim\u00e9e":"2 minutes"},"schema":{"@context":"https:\/\/schema.org","@graph":[{"@type":"WebPage","@id":"https:\/\/serversmtp.com\/fr\/email-transactionnel\/","url":"https:\/\/serversmtp.com\/fr\/email-transactionnel\/","name":"Email transactionnel: comment l'utiliser - smtp mail server - professional SMTP service provider","isPartOf":{"@id":"https:\/\/serversmtp.com\/tr\/#website"},"datePublished":"2018-04-11T16:10:49+00:00","dateModified":"2018-04-12T13:32:07+00:00","breadcrumb":{"@id":"https:\/\/serversmtp.com\/fr\/email-transactionnel\/#breadcrumb"},"inLanguage":"fr-FR","potentialAction":[{"@type":"ReadAction","target":["https:\/\/serversmtp.com\/fr\/email-transactionnel\/"]}]},{"@type":"BreadcrumbList","@id":"https:\/\/serversmtp.com\/fr\/email-transactionnel\/#breadcrumb","itemListElement":[{"@type":"ListItem","position":1,"name":"Home","item":"https:\/\/serversmtp.com\/fr\/"},{"@type":"ListItem","position":2,"name":"Email transactionnel: comment l&#8217;utiliser"}]},{"@type":"WebSite","@id":"https:\/\/serversmtp.com\/tr\/#website","url":"https:\/\/serversmtp.com\/tr\/","name":"smtp mail server - professional SMTP service provider","description":"smtp mail server - professional SMTP service provider","publisher":{"@id":"https:\/\/serversmtp.com\/tr\/#organization"},"potentialAction":[{"@type":"SearchAction","target":{"@type":"EntryPoint","urlTemplate":"https:\/\/serversmtp.com\/tr\/?s={search_term_string}"},"query-input":{"@type":"PropertyValueSpecification","valueRequired":true,"valueName":"search_term_string"}}],"inLanguage":"fr-FR"},{"@type":"Organization","@id":"https:\/\/serversmtp.com\/tr\/#organization","name":"Delivery Tech","url":"https:\/\/serversmtp.com\/tr\/","logo":{"@type":"ImageObject","inLanguage":"fr-FR","@id":"https:\/\/serversmtp.com\/tr\/#\/schema\/logo\/image\/","url":"https:\/\/serversmtp.com\/wp-content\/uploads\/2021\/11\/og-image-2.jpg","contentUrl":"https:\/\/serversmtp.com\/wp-content\/uploads\/2021\/11\/og-image-2.jpg","width":1200,"height":1128,"caption":"Delivery Tech"},"image":{"@id":"https:\/\/serversmtp.com\/tr\/#\/schema\/logo\/image\/"}}]}},"_links":{"self":[{"href":"https:\/\/serversmtp.com\/fr\/wp-json\/wp\/v2\/pages\/2231"}],"collection":[{"href":"https:\/\/serversmtp.com\/fr\/wp-json\/wp\/v2\/pages"}],"about":[{"href":"https:\/\/serversmtp.com\/fr\/wp-json\/wp\/v2\/types\/page"}],"author":[{"embeddable":true,"href":"https:\/\/serversmtp.com\/fr\/wp-json\/wp\/v2\/users\/3"}],"replies":[{"embeddable":true,"href":"https:\/\/serversmtp.com\/fr\/wp-json\/wp\/v2\/comments?post=2231"}],"version-history":[{"count":3,"href":"https:\/\/serversmtp.com\/fr\/wp-json\/wp\/v2\/pages\/2231\/revisions"}],"predecessor-version":[{"id":2318,"href":"https:\/\/serversmtp.com\/fr\/wp-json\/wp\/v2\/pages\/2231\/revisions\/2318"}],"wp:attachment":[{"href":"https:\/\/serversmtp.com\/fr\/wp-json\/wp\/v2\/media?parent=2231"}],"curies":[{"name":"wp","href":"https:\/\/api.w.org\/{rel}","templated":true}]}}