{"id":2227,"date":"2018-04-11T17:55:57","date_gmt":"2018-04-11T15:55:57","guid":{"rendered":"https:\/\/dev.serversmtp.com\/?page_id=2227"},"modified":"2018-04-12T15:26:42","modified_gmt":"2018-04-12T13:26:42","slug":"comment-envoyer-courriel-2","status":"publish","type":"page","link":"https:\/\/serversmtp.com\/fr\/comment-envoyer-courriel-2\/","title":{"rendered":"Comment envoyer un courriel"},"content":{"rendered":"<p><strong>Envoyer un courriel<\/strong> semble une operation extr\u00eamement simple: vous composez le message, cliquez &#8220;Envoi&#8221; sur votre client de poste, et voil\u00e0.<\/p>\n<p>Mais en fait il est un peu plus compliqu\u00e9 que cela: il faut savoir que la livraison d&#8217;un courriel est en charge d&#8217;une machine appell\u00e9e <strong>serveur SMTP<\/strong> ou <strong><a title=\"serveur sortant smtp\" href=\"\/fr\/serveur-sortant-smtp\">serveur sortant<\/a><\/strong> \u2013 qui s&#8217;occupe de transf\u00e9rer tous les messages dans les bo\u00eetes des destinataires (un peu comme un facteur digital).<\/p>\n<p>Cela dit, si vous voulez envoyer un <strong>courriel massif<\/strong> pour une <strong>campagne d&#8217;email marketing<\/strong>, nous vous conseillons de choisir un <strong><a title=\"service SMTP\" href=\"\/fr\/tsmtpregistration1.php\">service SMTP professionnel<\/a><\/strong> capable d&#8217;assurer un taux de d\u00e9livrabilit\u00e9 id\u00e9al: c&#8217;est \u00e0 dire, en garantant que tous vos messages soient correctement transfer\u00e9s.<\/p>\n<p>En plus, les fournisseurs de messagerie les plus courants tels que Yahoo! Mail ou Gmail <strong>ne vous permettent pas d&#8217;envoyer des emails illimit\u00e9s \u00e0 la fois<\/strong>: ils ont des limites strictes pour le nombre de messages et les destinataires que vous pouvez manipuler par jour: une tr\u00e8s grave limite quand il s&#8217;agite d&#8217;envoyer une newsletter \u00e0 plusieurs personnes.<\/p>\n<p>C&#8217;est pourquoi <a title=\"turboSMTP\" href=\"\/fr\/tsmtpregistration1.php\">turboSMTP<\/a> offre un serveur de courrier sortant contr\u00f4l\u00e9 qui permet d&#8217;envoyer des emails illimit\u00e9s sans probl\u00e8me, et maximiser votre <strong>taux de livraison<\/strong>.<\/p>\n","protected":false},"excerpt":{"rendered":"<p>Envoyer un courriel semble une operation extr\u00eamement simple: vous composez le message, cliquez &#8220;Envoi&#8221; sur votre client de poste, et voil\u00e0. Mais en fait il est un peu plus compliqu\u00e9 que cela: il faut savoir que la livraison d&#8217;un courriel est en charge d&#8217;une machine appell\u00e9e serveur SMTP ou serveur sortant \u2013 qui s&#8217;occupe de &#8230; <\/p>\n<p class=\"read-more-container\"><a title=\"Comment envoyer un courriel\" class=\"read-more button\" href=\"https:\/\/serversmtp.com\/fr\/comment-envoyer-courriel-2\/#more-2227\" aria-label=\"En savoir plus sur Comment envoyer un courriel\">Discover more<\/a><\/p>\n","protected":false},"author":3,"featured_media":0,"parent":0,"menu_order":0,"comment_status":"closed","ping_status":"closed","template":"g1_template_page_sidebar_right.php","meta":{"_eb_attr":"","inline_featured_image":false,"_monsterinsights_skip_tracking":false,"_monsterinsights_sitenote_active":false,"_monsterinsights_sitenote_note":"","_monsterinsights_sitenote_category":0,"footnotes":""},"class_list":["post-2227","page","type-page","status-publish"],"yoast_head":"<!-- This site is optimized with the Yoast SEO plugin v25.3.1 - https:\/\/yoast.com\/wordpress\/plugins\/seo\/ -->\n<title>Comment envoyer un courriel - smtp mail server - professional SMTP service provider<\/title>\n<meta name=\"robots\" content=\"index, follow, max-snippet:-1, max-image-preview:large, max-video-preview:-1\" \/>\n<link rel=\"canonical\" href=\"https:\/\/serversmtp.com\/fr\/comment-envoyer-courriel-2\/\" \/>\n<meta name=\"twitter:label1\" content=\"Dur\u00e9e de lecture estim\u00e9e\" \/>\n\t<meta name=\"twitter:data1\" content=\"1 minute\" \/>\n<!-- \/ Yoast SEO plugin. -->","yoast_head_json":{"title":"Comment envoyer un courriel - smtp mail server - professional SMTP service provider","robots":{"index":"index","follow":"follow","max-snippet":"max-snippet:-1","max-image-preview":"max-image-preview:large","max-video-preview":"max-video-preview:-1"},"canonical":"https:\/\/serversmtp.com\/fr\/comment-envoyer-courriel-2\/","twitter_misc":{"Dur\u00e9e de lecture estim\u00e9e":"1 minute"},"schema":{"@context":"https:\/\/schema.org","@graph":[{"@type":"WebPage","@id":"https:\/\/serversmtp.com\/fr\/comment-envoyer-courriel-2\/","url":"https:\/\/serversmtp.com\/fr\/comment-envoyer-courriel-2\/","name":"Comment envoyer un courriel - smtp mail server - professional SMTP service provider","isPartOf":{"@id":"https:\/\/serversmtp.com\/fr\/#website"},"datePublished":"2018-04-11T15:55:57+00:00","dateModified":"2018-04-12T13:26:42+00:00","breadcrumb":{"@id":"https:\/\/serversmtp.com\/fr\/comment-envoyer-courriel-2\/#breadcrumb"},"inLanguage":"fr-FR","potentialAction":[{"@type":"ReadAction","target":["https:\/\/serversmtp.com\/fr\/comment-envoyer-courriel-2\/"]}]},{"@type":"BreadcrumbList","@id":"https:\/\/serversmtp.com\/fr\/comment-envoyer-courriel-2\/#breadcrumb","itemListElement":[{"@type":"ListItem","position":1,"name":"Home","item":"https:\/\/serversmtp.com\/fr\/"},{"@type":"ListItem","position":2,"name":"Comment envoyer un courriel"}]},{"@type":"WebSite","@id":"https:\/\/serversmtp.com\/fr\/#website","url":"https:\/\/serversmtp.com\/fr\/","name":"smtp mail server - professional SMTP service provider","description":"smtp mail server - professional SMTP service provider","publisher":{"@id":"https:\/\/serversmtp.com\/fr\/#organization"},"potentialAction":[{"@type":"SearchAction","target":{"@type":"EntryPoint","urlTemplate":"https:\/\/serversmtp.com\/fr\/?s={search_term_string}"},"query-input":{"@type":"PropertyValueSpecification","valueRequired":true,"valueName":"search_term_string"}}],"inLanguage":"fr-FR"},{"@type":"Organization","@id":"https:\/\/serversmtp.com\/fr\/#organization","name":"Delivery Tech","url":"https:\/\/serversmtp.com\/fr\/","logo":{"@type":"ImageObject","inLanguage":"fr-FR","@id":"https:\/\/serversmtp.com\/fr\/#\/schema\/logo\/image\/","url":"https:\/\/serversmtp.com\/wp-content\/uploads\/2021\/11\/og-image-2.jpg","contentUrl":"https:\/\/serversmtp.com\/wp-content\/uploads\/2021\/11\/og-image-2.jpg","width":1200,"height":1128,"caption":"Delivery Tech"},"image":{"@id":"https:\/\/serversmtp.com\/fr\/#\/schema\/logo\/image\/"}}]}},"_links":{"self":[{"href":"https:\/\/serversmtp.com\/fr\/wp-json\/wp\/v2\/pages\/2227"}],"collection":[{"href":"https:\/\/serversmtp.com\/fr\/wp-json\/wp\/v2\/pages"}],"about":[{"href":"https:\/\/serversmtp.com\/fr\/wp-json\/wp\/v2\/types\/page"}],"author":[{"embeddable":true,"href":"https:\/\/serversmtp.com\/fr\/wp-json\/wp\/v2\/users\/3"}],"replies":[{"embeddable":true,"href":"https:\/\/serversmtp.com\/fr\/wp-json\/wp\/v2\/comments?post=2227"}],"version-history":[{"count":2,"href":"https:\/\/serversmtp.com\/fr\/wp-json\/wp\/v2\/pages\/2227\/revisions"}],"predecessor-version":[{"id":2229,"href":"https:\/\/serversmtp.com\/fr\/wp-json\/wp\/v2\/pages\/2227\/revisions\/2229"}],"wp:attachment":[{"href":"https:\/\/serversmtp.com\/fr\/wp-json\/wp\/v2\/media?parent=2227"}],"curies":[{"name":"wp","href":"https:\/\/api.w.org\/{rel}","templated":true}]}}