{"id":2225,"date":"2018-04-11T17:39:36","date_gmt":"2018-04-11T15:39:36","guid":{"rendered":"https:\/\/dev.serversmtp.com\/?page_id=2225"},"modified":"2018-04-12T17:37:41","modified_gmt":"2018-04-12T15:37:41","slug":"envoi-mail-smtp","status":"publish","type":"page","link":"https:\/\/serversmtp.com\/fr\/envoi-mail-smtp\/","title":{"rendered":"Envoi mail: l&#8217;SMTP"},"content":{"rendered":"<p>Pour que <strong>l&#8217;envoi d&#8217;un mail massif<\/strong> r\u00e9ussit correctement, il faut s&#8217;appuyer sur un <strong>serveur SMTP professionel<\/strong>. En fait, les serveurs sortants associ\u00e9s aux fournisseurs de messagerie gratuits (comme <a title=\"smtp gmail\" href=\"\/fr\/configuration-smtp-gmail\">Gmail<\/a> ou Hotmail) ne sont pas structur\u00e9s pour garantir que tous vos messages envoy\u00e9s arrivent \u00e0 destination, car il n&#8217;utilisent pas des IP contr\u00f4l\u00e9s.<\/p>\n<p>Cela signifie que l&#8217;envoi de vos emails pourrait se baser sur une adresse IP qui se trouve sur une blacklist (liste noire d&#8217;addresses que les providers consid\u00e8rent mauvais), ou m\u00eame sur adresse IP partag\u00e9e avec un spammeur. Et tout cela aura \u00e9videmment des <strong>cons\u00e9quences terribles pour la livraison de vos mailings<\/strong>.<\/p>\n<p>C&#8217;est pourquoi turboSMTP fournit un <strong><a title=\"serveur SMTP\" href=\"\/fr\/tsmtpregistration1.php\">serveur SMTP d\u00e9di\u00e9<\/a><\/strong>: en vous assurant que tous vos mails soient correctement livr\u00e9s. Vous pouvez l&#8217;activer en obtenant <strong>6000 relais gratuits par mois<\/strong>\u00a0(pour toujours)\u00a0et puis choisir le plan qui r\u00e9pond le mieux \u00e0 vos besoins, si c&#8217;est le cas.<\/p>\n","protected":false},"excerpt":{"rendered":"<p>Pour que l&#8217;envoi d&#8217;un mail massif r\u00e9ussit correctement, il faut s&#8217;appuyer sur un serveur SMTP professionel. En fait, les serveurs sortants associ\u00e9s aux fournisseurs de messagerie gratuits (comme Gmail ou Hotmail) ne sont pas structur\u00e9s pour garantir que tous vos messages envoy\u00e9s arrivent \u00e0 destination, car il n&#8217;utilisent pas des IP contr\u00f4l\u00e9s. Cela signifie que &#8230; <\/p>\n<p class=\"read-more-container\"><a title=\"Envoi mail: l&#8217;SMTP\" class=\"read-more button\" href=\"https:\/\/serversmtp.com\/fr\/envoi-mail-smtp\/#more-2225\" aria-label=\"En savoir plus sur Envoi mail: l&#8217;SMTP\">Discover more<\/a><\/p>\n","protected":false},"author":3,"featured_media":0,"parent":0,"menu_order":0,"comment_status":"closed","ping_status":"closed","template":"g1_template_page_sidebar_right.php","meta":{"_eb_attr":"","inline_featured_image":false,"_monsterinsights_skip_tracking":false,"_monsterinsights_sitenote_active":false,"_monsterinsights_sitenote_note":"","_monsterinsights_sitenote_category":0,"footnotes":""},"class_list":["post-2225","page","type-page","status-publish"],"yoast_head":"<!-- This site is optimized with the Yoast SEO plugin v25.3.1 - https:\/\/yoast.com\/wordpress\/plugins\/seo\/ -->\n<title>Envoi mail: l&#039;SMTP - smtp mail server - professional SMTP service provider<\/title>\n<meta name=\"robots\" content=\"index, follow, max-snippet:-1, max-image-preview:large, max-video-preview:-1\" \/>\n<link rel=\"canonical\" href=\"https:\/\/serversmtp.com\/fr\/envoi-mail-smtp\/\" \/>\n<meta name=\"twitter:label1\" content=\"Dur\u00e9e de lecture estim\u00e9e\" \/>\n\t<meta name=\"twitter:data1\" content=\"1 minute\" \/>\n<!-- \/ Yoast SEO plugin. -->","yoast_head_json":{"title":"Envoi mail: l'SMTP - smtp mail server - professional SMTP service provider","robots":{"index":"index","follow":"follow","max-snippet":"max-snippet:-1","max-image-preview":"max-image-preview:large","max-video-preview":"max-video-preview:-1"},"canonical":"https:\/\/serversmtp.com\/fr\/envoi-mail-smtp\/","twitter_misc":{"Dur\u00e9e de lecture estim\u00e9e":"1 minute"},"schema":{"@context":"https:\/\/schema.org","@graph":[{"@type":"WebPage","@id":"https:\/\/serversmtp.com\/fr\/envoi-mail-smtp\/","url":"https:\/\/serversmtp.com\/fr\/envoi-mail-smtp\/","name":"Envoi mail: l'SMTP - smtp mail server - professional SMTP service provider","isPartOf":{"@id":"https:\/\/serversmtp.com\/de\/#website"},"datePublished":"2018-04-11T15:39:36+00:00","dateModified":"2018-04-12T15:37:41+00:00","breadcrumb":{"@id":"https:\/\/serversmtp.com\/fr\/envoi-mail-smtp\/#breadcrumb"},"inLanguage":"fr-FR","potentialAction":[{"@type":"ReadAction","target":["https:\/\/serversmtp.com\/fr\/envoi-mail-smtp\/"]}]},{"@type":"BreadcrumbList","@id":"https:\/\/serversmtp.com\/fr\/envoi-mail-smtp\/#breadcrumb","itemListElement":[{"@type":"ListItem","position":1,"name":"Home","item":"https:\/\/serversmtp.com\/fr\/"},{"@type":"ListItem","position":2,"name":"Envoi mail: l&#8217;SMTP"}]},{"@type":"WebSite","@id":"https:\/\/serversmtp.com\/de\/#website","url":"https:\/\/serversmtp.com\/de\/","name":"smtp mail server - professional SMTP service provider","description":"smtp mail server - professional SMTP service provider","publisher":{"@id":"https:\/\/serversmtp.com\/de\/#organization"},"potentialAction":[{"@type":"SearchAction","target":{"@type":"EntryPoint","urlTemplate":"https:\/\/serversmtp.com\/de\/?s={search_term_string}"},"query-input":{"@type":"PropertyValueSpecification","valueRequired":true,"valueName":"search_term_string"}}],"inLanguage":"fr-FR"},{"@type":"Organization","@id":"https:\/\/serversmtp.com\/de\/#organization","name":"Delivery Tech","url":"https:\/\/serversmtp.com\/de\/","logo":{"@type":"ImageObject","inLanguage":"fr-FR","@id":"https:\/\/serversmtp.com\/de\/#\/schema\/logo\/image\/","url":"https:\/\/serversmtp.com\/wp-content\/uploads\/2021\/11\/og-image-2.jpg","contentUrl":"https:\/\/serversmtp.com\/wp-content\/uploads\/2021\/11\/og-image-2.jpg","width":1200,"height":1128,"caption":"Delivery Tech"},"image":{"@id":"https:\/\/serversmtp.com\/de\/#\/schema\/logo\/image\/"}}]}},"_links":{"self":[{"href":"https:\/\/serversmtp.com\/fr\/wp-json\/wp\/v2\/pages\/2225"}],"collection":[{"href":"https:\/\/serversmtp.com\/fr\/wp-json\/wp\/v2\/pages"}],"about":[{"href":"https:\/\/serversmtp.com\/fr\/wp-json\/wp\/v2\/types\/page"}],"author":[{"embeddable":true,"href":"https:\/\/serversmtp.com\/fr\/wp-json\/wp\/v2\/users\/3"}],"replies":[{"embeddable":true,"href":"https:\/\/serversmtp.com\/fr\/wp-json\/wp\/v2\/comments?post=2225"}],"version-history":[{"count":2,"href":"https:\/\/serversmtp.com\/fr\/wp-json\/wp\/v2\/pages\/2225\/revisions"}],"predecessor-version":[{"id":2330,"href":"https:\/\/serversmtp.com\/fr\/wp-json\/wp\/v2\/pages\/2225\/revisions\/2330"}],"wp:attachment":[{"href":"https:\/\/serversmtp.com\/fr\/wp-json\/wp\/v2\/media?parent=2225"}],"curies":[{"name":"wp","href":"https:\/\/api.w.org\/{rel}","templated":true}]}}