{"id":2222,"date":"2018-04-11T17:36:55","date_gmt":"2018-04-11T15:36:55","guid":{"rendered":"https:\/\/dev.serversmtp.com\/?page_id=2222"},"modified":"2018-04-12T15:20:41","modified_gmt":"2018-04-12T13:20:41","slug":"comment-envoyer-mail","status":"publish","type":"page","link":"https:\/\/serversmtp.com\/fr\/comment-envoyer-mail\/","title":{"rendered":"Comment envoyer un mail"},"content":{"rendered":"<p>Un <strong>mail envoy\u00e9<\/strong> n&rsquo;est pas automatiquement un <strong>mail livr\u00e9<\/strong>. Cela peut sonner \u00e9trange, mais c&rsquo;est tout \u00e0 fait vrai, est tr\u00e8s important aussi. Envoyer un mail est extremement facile: il ne faut qu&rsquo;un mail client ou un logiciel pour les courriels; mais pour en assurer la livraison, il faut consid\u00e9rer la qualit\u00e9 de votre <strong><a title=\"serveur smtp\" href=\"\/fr\/serveur-smtp\">serveur SMTP<\/a><\/strong>.<\/p>\n<p>Un serveur SMTP (ou <strong>serveur sortant<\/strong>) est la machine qui s&rsquo;occupe du transfert des messages de votre client ou webmail au serveur entrant des destinataires.<\/p>\n<p>Malheuresement, les serveurs SMTP associ\u00e9s \u00e0 un normal fournisseur de service email commun (comme Gmail ou Hotmail) peuvent avoir <strong>plusieurs probl\u00e8mes<\/strong>\u00a0quand il s&rsquo;agit d&rsquo;envoyer un mailing massif: comme ils s&rsquo;appuyent sur des IP pas surveill\u00e9s, <strong>entre 10 et 20% d&#8217;emails l\u00e9gitimes se pert en route<\/strong> \u2013 sans que vous ne sachiez rien.<\/p>\n<p>Le meilleur choix pour \u00e9viter tout \u00e7a est donc de choisir un <strong><a title=\"service SMTP professionnel\" href=\"\/fr\/tsmtpregistration1.php\">service SMTP professionnel<\/a><\/strong> comme turboSMTP. Surtout si vous faites de l&#8217;email marketing et vous devez envoyer messages en nombre, il est tr\u00e8s important de ne pas sous-estimer les aspects techniques de la livraison d&#8217;email: apr\u00e8s tout, une promotion peut \u00eatre parfaitement con\u00e7u, mais elle est efficace seulement si elle atteint la bo\u00eete de r\u00e9ception cibl\u00e9e.<\/p>\n","protected":false},"excerpt":{"rendered":"<p>Un mail envoy\u00e9 n&rsquo;est pas automatiquement un mail livr\u00e9. Cela peut sonner \u00e9trange, mais c&rsquo;est tout \u00e0 fait vrai, est tr\u00e8s important aussi. Envoyer un mail est extremement facile: il ne faut qu&rsquo;un mail client ou un logiciel pour les courriels; mais pour en assurer la livraison, il faut consid\u00e9rer la qualit\u00e9 de votre serveur [&hellip;]<\/p>\n","protected":false},"author":3,"featured_media":0,"parent":0,"menu_order":0,"comment_status":"closed","ping_status":"closed","template":"g1_template_page_sidebar_right.php","meta":[],"yoast_head":"<!-- This site is optimized with the Yoast SEO plugin v16.4 - https:\/\/yoast.com\/wordpress\/plugins\/seo\/ -->\n<meta name=\"robots\" content=\"index, follow, max-snippet:-1, max-image-preview:large, max-video-preview:-1\" \/>\n<link rel=\"canonical\" href=\"https:\/\/serversmtp.com\/fr\/comment-envoyer-mail\/\" \/>\n<meta property=\"og:locale\" content=\"fr_FR\" \/>\n<meta property=\"og:type\" content=\"article\" \/>\n<meta property=\"og:title\" content=\"Comment envoyer un mail - smtp mail server - professional SMTP service provider\" \/>\n<meta property=\"og:description\" content=\"Un mail envoy\u00e9 n&rsquo;est pas automatiquement un mail livr\u00e9. Cela peut sonner \u00e9trange, mais c&rsquo;est tout \u00e0 fait vrai, est tr\u00e8s important aussi. Envoyer un mail est extremement facile: il ne faut qu&rsquo;un mail client ou un logiciel pour les courriels; mais pour en assurer la livraison, il faut consid\u00e9rer la qualit\u00e9 de votre serveur [&hellip;]\" \/>\n<meta property=\"og:url\" content=\"https:\/\/serversmtp.com\/fr\/comment-envoyer-mail\/\" \/>\n<meta property=\"og:site_name\" content=\"smtp mail server - professional SMTP service provider\" \/>\n<meta property=\"article:modified_time\" content=\"2018-04-12T13:20:41+00:00\" \/>\n<meta name=\"twitter:card\" content=\"summary_large_image\" \/>\n<meta name=\"twitter:label1\" content=\"Dur\u00e9e de lecture est.\" \/>\n\t<meta name=\"twitter:data1\" content=\"1 minute\" \/>\n<script type=\"application\/ld+json\" class=\"yoast-schema-graph\">{\"@context\":\"https:\/\/schema.org\",\"@graph\":[{\"@type\":\"WebSite\",\"@id\":\"https:\/\/serversmtp.com\/#website\",\"url\":\"https:\/\/serversmtp.com\/\",\"name\":\"smtp mail server - professional SMTP service provider\",\"description\":\"smtp mail server - professional SMTP service provider \",\"potentialAction\":[{\"@type\":\"SearchAction\",\"target\":\"https:\/\/serversmtp.com\/?s={search_term_string}\",\"query-input\":\"required name=search_term_string\"}],\"inLanguage\":\"fr-FR\"},{\"@type\":\"WebPage\",\"@id\":\"https:\/\/serversmtp.com\/fr\/comment-envoyer-mail\/#webpage\",\"url\":\"https:\/\/serversmtp.com\/fr\/comment-envoyer-mail\/\",\"name\":\"Comment envoyer un mail - smtp mail server - professional SMTP service provider\",\"isPartOf\":{\"@id\":\"https:\/\/serversmtp.com\/#website\"},\"datePublished\":\"2018-04-11T15:36:55+00:00\",\"dateModified\":\"2018-04-12T13:20:41+00:00\",\"breadcrumb\":{\"@id\":\"https:\/\/serversmtp.com\/fr\/comment-envoyer-mail\/#breadcrumb\"},\"inLanguage\":\"fr-FR\",\"potentialAction\":[{\"@type\":\"ReadAction\",\"target\":[\"https:\/\/serversmtp.com\/fr\/comment-envoyer-mail\/\"]}]},{\"@type\":\"BreadcrumbList\",\"@id\":\"https:\/\/serversmtp.com\/fr\/comment-envoyer-mail\/#breadcrumb\",\"itemListElement\":[{\"@type\":\"ListItem\",\"position\":1,\"item\":{\"@type\":\"WebPage\",\"@id\":\"https:\/\/serversmtp.com\/fr\/\",\"url\":\"https:\/\/serversmtp.com\/fr\/\",\"name\":\"Home\"}},{\"@type\":\"ListItem\",\"position\":2,\"item\":{\"@id\":\"https:\/\/serversmtp.com\/fr\/comment-envoyer-mail\/#webpage\"}}]}]}<\/script>\n<!-- \/ Yoast SEO plugin. -->","_links":{"self":[{"href":"https:\/\/serversmtp.com\/fr\/wp-json\/wp\/v2\/pages\/2222"}],"collection":[{"href":"https:\/\/serversmtp.com\/fr\/wp-json\/wp\/v2\/pages"}],"about":[{"href":"https:\/\/serversmtp.com\/fr\/wp-json\/wp\/v2\/types\/page"}],"author":[{"embeddable":true,"href":"https:\/\/serversmtp.com\/fr\/wp-json\/wp\/v2\/users\/3"}],"replies":[{"embeddable":true,"href":"https:\/\/serversmtp.com\/fr\/wp-json\/wp\/v2\/comments?post=2222"}],"version-history":[{"count":2,"href":"https:\/\/serversmtp.com\/fr\/wp-json\/wp\/v2\/pages\/2222\/revisions"}],"predecessor-version":[{"id":2224,"href":"https:\/\/serversmtp.com\/fr\/wp-json\/wp\/v2\/pages\/2222\/revisions\/2224"}],"wp:attachment":[{"href":"https:\/\/serversmtp.com\/fr\/wp-json\/wp\/v2\/media?parent=2222"}],"curies":[{"name":"wp","href":"https:\/\/api.w.org\/{rel}","templated":true}]}}