{"id":2213,"date":"2018-04-11T16:50:27","date_gmt":"2018-04-11T14:50:27","guid":{"rendered":"https:\/\/dev.serversmtp.com\/?page_id=2213"},"modified":"2018-04-12T12:45:57","modified_gmt":"2018-04-12T10:45:57","slug":"installer-serveur-smtp","status":"publish","type":"page","link":"https:\/\/serversmtp.com\/fr\/installer-serveur-smtp\/","title":{"rendered":"Installer un serveur SMTP"},"content":{"rendered":"<p>Pour envoyer des emails avec un client ou un mail software, il est essentiel avant tout d&#8217;<strong>installer un serveur SMTP<\/strong> qui s&#8217;occupera de la livraison des messages.<\/p>\n<p>D&#8217;un point de vue technique, un serveur SMTP (ou <strong><a title=\"serveur sortant smtp\" href=\"\/fr\/serveur-sortant-smtp\">serveur sortant<\/a><\/strong>) est une machine qui travaille normalement via le port 25 et agit un peu comme un <strong>facteur digital<\/strong>: il prend soin de chaque email envoy\u00e9 pour le transf\u00e9rer au serveur entrant du destinataire.<\/p>\n<p><img decoding=\"async\" class=\"aligncenter wp-image-445 size-full\" src=\"https:\/\/serversmtp.com\/wp-content\/uploads\/2018\/02\/what-is-smtp.png\" alt=\"\" width=\"580\" height=\"372\" srcset=\"https:\/\/serversmtp.com\/wp-content\/uploads\/2018\/02\/what-is-smtp.png 580w, https:\/\/serversmtp.com\/wp-content\/uploads\/2018\/02\/what-is-smtp-300x192.png 300w, https:\/\/serversmtp.com\/wp-content\/uploads\/2018\/02\/what-is-smtp-320x205.png 320w, https:\/\/serversmtp.com\/wp-content\/uploads\/2018\/02\/what-is-smtp-239x153.png 239w\" sizes=\"(max-width: 580px) 100vw, 580px\" \/><\/p>\n<p>L&#8217;importance de cr\u00e9er, installer et utiliser un bon serveur sortant est capitale surtout quand il s&#8217;agit d&#8217;envoyer des <strong>malings massifs<\/strong>.<\/p>\n<p>En fait, un serveur mail &#8220;normal&#8221; (comme ceux associ\u00e9s aux fournisseurs de messagerie les plus courants: Gmail, Hotmail etc.) pose des <strong>restrictions en termes de nombre de destinataires <\/strong>auxquels vous pouvez envoyer le m\u00eame\u00a0message. Et surtout, il ne peut pas assurer le meilleur taux de livraison de vos courriels, parce qu&#8217;il utilise des IP non contr\u00f4l\u00e9s qui pourraient \u00eatre utilis\u00e9s \u00e9galement par des spammeurs.<\/p>\n<p>Comme l&#8217;<strong>email marketing<\/strong> s&#8217;est av\u00e9r\u00e9 la forme la plus r\u00e9mun\u00e9ratrice de la publicit\u00e9 en ligne (avec un petit investissement vous pouvez diffuser votre offre et obtenir un ROI extraordinaire), il est tr\u00e8s important d&#8217;assurer que <strong>votre envoi parvienne effectivement \u00e0 sa destination<\/strong>.<\/p>\n<p>C&#8217;est pourquoi vous devriez choisir un un <strong><a title=\"service SMTP sortant\" href=\"\/fr\/tsmtpregistration1.php\">service SMTP sortant professionnel<\/a><\/strong> comme turboSMTP: parce qu&#8217;il vous donne \u00e0 la fois la possibilit\u00e9 d&#8217;envoyer des emails illimit\u00e9s et garantit qu&#8217;ils soient correctement re\u00e7us.<\/p>\n","protected":false},"excerpt":{"rendered":"<p>Pour envoyer des emails avec un client ou un mail software, il est essentiel avant tout d&#8217;installer un serveur SMTP qui s&#8217;occupera de la livraison des messages. D&#8217;un point de vue technique, un serveur SMTP (ou serveur sortant) est une machine qui travaille normalement via le port 25 et agit un peu comme un facteur &#8230; <\/p>\n<p class=\"read-more-container\"><a title=\"Installer un serveur SMTP\" class=\"read-more button\" href=\"https:\/\/serversmtp.com\/fr\/installer-serveur-smtp\/#more-2213\" aria-label=\"En savoir plus sur Installer un serveur SMTP\">Discover more<\/a><\/p>\n","protected":false},"author":3,"featured_media":0,"parent":0,"menu_order":0,"comment_status":"closed","ping_status":"closed","template":"g1_template_page_sidebar_right.php","meta":{"_eb_attr":"","inline_featured_image":false,"_monsterinsights_skip_tracking":false,"_monsterinsights_sitenote_active":false,"_monsterinsights_sitenote_note":"","_monsterinsights_sitenote_category":0,"footnotes":""},"class_list":["post-2213","page","type-page","status-publish"],"yoast_head":"<!-- This site is optimized with the Yoast SEO plugin v25.3.1 - https:\/\/yoast.com\/wordpress\/plugins\/seo\/ -->\n<title>Installer un serveur SMTP - smtp mail server - professional SMTP service provider<\/title>\n<meta name=\"robots\" content=\"index, follow, max-snippet:-1, max-image-preview:large, max-video-preview:-1\" \/>\n<link rel=\"canonical\" href=\"https:\/\/serversmtp.com\/fr\/installer-serveur-smtp\/\" \/>\n<meta name=\"twitter:label1\" content=\"Dur\u00e9e de lecture estim\u00e9e\" \/>\n\t<meta name=\"twitter:data1\" content=\"1 minute\" \/>\n<!-- \/ Yoast SEO plugin. -->","yoast_head_json":{"title":"Installer un serveur SMTP - smtp mail server - professional SMTP service provider","robots":{"index":"index","follow":"follow","max-snippet":"max-snippet:-1","max-image-preview":"max-image-preview:large","max-video-preview":"max-video-preview:-1"},"canonical":"https:\/\/serversmtp.com\/fr\/installer-serveur-smtp\/","twitter_misc":{"Dur\u00e9e de lecture estim\u00e9e":"1 minute"},"schema":{"@context":"https:\/\/schema.org","@graph":[{"@type":"WebPage","@id":"https:\/\/serversmtp.com\/fr\/installer-serveur-smtp\/","url":"https:\/\/serversmtp.com\/fr\/installer-serveur-smtp\/","name":"Installer un serveur SMTP - smtp mail server - professional SMTP service provider","isPartOf":{"@id":"https:\/\/serversmtp.com\/es\/#website"},"primaryImageOfPage":{"@id":"https:\/\/serversmtp.com\/fr\/installer-serveur-smtp\/#primaryimage"},"image":{"@id":"https:\/\/serversmtp.com\/fr\/installer-serveur-smtp\/#primaryimage"},"thumbnailUrl":"https:\/\/serversmtp.com\/wp-content\/uploads\/2018\/02\/what-is-smtp.png","datePublished":"2018-04-11T14:50:27+00:00","dateModified":"2018-04-12T10:45:57+00:00","breadcrumb":{"@id":"https:\/\/serversmtp.com\/fr\/installer-serveur-smtp\/#breadcrumb"},"inLanguage":"fr-FR","potentialAction":[{"@type":"ReadAction","target":["https:\/\/serversmtp.com\/fr\/installer-serveur-smtp\/"]}]},{"@type":"ImageObject","inLanguage":"fr-FR","@id":"https:\/\/serversmtp.com\/fr\/installer-serveur-smtp\/#primaryimage","url":"https:\/\/serversmtp.com\/wp-content\/uploads\/2018\/02\/what-is-smtp.png","contentUrl":"https:\/\/serversmtp.com\/wp-content\/uploads\/2018\/02\/what-is-smtp.png"},{"@type":"BreadcrumbList","@id":"https:\/\/serversmtp.com\/fr\/installer-serveur-smtp\/#breadcrumb","itemListElement":[{"@type":"ListItem","position":1,"name":"Home","item":"https:\/\/serversmtp.com\/fr\/"},{"@type":"ListItem","position":2,"name":"Installer un serveur SMTP"}]},{"@type":"WebSite","@id":"https:\/\/serversmtp.com\/es\/#website","url":"https:\/\/serversmtp.com\/es\/","name":"smtp mail server - professional SMTP service provider","description":"smtp mail server - professional SMTP service provider","publisher":{"@id":"https:\/\/serversmtp.com\/es\/#organization"},"potentialAction":[{"@type":"SearchAction","target":{"@type":"EntryPoint","urlTemplate":"https:\/\/serversmtp.com\/es\/?s={search_term_string}"},"query-input":{"@type":"PropertyValueSpecification","valueRequired":true,"valueName":"search_term_string"}}],"inLanguage":"fr-FR"},{"@type":"Organization","@id":"https:\/\/serversmtp.com\/es\/#organization","name":"Delivery Tech","url":"https:\/\/serversmtp.com\/es\/","logo":{"@type":"ImageObject","inLanguage":"fr-FR","@id":"https:\/\/serversmtp.com\/es\/#\/schema\/logo\/image\/","url":"https:\/\/serversmtp.com\/wp-content\/uploads\/2021\/11\/og-image-2.jpg","contentUrl":"https:\/\/serversmtp.com\/wp-content\/uploads\/2021\/11\/og-image-2.jpg","width":1200,"height":1128,"caption":"Delivery Tech"},"image":{"@id":"https:\/\/serversmtp.com\/es\/#\/schema\/logo\/image\/"}}]}},"_links":{"self":[{"href":"https:\/\/serversmtp.com\/fr\/wp-json\/wp\/v2\/pages\/2213"}],"collection":[{"href":"https:\/\/serversmtp.com\/fr\/wp-json\/wp\/v2\/pages"}],"about":[{"href":"https:\/\/serversmtp.com\/fr\/wp-json\/wp\/v2\/types\/page"}],"author":[{"embeddable":true,"href":"https:\/\/serversmtp.com\/fr\/wp-json\/wp\/v2\/users\/3"}],"replies":[{"embeddable":true,"href":"https:\/\/serversmtp.com\/fr\/wp-json\/wp\/v2\/comments?post=2213"}],"version-history":[{"count":2,"href":"https:\/\/serversmtp.com\/fr\/wp-json\/wp\/v2\/pages\/2213\/revisions"}],"predecessor-version":[{"id":2215,"href":"https:\/\/serversmtp.com\/fr\/wp-json\/wp\/v2\/pages\/2213\/revisions\/2215"}],"wp:attachment":[{"href":"https:\/\/serversmtp.com\/fr\/wp-json\/wp\/v2\/media?parent=2213"}],"curies":[{"name":"wp","href":"https:\/\/api.w.org\/{rel}","templated":true}]}}