{"id":2209,"date":"2018-04-11T16:41:34","date_gmt":"2018-04-11T14:41:34","guid":{"rendered":"https:\/\/dev.serversmtp.com\/?page_id=2209"},"modified":"2018-04-12T17:15:11","modified_gmt":"2018-04-12T15:15:11","slug":"hote-smtp","status":"publish","type":"page","link":"https:\/\/serversmtp.com\/fr\/hote-smtp\/","title":{"rendered":"H\u00f4te SMTP"},"content":{"rendered":"<p>Un <strong>service d&#8217;h\u00f4te SMTP fiable<\/strong> est essentiel pour garantir \u00e0 vos envois le taux de livraison de le plus \u00e9l\u00e9v\u00e9. Cela est particuli\u00e8rement important quand il s&#8217;agit de concevoir une campagne d&#8217;<strong>email marketing<\/strong>: malheureusement, certains marketers ne saisissent pas encore l&#8217;importance d&#8217;un <strong>h\u00f4te SMTP professionnel<\/strong>; ils continuent donc \u00e0 envoyer des emails en masse en s&#8217;appuyant sur un serveur SMTP commun &#8211; comme Gmail ou Hotmail &#8211; avec le seul r\u00e9sultat de perdre des lecteurs (et des clients).<\/p>\n<p>En fait, seul un h\u00f4te SMTP de qualit\u00e9 peut am\u00e9liorer votre <strong>d\u00e9livrabilit\u00e9<\/strong> et faire en sorte que tous vos emails arrivent aux bo\u00eetes de r\u00e9ception destin\u00e9s. Pourquoi investir de l&#8217;argent dans un message qui n&#8217;est pas livr\u00e9?<\/p>\n<p>C&#8217;est pourquoi vous pouvez compter sur <a title=\"service SMTP\" href=\"\/fr\/signup\">turboSMTP<\/a>: une solution compl\u00e8te au service de plus de 30.000 clients dans le monde entier. Avec nos serveurs, vous pouvez <strong>envoyer des emails sans tracas<\/strong>, en obtenant la livraison la plus rapide et la plus s\u00fbre avec n&#8217;importe quel fournisseur de services internet.<\/p>\n<p>Nous continuons \u00e0 surveiller notre syst\u00e8me pour vous assurer<strong> le meilleur h\u00f4te SMTP<\/strong> &#8211; \u00e9galement aid\u00e9 par un support 24\/7 \u00e0 la client\u00e8le &#8211; et pour vous fournir un outil efficace pour stimuler votre campagne de newsletter.<\/p>\n<p>Vous pouvez obtenir imm\u00e9diatement un paquet gratuit de<strong> <a title=\"service smtp\" href=\"\/fr\/signup\">6.000 emails\/mois<\/a><\/strong>.<\/p>\n<p><img decoding=\"async\" class=\"aligncenter wp-image-452 size-full\" src=\"https:\/\/serversmtp.com\/wp-content\/uploads\/2018\/02\/what-is-an-smtp-server.png\" alt=\"\" width=\"580\" height=\"372\" srcset=\"https:\/\/serversmtp.com\/wp-content\/uploads\/2018\/02\/what-is-an-smtp-server.png 580w, https:\/\/serversmtp.com\/wp-content\/uploads\/2018\/02\/what-is-an-smtp-server-300x192.png 300w, https:\/\/serversmtp.com\/wp-content\/uploads\/2018\/02\/what-is-an-smtp-server-320x205.png 320w, https:\/\/serversmtp.com\/wp-content\/uploads\/2018\/02\/what-is-an-smtp-server-239x153.png 239w\" sizes=\"(max-width: 580px) 100vw, 580px\" \/><\/p>\n","protected":false},"excerpt":{"rendered":"<p>Un service d&#8217;h\u00f4te SMTP fiable est essentiel pour garantir \u00e0 vos envois le taux de livraison de le plus \u00e9l\u00e9v\u00e9. Cela est particuli\u00e8rement important quand il s&#8217;agit de concevoir une campagne d&#8217;email marketing: malheureusement, certains marketers ne saisissent pas encore l&#8217;importance d&#8217;un h\u00f4te SMTP professionnel; ils continuent donc \u00e0 envoyer des emails en masse en &#8230; <\/p>\n<p class=\"read-more-container\"><a title=\"H\u00f4te SMTP\" class=\"read-more button\" href=\"https:\/\/serversmtp.com\/fr\/hote-smtp\/#more-2209\" aria-label=\"En savoir plus sur H\u00f4te SMTP\">Discover more<\/a><\/p>\n","protected":false},"author":3,"featured_media":0,"parent":0,"menu_order":0,"comment_status":"closed","ping_status":"closed","template":"g1_template_page_sidebar_right.php","meta":{"_eb_attr":"","inline_featured_image":false,"_monsterinsights_skip_tracking":false,"_monsterinsights_sitenote_active":false,"_monsterinsights_sitenote_note":"","_monsterinsights_sitenote_category":0,"footnotes":""},"class_list":["post-2209","page","type-page","status-publish"],"yoast_head":"<!-- This site is optimized with the Yoast SEO plugin v25.3.1 - https:\/\/yoast.com\/wordpress\/plugins\/seo\/ -->\n<title>H\u00f4te SMTP - smtp mail server - professional SMTP service provider<\/title>\n<meta name=\"robots\" content=\"index, follow, max-snippet:-1, max-image-preview:large, max-video-preview:-1\" \/>\n<link rel=\"canonical\" href=\"https:\/\/serversmtp.com\/fr\/hote-smtp\/\" \/>\n<meta name=\"twitter:label1\" content=\"Dur\u00e9e de lecture estim\u00e9e\" \/>\n\t<meta name=\"twitter:data1\" content=\"1 minute\" \/>\n<!-- \/ Yoast SEO plugin. -->","yoast_head_json":{"title":"H\u00f4te SMTP - smtp mail server - professional SMTP service provider","robots":{"index":"index","follow":"follow","max-snippet":"max-snippet:-1","max-image-preview":"max-image-preview:large","max-video-preview":"max-video-preview:-1"},"canonical":"https:\/\/serversmtp.com\/fr\/hote-smtp\/","twitter_misc":{"Dur\u00e9e de lecture estim\u00e9e":"1 minute"},"schema":{"@context":"https:\/\/schema.org","@graph":[{"@type":"WebPage","@id":"https:\/\/serversmtp.com\/fr\/hote-smtp\/","url":"https:\/\/serversmtp.com\/fr\/hote-smtp\/","name":"H\u00f4te SMTP - smtp mail server - professional SMTP service provider","isPartOf":{"@id":"https:\/\/serversmtp.com\/#website"},"primaryImageOfPage":{"@id":"https:\/\/serversmtp.com\/fr\/hote-smtp\/#primaryimage"},"image":{"@id":"https:\/\/serversmtp.com\/fr\/hote-smtp\/#primaryimage"},"thumbnailUrl":"https:\/\/serversmtp.com\/wp-content\/uploads\/2018\/02\/what-is-an-smtp-server.png","datePublished":"2018-04-11T14:41:34+00:00","dateModified":"2018-04-12T15:15:11+00:00","breadcrumb":{"@id":"https:\/\/serversmtp.com\/fr\/hote-smtp\/#breadcrumb"},"inLanguage":"fr-FR","potentialAction":[{"@type":"ReadAction","target":["https:\/\/serversmtp.com\/fr\/hote-smtp\/"]}]},{"@type":"ImageObject","inLanguage":"fr-FR","@id":"https:\/\/serversmtp.com\/fr\/hote-smtp\/#primaryimage","url":"https:\/\/serversmtp.com\/wp-content\/uploads\/2018\/02\/what-is-an-smtp-server.png","contentUrl":"https:\/\/serversmtp.com\/wp-content\/uploads\/2018\/02\/what-is-an-smtp-server.png"},{"@type":"BreadcrumbList","@id":"https:\/\/serversmtp.com\/fr\/hote-smtp\/#breadcrumb","itemListElement":[{"@type":"ListItem","position":1,"name":"Home","item":"https:\/\/serversmtp.com\/fr\/"},{"@type":"ListItem","position":2,"name":"H\u00f4te SMTP"}]},{"@type":"WebSite","@id":"https:\/\/serversmtp.com\/#website","url":"https:\/\/serversmtp.com\/","name":"smtp mail server - professional SMTP service provider","description":"smtp mail server - professional SMTP service provider","publisher":{"@id":"https:\/\/serversmtp.com\/#organization"},"potentialAction":[{"@type":"SearchAction","target":{"@type":"EntryPoint","urlTemplate":"https:\/\/serversmtp.com\/?s={search_term_string}"},"query-input":{"@type":"PropertyValueSpecification","valueRequired":true,"valueName":"search_term_string"}}],"inLanguage":"fr-FR"},{"@type":"Organization","@id":"https:\/\/serversmtp.com\/#organization","name":"Delivery Tech","url":"https:\/\/serversmtp.com\/","logo":{"@type":"ImageObject","inLanguage":"fr-FR","@id":"https:\/\/serversmtp.com\/#\/schema\/logo\/image\/","url":"https:\/\/serversmtp.com\/wp-content\/uploads\/2021\/11\/og-image-2.jpg","contentUrl":"https:\/\/serversmtp.com\/wp-content\/uploads\/2021\/11\/og-image-2.jpg","width":1200,"height":1128,"caption":"Delivery Tech"},"image":{"@id":"https:\/\/serversmtp.com\/#\/schema\/logo\/image\/"}}]}},"_links":{"self":[{"href":"https:\/\/serversmtp.com\/fr\/wp-json\/wp\/v2\/pages\/2209"}],"collection":[{"href":"https:\/\/serversmtp.com\/fr\/wp-json\/wp\/v2\/pages"}],"about":[{"href":"https:\/\/serversmtp.com\/fr\/wp-json\/wp\/v2\/types\/page"}],"author":[{"embeddable":true,"href":"https:\/\/serversmtp.com\/fr\/wp-json\/wp\/v2\/users\/3"}],"replies":[{"embeddable":true,"href":"https:\/\/serversmtp.com\/fr\/wp-json\/wp\/v2\/comments?post=2209"}],"version-history":[{"count":2,"href":"https:\/\/serversmtp.com\/fr\/wp-json\/wp\/v2\/pages\/2209\/revisions"}],"predecessor-version":[{"id":2211,"href":"https:\/\/serversmtp.com\/fr\/wp-json\/wp\/v2\/pages\/2209\/revisions\/2211"}],"wp:attachment":[{"href":"https:\/\/serversmtp.com\/fr\/wp-json\/wp\/v2\/media?parent=2209"}],"curies":[{"name":"wp","href":"https:\/\/api.w.org\/{rel}","templated":true}]}}