{"id":2206,"date":"2018-04-11T16:37:41","date_gmt":"2018-04-11T14:37:41","guid":{"rendered":"https:\/\/dev.serversmtp.com\/?page_id=2206"},"modified":"2018-04-12T12:34:39","modified_gmt":"2018-04-12T10:34:39","slug":"serveur-emailing-professionnel","status":"publish","type":"page","link":"https:\/\/serversmtp.com\/fr\/serveur-emailing-professionnel\/","title":{"rendered":"Serveur d&#8217;emailing professionnel"},"content":{"rendered":"<p>Qu&#8217;est-ce qu&#8217;un <strong>serveur d&#8217;emailing professionnel<\/strong>? Tr\u00e8s bonne question.<\/p>\n<p>Quand il s&#8217;agit d&#8217;envoyer un email en masse, comme un <strong>message transactionnel<\/strong> (un email de bienvenue, un accus\u00e9 de r\u00e9ception, etc.) ou une <strong>newsletter<\/strong>, il est essentiel de s&#8217;appuyer sur un <strong>serveur SMTP d&#8217;emailing<\/strong> <strong>d\u00e9di\u00e9<\/strong> comme turboSMTP pour garantir qu&#8217;il soit correctement livr\u00e9s.<\/p>\n<p>En fait, un serveur de courrier sortant &#8220;normal&#8221; comme ceux associ\u00e9s avec les fournisseurs de messagerie courants (Gmail , Hotmail, Yahoo, etc.) <strong>ne peut pas soutenir les mailings en masse<\/strong>. C&#8217;est aussi la raison pour laquelle ces serveurs limitent la quantit\u00e9 des d\u00e9stinataires et des messages qui peuvent \u00eatre trait\u00e9s par jour.<\/p>\n<p>Et peu importe si vous essayez d&#8217;\u00e9viter cela, par exemple en divisant votre liste en petits morceaux: m\u00eame dans ce cas, <strong>une grande partie (15-20%) de vos emails sera filtr\u00e9e par le syst\u00e8mes antispam<\/strong>. Sans que vous n&#8217;en sachiez rien.<\/p>\n<p>Au contraire, un serveur d&#8217;emailing professionnel comme <a title=\"serveur smtp\" href=\"\/fr\/signup\">turboSMTP<\/a> est structur\u00e9 justement pour g\u00e9rer les emailings en masse, de fa\u00e7on que <strong>tous vos messages soient livr\u00e9s aux bo\u00eetes de r\u00e9ception destin\u00e9es<\/strong>.<\/p>\n<p>De plus, turboSMTP offre un ensemble complet d&#8217;<strong>outils de suivi en temps r\u00e9el<\/strong> qui vous aideront \u00e0 comprendre l&#8217;efficacit\u00e9 de votre campagne d&#8217;emailing \u2013 et l&#8217;am\u00e9liorer aussi.<\/p>\n<p>Vous pouvez obtenir imm\u00e9diatement <strong><a title=\"service smtp\" href=\"\/fr\/signup\">6000 emails gratuits\/mois<\/a><\/strong>, ou choisir le plan qui correspond le mieux \u00e0 vos besoins.<\/p>\n","protected":false},"excerpt":{"rendered":"<p>Qu&#8217;est-ce qu&#8217;un serveur d&#8217;emailing professionnel? Tr\u00e8s bonne question. Quand il s&#8217;agit d&#8217;envoyer un email en masse, comme un message transactionnel (un email de bienvenue, un accus\u00e9 de r\u00e9ception, etc.) ou une newsletter, il est essentiel de s&#8217;appuyer sur un serveur SMTP d&#8217;emailing d\u00e9di\u00e9 comme turboSMTP pour garantir qu&#8217;il soit correctement livr\u00e9s. En fait, un serveur &#8230; <\/p>\n<p class=\"read-more-container\"><a title=\"Serveur d&#8217;emailing professionnel\" class=\"read-more button\" href=\"https:\/\/serversmtp.com\/fr\/serveur-emailing-professionnel\/#more-2206\" aria-label=\"En savoir plus sur Serveur d&#8217;emailing professionnel\">Discover more<\/a><\/p>\n","protected":false},"author":3,"featured_media":0,"parent":0,"menu_order":0,"comment_status":"closed","ping_status":"closed","template":"g1_template_page_sidebar_right.php","meta":{"_eb_attr":"","inline_featured_image":false,"_monsterinsights_skip_tracking":false,"_monsterinsights_sitenote_active":false,"_monsterinsights_sitenote_note":"","_monsterinsights_sitenote_category":0,"footnotes":""},"class_list":["post-2206","page","type-page","status-publish"],"yoast_head":"<!-- This site is optimized with the Yoast SEO plugin v25.3.1 - https:\/\/yoast.com\/wordpress\/plugins\/seo\/ -->\n<title>Serveur d&#039;emailing professionnel - smtp mail server - professional SMTP service provider<\/title>\n<meta name=\"robots\" content=\"index, follow, max-snippet:-1, max-image-preview:large, max-video-preview:-1\" \/>\n<link rel=\"canonical\" href=\"https:\/\/serversmtp.com\/fr\/serveur-emailing-professionnel\/\" \/>\n<meta name=\"twitter:label1\" content=\"Dur\u00e9e de lecture estim\u00e9e\" \/>\n\t<meta name=\"twitter:data1\" content=\"1 minute\" \/>\n<!-- \/ Yoast SEO plugin. -->","yoast_head_json":{"title":"Serveur d'emailing professionnel - smtp mail server - professional SMTP service provider","robots":{"index":"index","follow":"follow","max-snippet":"max-snippet:-1","max-image-preview":"max-image-preview:large","max-video-preview":"max-video-preview:-1"},"canonical":"https:\/\/serversmtp.com\/fr\/serveur-emailing-professionnel\/","twitter_misc":{"Dur\u00e9e de lecture estim\u00e9e":"1 minute"},"schema":{"@context":"https:\/\/schema.org","@graph":[{"@type":"WebPage","@id":"https:\/\/serversmtp.com\/fr\/serveur-emailing-professionnel\/","url":"https:\/\/serversmtp.com\/fr\/serveur-emailing-professionnel\/","name":"Serveur d'emailing professionnel - smtp mail server - professional SMTP service provider","isPartOf":{"@id":"https:\/\/serversmtp.com\/#website"},"datePublished":"2018-04-11T14:37:41+00:00","dateModified":"2018-04-12T10:34:39+00:00","breadcrumb":{"@id":"https:\/\/serversmtp.com\/fr\/serveur-emailing-professionnel\/#breadcrumb"},"inLanguage":"fr-FR","potentialAction":[{"@type":"ReadAction","target":["https:\/\/serversmtp.com\/fr\/serveur-emailing-professionnel\/"]}]},{"@type":"BreadcrumbList","@id":"https:\/\/serversmtp.com\/fr\/serveur-emailing-professionnel\/#breadcrumb","itemListElement":[{"@type":"ListItem","position":1,"name":"Home","item":"https:\/\/serversmtp.com\/fr\/"},{"@type":"ListItem","position":2,"name":"Serveur d&#8217;emailing professionnel"}]},{"@type":"WebSite","@id":"https:\/\/serversmtp.com\/#website","url":"https:\/\/serversmtp.com\/","name":"smtp mail server - professional SMTP service provider","description":"smtp mail server - professional SMTP service provider","publisher":{"@id":"https:\/\/serversmtp.com\/#organization"},"potentialAction":[{"@type":"SearchAction","target":{"@type":"EntryPoint","urlTemplate":"https:\/\/serversmtp.com\/?s={search_term_string}"},"query-input":{"@type":"PropertyValueSpecification","valueRequired":true,"valueName":"search_term_string"}}],"inLanguage":"fr-FR"},{"@type":"Organization","@id":"https:\/\/serversmtp.com\/#organization","name":"Delivery Tech","url":"https:\/\/serversmtp.com\/","logo":{"@type":"ImageObject","inLanguage":"fr-FR","@id":"https:\/\/serversmtp.com\/#\/schema\/logo\/image\/","url":"https:\/\/serversmtp.com\/wp-content\/uploads\/2021\/11\/og-image-2.jpg","contentUrl":"https:\/\/serversmtp.com\/wp-content\/uploads\/2021\/11\/og-image-2.jpg","width":1200,"height":1128,"caption":"Delivery Tech"},"image":{"@id":"https:\/\/serversmtp.com\/#\/schema\/logo\/image\/"}}]}},"_links":{"self":[{"href":"https:\/\/serversmtp.com\/fr\/wp-json\/wp\/v2\/pages\/2206"}],"collection":[{"href":"https:\/\/serversmtp.com\/fr\/wp-json\/wp\/v2\/pages"}],"about":[{"href":"https:\/\/serversmtp.com\/fr\/wp-json\/wp\/v2\/types\/page"}],"author":[{"embeddable":true,"href":"https:\/\/serversmtp.com\/fr\/wp-json\/wp\/v2\/users\/3"}],"replies":[{"embeddable":true,"href":"https:\/\/serversmtp.com\/fr\/wp-json\/wp\/v2\/comments?post=2206"}],"version-history":[{"count":2,"href":"https:\/\/serversmtp.com\/fr\/wp-json\/wp\/v2\/pages\/2206\/revisions"}],"predecessor-version":[{"id":2208,"href":"https:\/\/serversmtp.com\/fr\/wp-json\/wp\/v2\/pages\/2206\/revisions\/2208"}],"wp:attachment":[{"href":"https:\/\/serversmtp.com\/fr\/wp-json\/wp\/v2\/media?parent=2206"}],"curies":[{"name":"wp","href":"https:\/\/api.w.org\/{rel}","templated":true}]}}