{"id":2202,"date":"2018-04-11T16:32:42","date_gmt":"2018-04-11T14:32:42","guid":{"rendered":"https:\/\/dev.serversmtp.com\/?page_id=2202"},"modified":"2018-04-12T17:16:50","modified_gmt":"2018-04-12T15:16:50","slug":"relais-smtp","status":"publish","type":"page","link":"https:\/\/serversmtp.com\/fr\/relais-smtp\/","title":{"rendered":"Relais SMTP"},"content":{"rendered":"<p>Qu&#8217;est-ce qu&#8217;un <strong>relais SMTP<\/strong>? Il est tr\u00e8s important de comprendre la nature des relais SMTP, surtout si vous \u00eates un email marketer et avez besoin d&#8217;envoyer un grand nombre de messages via un <strong>serveur SMTP<\/strong>.<\/p>\n<p>Donc: tout simplement, un relais SMTP est l&#8217;acte m\u00eame, fait par un serveur de messagerie sortant, de <strong>livrer un courriel \u00e0 un autre serveur<\/strong>. Une comparaison avec la poste classique clarifiera mieux le concept. Lorsque vous envoyez une lettre, votre bureau de poste local la envoie \u00e0 un autre bureau dans la ville du destinataire: il s&#8217;agit d&#8217;un <em>relay<\/em>\u00a0ou &#8220;relais&#8221;.<\/p>\n<p>Ainsi, lorsque les serveurs SMTP parlent entre eux &#8211; comme les bureaux de poste &#8211; pour assurer une livraison appropri\u00e9e, ils transmettent simplement un message de A \u00e0 B, \u00e0 partir du <strong>serveur sortant<\/strong> \u00e0 celui de destinataire.<\/p>\n<p>Les relais SMTP sont donc essentiels pour envoyer des <strong>emails transactionnels<\/strong>, des bulletins et toutes les autres formes de <strong>mailing en masse<\/strong>: pour faire face \u00e0 une telle quantit\u00e9 de messages et les livrer correctement, les serveurs utilisent un tiers de qualit\u00e9.<\/p>\n<p>Normalement \u00e7a se passe \u00e0 travers des\u00a0<strong>relais SMTP ouverts<\/strong>.\u00a0C&#8217;est \u00e0 dire, quand un serveur sortant accepte les messages en provenance d&#8217;autres domaines sans demander une <strong>authentification<\/strong>.<\/p>\n<p>Le principal probl\u00e8me avec les relais ouverts, toutefois, c&#8217;est qu&#8217;ils peuvent \u00eatre <strong>utilis\u00e9s par les spammeurs<\/strong> pour envoyer des messages non sollicit\u00e9s: si cela arrive \u00e0 vous, votre IP sera probablement rapidement <strong>blacklist\u00e9<\/strong> et vous ne serez jamais plus en mesure d&#8217;envoyer des emails en masse.<\/p>\n<p>C&#8217;est pourquoi de nombreux fournisseurs d&#8217;acc\u00e8s Internet ont mis une <strong>limite<\/strong> au nombre de relais que vous pouvez faire par jour: une bonne solution pour les emails normales, mais tr\u00e8s mauvaise pour le marketing par courriel.<\/p>\n<p>Donc, pour \u00e9viter une telle situation, vous devriez passer \u00e0 un <strong><a title=\"service SMTP\" href=\"\/fr\/tsmtpregistration1.php\">service SMTP professionnel<\/a><\/strong> comme turboSMTP, qui n&#8217;utilise que des IP s\u00e9curis\u00e9s et assure un processus d&#8217;authentification fiable.<\/p>\n<p>Cela permettra d&#8217;assurer que personne en dehors de votre entreprise aura acc\u00e8s \u00e0 votre SMTP, et permettra aussi de <strong>maximiser votre d\u00e9livrabilit\u00e9<\/strong>.<\/p>\n","protected":false},"excerpt":{"rendered":"<p>Qu&#8217;est-ce qu&#8217;un relais SMTP? Il est tr\u00e8s important de comprendre la nature des relais SMTP, surtout si vous \u00eates un email marketer et avez besoin d&#8217;envoyer un grand nombre de messages via un serveur SMTP. Donc: tout simplement, un relais SMTP est l&#8217;acte m\u00eame, fait par un serveur de messagerie sortant, de livrer un courriel &#8230; <\/p>\n<p class=\"read-more-container\"><a title=\"Relais SMTP\" class=\"read-more button\" href=\"https:\/\/serversmtp.com\/fr\/relais-smtp\/#more-2202\" aria-label=\"En savoir plus sur Relais SMTP\">Discover more<\/a><\/p>\n","protected":false},"author":3,"featured_media":0,"parent":0,"menu_order":0,"comment_status":"closed","ping_status":"closed","template":"g1_template_page_sidebar_right.php","meta":{"_eb_attr":"","inline_featured_image":false,"_monsterinsights_skip_tracking":false,"_monsterinsights_sitenote_active":false,"_monsterinsights_sitenote_note":"","_monsterinsights_sitenote_category":0,"footnotes":""},"class_list":["post-2202","page","type-page","status-publish"],"yoast_head":"<!-- This site is optimized with the Yoast SEO plugin v25.3.1 - https:\/\/yoast.com\/wordpress\/plugins\/seo\/ -->\n<title>Relais SMTP - smtp mail server - professional SMTP service provider<\/title>\n<meta name=\"robots\" content=\"index, follow, max-snippet:-1, max-image-preview:large, max-video-preview:-1\" \/>\n<link rel=\"canonical\" href=\"https:\/\/serversmtp.com\/fr\/relais-smtp\/\" \/>\n<meta name=\"twitter:label1\" content=\"Dur\u00e9e de lecture estim\u00e9e\" \/>\n\t<meta name=\"twitter:data1\" content=\"2 minutes\" \/>\n<!-- \/ Yoast SEO plugin. -->","yoast_head_json":{"title":"Relais SMTP - smtp mail server - professional SMTP service provider","robots":{"index":"index","follow":"follow","max-snippet":"max-snippet:-1","max-image-preview":"max-image-preview:large","max-video-preview":"max-video-preview:-1"},"canonical":"https:\/\/serversmtp.com\/fr\/relais-smtp\/","twitter_misc":{"Dur\u00e9e de lecture estim\u00e9e":"2 minutes"},"schema":{"@context":"https:\/\/schema.org","@graph":[{"@type":"WebPage","@id":"https:\/\/serversmtp.com\/fr\/relais-smtp\/","url":"https:\/\/serversmtp.com\/fr\/relais-smtp\/","name":"Relais SMTP - smtp mail server - professional SMTP service provider","isPartOf":{"@id":"https:\/\/serversmtp.com\/#website"},"datePublished":"2018-04-11T14:32:42+00:00","dateModified":"2018-04-12T15:16:50+00:00","breadcrumb":{"@id":"https:\/\/serversmtp.com\/fr\/relais-smtp\/#breadcrumb"},"inLanguage":"fr-FR","potentialAction":[{"@type":"ReadAction","target":["https:\/\/serversmtp.com\/fr\/relais-smtp\/"]}]},{"@type":"BreadcrumbList","@id":"https:\/\/serversmtp.com\/fr\/relais-smtp\/#breadcrumb","itemListElement":[{"@type":"ListItem","position":1,"name":"Home","item":"https:\/\/serversmtp.com\/fr\/"},{"@type":"ListItem","position":2,"name":"Relais SMTP"}]},{"@type":"WebSite","@id":"https:\/\/serversmtp.com\/#website","url":"https:\/\/serversmtp.com\/","name":"smtp mail server - professional SMTP service provider","description":"smtp mail server - professional SMTP service provider","publisher":{"@id":"https:\/\/serversmtp.com\/#organization"},"potentialAction":[{"@type":"SearchAction","target":{"@type":"EntryPoint","urlTemplate":"https:\/\/serversmtp.com\/?s={search_term_string}"},"query-input":{"@type":"PropertyValueSpecification","valueRequired":true,"valueName":"search_term_string"}}],"inLanguage":"fr-FR"},{"@type":"Organization","@id":"https:\/\/serversmtp.com\/#organization","name":"Delivery Tech","url":"https:\/\/serversmtp.com\/","logo":{"@type":"ImageObject","inLanguage":"fr-FR","@id":"https:\/\/serversmtp.com\/#\/schema\/logo\/image\/","url":"https:\/\/serversmtp.com\/wp-content\/uploads\/2021\/11\/og-image-2.jpg","contentUrl":"https:\/\/serversmtp.com\/wp-content\/uploads\/2021\/11\/og-image-2.jpg","width":1200,"height":1128,"caption":"Delivery Tech"},"image":{"@id":"https:\/\/serversmtp.com\/#\/schema\/logo\/image\/"}}]}},"_links":{"self":[{"href":"https:\/\/serversmtp.com\/fr\/wp-json\/wp\/v2\/pages\/2202"}],"collection":[{"href":"https:\/\/serversmtp.com\/fr\/wp-json\/wp\/v2\/pages"}],"about":[{"href":"https:\/\/serversmtp.com\/fr\/wp-json\/wp\/v2\/types\/page"}],"author":[{"embeddable":true,"href":"https:\/\/serversmtp.com\/fr\/wp-json\/wp\/v2\/users\/3"}],"replies":[{"embeddable":true,"href":"https:\/\/serversmtp.com\/fr\/wp-json\/wp\/v2\/comments?post=2202"}],"version-history":[{"count":2,"href":"https:\/\/serversmtp.com\/fr\/wp-json\/wp\/v2\/pages\/2202\/revisions"}],"predecessor-version":[{"id":2288,"href":"https:\/\/serversmtp.com\/fr\/wp-json\/wp\/v2\/pages\/2202\/revisions\/2288"}],"wp:attachment":[{"href":"https:\/\/serversmtp.com\/fr\/wp-json\/wp\/v2\/media?parent=2202"}],"curies":[{"name":"wp","href":"https:\/\/api.w.org\/{rel}","templated":true}]}}