{"id":2200,"date":"2018-04-11T16:30:24","date_gmt":"2018-04-11T14:30:24","guid":{"rendered":"https:\/\/dev.serversmtp.com\/?page_id=2200"},"modified":"2018-04-12T12:28:45","modified_gmt":"2018-04-12T10:28:45","slug":"service-smtp","status":"publish","type":"page","link":"https:\/\/serversmtp.com\/fr\/service-smtp\/","title":{"rendered":"Service SMTP"},"content":{"rendered":"<p>Un <strong>service SMTP<\/strong> qui vous offre un <strong>serveur sortant fiable<\/strong> est essentiel pour envoyer des mails en nombre avec un logiciel de messagerie o une platforme d&#8217;envoi.<\/p>\n<p>Si vous faites de l&#8217;email marketing et vous souhaitez (justement!) que chaque message arrive \u00e0 la bo\u00eete de r\u00e9ception cibl\u00e9e, un <strong><a title=\"service serveur SMTP\" href=\"\/fr\/tsmtpregistration1.php\">service SMTP professionel<\/a><\/strong> \u2013 gratuit ou avec un plan \u2013 comme turboSMTP est le choix id\u00e9al pour assurer un taux de livraison du 100% environ.<\/p>\n<p>En fait, les serveurs SMTP associ\u00e9s \u00e0 un normal fournisseur de service email commun (comme Free, Yahoo, Gmail ou Voil\u00e0) peuvent causer des probl\u00e8mes de livraison, comme ils s&#8217;appuyent sur des IP pas surveill\u00e9s: \u00e0 cause de \u00e7a, <strong>entre le 10 et le 20% d&#8217;emails l\u00e9gitimes<\/strong> se perdent en route, parce-que les FAI les r\u00e9fusent.<\/p>\n<p>turboSMTP <strong>r\u00e9sout completement ce probl\u00e8me<\/strong>, en vous garantant que le transfert de tout email se d\u00e9roule rapidement, sans interruption et sans perdre aucun message. En plus, notre service SMTP vous permet d&#8217;envoyer les emails depuis n&#8217;importe o\u00f9, &#8220;on the go&#8221;, sans changer aucun param\u00e8tre de configuration dans votre logiciel ou client messagerie habituel.<\/p>\n","protected":false},"excerpt":{"rendered":"<p>Un service SMTP qui vous offre un serveur sortant fiable est essentiel pour envoyer des mails en nombre avec un logiciel de messagerie o une platforme d&#8217;envoi. Si vous faites de l&#8217;email marketing et vous souhaitez (justement!) que chaque message arrive \u00e0 la bo\u00eete de r\u00e9ception cibl\u00e9e, un service SMTP professionel \u2013 gratuit ou avec &#8230; <\/p>\n<p class=\"read-more-container\"><a title=\"Service SMTP\" class=\"read-more button\" href=\"https:\/\/serversmtp.com\/fr\/service-smtp\/#more-2200\" aria-label=\"En savoir plus sur Service SMTP\">Discover more<\/a><\/p>\n","protected":false},"author":3,"featured_media":0,"parent":0,"menu_order":0,"comment_status":"closed","ping_status":"closed","template":"g1_template_page_sidebar_right.php","meta":{"_eb_attr":"","inline_featured_image":false,"_monsterinsights_skip_tracking":false,"_monsterinsights_sitenote_active":false,"_monsterinsights_sitenote_note":"","_monsterinsights_sitenote_category":0,"footnotes":""},"class_list":["post-2200","page","type-page","status-publish"],"yoast_head":"<!-- This site is optimized with the Yoast SEO plugin v25.3.1 - https:\/\/yoast.com\/wordpress\/plugins\/seo\/ -->\n<title>Service SMTP - smtp mail server - professional SMTP service provider<\/title>\n<meta name=\"robots\" content=\"index, follow, max-snippet:-1, max-image-preview:large, max-video-preview:-1\" \/>\n<link rel=\"canonical\" href=\"https:\/\/serversmtp.com\/fr\/service-smtp\/\" \/>\n<meta name=\"twitter:label1\" content=\"Dur\u00e9e de lecture estim\u00e9e\" \/>\n\t<meta name=\"twitter:data1\" content=\"1 minute\" \/>\n<!-- \/ Yoast SEO plugin. -->","yoast_head_json":{"title":"Service SMTP - smtp mail server - professional SMTP service provider","robots":{"index":"index","follow":"follow","max-snippet":"max-snippet:-1","max-image-preview":"max-image-preview:large","max-video-preview":"max-video-preview:-1"},"canonical":"https:\/\/serversmtp.com\/fr\/service-smtp\/","twitter_misc":{"Dur\u00e9e de lecture estim\u00e9e":"1 minute"},"schema":{"@context":"https:\/\/schema.org","@graph":[{"@type":"WebPage","@id":"https:\/\/serversmtp.com\/fr\/service-smtp\/","url":"https:\/\/serversmtp.com\/fr\/service-smtp\/","name":"Service SMTP - smtp mail server - professional SMTP service provider","isPartOf":{"@id":"https:\/\/serversmtp.com\/#website"},"datePublished":"2018-04-11T14:30:24+00:00","dateModified":"2018-04-12T10:28:45+00:00","breadcrumb":{"@id":"https:\/\/serversmtp.com\/fr\/service-smtp\/#breadcrumb"},"inLanguage":"fr-FR","potentialAction":[{"@type":"ReadAction","target":["https:\/\/serversmtp.com\/fr\/service-smtp\/"]}]},{"@type":"BreadcrumbList","@id":"https:\/\/serversmtp.com\/fr\/service-smtp\/#breadcrumb","itemListElement":[{"@type":"ListItem","position":1,"name":"Home","item":"https:\/\/serversmtp.com\/fr\/"},{"@type":"ListItem","position":2,"name":"Service SMTP"}]},{"@type":"WebSite","@id":"https:\/\/serversmtp.com\/#website","url":"https:\/\/serversmtp.com\/","name":"smtp mail server - professional SMTP service provider","description":"smtp mail server - professional SMTP service provider","publisher":{"@id":"https:\/\/serversmtp.com\/#organization"},"potentialAction":[{"@type":"SearchAction","target":{"@type":"EntryPoint","urlTemplate":"https:\/\/serversmtp.com\/?s={search_term_string}"},"query-input":{"@type":"PropertyValueSpecification","valueRequired":true,"valueName":"search_term_string"}}],"inLanguage":"fr-FR"},{"@type":"Organization","@id":"https:\/\/serversmtp.com\/#organization","name":"Delivery Tech","url":"https:\/\/serversmtp.com\/","logo":{"@type":"ImageObject","inLanguage":"fr-FR","@id":"https:\/\/serversmtp.com\/#\/schema\/logo\/image\/","url":"https:\/\/serversmtp.com\/wp-content\/uploads\/2021\/11\/og-image-2.jpg","contentUrl":"https:\/\/serversmtp.com\/wp-content\/uploads\/2021\/11\/og-image-2.jpg","width":1200,"height":1128,"caption":"Delivery Tech"},"image":{"@id":"https:\/\/serversmtp.com\/#\/schema\/logo\/image\/"}}]}},"_links":{"self":[{"href":"https:\/\/serversmtp.com\/fr\/wp-json\/wp\/v2\/pages\/2200"}],"collection":[{"href":"https:\/\/serversmtp.com\/fr\/wp-json\/wp\/v2\/pages"}],"about":[{"href":"https:\/\/serversmtp.com\/fr\/wp-json\/wp\/v2\/types\/page"}],"author":[{"embeddable":true,"href":"https:\/\/serversmtp.com\/fr\/wp-json\/wp\/v2\/users\/3"}],"replies":[{"embeddable":true,"href":"https:\/\/serversmtp.com\/fr\/wp-json\/wp\/v2\/comments?post=2200"}],"version-history":[{"count":2,"href":"https:\/\/serversmtp.com\/fr\/wp-json\/wp\/v2\/pages\/2200\/revisions"}],"predecessor-version":[{"id":2287,"href":"https:\/\/serversmtp.com\/fr\/wp-json\/wp\/v2\/pages\/2200\/revisions\/2287"}],"wp:attachment":[{"href":"https:\/\/serversmtp.com\/fr\/wp-json\/wp\/v2\/media?parent=2200"}],"curies":[{"name":"wp","href":"https:\/\/api.w.org\/{rel}","templated":true}]}}