{"id":21801,"date":"2025-09-26T09:34:02","date_gmt":"2025-09-26T07:34:02","guid":{"rendered":"https:\/\/serversmtp.com\/?page_id=21801"},"modified":"2025-09-26T09:48:53","modified_gmt":"2025-09-26T07:48:53","slug":"quest-ce-que-les-cles-api-et-comment-les-creer-avec-turbosmtp-un-guide-complet","status":"publish","type":"page","link":"https:\/\/serversmtp.com\/fr\/quest-ce-que-les-cles-api-et-comment-les-creer-avec-turbosmtp-un-guide-complet\/","title":{"rendered":"Qu&#8217;est-ce que les cl\u00e9s API et comment les cr\u00e9er avec turboSMTP : un guide complet"},"content":{"rendered":"\n<style>\nul.spaced-list li, ol.spaced-list li {\n    margin-bottom: 15px;\n}\n<\/style>\n\n\n<div class=\"gb-container gb-container-8323879a\">\n\n<h2 class=\"gb-headline gb-headline-58ab15be gb-headline-text\">Qu&#8217;est-ce que les cl\u00e9s API ?<\/h2>\n\n\n\n<p>Les cl\u00e9s API sont des codes uniques qui permettent aux applications de se connecter en toute s\u00e9curit\u00e9 aux API de turboSMTP et d&#8217;envoyer des e-mails sans risque.<\/p>\n\n\n\n<p>Chaque cl\u00e9 se compose de deux \u00e9l\u00e9ments :<\/p>\n\n\n\n<ul class=\"wp-block-list spaced-list\">\n<li><strong>Consumer Key<\/strong>, qui identifie votre application et sert de nom d&#8217;utilisateur.<\/li>\n\n\n\n<li><strong>Consumer Secret<\/strong>, un code priv\u00e9 qui prouve que votre application est autoris\u00e9e \u00e0 utiliser turboSMTP. Il fonctionne comme un mot de passe.<\/li>\n<\/ul>\n\n\n\n<p>Ces cl\u00e9s permettent \u00e0 vos applications d&#8217;acc\u00e9der de mani\u00e8re s\u00e9curis\u00e9e aux services de turboSMTP.<\/p>\n\n<\/div>\n\n<div class=\"gb-container gb-container-d231ade8\">\n\n<h2 class=\"gb-headline gb-headline-8c674d5e gb-headline-text\">Pourquoi utiliser des cl\u00e9s API ?<\/h2>\n\n\n\n<p>Les cl\u00e9s API prot\u00e8gent vos applications lors de la connexion \u00e0 turboSMTP et sont n\u00e9cessaires pour envoyer des e-mails via ses serveurs SMTP de fa\u00e7on s\u00e9curis\u00e9e.<\/p>\n\n\n\n<p>Contrairement aux noms d&#8217;utilisateur et mots de passe traditionnels, les cl\u00e9s API sont longues, uniques et difficiles \u00e0 deviner.<\/p>\n\n\n\n<p>Vous gardez aussi le contr\u00f4le total : vous pouvez en cr\u00e9er de nouvelles quand vous le souhaitez et les r\u00e9voquer imm\u00e9diatement si vous pensez qu&#8217;elles ont \u00e9t\u00e9 compromises ou ne sont plus n\u00e9cessaires.<\/p>\n\n<\/div>\n\n<div class=\"gb-container gb-container-a84b044f\">\n\n<h2 class=\"gb-headline gb-headline-b211478c gb-headline-text\">Principaux avantages de l&#8217;utilisation des cl\u00e9s API avec turboSMTP.<\/h2>\n\n\n\n<ul class=\"wp-block-list spaced-list\">\n<li><strong>S\u00e9curit\u00e9 avanc\u00e9e :<\/strong> les cl\u00e9s API garantissent que seules les applications autoris\u00e9es peuvent se connecter, r\u00e9duisant le risque d&#8217;acc\u00e8s non autoris\u00e9.<\/li>\n\n\n\n<li><strong>Simplicit\u00e9 d&#8217;utilisation :<\/strong> une fois g\u00e9n\u00e9r\u00e9e, une cl\u00e9 API peut \u00eatre facilement int\u00e9gr\u00e9e dans vos applications, simplifiant le processus de connexion.<\/li>\n\n\n\n<li><strong>Contr\u00f4le total :<\/strong> vous pouvez r\u00e9voquer ou r\u00e9g\u00e9n\u00e9rer les cl\u00e9s API \u00e0 tout moment, d\u00e9cidant quelles applications peuvent acc\u00e9der \u00e0 vos services turboSMTP.<\/li>\n\n\n\n<li><strong>Scalabilit\u00e9 :<\/strong> que vous envoyiez quelques e-mails ou g\u00e9riez des campagnes \u00e0 grande \u00e9chelle, les cl\u00e9s API permettent d&#8217;int\u00e9grer turboSMTP sans heurt dans votre flux de travail.<\/li>\n<\/ul>\n\n\n\n<p>Les cl\u00e9s API sont essentielles non seulement pour automatiser l&#8217;envoi d&#8217;e-mails et g\u00e9rer de grandes campagnes, mais aussi pour connecter en toute s\u00e9curit\u00e9 vos applications aux serveurs SMTP de turboSMTP.<\/p>\n\n<\/div>\n\n<div class=\"gb-container gb-container-f8145cd5\" id=\"how-to\">\n\n<h2 class=\"gb-headline gb-headline-bf278317 gb-headline-text\">Comment g\u00e9n\u00e9rer les cl\u00e9s API dans turboSMTP.<\/h2>\n\n\n\n<p>Ce guide montre comment <strong>cr\u00e9er des cl\u00e9s API<\/strong> directement depuis le tableau de bord de turboSMTP. Suivez ces \u00e9tapes pour g\u00e9n\u00e9rer rapidement vos cl\u00e9s et commencer \u00e0 les utiliser en toute s\u00e9curit\u00e9 dans vos applications.<\/p>\n\n\n\n<ol class=\"wp-block-list spaced-list\">\n<li>Connectez-vous au tableau de bord de turboSMTP et s\u00e9lectionnez l&#8217;option <em>R\u00e9glages<\/em> dans le menu principal \u00e0 gauche.<\/li>\n\n\n\n<li>S\u00e9lectionnez l&#8217;onglet <em>Int\u00e9grations<\/em>, puis, dans le bloc <em>Cl\u00e9s API<\/em>, cliquez sur le bouton <em>\u00c9diter<\/em>.<\/li>\n<\/ol>\n\n\n\n<figure class=\"gb-block-image gb-block-image-b3899653\"><a href=\"https:\/\/serversmtp.com\/wp-content\/uploads\/2025\/09\/comment-generer-les-cles-api-dans-turbosmtp-1.jpg\"><img decoding=\"async\" width=\"1400\" height=\"631\" class=\"gb-image gb-image-b3899653\" src=\"https:\/\/serversmtp.com\/wp-content\/uploads\/2025\/09\/comment-generer-les-cles-api-dans-turbosmtp-1.jpg\" alt=\"Comment g\u00e9n\u00e9rer les cl\u00e9s API dans turboSMTP\" title=\"Comment g\u00e9n\u00e9rer les cl\u00e9s API dans turboSMTP\" srcset=\"https:\/\/serversmtp.com\/wp-content\/uploads\/2025\/09\/comment-generer-les-cles-api-dans-turbosmtp-1.jpg 1400w, https:\/\/serversmtp.com\/wp-content\/uploads\/2025\/09\/comment-generer-les-cles-api-dans-turbosmtp-1-300x135.jpg 300w, https:\/\/serversmtp.com\/wp-content\/uploads\/2025\/09\/comment-generer-les-cles-api-dans-turbosmtp-1-1024x462.jpg 1024w, https:\/\/serversmtp.com\/wp-content\/uploads\/2025\/09\/comment-generer-les-cles-api-dans-turbosmtp-1-768x346.jpg 768w\" sizes=\"(max-width: 1400px) 100vw, 1400px\" \/><\/a><\/figure>\n\n\n\n<ol start=\"3\" class=\"wp-block-list\">\n<li>Cliquez sur le bouton <em>Cr\u00e9er une cl\u00e9 API<\/em>.<\/li>\n<\/ol>\n\n\n\n<figure class=\"gb-block-image gb-block-image-1a9a4a6e\"><a href=\"https:\/\/serversmtp.com\/wp-content\/uploads\/2025\/09\/comment-generer-les-cles-api-dans-turbosmtp-2.jpg\"><img decoding=\"async\" width=\"1400\" height=\"631\" class=\"gb-image gb-image-1a9a4a6e\" src=\"https:\/\/serversmtp.com\/wp-content\/uploads\/2025\/09\/comment-generer-les-cles-api-dans-turbosmtp-2.jpg\" alt=\"Comment g\u00e9n\u00e9rer les cl\u00e9s API dans turboSMTP\" title=\"Comment g\u00e9n\u00e9rer les cl\u00e9s API dans turboSMTP\" srcset=\"https:\/\/serversmtp.com\/wp-content\/uploads\/2025\/09\/comment-generer-les-cles-api-dans-turbosmtp-2.jpg 1400w, https:\/\/serversmtp.com\/wp-content\/uploads\/2025\/09\/comment-generer-les-cles-api-dans-turbosmtp-2-300x135.jpg 300w, https:\/\/serversmtp.com\/wp-content\/uploads\/2025\/09\/comment-generer-les-cles-api-dans-turbosmtp-2-1024x462.jpg 1024w, https:\/\/serversmtp.com\/wp-content\/uploads\/2025\/09\/comment-generer-les-cles-api-dans-turbosmtp-2-768x346.jpg 768w\" sizes=\"(max-width: 1400px) 100vw, 1400px\" \/><\/a><\/figure>\n\n\n\n<ol start=\"4\" class=\"wp-block-list spaced-list\">\n<li>Saisissez le nom de votre cl\u00e9 API dans le champ pr\u00e9vu \u00e0 cet effet (ce nom sert uniquement de r\u00e9f\u00e9rence interne dans le tableau de bord de turboSMTP). Ensuite, choisissez les services que la cl\u00e9 pourra utiliser (Envoi SMTP, Envoi via HTTP API, Statistiques et API de gestion). Si vous le souhaitez, vous pouvez limiter l&#8217;acc\u00e8s de l&#8217;API \u00e0 des IP sp\u00e9cifiques.<\/li>\n\n\n\n<li>Cliquez sur le bouton <em>G\u00e9n\u00e9rer une cl\u00e9 API<\/em> en bas \u00e0 droite.<\/li>\n<\/ol>\n\n\n\n<figure class=\"gb-block-image gb-block-image-e7b296a2\"><a href=\"https:\/\/serversmtp.com\/wp-content\/uploads\/2025\/09\/comment-generer-les-cles-api-dans-turbosmtp-3.jpg\"><img decoding=\"async\" width=\"1400\" height=\"631\" class=\"gb-image gb-image-e7b296a2\" src=\"https:\/\/serversmtp.com\/wp-content\/uploads\/2025\/09\/comment-generer-les-cles-api-dans-turbosmtp-3.jpg\" alt=\"Comment g\u00e9n\u00e9rer les cl\u00e9s API dans turboSMTP\" title=\"Comment g\u00e9n\u00e9rer les cl\u00e9s API dans turboSMTP\" srcset=\"https:\/\/serversmtp.com\/wp-content\/uploads\/2025\/09\/comment-generer-les-cles-api-dans-turbosmtp-3.jpg 1400w, https:\/\/serversmtp.com\/wp-content\/uploads\/2025\/09\/comment-generer-les-cles-api-dans-turbosmtp-3-300x135.jpg 300w, https:\/\/serversmtp.com\/wp-content\/uploads\/2025\/09\/comment-generer-les-cles-api-dans-turbosmtp-3-1024x462.jpg 1024w, https:\/\/serversmtp.com\/wp-content\/uploads\/2025\/09\/comment-generer-les-cles-api-dans-turbosmtp-3-768x346.jpg 768w\" sizes=\"(max-width: 1400px) 100vw, 1400px\" \/><\/a><\/figure>\n\n\n\n<ol start=\"6\" class=\"wp-block-list\">\n<li>Sur l&#8217;\u00e9cran de confirmation, vous verrez les d\u00e9tails de la nouvelle cl\u00e9 API. Outre le nom, vous pourrez visualiser et copier la <em>Consumer Key<\/em> et la <em>Consumer Secret<\/em>.<\/li>\n<\/ol>\n\n\n\n<figure class=\"gb-block-image gb-block-image-2be52735\"><a href=\"https:\/\/serversmtp.com\/wp-content\/uploads\/2025\/09\/comment-generer-les-cles-api-dans-turbosmtp-4.jpg\"><img decoding=\"async\" width=\"1400\" height=\"631\" class=\"gb-image gb-image-2be52735\" src=\"https:\/\/serversmtp.com\/wp-content\/uploads\/2025\/09\/comment-generer-les-cles-api-dans-turbosmtp-4.jpg\" alt=\"Comment g\u00e9n\u00e9rer les cl\u00e9s API dans turboSMTP\" title=\"Comment g\u00e9n\u00e9rer les cl\u00e9s API dans turboSMTP\" srcset=\"https:\/\/serversmtp.com\/wp-content\/uploads\/2025\/09\/comment-generer-les-cles-api-dans-turbosmtp-4.jpg 1400w, https:\/\/serversmtp.com\/wp-content\/uploads\/2025\/09\/comment-generer-les-cles-api-dans-turbosmtp-4-300x135.jpg 300w, https:\/\/serversmtp.com\/wp-content\/uploads\/2025\/09\/comment-generer-les-cles-api-dans-turbosmtp-4-1024x462.jpg 1024w, https:\/\/serversmtp.com\/wp-content\/uploads\/2025\/09\/comment-generer-les-cles-api-dans-turbosmtp-4-768x346.jpg 768w\" sizes=\"(max-width: 1400px) 100vw, 1400px\" \/><\/a><\/figure>\n\n\n<div class=\"gb-container gb-container-9669a6ee\">\n\n<h4 class=\"gb-headline gb-headline-7c4f4fca\"><span class=\"gb-icon\"><svg viewBox=\"0 0 512 512\" xmlns=\"http:\/\/www.w3.org\/2000\/svg\"><path d=\"M256 512a256 256 0 1 0 0-512 256 256 0 1 0 0 512zm-40-176h24v-64h-24c-13.3 0-24-10.7-24-24s10.7-24 24-24h48c13.3 0 24 10.7 24 24v88h8c13.3 0 24 10.7 24 24s-10.7 24-24 24h-80c-13.3 0-24-10.7-24-24s10.7-24 24-24zm40-208a32 32 0 1 1 0 64 32 32 0 1 1 0-64z\"><\/path><\/svg><\/span><span class=\"gb-headline-text\">Remarque<\/span><\/h4>\n\n\n\n<p>Le<em> Consumer Secret<\/em> n&#8217;est affich\u00e9 que sur cet \u00e9cran et ne peut pas \u00eatre r\u00e9cup\u00e9r\u00e9 par la suite.<\/p>\n\n<\/div>\n\n\n<ol start=\"7\" class=\"wp-block-list\">\n<li>Cliquez sur le bouton<em> OK <\/em>en bas \u00e0 droite pour revenir \u00e0 l&#8217;\u00e9cran listant les cl\u00e9s API. Ici, vous pouvez visualiser les cl\u00e9s g\u00e9n\u00e9r\u00e9es, copier la <em>Consumer Key<\/em> ou supprimer une cl\u00e9 API.<\/li>\n<\/ol>\n\n\n\n<figure class=\"gb-block-image gb-block-image-89765740\"><a href=\"https:\/\/serversmtp.com\/wp-content\/uploads\/2025\/09\/comment-generer-les-cles-api-dans-turbosmtp-5.jpg\"><img decoding=\"async\" width=\"1400\" height=\"631\" class=\"gb-image gb-image-89765740\" src=\"https:\/\/serversmtp.com\/wp-content\/uploads\/2025\/09\/comment-generer-les-cles-api-dans-turbosmtp-5.jpg\" alt=\"Comment g\u00e9n\u00e9rer les cl\u00e9s API dans turboSMTP\" title=\"Comment g\u00e9n\u00e9rer les cl\u00e9s API dans turboSMTP\" srcset=\"https:\/\/serversmtp.com\/wp-content\/uploads\/2025\/09\/comment-generer-les-cles-api-dans-turbosmtp-5.jpg 1400w, https:\/\/serversmtp.com\/wp-content\/uploads\/2025\/09\/comment-generer-les-cles-api-dans-turbosmtp-5-300x135.jpg 300w, https:\/\/serversmtp.com\/wp-content\/uploads\/2025\/09\/comment-generer-les-cles-api-dans-turbosmtp-5-1024x462.jpg 1024w, https:\/\/serversmtp.com\/wp-content\/uploads\/2025\/09\/comment-generer-les-cles-api-dans-turbosmtp-5-768x346.jpg 768w\" sizes=\"(max-width: 1400px) 100vw, 1400px\" \/><\/a><\/figure>\n\n\n<div class=\"gb-container gb-container-0253f380\">\n\n<h3 class=\"gb-headline gb-headline-9587a898 gb-headline-text\"><strong>\ud83d\udccc Acc\u00e8s au tableau de<\/strong><br><strong>bord pour la premi\u00e8re fois.<\/strong><\/h3>\n\n\n\n<p class=\"has-text-align-center\">Lors de votre premi\u00e8re connexion en tant que nouveau client turboSMTP, une fen\u00eatre contextuelle vous invitera \u00e0 cr\u00e9er vos premi\u00e8res cl\u00e9s API. Cette \u00e9tape est <strong>n\u00e9cessaire pour envoyer des e-mails en toute s\u00e9curit\u00e9 via SMTP<\/strong>.<\/p>\n\n\n\n<p class=\"has-text-align-center\">Il suffit de cliquer sur le bouton <em>G\u00e9n\u00e9rer une cl\u00e9 API<\/em> pour cr\u00e9er imm\u00e9diatement les cl\u00e9s.<\/p>\n\n\n\n<figure class=\"gb-block-image gb-block-image-ad051efc\"><a href=\"https:\/\/serversmtp.com\/wp-content\/uploads\/2025\/09\/comment-generer-les-cles-api-dans-turbosmtp-6.jpg\"><img decoding=\"async\" width=\"950\" height=\"496\" class=\"gb-image gb-image-ad051efc API keys first-time dashboard access\" id=\"API-keys-first-time-dashboard-access\" src=\"https:\/\/serversmtp.com\/wp-content\/uploads\/2025\/09\/comment-generer-les-cles-api-dans-turbosmtp-6.jpg\" alt=\"Comment g\u00e9n\u00e9rer les cl\u00e9s API dans turboSMTP\" title=\"Comment g\u00e9n\u00e9rer les cl\u00e9s API dans turboSMTP\" srcset=\"https:\/\/serversmtp.com\/wp-content\/uploads\/2025\/09\/comment-generer-les-cles-api-dans-turbosmtp-6.jpg 950w, https:\/\/serversmtp.com\/wp-content\/uploads\/2025\/09\/comment-generer-les-cles-api-dans-turbosmtp-6-300x157.jpg 300w, https:\/\/serversmtp.com\/wp-content\/uploads\/2025\/09\/comment-generer-les-cles-api-dans-turbosmtp-6-768x401.jpg 768w\" sizes=\"(max-width: 950px) 100vw, 950px\" \/><\/a><\/figure>\n\n<\/div>\n<\/div>","protected":false},"excerpt":{"rendered":"<p>Qu&#8217;est-ce que les cl\u00e9s API ? Les cl\u00e9s API sont des codes uniques qui permettent aux applications de se connecter en toute s\u00e9curit\u00e9 aux API de turboSMTP et d&#8217;envoyer des e-mails sans risque. Chaque cl\u00e9 se compose de deux \u00e9l\u00e9ments : Ces cl\u00e9s permettent \u00e0 vos applications d&#8217;acc\u00e9der de mani\u00e8re s\u00e9curis\u00e9e aux services de turboSMTP. &#8230; <\/p>\n<p class=\"read-more-container\"><a title=\"Qu&#8217;est-ce que les cl\u00e9s API et comment les cr\u00e9er avec turboSMTP : un guide complet\" class=\"read-more button\" href=\"https:\/\/serversmtp.com\/fr\/quest-ce-que-les-cles-api-et-comment-les-creer-avec-turbosmtp-un-guide-complet\/#more-21801\" aria-label=\"En savoir plus sur Qu&#8217;est-ce que les cl\u00e9s API et comment les cr\u00e9er avec turboSMTP : un guide complet\">Discover more<\/a><\/p>\n","protected":false},"author":8,"featured_media":0,"parent":0,"menu_order":0,"comment_status":"closed","ping_status":"closed","template":"","meta":{"_eb_attr":"","inline_featured_image":false,"_monsterinsights_skip_tracking":false,"_monsterinsights_sitenote_active":false,"_monsterinsights_sitenote_note":"","_monsterinsights_sitenote_category":0,"footnotes":""},"class_list":["post-21801","page","type-page","status-publish"],"yoast_head":"<!-- This site is optimized with the Yoast SEO plugin v25.3.1 - https:\/\/yoast.com\/wordpress\/plugins\/seo\/ -->\n<title>Qu&#039;est-ce que les cl\u00e9s API et comment les cr\u00e9er avec turboSMTP<\/title>\n<meta name=\"description\" content=\"Comment cr\u00e9er et g\u00e9rer en toute s\u00e9curit\u00e9 les cl\u00e9s API dans turboSMTP. Suivez ce guide pas \u00e0 pas pour int\u00e9grer vos applications sans probl\u00e8me\" \/>\n<meta name=\"robots\" content=\"index, follow, max-snippet:-1, max-image-preview:large, max-video-preview:-1\" \/>\n<link rel=\"canonical\" href=\"https:\/\/serversmtp.com\/fr\/quest-ce-que-les-cles-api-et-comment-les-creer-avec-turbosmtp-un-guide-complet\/\" \/>\n<meta name=\"twitter:label1\" content=\"Dur\u00e9e de lecture estim\u00e9e\" \/>\n\t<meta name=\"twitter:data1\" content=\"4 minutes\" \/>\n<!-- \/ Yoast SEO plugin. -->","yoast_head_json":{"title":"Qu'est-ce que les cl\u00e9s API et comment les cr\u00e9er avec turboSMTP","description":"Comment cr\u00e9er et g\u00e9rer en toute s\u00e9curit\u00e9 les cl\u00e9s API dans turboSMTP. Suivez ce guide pas \u00e0 pas pour int\u00e9grer vos applications sans probl\u00e8me","robots":{"index":"index","follow":"follow","max-snippet":"max-snippet:-1","max-image-preview":"max-image-preview:large","max-video-preview":"max-video-preview:-1"},"canonical":"https:\/\/serversmtp.com\/fr\/quest-ce-que-les-cles-api-et-comment-les-creer-avec-turbosmtp-un-guide-complet\/","twitter_misc":{"Dur\u00e9e de lecture estim\u00e9e":"4 minutes"},"schema":{"@context":"https:\/\/schema.org","@graph":[{"@type":"WebPage","@id":"https:\/\/serversmtp.com\/fr\/quest-ce-que-les-cles-api-et-comment-les-creer-avec-turbosmtp-un-guide-complet\/","url":"https:\/\/serversmtp.com\/fr\/quest-ce-que-les-cles-api-et-comment-les-creer-avec-turbosmtp-un-guide-complet\/","name":"Qu'est-ce que les cl\u00e9s API et comment les cr\u00e9er avec turboSMTP","isPartOf":{"@id":"https:\/\/serversmtp.com\/de\/#website"},"primaryImageOfPage":{"@id":"https:\/\/serversmtp.com\/fr\/quest-ce-que-les-cles-api-et-comment-les-creer-avec-turbosmtp-un-guide-complet\/#primaryimage"},"image":{"@id":"https:\/\/serversmtp.com\/fr\/quest-ce-que-les-cles-api-et-comment-les-creer-avec-turbosmtp-un-guide-complet\/#primaryimage"},"thumbnailUrl":"https:\/\/serversmtp.com\/wp-content\/uploads\/2025\/09\/comment-generer-les-cles-api-dans-turbosmtp-1.jpg","datePublished":"2025-09-26T07:34:02+00:00","dateModified":"2025-09-26T07:48:53+00:00","description":"Comment cr\u00e9er et g\u00e9rer en toute s\u00e9curit\u00e9 les cl\u00e9s API dans turboSMTP. Suivez ce guide pas \u00e0 pas pour int\u00e9grer vos applications sans probl\u00e8me","breadcrumb":{"@id":"https:\/\/serversmtp.com\/fr\/quest-ce-que-les-cles-api-et-comment-les-creer-avec-turbosmtp-un-guide-complet\/#breadcrumb"},"inLanguage":"fr-FR","potentialAction":[{"@type":"ReadAction","target":["https:\/\/serversmtp.com\/fr\/quest-ce-que-les-cles-api-et-comment-les-creer-avec-turbosmtp-un-guide-complet\/"]}]},{"@type":"ImageObject","inLanguage":"fr-FR","@id":"https:\/\/serversmtp.com\/fr\/quest-ce-que-les-cles-api-et-comment-les-creer-avec-turbosmtp-un-guide-complet\/#primaryimage","url":"https:\/\/serversmtp.com\/wp-content\/uploads\/2025\/09\/comment-generer-les-cles-api-dans-turbosmtp-1.jpg","contentUrl":"https:\/\/serversmtp.com\/wp-content\/uploads\/2025\/09\/comment-generer-les-cles-api-dans-turbosmtp-1.jpg"},{"@type":"BreadcrumbList","@id":"https:\/\/serversmtp.com\/fr\/quest-ce-que-les-cles-api-et-comment-les-creer-avec-turbosmtp-un-guide-complet\/#breadcrumb","itemListElement":[{"@type":"ListItem","position":1,"name":"Home","item":"https:\/\/serversmtp.com\/fr\/"},{"@type":"ListItem","position":2,"name":"Qu&#8217;est-ce que les cl\u00e9s API et comment les cr\u00e9er avec turboSMTP : un guide complet"}]},{"@type":"WebSite","@id":"https:\/\/serversmtp.com\/de\/#website","url":"https:\/\/serversmtp.com\/de\/","name":"smtp mail server - professional SMTP service provider","description":"smtp mail server - professional SMTP service provider","publisher":{"@id":"https:\/\/serversmtp.com\/de\/#organization"},"potentialAction":[{"@type":"SearchAction","target":{"@type":"EntryPoint","urlTemplate":"https:\/\/serversmtp.com\/de\/?s={search_term_string}"},"query-input":{"@type":"PropertyValueSpecification","valueRequired":true,"valueName":"search_term_string"}}],"inLanguage":"fr-FR"},{"@type":"Organization","@id":"https:\/\/serversmtp.com\/de\/#organization","name":"Delivery Tech","url":"https:\/\/serversmtp.com\/de\/","logo":{"@type":"ImageObject","inLanguage":"fr-FR","@id":"https:\/\/serversmtp.com\/de\/#\/schema\/logo\/image\/","url":"https:\/\/serversmtp.com\/wp-content\/uploads\/2021\/11\/og-image-2.jpg","contentUrl":"https:\/\/serversmtp.com\/wp-content\/uploads\/2021\/11\/og-image-2.jpg","width":1200,"height":1128,"caption":"Delivery Tech"},"image":{"@id":"https:\/\/serversmtp.com\/de\/#\/schema\/logo\/image\/"}}]}},"_links":{"self":[{"href":"https:\/\/serversmtp.com\/fr\/wp-json\/wp\/v2\/pages\/21801"}],"collection":[{"href":"https:\/\/serversmtp.com\/fr\/wp-json\/wp\/v2\/pages"}],"about":[{"href":"https:\/\/serversmtp.com\/fr\/wp-json\/wp\/v2\/types\/page"}],"author":[{"embeddable":true,"href":"https:\/\/serversmtp.com\/fr\/wp-json\/wp\/v2\/users\/8"}],"replies":[{"embeddable":true,"href":"https:\/\/serversmtp.com\/fr\/wp-json\/wp\/v2\/comments?post=21801"}],"version-history":[{"count":3,"href":"https:\/\/serversmtp.com\/fr\/wp-json\/wp\/v2\/pages\/21801\/revisions"}],"predecessor-version":[{"id":21886,"href":"https:\/\/serversmtp.com\/fr\/wp-json\/wp\/v2\/pages\/21801\/revisions\/21886"}],"wp:attachment":[{"href":"https:\/\/serversmtp.com\/fr\/wp-json\/wp\/v2\/media?parent=21801"}],"curies":[{"name":"wp","href":"https:\/\/api.w.org\/{rel}","templated":true}]}}