{"id":2168,"date":"2018-04-10T17:57:42","date_gmt":"2018-04-10T15:57:42","guid":{"rendered":"https:\/\/dev.serversmtp.com\/?page_id=2168"},"modified":"2018-04-12T12:38:57","modified_gmt":"2018-04-12T10:38:57","slug":"liste-serveur-smtp","status":"publish","type":"page","link":"https:\/\/serversmtp.com\/fr\/liste-serveur-smtp\/","title":{"rendered":"Liste de serveurs SMTP"},"content":{"rendered":"<p>Chaque fois que vous devez configurer un <strong>client email<\/strong>, il faut ins\u00e9rer l&#8217;adresse de votre <strong><a title=\"serveur smtp sortant\" href=\"\/fr\/serveur-sortant-smtp\">serveur SMTP<\/a><\/strong> pour envoyer les messages et les livrer correctement.<\/p>\n<p>Donc voil\u00e0 une <strong>liste des param\u00e8tres des serveurs de messagerie<\/strong> (les serveurs SMTP, justement) des principaux FAI:<\/p>\n<table style=\"width: 100%;\" border=\"1\" cellspacing=\"0\" cellpadding=\"4\">\n<colgroup>\n<col width=\"83*\" \/>\n<col width=\"75*\" \/>\n<col width=\"98*\" \/> <\/colgroup>\n<tbody>\n<tr valign=\"TOP\">\n<td width=\"32%\">\n<p lang=\"en-US\" align=\"CENTER\"><span style=\"font-size: small;\"><strong>FOURNISSEUR<\/strong><\/span><\/p>\n<\/td>\n<td width=\"29%\">\n<p lang=\"en-US\" align=\"CENTER\"><span style=\"font-size: small;\"><strong>URL<\/strong><\/span><\/p>\n<\/td>\n<td width=\"38%\">\n<p lang=\"en-US\" align=\"CENTER\"><span style=\"font-size: small;\"><strong>SMTP<\/strong><\/span><\/p>\n<\/td>\n<\/tr>\n<tr valign=\"TOP\">\n<td width=\"32%\">\n<p lang=\"en-US\" align=\"CENTER\"><span style=\"font-size: small;\"><strong>9 Telecom<\/strong><\/span><\/p>\n<\/td>\n<td width=\"29%\">\n<p lang=\"en-US\" align=\"CENTER\"><span style=\"font-size: small;\">Neuf.fr<\/span><\/p>\n<\/td>\n<td width=\"38%\">\n<p lang=\"en-US\" align=\"CENTER\"><span style=\"font-size: small;\">smtp.neuf.fr<\/span><\/p>\n<\/td>\n<\/tr>\n<tr valign=\"TOP\">\n<td width=\"32%\">\n<p lang=\"en-US\" align=\"CENTER\"><span style=\"font-size: small;\"><strong>Alice<\/strong><\/span><\/p>\n<\/td>\n<td width=\"29%\">\n<p lang=\"en-US\" align=\"CENTER\"><span style=\"font-size: small;\">Aliceadsl.fr<\/span><\/p>\n<\/td>\n<td width=\"38%\">\n<p lang=\"en-US\" align=\"CENTER\"><span style=\"font-size: small;\">smtp.aliceadsl.fr<\/span><\/p>\n<\/td>\n<\/tr>\n<tr valign=\"TOP\">\n<td width=\"32%\">\n<p lang=\"en-US\" align=\"CENTER\"><span style=\"font-size: small;\"><strong>AOL<\/strong><\/span><\/p>\n<\/td>\n<td width=\"29%\">\n<p lang=\"en-US\" align=\"CENTER\"><span style=\"font-size: small;\">Aol.com<\/span><\/p>\n<\/td>\n<td width=\"38%\">\n<p lang=\"en-US\" align=\"CENTER\"><span style=\"font-size: small;\">smtp.aol.com<\/span><\/p>\n<\/td>\n<\/tr>\n<tr valign=\"TOP\">\n<td width=\"32%\">\n<p lang=\"en-US\" align=\"CENTER\"><span style=\"font-size: small;\"><strong>AT&amp;T<\/strong><\/span><\/p>\n<\/td>\n<td width=\"29%\">\n<p lang=\"en-US\" align=\"CENTER\"><span style=\"font-size: small;\">Att.net<\/span><\/p>\n<\/td>\n<td width=\"38%\">\n<p lang=\"en-US\" align=\"CENTER\"><span style=\"font-size: small;\">outbound.att.net<\/span><\/p>\n<\/td>\n<\/tr>\n<tr valign=\"TOP\">\n<td width=\"32%\">\n<p lang=\"en-US\" align=\"CENTER\"><span style=\"font-size: small;\"><strong><span style=\"background-color: transparent;\">Bluewin<\/span><\/strong><\/span><\/p>\n<\/td>\n<td width=\"29%\">\n<p lang=\"en-US\" align=\"CENTER\"><span style=\"font-size: small;\"><span style=\"background-color: transparent;\">Bluewin.ch<\/span><\/span><\/p>\n<\/td>\n<td width=\"38%\">\n<p lang=\"en-US\" align=\"CENTER\"><span style=\"font-size: small;\"><span style=\"background-color: transparent;\">smtpauths.bluewin.ch <\/span><\/span><\/p>\n<\/td>\n<\/tr>\n<tr valign=\"TOP\">\n<td width=\"32%\">\n<p lang=\"en-US\" align=\"CENTER\"><span style=\"font-size: small;\"><strong>Bouygtel<\/strong><\/span><\/p>\n<\/td>\n<td width=\"29%\">\n<p lang=\"en-US\" align=\"CENTER\"><span style=\"font-size: small;\">Bouygtel.fr<\/span><\/p>\n<\/td>\n<td width=\"38%\">\n<p lang=\"en-US\" align=\"CENTER\"><span style=\"font-size: small;\">smtp.bouygtel.fr<\/span><\/p>\n<\/td>\n<\/tr>\n<tr valign=\"TOP\">\n<td width=\"32%\">\n<p lang=\"en-US\" align=\"CENTER\"><span style=\"font-size: small;\"><strong>Club Internet<\/strong><\/span><\/p>\n<\/td>\n<td width=\"29%\">\n<p lang=\"en-US\" align=\"CENTER\"><span style=\"font-size: small;\">Club-internet.fr<\/span><\/p>\n<\/td>\n<td width=\"38%\">\n<p lang=\"en-US\" align=\"CENTER\"><span style=\"font-size: small;\">mail.club-internet.fr<\/span><\/p>\n<\/td>\n<\/tr>\n<tr valign=\"TOP\">\n<td width=\"32%\">\n<p lang=\"en-US\" align=\"CENTER\"><span style=\"font-size: small;\"><strong>Free<\/strong><\/span><\/p>\n<\/td>\n<td width=\"29%\">\n<p lang=\"en-US\" align=\"CENTER\"><span style=\"font-size: small;\">Free.fr<\/span><\/p>\n<\/td>\n<td width=\"38%\">\n<p lang=\"en-US\" align=\"CENTER\"><span style=\"font-size: small;\">smtp.free.fr<\/span><\/p>\n<\/td>\n<\/tr>\n<tr valign=\"TOP\">\n<td width=\"32%\">\n<p lang=\"en-US\" align=\"CENTER\"><span style=\"font-size: small;\"><strong>Gmail<\/strong><\/span><\/p>\n<\/td>\n<td width=\"29%\">\n<p lang=\"en-US\" align=\"CENTER\"><span style=\"font-size: small;\">Gmail.com<\/span><\/p>\n<p lang=\"en-US\" align=\"CENTER\">\n<\/td>\n<td width=\"38%\">\n<p lang=\"en-US\" align=\"CENTER\"><span style=\"font-size: small;\">smtp.gmail.com<\/span><\/p>\n<\/td>\n<\/tr>\n<tr valign=\"TOP\">\n<td width=\"32%\">\n<p lang=\"en-US\" align=\"CENTER\"><span style=\"font-size: small;\"><strong>IFra<\/strong><\/span><\/p>\n<\/td>\n<td width=\"29%\">\n<p lang=\"en-US\" align=\"CENTER\"><span style=\"font-size: small;\">Ifrance.fr<\/span><\/p>\n<\/td>\n<td width=\"38%\">\n<p lang=\"en-US\" align=\"CENTER\"><span style=\"font-size: small;\">smtp.ifrance.fr<\/span><\/p>\n<\/td>\n<\/tr>\n<tr valign=\"TOP\">\n<td width=\"32%\">\n<p lang=\"en-US\" align=\"CENTER\"><span style=\"font-size: small;\"><strong>Hotmail<\/strong><\/span><\/p>\n<\/td>\n<td width=\"29%\">\n<p lang=\"en-US\" align=\"CENTER\"><span style=\"font-size: small;\">Hotmail.com<\/span><\/p>\n<\/td>\n<td width=\"38%\">\n<p lang=\"en-US\" align=\"CENTER\"><span style=\"font-size: small;\">smtp.live.com<\/span><\/p>\n<\/td>\n<\/tr>\n<tr valign=\"TOP\">\n<td width=\"32%\">\n<p lang=\"en-US\" align=\"CENTER\"><span style=\"font-size: small;\"><strong>LaPoste<\/strong><\/span><\/p>\n<\/td>\n<td width=\"29%\">\n<p lang=\"en-US\" align=\"CENTER\"><span style=\"font-size: small;\">Laposte.fr<\/span><\/p>\n<\/td>\n<td width=\"38%\">\n<p lang=\"en-US\" align=\"CENTER\"><span style=\"font-size: small;\">smtp.laposte.fr<\/span><\/p>\n<\/td>\n<\/tr>\n<tr valign=\"TOP\">\n<td width=\"32%\">\n<p lang=\"en-US\" align=\"CENTER\"><span style=\"font-size: small;\"><strong>NetCourrier<\/strong><\/span><\/p>\n<\/td>\n<td width=\"29%\">\n<p lang=\"en-US\" align=\"CENTER\"><span style=\"font-size: small;\">Netcourrier.com<\/span><\/p>\n<\/td>\n<td width=\"38%\">\n<p lang=\"en-US\" align=\"CENTER\"><span style=\"font-size: small;\">smtp.netcourrier.com<\/span><\/p>\n<\/td>\n<\/tr>\n<tr valign=\"TOP\">\n<td width=\"32%\">\n<p lang=\"en-US\" align=\"CENTER\"><span style=\"font-size: small;\"><strong>O2<\/strong><\/span><\/p>\n<\/td>\n<td width=\"29%\">\n<p lang=\"en-US\" align=\"CENTER\"><span style=\"font-size: small;\">o2.com<\/span><\/p>\n<\/td>\n<td width=\"38%\">\n<p lang=\"en-US\" align=\"CENTER\"><span style=\"font-size: small;\">smtp.o2.com<\/span><\/p>\n<\/td>\n<\/tr>\n<tr valign=\"TOP\">\n<td width=\"32%\">\n<p lang=\"en-US\" align=\"CENTER\"><span style=\"font-size: small;\"><strong>Orange<\/strong><\/span><\/p>\n<\/td>\n<td width=\"29%\">\n<p lang=\"en-US\" align=\"CENTER\"><span style=\"font-size: small;\">Orange.fr<\/span><\/p>\n<\/td>\n<td width=\"38%\">\n<p lang=\"en-US\" align=\"CENTER\"><span style=\"font-size: small;\">smtp.orange.fr<\/span><\/p>\n<\/td>\n<\/tr>\n<tr valign=\"TOP\">\n<td width=\"32%\">\n<p lang=\"en-US\" align=\"CENTER\"><span style=\"font-size: small;\"><strong>Outlook.com (former Hotmail)<\/strong><\/span><\/p>\n<\/td>\n<td width=\"29%\">\n<p lang=\"en-US\" align=\"CENTER\"><span style=\"font-size: small;\">Outlook.com<\/span><\/p>\n<\/td>\n<td width=\"38%\">\n<p lang=\"en-US\" align=\"CENTER\"><span style=\"font-size: small;\">smtp.live.com<\/span><\/p>\n<\/td>\n<\/tr>\n<tr valign=\"TOP\">\n<td width=\"32%\">\n<p lang=\"en-US\" align=\"CENTER\"><span style=\"font-size: small;\"><strong>Sympatico<\/strong><\/span><\/p>\n<\/td>\n<td width=\"29%\">\n<p lang=\"en-US\" align=\"CENTER\"><span style=\"font-size: small;\">Sympatico.ca<\/span><\/p>\n<\/td>\n<td width=\"38%\">\n<p lang=\"en-US\" align=\"CENTER\"><span style=\"font-size: small;\">smtphm.sympatico.ca<\/span><\/p>\n<\/td>\n<\/tr>\n<tr valign=\"TOP\">\n<td width=\"32%\">\n<p lang=\"en-US\" align=\"CENTER\"><span style=\"font-size: small;\"><strong>Tiscali<\/strong><\/span><\/p>\n<\/td>\n<td width=\"29%\">\n<p lang=\"en-US\" align=\"CENTER\"><span style=\"font-size: small;\">Tiscali.fr<\/span><\/p>\n<\/td>\n<td width=\"38%\">\n<p lang=\"en-US\" align=\"CENTER\"><span style=\"font-size: small;\">smtp.tiscali.fr<\/span><\/p>\n<\/td>\n<\/tr>\n<tr valign=\"TOP\">\n<td width=\"32%\">\n<p lang=\"en-US\" align=\"CENTER\"><span style=\"font-size: small;\"><strong>Verizon<\/strong><\/span><\/p>\n<\/td>\n<td width=\"29%\">\n<p lang=\"en-US\" align=\"CENTER\"><span style=\"font-size: small;\">Verizon.net<\/span><\/p>\n<\/td>\n<td width=\"38%\">\n<p lang=\"en-US\" align=\"CENTER\"><span style=\"font-size: small;\">outgoing.verizon.net<\/span><\/p>\n<\/td>\n<\/tr>\n<tr valign=\"TOP\">\n<td width=\"32%\">\n<p lang=\"en-US\" align=\"CENTER\"><span style=\"font-size: small;\"><strong>Voila<\/strong><\/span><\/p>\n<\/td>\n<td width=\"29%\">\n<p lang=\"en-US\" align=\"CENTER\"><span style=\"font-size: small;\">Voila.fr<\/span><\/p>\n<\/td>\n<td width=\"38%\">\n<p lang=\"en-US\" align=\"CENTER\"><span style=\"font-size: small;\">smtp.voila.fr<\/span><\/p>\n<\/td>\n<\/tr>\n<tr valign=\"TOP\">\n<td width=\"32%\">\n<p lang=\"en-US\" align=\"CENTER\"><span style=\"font-size: small;\"><strong>Wanadoo<\/strong><\/span><\/p>\n<\/td>\n<td width=\"29%\">\n<p lang=\"en-US\" align=\"CENTER\"><span style=\"font-size: small;\">Wanadoo.fr<\/span><\/p>\n<\/td>\n<td width=\"38%\">\n<p lang=\"en-US\" align=\"CENTER\"><span style=\"font-size: small;\">smtp.wanadoo.fr<\/span><\/p>\n<\/td>\n<\/tr>\n<tr valign=\"TOP\">\n<td width=\"32%\">\n<p lang=\"en-US\" align=\"CENTER\"><span style=\"font-size: small;\"><strong>Yahoo<\/strong><\/span><\/p>\n<\/td>\n<td width=\"29%\">\n<p lang=\"en-US\" align=\"CENTER\"><span style=\"font-size: small;\">Yahoo.com<\/span><\/p>\n<\/td>\n<td width=\"38%\">\n<p lang=\"en-US\" align=\"CENTER\"><span style=\"font-size: small;\">mail.yahoo.com<\/span><\/p>\n<\/td>\n<\/tr>\n<\/tbody>\n<\/table>\n","protected":false},"excerpt":{"rendered":"<p>Chaque fois que vous devez configurer un client email, il faut ins\u00e9rer l&#8217;adresse de votre serveur SMTP pour envoyer les messages et les livrer correctement. Donc voil\u00e0 une liste des param\u00e8tres des serveurs de messagerie (les serveurs SMTP, justement) des principaux FAI: FOURNISSEUR URL SMTP 9 Telecom Neuf.fr smtp.neuf.fr Alice Aliceadsl.fr smtp.aliceadsl.fr AOL Aol.com smtp.aol.com &#8230; <\/p>\n<p class=\"read-more-container\"><a title=\"Liste de serveurs SMTP\" class=\"read-more button\" href=\"https:\/\/serversmtp.com\/fr\/liste-serveur-smtp\/#more-2168\" aria-label=\"En savoir plus sur Liste de serveurs SMTP\">Discover more<\/a><\/p>\n","protected":false},"author":3,"featured_media":0,"parent":0,"menu_order":0,"comment_status":"closed","ping_status":"closed","template":"g1_template_page_sidebar_right.php","meta":{"_eb_attr":"","inline_featured_image":false,"_monsterinsights_skip_tracking":false,"_monsterinsights_sitenote_active":false,"_monsterinsights_sitenote_note":"","_monsterinsights_sitenote_category":0,"footnotes":""},"class_list":["post-2168","page","type-page","status-publish"],"yoast_head":"<!-- This site is optimized with the Yoast SEO plugin v25.3.1 - https:\/\/yoast.com\/wordpress\/plugins\/seo\/ -->\n<title>Liste de serveurs SMTP - smtp mail server - professional SMTP service provider<\/title>\n<meta name=\"robots\" content=\"index, follow, max-snippet:-1, max-image-preview:large, max-video-preview:-1\" \/>\n<link rel=\"canonical\" href=\"https:\/\/serversmtp.com\/fr\/liste-serveur-smtp\/\" \/>\n<meta name=\"twitter:label1\" content=\"Dur\u00e9e de lecture estim\u00e9e\" \/>\n\t<meta name=\"twitter:data1\" content=\"1 minute\" \/>\n<!-- \/ Yoast SEO plugin. -->","yoast_head_json":{"title":"Liste de serveurs SMTP - smtp mail server - professional SMTP service provider","robots":{"index":"index","follow":"follow","max-snippet":"max-snippet:-1","max-image-preview":"max-image-preview:large","max-video-preview":"max-video-preview:-1"},"canonical":"https:\/\/serversmtp.com\/fr\/liste-serveur-smtp\/","twitter_misc":{"Dur\u00e9e de lecture estim\u00e9e":"1 minute"},"schema":{"@context":"https:\/\/schema.org","@graph":[{"@type":"WebPage","@id":"https:\/\/serversmtp.com\/fr\/liste-serveur-smtp\/","url":"https:\/\/serversmtp.com\/fr\/liste-serveur-smtp\/","name":"Liste de serveurs SMTP - smtp mail server - professional SMTP service provider","isPartOf":{"@id":"https:\/\/serversmtp.com\/#website"},"datePublished":"2018-04-10T15:57:42+00:00","dateModified":"2018-04-12T10:38:57+00:00","breadcrumb":{"@id":"https:\/\/serversmtp.com\/fr\/liste-serveur-smtp\/#breadcrumb"},"inLanguage":"fr-FR","potentialAction":[{"@type":"ReadAction","target":["https:\/\/serversmtp.com\/fr\/liste-serveur-smtp\/"]}]},{"@type":"BreadcrumbList","@id":"https:\/\/serversmtp.com\/fr\/liste-serveur-smtp\/#breadcrumb","itemListElement":[{"@type":"ListItem","position":1,"name":"Home","item":"https:\/\/serversmtp.com\/fr\/"},{"@type":"ListItem","position":2,"name":"Liste de serveurs SMTP"}]},{"@type":"WebSite","@id":"https:\/\/serversmtp.com\/#website","url":"https:\/\/serversmtp.com\/","name":"smtp mail server - professional SMTP service provider","description":"smtp mail server - professional SMTP service provider","publisher":{"@id":"https:\/\/serversmtp.com\/#organization"},"potentialAction":[{"@type":"SearchAction","target":{"@type":"EntryPoint","urlTemplate":"https:\/\/serversmtp.com\/?s={search_term_string}"},"query-input":{"@type":"PropertyValueSpecification","valueRequired":true,"valueName":"search_term_string"}}],"inLanguage":"fr-FR"},{"@type":"Organization","@id":"https:\/\/serversmtp.com\/#organization","name":"Delivery Tech","url":"https:\/\/serversmtp.com\/","logo":{"@type":"ImageObject","inLanguage":"fr-FR","@id":"https:\/\/serversmtp.com\/#\/schema\/logo\/image\/","url":"https:\/\/serversmtp.com\/wp-content\/uploads\/2021\/11\/og-image-2.jpg","contentUrl":"https:\/\/serversmtp.com\/wp-content\/uploads\/2021\/11\/og-image-2.jpg","width":1200,"height":1128,"caption":"Delivery Tech"},"image":{"@id":"https:\/\/serversmtp.com\/#\/schema\/logo\/image\/"}}]}},"_links":{"self":[{"href":"https:\/\/serversmtp.com\/fr\/wp-json\/wp\/v2\/pages\/2168"}],"collection":[{"href":"https:\/\/serversmtp.com\/fr\/wp-json\/wp\/v2\/pages"}],"about":[{"href":"https:\/\/serversmtp.com\/fr\/wp-json\/wp\/v2\/types\/page"}],"author":[{"embeddable":true,"href":"https:\/\/serversmtp.com\/fr\/wp-json\/wp\/v2\/users\/3"}],"replies":[{"embeddable":true,"href":"https:\/\/serversmtp.com\/fr\/wp-json\/wp\/v2\/comments?post=2168"}],"version-history":[{"count":4,"href":"https:\/\/serversmtp.com\/fr\/wp-json\/wp\/v2\/pages\/2168\/revisions"}],"predecessor-version":[{"id":2172,"href":"https:\/\/serversmtp.com\/fr\/wp-json\/wp\/v2\/pages\/2168\/revisions\/2172"}],"wp:attachment":[{"href":"https:\/\/serversmtp.com\/fr\/wp-json\/wp\/v2\/media?parent=2168"}],"curies":[{"name":"wp","href":"https:\/\/api.w.org\/{rel}","templated":true}]}}