{"id":2164,"date":"2018-04-10T17:51:26","date_gmt":"2018-04-10T15:51:26","guid":{"rendered":"https:\/\/dev.serversmtp.com\/?page_id=2164"},"modified":"2018-04-12T17:10:09","modified_gmt":"2018-04-12T15:10:09","slug":"tester-serveur-smtp","status":"publish","type":"page","link":"https:\/\/serversmtp.com\/fr\/tester-serveur-smtp\/","title":{"rendered":"Tester le serveur SMTP"},"content":{"rendered":"<p>Si vous avez des probl\u00e8mes de livraison des emails, c&#8217;est une bonne id\u00e9e d&#8217;effectuer un <strong>test SMTP<\/strong> pour v\u00e9rifier l&#8217;efficacit\u00e9 du serveur de courrier sortant que vous utilisez. Si vous \u00eates familier de la ligne de commande Windows, vous pouvez le faire vous-m\u00eame en utilisant <strong>TELNET<\/strong> et les commandes SMTP. Ou bien vous pouvez compter sur le <strong>service de test de SMTP MX ToolBox<\/strong>: <a href=\"http:\/\/mxtoolbox.com\/diagnostic.aspx\">SMTP diagnostic<\/a>.<\/p>\n<p>Cet outil populaire se connecte simplement \u00e0 un serveur de messagerie via SMTP et <strong>g\u00e8re six tests diff\u00e9rent<\/strong>s: sur la dur\u00e9e de la transaction, l&#8217;ouverture du relais SMTP, la pr\u00e9sence d&#8217;un reverse DNS (PTR) d&#8217;enregistrement etc. Il fournit aussi une transcription compl\u00e8te de la session avec tous les codes utilis\u00e9s.<\/p>\n<p>Bien s\u00fbr, si vous choisissez un <strong>service SMTP professionnel<\/strong> comme <a title=\"serveur SMTP\" href=\"\/fr\/signup\">turboSMTP<\/a> vous serez libre de ces soucis une fois pour toutes. En fait, s&#8217;appuyer sur un serveur de courrier sortant d\u00e9di\u00e9 est la seule fa\u00e7on d&#8217;assurer <strong>un flux d&#8217;emailing correct<\/strong> sans probl\u00e8mes de filtrage ou un spam \u2013 en particulier quand il s&#8217;agit de messages en masse (newsletters, emails transactionnels, etc.) Un test SMTP ne sera donc plus n\u00e9cessaire.<\/p>\n<p>Vous pouvez obtenir imm\u00e9diatement <strong><a title=\"service smtp\" href=\"\/fr\/signup\">6.000 relais gratuits\/mois<\/a><\/strong> \u00e0 vie ou acheter un plan en fonction de vos besoins et commencer \u00e0 envoyer des -mails qui seront toujours livr\u00e9s \u00e0 vos destinataires.<\/p>\n","protected":false},"excerpt":{"rendered":"<p>Si vous avez des probl\u00e8mes de livraison des emails, c&#8217;est une bonne id\u00e9e d&#8217;effectuer un test SMTP pour v\u00e9rifier l&#8217;efficacit\u00e9 du serveur de courrier sortant que vous utilisez. Si vous \u00eates familier de la ligne de commande Windows, vous pouvez le faire vous-m\u00eame en utilisant TELNET et les commandes SMTP. Ou bien vous pouvez compter &#8230; <\/p>\n<p class=\"read-more-container\"><a title=\"Tester le serveur SMTP\" class=\"read-more button\" href=\"https:\/\/serversmtp.com\/fr\/tester-serveur-smtp\/#more-2164\" aria-label=\"En savoir plus sur Tester le serveur SMTP\">Discover more<\/a><\/p>\n","protected":false},"author":3,"featured_media":0,"parent":0,"menu_order":0,"comment_status":"closed","ping_status":"closed","template":"g1_template_page_sidebar_right.php","meta":{"_eb_attr":"","inline_featured_image":false,"_monsterinsights_skip_tracking":false,"_monsterinsights_sitenote_active":false,"_monsterinsights_sitenote_note":"","_monsterinsights_sitenote_category":0,"footnotes":""},"class_list":["post-2164","page","type-page","status-publish"],"yoast_head":"<!-- This site is optimized with the Yoast SEO plugin v25.3.1 - https:\/\/yoast.com\/wordpress\/plugins\/seo\/ -->\n<title>Tester le serveur SMTP - smtp mail server - professional SMTP service provider<\/title>\n<meta name=\"robots\" content=\"index, follow, max-snippet:-1, max-image-preview:large, max-video-preview:-1\" \/>\n<link rel=\"canonical\" href=\"https:\/\/serversmtp.com\/fr\/tester-serveur-smtp\/\" \/>\n<meta name=\"twitter:label1\" content=\"Dur\u00e9e de lecture estim\u00e9e\" \/>\n\t<meta name=\"twitter:data1\" content=\"1 minute\" \/>\n<!-- \/ Yoast SEO plugin. -->","yoast_head_json":{"title":"Tester le serveur SMTP - smtp mail server - professional SMTP service provider","robots":{"index":"index","follow":"follow","max-snippet":"max-snippet:-1","max-image-preview":"max-image-preview:large","max-video-preview":"max-video-preview:-1"},"canonical":"https:\/\/serversmtp.com\/fr\/tester-serveur-smtp\/","twitter_misc":{"Dur\u00e9e de lecture estim\u00e9e":"1 minute"},"schema":{"@context":"https:\/\/schema.org","@graph":[{"@type":"WebPage","@id":"https:\/\/serversmtp.com\/fr\/tester-serveur-smtp\/","url":"https:\/\/serversmtp.com\/fr\/tester-serveur-smtp\/","name":"Tester le serveur SMTP - smtp mail server - professional SMTP service provider","isPartOf":{"@id":"https:\/\/serversmtp.com\/it\/#website"},"datePublished":"2018-04-10T15:51:26+00:00","dateModified":"2018-04-12T15:10:09+00:00","breadcrumb":{"@id":"https:\/\/serversmtp.com\/fr\/tester-serveur-smtp\/#breadcrumb"},"inLanguage":"fr-FR","potentialAction":[{"@type":"ReadAction","target":["https:\/\/serversmtp.com\/fr\/tester-serveur-smtp\/"]}]},{"@type":"BreadcrumbList","@id":"https:\/\/serversmtp.com\/fr\/tester-serveur-smtp\/#breadcrumb","itemListElement":[{"@type":"ListItem","position":1,"name":"Home","item":"https:\/\/serversmtp.com\/fr\/"},{"@type":"ListItem","position":2,"name":"Tester le serveur SMTP"}]},{"@type":"WebSite","@id":"https:\/\/serversmtp.com\/it\/#website","url":"https:\/\/serversmtp.com\/it\/","name":"smtp mail server - professional SMTP service provider","description":"smtp mail server - professional SMTP service provider","publisher":{"@id":"https:\/\/serversmtp.com\/it\/#organization"},"potentialAction":[{"@type":"SearchAction","target":{"@type":"EntryPoint","urlTemplate":"https:\/\/serversmtp.com\/it\/?s={search_term_string}"},"query-input":{"@type":"PropertyValueSpecification","valueRequired":true,"valueName":"search_term_string"}}],"inLanguage":"fr-FR"},{"@type":"Organization","@id":"https:\/\/serversmtp.com\/it\/#organization","name":"Delivery Tech","url":"https:\/\/serversmtp.com\/it\/","logo":{"@type":"ImageObject","inLanguage":"fr-FR","@id":"https:\/\/serversmtp.com\/it\/#\/schema\/logo\/image\/","url":"https:\/\/serversmtp.com\/wp-content\/uploads\/2021\/11\/og-image-2.jpg","contentUrl":"https:\/\/serversmtp.com\/wp-content\/uploads\/2021\/11\/og-image-2.jpg","width":1200,"height":1128,"caption":"Delivery Tech"},"image":{"@id":"https:\/\/serversmtp.com\/it\/#\/schema\/logo\/image\/"}}]}},"_links":{"self":[{"href":"https:\/\/serversmtp.com\/fr\/wp-json\/wp\/v2\/pages\/2164"}],"collection":[{"href":"https:\/\/serversmtp.com\/fr\/wp-json\/wp\/v2\/pages"}],"about":[{"href":"https:\/\/serversmtp.com\/fr\/wp-json\/wp\/v2\/types\/page"}],"author":[{"embeddable":true,"href":"https:\/\/serversmtp.com\/fr\/wp-json\/wp\/v2\/users\/3"}],"replies":[{"embeddable":true,"href":"https:\/\/serversmtp.com\/fr\/wp-json\/wp\/v2\/comments?post=2164"}],"version-history":[{"count":2,"href":"https:\/\/serversmtp.com\/fr\/wp-json\/wp\/v2\/pages\/2164\/revisions"}],"predecessor-version":[{"id":2173,"href":"https:\/\/serversmtp.com\/fr\/wp-json\/wp\/v2\/pages\/2164\/revisions\/2173"}],"wp:attachment":[{"href":"https:\/\/serversmtp.com\/fr\/wp-json\/wp\/v2\/media?parent=2164"}],"curies":[{"name":"wp","href":"https:\/\/api.w.org\/{rel}","templated":true}]}}