{"id":2160,"date":"2018-04-10T17:46:21","date_gmt":"2018-04-10T15:46:21","guid":{"rendered":"https:\/\/dev.serversmtp.com\/?page_id=2160"},"modified":"2022-02-10T17:14:24","modified_gmt":"2022-02-10T16:14:24","slug":"dkim-email","status":"publish","type":"page","link":"https:\/\/serversmtp.com\/fr\/dkim-email\/","title":{"rendered":"Qu&#8217;est-ce que DKIM"},"content":{"rendered":"<p>Le <strong>DKIM<\/strong> (acronyme de Domain Keys Identification Mail) est une m\u00e9thode utilis\u00e9e pour <strong>emp\u00eacher de falsifier les identit\u00e9s email<\/strong>. En analysant la partie domaine de l&#8217;adresse d&#8217;envoi \u2013 @domaine.com \u2013 DKIM permet de v\u00e9rifier si un message provient de la source r\u00e9clam\u00e9e ou non: en gros, c&#8217;est un <strong>service d&#8217;authentification de courriels<\/strong>.<\/p>\n<p>La m\u00e9thode DKIM est extr\u00eamement utile. En fait, l&#8217;email est un objet assez facile \u00e0 usurper: vous avez probablement re\u00e7u des messages qui fait semblant d&#8217;\u00eatre envoy\u00e9s par votre banque ou par un bureau de poste \u2013 quand en fait ils ont du <strong>phishing<\/strong>.<\/p>\n<p>Avec DKIM vous obtenez une<strong> signature num\u00e9rique<\/strong> qui preuve votre identit\u00e9 et vous \u00e9vite de tomber dans les filtres antispam: en augmentant la livraison de courriels l\u00e9gitimes, et en renfor\u00e7ent la confiance g\u00e9n\u00e9rale dans cette forme de communication.<\/p>\n<p><a title=\"serveur SMTP\" href=\"\/fr\/tsmtpregistration1.php\">turboSMTP<\/a> propose un <strong>processus d&#8217;authentification par d\u00e9faut<\/strong> \u00e0 travers son serveur, mais nous recommandons \u00e9galement d&#8217;ajouter un enregistrement de vos param\u00e8tres DNS afin d&#8217;am\u00e9liorer votre taux de livraison.<\/p>\n","protected":false},"excerpt":{"rendered":"<p>Le DKIM (acronyme de Domain Keys Identification Mail) est une m\u00e9thode utilis\u00e9e pour emp\u00eacher de falsifier les identit\u00e9s email. En analysant la partie domaine de l&#8217;adresse d&#8217;envoi \u2013 @domaine.com \u2013 DKIM permet de v\u00e9rifier si un message provient de la source r\u00e9clam\u00e9e ou non: en gros, c&#8217;est un service d&#8217;authentification de courriels. La m\u00e9thode DKIM &#8230; <\/p>\n<p class=\"read-more-container\"><a title=\"Qu&#8217;est-ce que DKIM\" class=\"read-more button\" href=\"https:\/\/serversmtp.com\/fr\/dkim-email\/#more-2160\" aria-label=\"En savoir plus sur Qu&#8217;est-ce que DKIM\">Discover more<\/a><\/p>\n","protected":false},"author":3,"featured_media":0,"parent":0,"menu_order":0,"comment_status":"closed","ping_status":"closed","template":"","meta":{"_eb_attr":"","inline_featured_image":false,"_monsterinsights_skip_tracking":false,"_monsterinsights_sitenote_active":false,"_monsterinsights_sitenote_note":"","_monsterinsights_sitenote_category":0,"footnotes":""},"class_list":["post-2160","page","type-page","status-publish"],"yoast_head":"<!-- This site is optimized with the Yoast SEO plugin v25.3.1 - https:\/\/yoast.com\/wordpress\/plugins\/seo\/ -->\n<title>Qu&#039;est-ce que DKIM - smtp mail server - professional SMTP service provider<\/title>\n<meta name=\"robots\" content=\"index, follow, max-snippet:-1, max-image-preview:large, max-video-preview:-1\" \/>\n<link rel=\"canonical\" href=\"https:\/\/serversmtp.com\/fr\/dkim-email\/\" \/>\n<meta name=\"twitter:label1\" content=\"Dur\u00e9e de lecture estim\u00e9e\" \/>\n\t<meta name=\"twitter:data1\" content=\"1 minute\" \/>\n<!-- \/ Yoast SEO plugin. -->","yoast_head_json":{"title":"Qu'est-ce que DKIM - smtp mail server - professional SMTP service provider","robots":{"index":"index","follow":"follow","max-snippet":"max-snippet:-1","max-image-preview":"max-image-preview:large","max-video-preview":"max-video-preview:-1"},"canonical":"https:\/\/serversmtp.com\/fr\/dkim-email\/","twitter_misc":{"Dur\u00e9e de lecture estim\u00e9e":"1 minute"},"schema":{"@context":"https:\/\/schema.org","@graph":[{"@type":"WebPage","@id":"https:\/\/serversmtp.com\/fr\/dkim-email\/","url":"https:\/\/serversmtp.com\/fr\/dkim-email\/","name":"Qu'est-ce que DKIM - smtp mail server - professional SMTP service provider","isPartOf":{"@id":"https:\/\/serversmtp.com\/it\/#website"},"datePublished":"2018-04-10T15:46:21+00:00","dateModified":"2022-02-10T16:14:24+00:00","breadcrumb":{"@id":"https:\/\/serversmtp.com\/fr\/dkim-email\/#breadcrumb"},"inLanguage":"fr-FR","potentialAction":[{"@type":"ReadAction","target":["https:\/\/serversmtp.com\/fr\/dkim-email\/"]}]},{"@type":"BreadcrumbList","@id":"https:\/\/serversmtp.com\/fr\/dkim-email\/#breadcrumb","itemListElement":[{"@type":"ListItem","position":1,"name":"Home","item":"https:\/\/serversmtp.com\/fr\/"},{"@type":"ListItem","position":2,"name":"Qu&#8217;est-ce que DKIM"}]},{"@type":"WebSite","@id":"https:\/\/serversmtp.com\/it\/#website","url":"https:\/\/serversmtp.com\/it\/","name":"smtp mail server - professional SMTP service provider","description":"smtp mail server - professional SMTP service provider","publisher":{"@id":"https:\/\/serversmtp.com\/it\/#organization"},"potentialAction":[{"@type":"SearchAction","target":{"@type":"EntryPoint","urlTemplate":"https:\/\/serversmtp.com\/it\/?s={search_term_string}"},"query-input":{"@type":"PropertyValueSpecification","valueRequired":true,"valueName":"search_term_string"}}],"inLanguage":"fr-FR"},{"@type":"Organization","@id":"https:\/\/serversmtp.com\/it\/#organization","name":"Delivery Tech","url":"https:\/\/serversmtp.com\/it\/","logo":{"@type":"ImageObject","inLanguage":"fr-FR","@id":"https:\/\/serversmtp.com\/it\/#\/schema\/logo\/image\/","url":"https:\/\/serversmtp.com\/wp-content\/uploads\/2021\/11\/og-image-2.jpg","contentUrl":"https:\/\/serversmtp.com\/wp-content\/uploads\/2021\/11\/og-image-2.jpg","width":1200,"height":1128,"caption":"Delivery Tech"},"image":{"@id":"https:\/\/serversmtp.com\/it\/#\/schema\/logo\/image\/"}}]}},"_links":{"self":[{"href":"https:\/\/serversmtp.com\/fr\/wp-json\/wp\/v2\/pages\/2160"}],"collection":[{"href":"https:\/\/serversmtp.com\/fr\/wp-json\/wp\/v2\/pages"}],"about":[{"href":"https:\/\/serversmtp.com\/fr\/wp-json\/wp\/v2\/types\/page"}],"author":[{"embeddable":true,"href":"https:\/\/serversmtp.com\/fr\/wp-json\/wp\/v2\/users\/3"}],"replies":[{"embeddable":true,"href":"https:\/\/serversmtp.com\/fr\/wp-json\/wp\/v2\/comments?post=2160"}],"version-history":[{"count":2,"href":"https:\/\/serversmtp.com\/fr\/wp-json\/wp\/v2\/pages\/2160\/revisions"}],"predecessor-version":[{"id":2301,"href":"https:\/\/serversmtp.com\/fr\/wp-json\/wp\/v2\/pages\/2160\/revisions\/2301"}],"wp:attachment":[{"href":"https:\/\/serversmtp.com\/fr\/wp-json\/wp\/v2\/media?parent=2160"}],"curies":[{"name":"wp","href":"https:\/\/api.w.org\/{rel}","templated":true}]}}