{"id":2153,"date":"2018-04-10T17:02:33","date_gmt":"2018-04-10T15:02:33","guid":{"rendered":"https:\/\/dev.serversmtp.com\/?page_id=2153"},"modified":"2018-04-12T12:26:10","modified_gmt":"2018-04-12T10:26:10","slug":"serveur-mail","status":"publish","type":"page","link":"https:\/\/serversmtp.com\/fr\/serveur-mail\/","title":{"rendered":"Serveur mail d&#8217;envoi"},"content":{"rendered":"<p>Pour envoyer correctement des emails il faut configurer un <strong>serveur mail<\/strong> qui s&#8217;occupera de la transmission de votre message au serveur entrant du destinataire (et de l\u00e0 \u00e0 son ordineteur). Ce <strong>serveur sortant<\/strong> est appell\u00e9 <strong><a title=\"serveur smtp\" href=\"\/fr\/serveur-smtp\">serveur SMTP<\/a><\/strong> comme il utilise le protocol homonyme (SMTP = Simple Mail Transfer Protocol): techniquement, il agit un peu comme le <strong>facteur de vos mails<\/strong>: il les ramasse et les livrer aux destinataires selon ce sch\u00e9ma:<\/p>\n<p><img decoding=\"async\" class=\"aligncenter wp-image-452 size-full\" src=\"https:\/\/serversmtp.com\/wp-content\/uploads\/2018\/02\/what-is-an-smtp-server.png\" alt=\"\" width=\"580\" height=\"372\" srcset=\"https:\/\/serversmtp.com\/wp-content\/uploads\/2018\/02\/what-is-an-smtp-server.png 580w, https:\/\/serversmtp.com\/wp-content\/uploads\/2018\/02\/what-is-an-smtp-server-300x192.png 300w, https:\/\/serversmtp.com\/wp-content\/uploads\/2018\/02\/what-is-an-smtp-server-320x205.png 320w, https:\/\/serversmtp.com\/wp-content\/uploads\/2018\/02\/what-is-an-smtp-server-239x153.png 239w\" sizes=\"(max-width: 580px) 100vw, 580px\" \/><\/p>\n<p>Mais un <strong>serveur mail &#8220;normal&#8221;<\/strong> (comme celui qui est associ\u00e9 aux fournisseurs de messagerie les plus courants: Gmail, Hotmail etc.) pose des <strong>restrictions en termes de nombre de messages<\/strong> que vous pouvez envoyer par jour. Et surtout, il ne peut pas assurer le meilleur taux de livraison de vos courriels.<\/p>\n<p>Pourquoi? Parce qu&#8217;il utilise des IP non contr\u00f4l\u00e9s qui pourraient \u00eatre utilis\u00e9s \u00e9galement par des spammeurs, ou m\u00eame qui sont sur une blacklist \u2013 ce qui signifie que vos emails <strong>ne seront pas livr\u00e9s<\/strong>. Et, pire que tout, vous n&#8217;en saurez jamais rien.<\/p>\n<p>C&#8217;est pourquoi nous vous recommandons de passer \u00e0 un <strong><a title=\"service SMTP professionnel\" href=\"\/fr\/tsmtpregistration1.php\">service SMTP professionel<\/a><\/strong>, qui fournit un serveur fiable, en vous assurant une haute deliverability (en pr\u00e9venant que vos mails soient filtr\u00e9s par les boucliers antispam des ISP). Vous pouvez l&#8217;activer en obtenant <strong>6000 courriels gratuits pour toujours<\/strong> et si c&#8217;est le cas, choisir un autre plan en fonction de vos besoins.<\/p>\n","protected":false},"excerpt":{"rendered":"<p>Pour envoyer correctement des emails il faut configurer un serveur mail qui s&#8217;occupera de la transmission de votre message au serveur entrant du destinataire (et de l\u00e0 \u00e0 son ordineteur). Ce serveur sortant est appell\u00e9 serveur SMTP comme il utilise le protocol homonyme (SMTP = Simple Mail Transfer Protocol): techniquement, il agit un peu comme &#8230; <\/p>\n<p class=\"read-more-container\"><a title=\"Serveur mail d&#8217;envoi\" class=\"read-more button\" href=\"https:\/\/serversmtp.com\/fr\/serveur-mail\/#more-2153\" aria-label=\"En savoir plus sur Serveur mail d&#8217;envoi\">Discover more<\/a><\/p>\n","protected":false},"author":3,"featured_media":0,"parent":0,"menu_order":0,"comment_status":"closed","ping_status":"closed","template":"g1_template_page_sidebar_right.php","meta":{"_eb_attr":"","inline_featured_image":false,"_monsterinsights_skip_tracking":false,"_monsterinsights_sitenote_active":false,"_monsterinsights_sitenote_note":"","_monsterinsights_sitenote_category":0,"footnotes":""},"class_list":["post-2153","page","type-page","status-publish"],"yoast_head":"<!-- This site is optimized with the Yoast SEO plugin v25.3.1 - https:\/\/yoast.com\/wordpress\/plugins\/seo\/ -->\n<title>Serveur mail d&#039;envoi - smtp mail server - professional SMTP service provider<\/title>\n<meta name=\"robots\" content=\"index, follow, max-snippet:-1, max-image-preview:large, max-video-preview:-1\" \/>\n<link rel=\"canonical\" href=\"https:\/\/serversmtp.com\/fr\/serveur-mail\/\" \/>\n<meta name=\"twitter:label1\" content=\"Dur\u00e9e de lecture estim\u00e9e\" \/>\n\t<meta name=\"twitter:data1\" content=\"1 minute\" \/>\n<!-- \/ Yoast SEO plugin. -->","yoast_head_json":{"title":"Serveur mail d'envoi - smtp mail server - professional SMTP service provider","robots":{"index":"index","follow":"follow","max-snippet":"max-snippet:-1","max-image-preview":"max-image-preview:large","max-video-preview":"max-video-preview:-1"},"canonical":"https:\/\/serversmtp.com\/fr\/serveur-mail\/","twitter_misc":{"Dur\u00e9e de lecture estim\u00e9e":"1 minute"},"schema":{"@context":"https:\/\/schema.org","@graph":[{"@type":"WebPage","@id":"https:\/\/serversmtp.com\/fr\/serveur-mail\/","url":"https:\/\/serversmtp.com\/fr\/serveur-mail\/","name":"Serveur mail d'envoi - smtp mail server - professional SMTP service provider","isPartOf":{"@id":"https:\/\/serversmtp.com\/#website"},"primaryImageOfPage":{"@id":"https:\/\/serversmtp.com\/fr\/serveur-mail\/#primaryimage"},"image":{"@id":"https:\/\/serversmtp.com\/fr\/serveur-mail\/#primaryimage"},"thumbnailUrl":"https:\/\/serversmtp.com\/wp-content\/uploads\/2018\/02\/what-is-an-smtp-server.png","datePublished":"2018-04-10T15:02:33+00:00","dateModified":"2018-04-12T10:26:10+00:00","breadcrumb":{"@id":"https:\/\/serversmtp.com\/fr\/serveur-mail\/#breadcrumb"},"inLanguage":"fr-FR","potentialAction":[{"@type":"ReadAction","target":["https:\/\/serversmtp.com\/fr\/serveur-mail\/"]}]},{"@type":"ImageObject","inLanguage":"fr-FR","@id":"https:\/\/serversmtp.com\/fr\/serveur-mail\/#primaryimage","url":"https:\/\/serversmtp.com\/wp-content\/uploads\/2018\/02\/what-is-an-smtp-server.png","contentUrl":"https:\/\/serversmtp.com\/wp-content\/uploads\/2018\/02\/what-is-an-smtp-server.png"},{"@type":"BreadcrumbList","@id":"https:\/\/serversmtp.com\/fr\/serveur-mail\/#breadcrumb","itemListElement":[{"@type":"ListItem","position":1,"name":"Home","item":"https:\/\/serversmtp.com\/fr\/"},{"@type":"ListItem","position":2,"name":"Serveur mail d&#8217;envoi"}]},{"@type":"WebSite","@id":"https:\/\/serversmtp.com\/#website","url":"https:\/\/serversmtp.com\/","name":"smtp mail server - professional SMTP service provider","description":"smtp mail server - professional SMTP service provider","publisher":{"@id":"https:\/\/serversmtp.com\/#organization"},"potentialAction":[{"@type":"SearchAction","target":{"@type":"EntryPoint","urlTemplate":"https:\/\/serversmtp.com\/?s={search_term_string}"},"query-input":{"@type":"PropertyValueSpecification","valueRequired":true,"valueName":"search_term_string"}}],"inLanguage":"fr-FR"},{"@type":"Organization","@id":"https:\/\/serversmtp.com\/#organization","name":"Delivery Tech","url":"https:\/\/serversmtp.com\/","logo":{"@type":"ImageObject","inLanguage":"fr-FR","@id":"https:\/\/serversmtp.com\/#\/schema\/logo\/image\/","url":"https:\/\/serversmtp.com\/wp-content\/uploads\/2021\/11\/og-image-2.jpg","contentUrl":"https:\/\/serversmtp.com\/wp-content\/uploads\/2021\/11\/og-image-2.jpg","width":1200,"height":1128,"caption":"Delivery Tech"},"image":{"@id":"https:\/\/serversmtp.com\/#\/schema\/logo\/image\/"}}]}},"_links":{"self":[{"href":"https:\/\/serversmtp.com\/fr\/wp-json\/wp\/v2\/pages\/2153"}],"collection":[{"href":"https:\/\/serversmtp.com\/fr\/wp-json\/wp\/v2\/pages"}],"about":[{"href":"https:\/\/serversmtp.com\/fr\/wp-json\/wp\/v2\/types\/page"}],"author":[{"embeddable":true,"href":"https:\/\/serversmtp.com\/fr\/wp-json\/wp\/v2\/users\/3"}],"replies":[{"embeddable":true,"href":"https:\/\/serversmtp.com\/fr\/wp-json\/wp\/v2\/comments?post=2153"}],"version-history":[{"count":1,"href":"https:\/\/serversmtp.com\/fr\/wp-json\/wp\/v2\/pages\/2153\/revisions"}],"predecessor-version":[{"id":2154,"href":"https:\/\/serversmtp.com\/fr\/wp-json\/wp\/v2\/pages\/2153\/revisions\/2154"}],"wp:attachment":[{"href":"https:\/\/serversmtp.com\/fr\/wp-json\/wp\/v2\/media?parent=2153"}],"curies":[{"name":"wp","href":"https:\/\/api.w.org\/{rel}","templated":true}]}}