{"id":2148,"date":"2018-04-10T16:41:31","date_gmt":"2018-04-10T14:41:31","guid":{"rendered":"https:\/\/dev.serversmtp.com\/?page_id=2148"},"modified":"2022-02-10T16:35:36","modified_gmt":"2022-02-10T15:35:36","slug":"serveur-de-poste","status":"publish","type":"page","link":"https:\/\/serversmtp.com\/fr\/serveur-de-poste\/","title":{"rendered":"Qu&#8217;est-ce qu&#8217;un serveur de poste?"},"content":{"rendered":"<p>Un <strong>serveur de poste<\/strong> (ou <strong>serveur SMTP<\/strong> \u2013 Simple Mail Transfer Protocol) est tout simplement une machine qui g\u00e8re la <strong>livraison des messages<\/strong> sortants dans le normal processus d&#8217;envoi et \u00e9change des courriels.<\/p>\n<p>Quand vous configurer un <strong>client de poste \u00e9lectronique<\/strong> \u2013 comme Mozilla Thunderbird ou Microsoft Outlook \u2013 il est donc n\u00e9cessaire d&#8217;ins\u00e9rer les informations relatives \u00e0 son propre <strong><a title=\"serveur sortant\" href=\"\/fr\/serveur-sortant-smtp\">serveur sortant<\/a><\/strong> pour transf\u00e9rer les emails: c&#8217;est \u00e0 dire son nom, la porte de l&#8217;ordinateur \u00e0 utiliser, etc. (Pour toute information sur comment configurer un serveur SMTP vous pouvez consulter notre article).<\/p>\n<p><img decoding=\"async\" class=\"aligncenter wp-image-536 size-full\" src=\"https:\/\/serversmtp.com\/wp-content\/uploads\/2018\/03\/what-is-smtp_0.png\" alt=\"\" width=\"580\" height=\"372\" srcset=\"https:\/\/serversmtp.com\/wp-content\/uploads\/2018\/03\/what-is-smtp_0.png 580w, https:\/\/serversmtp.com\/wp-content\/uploads\/2018\/03\/what-is-smtp_0-300x192.png 300w, https:\/\/serversmtp.com\/wp-content\/uploads\/2018\/03\/what-is-smtp_0-320x205.png 320w, https:\/\/serversmtp.com\/wp-content\/uploads\/2018\/03\/what-is-smtp_0-239x153.png 239w\" sizes=\"(max-width: 580px) 100vw, 580px\" \/><\/p>\n<p>Cela dit, il faut soulinger la diff\u00e9rence entre un <strong>serveur &#8220;moyen&#8221;<\/strong> (celui associ\u00e9 \u00e0 un fournisseur email standard, comme Gmail ou Yahoo) et un <strong><a title=\"serveur smtp professionnel\" href=\"\/fr\/tsmtpregistration1.php\">serveur SMTP professionnel<\/a><\/strong>.<\/p>\n<p>Le premier n&#8217;est pas toujours fiable en termes de <strong>deliverability<\/strong> (la capacit\u00e9 d&#8217;un message pour atteindre la bo\u00eete de r\u00e9ception du destinataire), sp\u00e9cialement quand il s&#8217;agit d&#8217;envoyer un mail massif. En effet, ces serveurs SMTP utilisent des adresses IPs al\u00e9atoires qui peuvent \u00e9galement \u00eatre affect\u00e9s par une<strong> mauvaise r\u00e9putation<\/strong> (par exemple utilis\u00e9s par des spammeurs, et donc consid\u00e9r\u00e9s comme dangereux par les serveurs entrants), ou m\u00eame \u00eatre sur une blacklist.<\/p>\n<p>C&#8217;est un vrai probl\u00e8me, surtout parce que <strong>vos emails seront tout simplement bloqu\u00e9s<\/strong> par le filtre du destinataire, et c&#8217;est tout \u2013 sans que vous ne sachiez rien. En plus, un serveur gratuit est livr\u00e9 avec une limite s\u00e9v\u00e8re des envois sortants par jour et ses param\u00e8tres doivent \u00eatre chang\u00e9s chaque fois que vous passez \u00e0 une autre connexion Internet.<\/p>\n<p>Pour toutes ces raisons, si vous voulez vous assurer que tous vos emails seront livr\u00e9s, vous devriez opter pour un <strong><a title=\"serveur SMTP d\u00e9di\u00e9\" href=\"\/fr\/tsmtpregistration1.php\">serveur SMTP d\u00e9di\u00e9<\/a><\/strong> comme turboSMTP.<\/p>\n","protected":false},"excerpt":{"rendered":"<p>Un serveur de poste (ou serveur SMTP \u2013 Simple Mail Transfer Protocol) est tout simplement une machine qui g\u00e8re la livraison des messages sortants dans le normal processus d&#8217;envoi et \u00e9change des courriels. Quand vous configurer un client de poste \u00e9lectronique \u2013 comme Mozilla Thunderbird ou Microsoft Outlook \u2013 il est donc n\u00e9cessaire d&#8217;ins\u00e9rer les &#8230; <\/p>\n<p class=\"read-more-container\"><a title=\"Qu&#8217;est-ce qu&#8217;un serveur de poste?\" class=\"read-more button\" href=\"https:\/\/serversmtp.com\/fr\/serveur-de-poste\/#more-2148\" aria-label=\"En savoir plus sur Qu&#8217;est-ce qu&#8217;un serveur de poste?\">Discover more<\/a><\/p>\n","protected":false},"author":3,"featured_media":0,"parent":0,"menu_order":0,"comment_status":"closed","ping_status":"closed","template":"","meta":{"_eb_attr":"","inline_featured_image":false,"_monsterinsights_skip_tracking":false,"_monsterinsights_sitenote_active":false,"_monsterinsights_sitenote_note":"","_monsterinsights_sitenote_category":0,"footnotes":""},"class_list":["post-2148","page","type-page","status-publish"],"yoast_head":"<!-- This site is optimized with the Yoast SEO plugin v25.3.1 - https:\/\/yoast.com\/wordpress\/plugins\/seo\/ -->\n<title>Qu&#039;est-ce qu&#039;un serveur de poste? - smtp mail server - professional SMTP service provider<\/title>\n<meta name=\"robots\" content=\"index, follow, max-snippet:-1, max-image-preview:large, max-video-preview:-1\" \/>\n<link rel=\"canonical\" href=\"https:\/\/serversmtp.com\/fr\/serveur-de-poste\/\" \/>\n<meta name=\"twitter:label1\" content=\"Dur\u00e9e de lecture estim\u00e9e\" \/>\n\t<meta name=\"twitter:data1\" content=\"1 minute\" \/>\n<!-- \/ Yoast SEO plugin. -->","yoast_head_json":{"title":"Qu'est-ce qu'un serveur de poste? - smtp mail server - professional SMTP service provider","robots":{"index":"index","follow":"follow","max-snippet":"max-snippet:-1","max-image-preview":"max-image-preview:large","max-video-preview":"max-video-preview:-1"},"canonical":"https:\/\/serversmtp.com\/fr\/serveur-de-poste\/","twitter_misc":{"Dur\u00e9e de lecture estim\u00e9e":"1 minute"},"schema":{"@context":"https:\/\/schema.org","@graph":[{"@type":"WebPage","@id":"https:\/\/serversmtp.com\/fr\/serveur-de-poste\/","url":"https:\/\/serversmtp.com\/fr\/serveur-de-poste\/","name":"Qu'est-ce qu'un serveur de poste? - smtp mail server - professional SMTP service provider","isPartOf":{"@id":"https:\/\/serversmtp.com\/#website"},"primaryImageOfPage":{"@id":"https:\/\/serversmtp.com\/fr\/serveur-de-poste\/#primaryimage"},"image":{"@id":"https:\/\/serversmtp.com\/fr\/serveur-de-poste\/#primaryimage"},"thumbnailUrl":"https:\/\/serversmtp.com\/wp-content\/uploads\/2018\/03\/what-is-smtp_0.png","datePublished":"2018-04-10T14:41:31+00:00","dateModified":"2022-02-10T15:35:36+00:00","breadcrumb":{"@id":"https:\/\/serversmtp.com\/fr\/serveur-de-poste\/#breadcrumb"},"inLanguage":"fr-FR","potentialAction":[{"@type":"ReadAction","target":["https:\/\/serversmtp.com\/fr\/serveur-de-poste\/"]}]},{"@type":"ImageObject","inLanguage":"fr-FR","@id":"https:\/\/serversmtp.com\/fr\/serveur-de-poste\/#primaryimage","url":"https:\/\/serversmtp.com\/wp-content\/uploads\/2018\/03\/what-is-smtp_0.png","contentUrl":"https:\/\/serversmtp.com\/wp-content\/uploads\/2018\/03\/what-is-smtp_0.png"},{"@type":"BreadcrumbList","@id":"https:\/\/serversmtp.com\/fr\/serveur-de-poste\/#breadcrumb","itemListElement":[{"@type":"ListItem","position":1,"name":"Home","item":"https:\/\/serversmtp.com\/fr\/"},{"@type":"ListItem","position":2,"name":"Qu&#8217;est-ce qu&#8217;un serveur de poste?"}]},{"@type":"WebSite","@id":"https:\/\/serversmtp.com\/#website","url":"https:\/\/serversmtp.com\/","name":"smtp mail server - professional SMTP service provider","description":"smtp mail server - professional SMTP service provider","publisher":{"@id":"https:\/\/serversmtp.com\/#organization"},"potentialAction":[{"@type":"SearchAction","target":{"@type":"EntryPoint","urlTemplate":"https:\/\/serversmtp.com\/?s={search_term_string}"},"query-input":{"@type":"PropertyValueSpecification","valueRequired":true,"valueName":"search_term_string"}}],"inLanguage":"fr-FR"},{"@type":"Organization","@id":"https:\/\/serversmtp.com\/#organization","name":"Delivery Tech","url":"https:\/\/serversmtp.com\/","logo":{"@type":"ImageObject","inLanguage":"fr-FR","@id":"https:\/\/serversmtp.com\/#\/schema\/logo\/image\/","url":"https:\/\/serversmtp.com\/wp-content\/uploads\/2021\/11\/og-image-2.jpg","contentUrl":"https:\/\/serversmtp.com\/wp-content\/uploads\/2021\/11\/og-image-2.jpg","width":1200,"height":1128,"caption":"Delivery Tech"},"image":{"@id":"https:\/\/serversmtp.com\/#\/schema\/logo\/image\/"}}]}},"_links":{"self":[{"href":"https:\/\/serversmtp.com\/fr\/wp-json\/wp\/v2\/pages\/2148"}],"collection":[{"href":"https:\/\/serversmtp.com\/fr\/wp-json\/wp\/v2\/pages"}],"about":[{"href":"https:\/\/serversmtp.com\/fr\/wp-json\/wp\/v2\/types\/page"}],"author":[{"embeddable":true,"href":"https:\/\/serversmtp.com\/fr\/wp-json\/wp\/v2\/users\/3"}],"replies":[{"embeddable":true,"href":"https:\/\/serversmtp.com\/fr\/wp-json\/wp\/v2\/comments?post=2148"}],"version-history":[{"count":2,"href":"https:\/\/serversmtp.com\/fr\/wp-json\/wp\/v2\/pages\/2148\/revisions"}],"predecessor-version":[{"id":2150,"href":"https:\/\/serversmtp.com\/fr\/wp-json\/wp\/v2\/pages\/2148\/revisions\/2150"}],"wp:attachment":[{"href":"https:\/\/serversmtp.com\/fr\/wp-json\/wp\/v2\/media?parent=2148"}],"curies":[{"name":"wp","href":"https:\/\/api.w.org\/{rel}","templated":true}]}}