{"id":20977,"date":"2024-11-08T14:37:13","date_gmt":"2024-11-08T13:37:13","guid":{"rendered":"https:\/\/serversmtp.com\/?page_id=20977"},"modified":"2024-11-08T14:46:37","modified_gmt":"2024-11-08T13:46:37","slug":"ameliorez-la-delivrabilite-de-vos-emails-avec-le-validateur-demail-de-turbosmtp","status":"publish","type":"page","link":"https:\/\/serversmtp.com\/fr\/ameliorez-la-delivrabilite-de-vos-emails-avec-le-validateur-demail-de-turbosmtp\/","title":{"rendered":"Am\u00e9liorez la d\u00e9livrabilit\u00e9 de vos emails avec le Validateur d&#8217;email de TurboSMTP"},"content":{"rendered":"\n<style>\r\n.info-label {\r\n    position: absolute;\r\n    right: 0;\r\n    top: 0;\r\n}\r\nol.spaced-list li, ul.spaced-list li {\r\n    margin-bottom: 15px;\r\n}\r\n.saswp-faq-block-section ol {\r\n    margin-left: 0px;\r\n}\r\n.saswp-faq-block-section ol li {\r\n    border-bottom: dotted 2px #ccc;\r\n    margin-bottom: 46px;\r\n    padding-bottom: 20px;\r\n}\r\n.saswp-faq-block-section ol li:last-child {\r\n    border-bottom: none;\r\n    margin-bottom: 26px;\r\n}\r\n<\/style>\n\n\n<div class=\"gb-container gb-container-c2369287\" id=\"introduction\">\n\n<h2 class=\"gb-headline gb-headline-c6d0a555 gb-headline-text\"><em>D\u00e9tectez les adresses email invalides, les spamtraps et les emails dangereux avant qu&#8217;ils ne nuisent \u00e0 vos campagnes.<\/em><\/h2>\n\n\n\n<p>Avec le Validateur d&#8217;email de TurboSMTP, accessible \u00e0 tous les abonnements, vous pouvez v\u00e9rifier la validit\u00e9 de vos contacts avant d&#8217;envoyer une campagne, en identifiant les emails potentiellement dangereux ou inexistants.<\/p>\n\n\n\n<p>Et pour les plans Professional et Enterprise, <strong>3 000 validations mensuelles sont incluses<\/strong> dans votre abonnement !<\/p>\n\n\n\n<a class=\"gb-button gb-button-e42a2b01 gb-button-text\" href=\"https:\/\/serversmtp.com\/fr\/cart.php?language=french&amp;currency=3&amp;systpl=2clic\" target=\"_blank\" rel=\"nofollow noopener noreferrer\">CHOISISSEZ VOTRE PLAN MAINTENANT<\/a>\n\n<\/div>\n\n<div class=\"gb-container gb-container-1fd1eed5\" id=\"chapter-1\">\n\n<h2 class=\"gb-headline gb-headline-b95f2857 gb-headline-text\">Avantages principaux :<\/h2>\n\n\n<div class=\"gb-grid-wrapper gb-grid-wrapper-bc273ab6\">\n<div class=\"gb-grid-column gb-grid-column-ccef9f0c\"><div class=\"gb-container gb-container-ccef9f0c\">\n\n<div class=\"gb-headline gb-headline-e301054f\"><span class=\"gb-icon\"><svg aria-hidden=\"true\" role=\"img\" height=\"1em\" width=\"1em\" viewBox=\"0 0 512 512\" xmlns=\"http:\/\/www.w3.org\/2000\/svg\"><path fill=\"currentColor\" d=\"M173.898 439.404l-166.4-166.4c-9.997-9.997-9.997-26.206 0-36.204l36.203-36.204c9.997-9.998 26.207-9.998 36.204 0L192 312.69 432.095 72.596c9.997-9.997 26.207-9.997 36.204 0l36.203 36.204c9.997 9.997 9.997 26.206 0 36.204l-294.4 294.401c-9.998 9.997-26.207 9.997-36.204-.001z\"><\/path><\/svg><\/span><\/div>\n\n\n\n<h4 class=\"gb-headline gb-headline-d72697e4 gb-headline-text\">\u00c9conomisez des cr\u00e9dits<\/h4>\n\n\n\n<p>\u00c9vitez d&#8217;envoyer des emails \u00e0 des adresses invalides ou dangereuses, \u00e9conomisant ainsi vos cr\u00e9dits TurboSMTP pour des contacts r\u00e9els et actifs.<\/p>\n\n<\/div><\/div>\n\n<div class=\"gb-grid-column gb-grid-column-82ca44ca\"><div class=\"gb-container gb-container-82ca44ca\">\n\n<div class=\"gb-headline gb-headline-feae77e7\"><span class=\"gb-icon\"><svg aria-hidden=\"true\" role=\"img\" height=\"1em\" width=\"1em\" viewBox=\"0 0 512 512\" xmlns=\"http:\/\/www.w3.org\/2000\/svg\"><path fill=\"currentColor\" d=\"M173.898 439.404l-166.4-166.4c-9.997-9.997-9.997-26.206 0-36.204l36.203-36.204c9.997-9.998 26.207-9.998 36.204 0L192 312.69 432.095 72.596c9.997-9.997 26.207-9.997 36.204 0l36.203 36.204c9.997 9.997 9.997 26.206 0 36.204l-294.4 294.401c-9.998 9.997-26.207 9.997-36.204-.001z\"><\/path><\/svg><\/span><\/div>\n\n\n\n<h4 class=\"gb-headline gb-headline-e0a771bd gb-headline-text\">Z\u00e9ro risque<\/h4>\n\n\n\n<p>Notre syst\u00e8me d\u00e9tecte les spamtraps cach\u00e9es dans vos listes de contacts, qui peuvent gravement nuire \u00e0 votre r\u00e9putation d\u2019exp\u00e9diteur, entra\u00eenant le blocage sur des blacklists importantes.<\/p>\n\n<\/div><\/div>\n\n<div class=\"gb-grid-column gb-grid-column-5525d97c\"><div class=\"gb-container gb-container-5525d97c\">\n\n<div class=\"gb-headline gb-headline-f762fdf3\"><span class=\"gb-icon\"><svg aria-hidden=\"true\" role=\"img\" height=\"1em\" width=\"1em\" viewBox=\"0 0 512 512\" xmlns=\"http:\/\/www.w3.org\/2000\/svg\"><path fill=\"currentColor\" d=\"M173.898 439.404l-166.4-166.4c-9.997-9.997-9.997-26.206 0-36.204l36.203-36.204c9.997-9.998 26.207-9.998 36.204 0L192 312.69 432.095 72.596c9.997-9.997 26.207-9.997 36.204 0l36.203 36.204c9.997 9.997 9.997 26.206 0 36.204l-294.4 294.401c-9.998 9.997-26.207 9.997-36.204-.001z\"><\/path><\/svg><\/span><\/div>\n\n\n\n<h4 class=\"gb-headline gb-headline-02d6b3c2 gb-headline-text\">R\u00e9duisez les taux de rebond<\/h4>\n\n\n\n<p>Maintenez un taux de bounce faible et assurez-vous une haute d\u00e9livrabilit\u00e9, tout en prot\u00e9geant votre r\u00e9putation et am\u00e9liorant les performances de votre IP.<\/p>\n\n<\/div><\/div>\n\n<div class=\"gb-grid-column gb-grid-column-933a47e2\"><div class=\"gb-container gb-container-933a47e2\"><\/div><\/div>\n\n<div class=\"gb-grid-column gb-grid-column-d57eaaa5\"><div class=\"gb-container gb-container-d57eaaa5\"><\/div><\/div>\n<\/div>\n<\/div>\n\n<div class=\"gb-container gb-container-89bbfd4c\" id=\"chapter-2\">\n\n<h2 class=\"gb-headline gb-headline-4fbce998 gb-headline-text\">Comment fonctionne le Validateur d&#8217;email ?<\/h2>\n\n\n\n<figure class=\"gb-block-image gb-block-image-7179aee9\"><a href=\"https:\/\/serversmtp.com\/wp-content\/uploads\/2024\/11\/email-validation-tool.jpg\"><img decoding=\"async\" width=\"1200\" height=\"543\" class=\"gb-image gb-image-7179aee9\" src=\"https:\/\/serversmtp.com\/wp-content\/uploads\/2024\/11\/email-validation-tool.jpg\" alt=\"Am\u00e9liorez la d\u00e9livrabilit\u00e9 de vos emails avec le Validateur d'email de TurboSMTP\" title=\"Am\u00e9liorez la d\u00e9livrabilit\u00e9 de vos emails avec le Validateur d'email de TurboSMTP\" srcset=\"https:\/\/serversmtp.com\/wp-content\/uploads\/2024\/11\/email-validation-tool.jpg 1200w, https:\/\/serversmtp.com\/wp-content\/uploads\/2024\/11\/email-validation-tool-300x136.jpg 300w, https:\/\/serversmtp.com\/wp-content\/uploads\/2024\/11\/email-validation-tool-1024x463.jpg 1024w, https:\/\/serversmtp.com\/wp-content\/uploads\/2024\/11\/email-validation-tool-768x348.jpg 768w\" sizes=\"(max-width: 1200px) 100vw, 1200px\" \/><\/a><\/figure>\n\n\n\n<ol class=\"wp-block-list spaced-list\">\n<li>Cliquez sur <em>Addons<\/em> dans votre tableau de bord et s\u00e9lectionnez <em>Aller \u00e0 Validateur d\u2019email<\/em>.<\/li>\n\n\n\n<li>Cliquez sur <em>Importer le fichier<\/em>, puis choisissez entre <em>Importer \u00e0 partir d\u2019 un fichier<\/em> (formats pris en charge : CSV ou TXT) ou ajoutez des contacts manuellement.<\/li>\n\n\n\n<li>Le syst\u00e8me analysera la liste et classera les emails (valides, invalides, spamtrap, catch-all, etc.).<\/li>\n\n\n\n<li>Une fois la liste nettoy\u00e9e, t\u00e9l\u00e9chargez-la pr\u00eate \u00e0 l&#8217;envoi.<\/li>\n<\/ol>\n\n\n\n<p><strong>\u00c0 savoir :<\/strong><\/p>\n\n\n\n<ul class=\"wp-block-list spaced-list\">\n<li>Le Validateur d&#8217;email est disponible pour tous les plans.<\/li>\n\n\n\n<li>Les plans <em>Professional<\/em> et sup\u00e9rieurs incluent 3 000 validations par mois.<\/li>\n\n\n\n<li>L&#8217;outil de nettoyage a son propre solde et son propre syst\u00e8me d\u2019achat de cr\u00e9dits, distinct du solde et des cr\u00e9dits de votre compte TurboSMTP.<\/li>\n\n\n\n<li>Le client peut valider des emails jusqu&#8217;\u00e0 la limite maximale autoris\u00e9e par ses cr\u00e9dits.<\/li>\n<\/ul>\n\n<\/div>\n\n<div class=\"gb-container gb-container-35ab5229\" id=\"chapter-3\">\n\n<h2 class=\"gb-headline gb-headline-8a16dc42 gb-headline-text\">Cat\u00e9gorisation des r\u00e9sultats apr\u00e8s le nettoyage.<\/h2>\n\n\n\n<figure class=\"gb-block-image gb-block-image-797b4f7e\"><a href=\"https:\/\/serversmtp.com\/wp-content\/uploads\/2024\/11\/email-validation-tool-results-1.jpg\"><img decoding=\"async\" width=\"1200\" height=\"543\" class=\"gb-image gb-image-797b4f7e\" src=\"https:\/\/serversmtp.com\/wp-content\/uploads\/2024\/11\/email-validation-tool-results-1.jpg\" alt=\"Am\u00e9liorez la d\u00e9livrabilit\u00e9 de vos emails avec le Validateur d'email de TurboSMTP\" title=\"Am\u00e9liorez la d\u00e9livrabilit\u00e9 de vos emails avec le Validateur d'email de TurboSMTP\" srcset=\"https:\/\/serversmtp.com\/wp-content\/uploads\/2024\/11\/email-validation-tool-results-1.jpg 1200w, https:\/\/serversmtp.com\/wp-content\/uploads\/2024\/11\/email-validation-tool-results-1-300x136.jpg 300w, https:\/\/serversmtp.com\/wp-content\/uploads\/2024\/11\/email-validation-tool-results-1-1024x463.jpg 1024w, https:\/\/serversmtp.com\/wp-content\/uploads\/2024\/11\/email-validation-tool-results-1-768x348.jpg 768w\" sizes=\"(max-width: 1200px) 100vw, 1200px\" \/><\/a><\/figure>\n\n\n\n<p><strong>Valides :<\/strong> adresses s\u00fbres avec moins de 2 % de risque de bounce.<\/p>\n\n\n\n<p><strong>Invalides : <\/strong>adresses avec des erreurs permanentes ou inexistantes, \u00e0 supprimer.<\/p>\n\n\n\n<p><strong>Catch-all : <\/strong>adresses qui acceptent tous les emails, m\u00eame ceux envoy\u00e9s \u00e0 des adresses incorrectes, d\u00e9sactiv\u00e9es ou mal orthographi\u00e9es dans le m\u00eame domaine.<\/p>\n\n\n\n<p><strong>Spamtrap : <\/strong>adresses extr\u00eamement dangereuses pouvant r\u00e9duire la r\u00e9putation de votre domaine.<\/p>\n\n\n\n<p><strong>Abuse : <\/strong>utilisateurs connus pour signaler les emails comme spam. \u00c0 \u00e9viter pour pr\u00e9venir les plaintes.<\/p>\n\n\n\n<p><strong>Do not mail : <\/strong>adresses temporaires ou ind\u00e9sirables pouvant poser des probl\u00e8mes.<strong>Inconnue : <\/strong>emails impossibles \u00e0 valider en raison de serveurs inactifs ou de filtres anti-spam.<\/p>\n\n\n<div class=\"gb-container gb-container-0018de6e\">\n\n<h4 class=\"gb-headline gb-headline-b9ab5180 gb-headline-text\"><strong>Maintenance r\u00e9guli\u00e8re \ud83d\udd27<\/strong><\/h4>\n\n\n\n<p>Pour garantir une d\u00e9livrabilit\u00e9 optimale, nous recommandons de valider vos listes d&#8217;emails tous les 8 \u00e0 12 mois. Cette validation r\u00e9guli\u00e8re, combin\u00e9e au suivi de l&#8217;engagement, vous aide \u00e0 maintenir une base de contacts active et saine, am\u00e9liorant ainsi l&#8217;efficacit\u00e9 de vos campagnes.<\/p>\n\n<\/div>\n<\/div>\n\n<div class=\"gb-container gb-container-362b5b33\" id=\"chapter-4\">\n<div class=\"gb-container gb-container-f3ca7447\">\n\n<h3 class=\"gb-headline gb-headline-a9989ce3 gb-headline-text\"><strong>Am\u00e9liorez votre d\u00e9livrabilit\u00e9<\/strong><br><strong>avec notre Validateur d&#8217;email.<\/strong><\/h3>\n\n\n\n<p class=\"gb-headline gb-headline-d48d7e05 gb-headline-text\"><strong>Optimisez vos envoies en identifiant les adresses invalides, les spamtraps et les contacts dangereux avant qu&#8217;ils ne nuisent \u00e0 votre r\u00e9putation.<\/strong><\/p>\n\n\n\n<p class=\"gb-headline gb-headline-67fd3bdf gb-headline-text\">Le Validateur d&#8217;email de TurboSMTP garantit que vos messages atteignent des contacts r\u00e9els et actifs.<\/p>\n\n\n\n<a class=\"gb-button gb-button-2515b465 gb-button-text\" href=\"https:\/\/serversmtp.com\/fr\/cart.php?language=french&amp;currency=3&amp;systpl=2clic\" target=\"_blank\" rel=\"nofollow noopener noreferrer\">ESSAYEZ-LE MAINTENANT<\/a>\n\n<\/div>\n<\/div>\n\n<div class=\"gb-container gb-container-2a949875\" id=\"chapter-5\">\n\n<h2 class=\"gb-headline gb-headline-3e3295f6 gb-headline-text\">FAQ sur la validation d&#8217;adresses email et l&#8217;am\u00e9lioration de la deliverabilit\u00e9.<\/h2>\n\n\n<div class=\"saswp-faq-block-section\"><ol style=\"list-style-type:none\"><li style=\"list-style-type: none\"><h5 class=\"saswp-faq-question-title \">Qu&#8217;est-ce qu&#8217;un validateur d&#8217;adresse email ?<\/h5><p class=\"saswp-faq-answer-text\">Un validateur d&#8217;adresse email est un outil qui v\u00e9rifie la validit\u00e9 des adresses email dans votre liste de contacts. Cela permet de s&#8217;assurer que les emails envoy\u00e9s atteignent des destinataires r\u00e9els et actifs.<\/p><li style=\"list-style-type: none\"><h5 class=\"saswp-faq-question-title \">Comment v\u00e9rifier si une adresse email est valide ?<\/h5><p class=\"saswp-faq-answer-text\">Vous pouvez utiliser un outil comme le validateur d&#8217;email de TurboSMTP pour v\u00e9rifier une adresse email. Il identifie si l&#8217;email est valide, invalide, ou dangereux, r\u00e9duisant ainsi les risques de rebonds ou de spamtrap.<\/p><li style=\"list-style-type: none\"><h5 class=\"saswp-faq-question-title \">Pourquoi est-il important de v\u00e9rifier les adresses email avant d&#8217;envoyer une campagne ?<\/h5><p class=\"saswp-faq-answer-text\">V\u00e9rifier les adresses email avant d&#8217;envoyer une campagne aide \u00e0 am\u00e9liorer la d\u00e9livrabilit\u00e9, \u00e0 \u00e9viter les spamtraps et \u00e0 prot\u00e9ger votre r\u00e9putation d&#8217;exp\u00e9diteur.<\/p><li style=\"list-style-type: none\"><h5 class=\"saswp-faq-question-title \">Quels types d&#8217;adresses email le validateur peut-il d\u00e9tecter ?<\/h5><p class=\"saswp-faq-answer-text\">Le validateur d&#8217;email de TurboSMTP peut identifier plusieurs types d&#8217;adresses, y compris les adresses non valides, les spamtraps, les adresses catch-all, et celles associ\u00e9es \u00e0 des abus ou plaintes pour spam.<\/p><li style=\"list-style-type: none\"><h5 class=\"saswp-faq-question-title \">Puis-je v\u00e9rifier une adresse email gratuitement ?<\/h5><p class=\"saswp-faq-answer-text\">Oui, certains plans de TurboSMTP incluent un nombre de validations d&#8217;adresses email gratuites par mois, notamment pour les utilisateurs des forfaits Professional et Enterprise.<\/p><li style=\"list-style-type: none\"><h5 class=\"saswp-faq-question-title \">Quelle est la diff\u00e9rence entre une adresse email valide et invalide ?<\/h5><p class=\"saswp-faq-answer-text\">Une adresse email valide est une adresse fonctionnelle avec peu de risque de rebond, tandis qu&#8217;une adresse email invalide est soit incorrecte, soit inexistante, et entra\u00eenera des \u00e9checs d&#8217;envoi.<\/p><li style=\"list-style-type: none\"><h5 class=\"saswp-faq-question-title \">Comment savoir si une adresse email est une spamtrap ?<\/h5><p class=\"saswp-faq-answer-text\">Un validateur d&#8217;email d\u00e9tecte les spamtraps, qui sont des adresses utilis\u00e9es pour pi\u00e9ger les exp\u00e9diteurs non conformes. L&#8217;envoi \u00e0 ces adresses peut nuire gravement \u00e0 la r\u00e9putation de votre domaine.<\/p><li style=\"list-style-type: none\"><h5 class=\"saswp-faq-question-title \">Comment fonctionne la v\u00e9rification d&#8217;adresse email avec TurboSMTP ?<\/h5><p class=\"saswp-faq-answer-text\">Pour utiliser l&#8217;outil de v\u00e9rification d&#8217;adresse email, acc\u00e9dez \u00e0 votre tableau de bord TurboSMTP, cliquez sur &#8220;Addons&#8221;, puis s\u00e9lectionnez &#8220;Validateur d&#8217;email&#8221;. Vous pouvez importer une liste \u00e0 v\u00e9rifier et obtenir les r\u00e9sultats instantan\u00e9ment.<\/p><li style=\"list-style-type: none\"><h5 class=\"saswp-faq-question-title \">Comment trouver l\u2019adresse email d\u2019un particulier ?<\/h5><p class=\"saswp-faq-answer-text\">TurboSMTP se concentre sur la v\u00e9rification des adresses email, mais vous pouvez utiliser d&#8217;autres services en ligne pour tenter de trouver l&#8217;adresse email d&#8217;une personne en particulier.<\/p><li style=\"list-style-type: none\"><h5 class=\"saswp-faq-question-title \">Qu&#8217;est-ce qu&#8217;une adresse email &#8220;catch-all&#8221; ?<\/h5><p class=\"saswp-faq-answer-text\">Une adresse catch-all est un type d&#8217;email qui accepte tous les messages envoy\u00e9s \u00e0 un domaine, m\u00eame si l&#8217;adresse exacte n&#8217;existe pas. Ces adresses peuvent poser un risque de rebond \u00e9lev\u00e9.<\/p><\/ul><\/div>\n<\/div>","protected":false},"excerpt":{"rendered":"<p>D\u00e9tectez les adresses email invalides, les spamtraps et les emails dangereux avant qu&#8217;ils ne nuisent \u00e0 vos campagnes. Avec le Validateur d&#8217;email de TurboSMTP, accessible \u00e0 tous les abonnements, vous pouvez v\u00e9rifier la validit\u00e9 de vos contacts avant d&#8217;envoyer une campagne, en identifiant les emails potentiellement dangereux ou inexistants. Et pour les plans Professional et &#8230; <\/p>\n<p class=\"read-more-container\"><a title=\"Am\u00e9liorez la d\u00e9livrabilit\u00e9 de vos emails avec le Validateur d&#8217;email de TurboSMTP\" class=\"read-more button\" href=\"https:\/\/serversmtp.com\/fr\/ameliorez-la-delivrabilite-de-vos-emails-avec-le-validateur-demail-de-turbosmtp\/#more-20977\" aria-label=\"En savoir plus sur Am\u00e9liorez la d\u00e9livrabilit\u00e9 de vos emails avec le Validateur d&#8217;email de TurboSMTP\">Discover more<\/a><\/p>\n","protected":false},"author":8,"featured_media":0,"parent":0,"menu_order":0,"comment_status":"closed","ping_status":"closed","template":"","meta":{"_eb_attr":"","inline_featured_image":false,"_monsterinsights_skip_tracking":false,"_monsterinsights_sitenote_active":false,"_monsterinsights_sitenote_note":"","_monsterinsights_sitenote_category":0,"footnotes":""},"class_list":["post-20977","page","type-page","status-publish"],"yoast_head":"<!-- This site is optimized with the Yoast SEO plugin v25.3.1 - https:\/\/yoast.com\/wordpress\/plugins\/seo\/ -->\n<title>Am\u00e9liorer la d\u00e9livrabilit\u00e9 avec le Validateur d&#039;email de TurboSMTP<\/title>\n<meta name=\"description\" content=\"Comment Savoir si une Adresse Mail est Valide. V\u00e9rifier qu&#039;une Adresse Mail Existe. D\u00e9tecter Adresse Mail Frauduleuse. &gt;&gt; D\u00e9couvrez le Validateur d&#039;email de TurboSMTP!\" \/>\n<meta name=\"robots\" content=\"index, follow, max-snippet:-1, max-image-preview:large, max-video-preview:-1\" \/>\n<link rel=\"canonical\" href=\"https:\/\/serversmtp.com\/fr\/ameliorez-la-delivrabilite-de-vos-emails-avec-le-validateur-demail-de-turbosmtp\/\" \/>\n<meta name=\"twitter:label1\" content=\"Dur\u00e9e de lecture estim\u00e9e\" \/>\n\t<meta name=\"twitter:data1\" content=\"3 minutes\" \/>\n<!-- \/ Yoast SEO plugin. -->","yoast_head_json":{"title":"Am\u00e9liorer la d\u00e9livrabilit\u00e9 avec le Validateur d'email de TurboSMTP","description":"Comment Savoir si une Adresse Mail est Valide. V\u00e9rifier qu'une Adresse Mail Existe. D\u00e9tecter Adresse Mail Frauduleuse. >> D\u00e9couvrez le Validateur d'email de TurboSMTP!","robots":{"index":"index","follow":"follow","max-snippet":"max-snippet:-1","max-image-preview":"max-image-preview:large","max-video-preview":"max-video-preview:-1"},"canonical":"https:\/\/serversmtp.com\/fr\/ameliorez-la-delivrabilite-de-vos-emails-avec-le-validateur-demail-de-turbosmtp\/","twitter_misc":{"Dur\u00e9e de lecture estim\u00e9e":"3 minutes"},"schema":{"@context":"https:\/\/schema.org","@graph":[{"@type":"WebPage","@id":"https:\/\/serversmtp.com\/fr\/ameliorez-la-delivrabilite-de-vos-emails-avec-le-validateur-demail-de-turbosmtp\/","url":"https:\/\/serversmtp.com\/fr\/ameliorez-la-delivrabilite-de-vos-emails-avec-le-validateur-demail-de-turbosmtp\/","name":"Am\u00e9liorer la d\u00e9livrabilit\u00e9 avec le Validateur d'email de TurboSMTP","isPartOf":{"@id":"https:\/\/serversmtp.com\/fr\/#website"},"primaryImageOfPage":{"@id":"https:\/\/serversmtp.com\/fr\/ameliorez-la-delivrabilite-de-vos-emails-avec-le-validateur-demail-de-turbosmtp\/#primaryimage"},"image":{"@id":"https:\/\/serversmtp.com\/fr\/ameliorez-la-delivrabilite-de-vos-emails-avec-le-validateur-demail-de-turbosmtp\/#primaryimage"},"thumbnailUrl":"https:\/\/serversmtp.com\/wp-content\/uploads\/2024\/11\/email-validation-tool.jpg","datePublished":"2024-11-08T13:37:13+00:00","dateModified":"2024-11-08T13:46:37+00:00","description":"Comment Savoir si une Adresse Mail est Valide. V\u00e9rifier qu'une Adresse Mail Existe. D\u00e9tecter Adresse Mail Frauduleuse. >> D\u00e9couvrez le Validateur d'email de TurboSMTP!","breadcrumb":{"@id":"https:\/\/serversmtp.com\/fr\/ameliorez-la-delivrabilite-de-vos-emails-avec-le-validateur-demail-de-turbosmtp\/#breadcrumb"},"inLanguage":"fr-FR","potentialAction":[{"@type":"ReadAction","target":["https:\/\/serversmtp.com\/fr\/ameliorez-la-delivrabilite-de-vos-emails-avec-le-validateur-demail-de-turbosmtp\/"]}]},{"@type":"ImageObject","inLanguage":"fr-FR","@id":"https:\/\/serversmtp.com\/fr\/ameliorez-la-delivrabilite-de-vos-emails-avec-le-validateur-demail-de-turbosmtp\/#primaryimage","url":"https:\/\/serversmtp.com\/wp-content\/uploads\/2024\/11\/email-validation-tool.jpg","contentUrl":"https:\/\/serversmtp.com\/wp-content\/uploads\/2024\/11\/email-validation-tool.jpg"},{"@type":"BreadcrumbList","@id":"https:\/\/serversmtp.com\/fr\/ameliorez-la-delivrabilite-de-vos-emails-avec-le-validateur-demail-de-turbosmtp\/#breadcrumb","itemListElement":[{"@type":"ListItem","position":1,"name":"Home","item":"https:\/\/serversmtp.com\/fr\/"},{"@type":"ListItem","position":2,"name":"Am\u00e9liorez la d\u00e9livrabilit\u00e9 de vos emails avec le Validateur d&#8217;email de TurboSMTP"}]},{"@type":"WebSite","@id":"https:\/\/serversmtp.com\/fr\/#website","url":"https:\/\/serversmtp.com\/fr\/","name":"smtp mail server - professional SMTP service provider","description":"smtp mail server - professional SMTP service provider","publisher":{"@id":"https:\/\/serversmtp.com\/fr\/#organization"},"potentialAction":[{"@type":"SearchAction","target":{"@type":"EntryPoint","urlTemplate":"https:\/\/serversmtp.com\/fr\/?s={search_term_string}"},"query-input":{"@type":"PropertyValueSpecification","valueRequired":true,"valueName":"search_term_string"}}],"inLanguage":"fr-FR"},{"@type":"Organization","@id":"https:\/\/serversmtp.com\/fr\/#organization","name":"Delivery Tech","url":"https:\/\/serversmtp.com\/fr\/","logo":{"@type":"ImageObject","inLanguage":"fr-FR","@id":"https:\/\/serversmtp.com\/fr\/#\/schema\/logo\/image\/","url":"https:\/\/serversmtp.com\/wp-content\/uploads\/2021\/11\/og-image-2.jpg","contentUrl":"https:\/\/serversmtp.com\/wp-content\/uploads\/2021\/11\/og-image-2.jpg","width":1200,"height":1128,"caption":"Delivery Tech"},"image":{"@id":"https:\/\/serversmtp.com\/fr\/#\/schema\/logo\/image\/"}}]}},"_links":{"self":[{"href":"https:\/\/serversmtp.com\/fr\/wp-json\/wp\/v2\/pages\/20977"}],"collection":[{"href":"https:\/\/serversmtp.com\/fr\/wp-json\/wp\/v2\/pages"}],"about":[{"href":"https:\/\/serversmtp.com\/fr\/wp-json\/wp\/v2\/types\/page"}],"author":[{"embeddable":true,"href":"https:\/\/serversmtp.com\/fr\/wp-json\/wp\/v2\/users\/8"}],"replies":[{"embeddable":true,"href":"https:\/\/serversmtp.com\/fr\/wp-json\/wp\/v2\/comments?post=20977"}],"version-history":[{"count":2,"href":"https:\/\/serversmtp.com\/fr\/wp-json\/wp\/v2\/pages\/20977\/revisions"}],"predecessor-version":[{"id":20982,"href":"https:\/\/serversmtp.com\/fr\/wp-json\/wp\/v2\/pages\/20977\/revisions\/20982"}],"wp:attachment":[{"href":"https:\/\/serversmtp.com\/fr\/wp-json\/wp\/v2\/media?parent=20977"}],"curies":[{"name":"wp","href":"https:\/\/api.w.org\/{rel}","templated":true}]}}