{"id":20904,"date":"2024-10-23T17:59:39","date_gmt":"2024-10-23T15:59:39","guid":{"rendered":"https:\/\/serversmtp.com\/?page_id=20904"},"modified":"2024-10-23T18:01:27","modified_gmt":"2024-10-23T16:01:27","slug":"comment-configurer-un-smtp-sur-wordpress-et-resoudre-les-problemes-de-delivrabilite-des-emails","status":"publish","type":"page","link":"https:\/\/serversmtp.com\/fr\/comment-configurer-un-smtp-sur-wordpress-et-resoudre-les-problemes-de-delivrabilite-des-emails\/","title":{"rendered":"Plugin WP gratuit pour SMTP : comment configurer un SMTP sur WordPress (et r\u00e9soudre les probl\u00e8mes de d\u00e9livrabilit\u00e9 des emails)"},"content":{"rendered":"\n<style>\r\n.info-label {\r\n    position: absolute;\r\n    right: 0;\r\n    top: 0;\r\n}\r\nol.spaced-list li, ul.spaced-list li {\r\n    margin-bottom: 15px;\r\n}\r\n.saswp-faq-block-section ol {\r\n    margin-left: 0px;\r\n}\r\n.saswp-faq-block-section ol li {\r\n    border-bottom: dotted 2px #ccc;\r\n    margin-bottom: 46px;\r\n    padding-bottom: 20px;\r\n}\r\n.saswp-faq-block-section ol li:last-child {\r\n    border-bottom: none;\r\n    margin-bottom: 26px;\r\n}\r\n<\/style>\n\n\n<div class=\"gb-container gb-container-86e163db\">\n\n<figure class=\"gb-block-image gb-block-image-9103c934\"><img decoding=\"async\" width=\"1071\" height=\"504\" class=\"gb-image gb-image-9103c934\" src=\"https:\/\/serversmtp.com\/wp-content\/uploads\/2024\/10\/comment-configurer-un-smtp-sur-wordpress-et-resoudre-les-problemes-de-delivrabilite-des-emails.jpg\" alt=\"Configurer SMTP WordPress avec le plugin gratuit TurboSMTP\" title=\"Configurer SMTP WordPress avec le plugin gratuit TurboSMTP\" srcset=\"https:\/\/serversmtp.com\/wp-content\/uploads\/2024\/10\/comment-configurer-un-smtp-sur-wordpress-et-resoudre-les-problemes-de-delivrabilite-des-emails.jpg 1071w, https:\/\/serversmtp.com\/wp-content\/uploads\/2024\/10\/comment-configurer-un-smtp-sur-wordpress-et-resoudre-les-problemes-de-delivrabilite-des-emails-300x141.jpg 300w, https:\/\/serversmtp.com\/wp-content\/uploads\/2024\/10\/comment-configurer-un-smtp-sur-wordpress-et-resoudre-les-problemes-de-delivrabilite-des-emails-1024x482.jpg 1024w, https:\/\/serversmtp.com\/wp-content\/uploads\/2024\/10\/comment-configurer-un-smtp-sur-wordpress-et-resoudre-les-problemes-de-delivrabilite-des-emails-768x361.jpg 768w\" sizes=\"(max-width: 1071px) 100vw, 1071px\" \/><\/figure>\n\n<\/div>\n\n<div class=\"gb-container gb-container-c2369287\" id=\"introduction\">\n\n<h2 class=\"gb-headline gb-headline-c6d0a555 gb-headline-text\"><em>Am\u00e9liorez vos r\u00e9sultats en marketing par email et r\u00e9solvez les probl\u00e8mes de d\u00e9livrabilit\u00e9 avec WordPress gr\u00e2ce au plugin SMTP gratuit de TurboSMTP.<\/em><\/h2>\n\n\n\n<p>WordPress ne livre pas vos emails \u00e0 destination ?<\/p>\n\n\n\n<p>C&#8217;est un probl\u00e8me tr\u00e8s courant.<\/p>\n\n\n\n<p>En effet, utiliser les param\u00e8tres email par d\u00e9faut de WordPress peut causer des probl\u00e8mes, en particulier avec les formulaires de contact, les notifications ou les emails WooCommerce.<\/p>\n\n\n\n<p>Mais il existe une solution simple : <strong>configurer les param\u00e8tres SMTP de WordPress<\/strong>.<\/p>\n\n\n\n<p>Que vous utilisiez Gmail, Office 365 ou un autre fournisseur, configurer un SMTP garantit que vos emails arrivent directement dans la bo\u00eete de r\u00e9ception de vos destinataires, am\u00e9liorant ainsi leur fiabilit\u00e9 et leur d\u00e9livrabilit\u00e9.<\/p>\n\n\n<div class=\"gb-container gb-container-f88c64d6\">\n\n<h3 class=\"gb-headline gb-headline-88307e27 gb-headline-text\"><strong>T\u00e9l\u00e9chargez gratuitement le plugin WordPress de TurboSMTP!<\/strong><\/h3>\n\n\n\n<p class=\"gb-headline gb-headline-a73220df gb-headline-text\">Avec le plugin gratuit TurboSMTP pour WordPress, obtenez une <strong>livraison fiable de vos emails sans abonnement ni limitations<\/strong>.<\/p>\n\n\n\n<a class=\"gb-button gb-button-e42a2b01 gb-button-text\" href=\"https:\/\/wordpress.org\/plugins\/turbosmtp\/\" target=\"_blank\" rel=\"nofollow noopener noreferrer\">T\u00e9l\u00e9charger le plugin WordPress de TurboSMTP<\/a>\n\n<\/div>\n<\/div>\n\n<div class=\"gb-container gb-container-1fd1eed5\" id=\"chapter-1\">\n\n<h2 class=\"gb-headline gb-headline-b95f2857 gb-headline-text\">La meilleure alternative gratuite : TurboSMTP pour WordPress.<\/h2>\n\n\n\n<p>Avec le<a href=\"https:\/\/wordpress.org\/plugins\/turbosmtp\/\" target=\"_blank\" rel=\"noreferrer noopener nofollow\"> plugin SMTP TurboSMTP pour WordPress<\/a>, vous n&#8217;aurez plus \u00e0 vous soucier des co\u00fbts d&#8217;abonnement ou des fonctionnalit\u00e9s limit\u00e9es. Alors que de nombreux plugins SMTP n\u00e9cessitent des paiements pour acc\u00e9der aux fonctionnalit\u00e9s premium, TurboSMTP vous offre tout ce dont vous avez besoin pour envoyer des emails sans probl\u00e8me (et gratuitement !).<\/p>\n\n\n\n<p>Avec TurboSMTP, vous obtiendrez non seulement un plugin SMTP gratuit et enti\u00e8rement fonctionnel, mais aussi un <a href=\"https:\/\/serversmtp.com\/fr\/tsmtpregistration1.php\">compte gratuit qui vous permet d&#8217;envoyer jusqu&#8217;\u00e0 6 000 emails par mois<\/a>.Que vous utilisiez Hostinger, WPForms ou tout autre outil WordPress, TurboSMTP garantit une <strong>configuration simple et une livraison fiable des emails<\/strong>.<\/p>\n\n<\/div>\n\n<div class=\"gb-container gb-container-63efb42f\" id=\"chapter-1.1\">\n\n<h3 class=\"gb-headline gb-headline-8ace5b2b gb-headline-text\">Voici pourquoi TurboSMTP est la meilleure alternative gratuite \u00e0 WP Mail SMTP :<\/h3>\n\n\n\n<ul class=\"wp-block-list spaced-list\">\n<li><strong>Compte gratuit : <\/strong>envoyez jusqu&#8217;\u00e0 6 000 emails par mois sans frais cach\u00e9s.<\/li>\n\n\n\n<li><strong>Livraison de qualit\u00e9 : <\/strong>TurboSMTP garantit que vos emails arrivent dans la bo\u00eete de r\u00e9ception et non dans le spam.<\/li>\n\n\n\n<li><strong>Configuration simple : <\/strong>aucune configuration complexe. Il vous suffit d&#8217;installer le plugin.<\/li>\n\n\n\n<li><strong>Compatibilit\u00e9 avec WPForms et d&#8217;autres plugins : <\/strong>que vous utilisiez WPForms, Hostinger ou d&#8217;autres outils, TurboSMTP s&#8217;int\u00e8gre parfaitement et sans difficult\u00e9.<\/li>\n<\/ul>\n\n<\/div>\n\n<div class=\"gb-container gb-container-488792af\" id=\"chapter-1.2\">\n\n<h3 class=\"gb-headline gb-headline-d030c8a1 gb-headline-text\">Comment configurer WP Mail SMTP avec TurboSMTP.<\/h3>\n\n\n\n<p>Configurer WP Mail SMTP avec TurboSMTP est simple. Suivez ces \u00e9tapes pour configurer le plugin SMTP sur WordPress :<\/p>\n\n\n\n<ol class=\"wp-block-list spaced-list\">\n<li><strong>Connectez-vous \u00e0 votre compte WordPress : <\/strong>acc\u00e9dez \u00e0 <em>Plugins<\/em> dans le tableau de bord WordPress et cliquez sur <em>Ajouter un nouveau plugin<\/em> ;<\/li>\n\n\n\n<li><strong>Tapez <\/strong><strong><em>TurboSMTP <\/em><\/strong><strong>dans la barre de recherche<\/strong>, installez et activez le plugin ;<\/li>\n\n\n\n<li><strong>Configurez les param\u00e8tres SMTP <\/strong>et envoyez un email de test pour confirmer que tout fonctionne correctement.<\/li>\n<\/ol>\n\n\n\n<h4 class=\"gb-headline gb-headline-310e679f gb-headline-text\">Vous cherchez un tutoriel vid\u00e9o pour vous guider pas \u00e0 pas dans l\u2019installation du plugin ?\u00a0<\/h4>\n\n\n\n<p>Vous trouverez ci-dessous une vid\u00e9o parfaite pour vous.<\/p>\n\n\n\n<iframe width=\"100%\" height=\"400px\" src=\"https:\/\/www.youtube.com\/embed\/9vc56EAeKsU\" title=\"YouTube video player\" frameborder=\"0\" allow=\"accelerometer; autoplay; clipboard-write; encrypted-media; gyroscope; picture-in-picture; web-share\" referrerpolicy=\"strict-origin-when-cross-origin\" allowfullscreen><\/iframe>\n\n\n<div class=\"gb-container gb-container-f3ca7447\">\n\n<h3 class=\"gb-headline gb-headline-a9989ce3 gb-headline-text\"><strong>TurboSMTP : la meilleure solution gratuite pour les emails WordPress<\/strong><\/h3>\n\n\n\n<p class=\"gb-headline gb-headline-d48d7e05 gb-headline-text\">TurboSMTP offre la fiabilit\u00e9 des plugins SMTP payants\u2026 <strong>mais totalement gratuitement<\/strong> !<br>Avec une configuration simple, une excellente d\u00e9livrabilit\u00e9 et une pleine compatibilit\u00e9, c\u2019est la solution id\u00e9ale pour configurer votre SMTP sur WordPress.<\/p>\n\n\n\n<a class=\"gb-button gb-button-2515b465 gb-button-text\" href=\"https:\/\/wordpress.org\/plugins\/turbosmtp\/\" target=\"_blank\" rel=\"nofollow noopener noreferrer\">T\u00c9L\u00c9CHARGEZ LE PLUGIN TURBOSMTP POUR WP<\/a>\n\n<\/div>\n<\/div>\n\n<div class=\"gb-container gb-container-bf62e5fc\" id=\"chapter-3\">\n\n<h2 class=\"gb-headline gb-headline-3e3295f6 gb-headline-text\">FAQ sur les plugins SMTP pour WordPress<\/h2>\n\n\n<div class=\"saswp-faq-block-section\"><ol style=\"list-style-type:none\"><li style=\"list-style-type: none\"><h5 class=\"saswp-faq-question-title \">Pourquoi WordPress n\u2019envoie-t-il pas d\u2019emails ?<\/h5><p class=\"saswp-faq-answer-text\">WordPress utilise PHP mail par d\u00e9faut, qui n\u2019est pas fiable pour l&#8217;envoi des emails. De nombreux h\u00e9bergeurs bloquent ou limitent PHP mail en raison de probl\u00e8mes de spam, ce qui cause des probl\u00e8mes de livraison pour les notifications, les formulaires de contact ou les emails WooCommerce. Configurer un SMTP permet d\u2019am\u00e9liorer la d\u00e9livrabilit\u00e9 en authentifiant les emails via un serveur de messagerie d\u00e9di\u00e9.<\/p><li style=\"list-style-type: none\"><h5 class=\"saswp-faq-question-title \">Qu\u2019est-ce que le SMTP et pourquoi est-il n\u00e9cessaire pour WordPress ?<\/h5><p class=\"saswp-faq-answer-text\">Le SMTP (Simple Mail Transfer Protocol) est un protocole d\u2019envoi d\u2019emails sur Internet. Utiliser SMTP avec WordPress garantit que vos emails sont authentifi\u00e9s et envoy\u00e9s via un serveur fiable, augmentant ainsi la probabilit\u00e9 qu&#8217;ils atteignent la bo\u00eete de r\u00e9ception des destinataires et ne soient pas marqu\u00e9s comme spam.<\/p><li style=\"list-style-type: none\"><h5 class=\"saswp-faq-question-title \">Comment configurer un SMTP sur WordPress ?<\/h5><p class=\"saswp-faq-answer-text\">Pour configurer votre SMTP :<br>&#8211; Installez un plugin SMTP, tel que TurboSMTP, dans le tableau de bord WordPress ;<br>&#8211; Configurez le plugin en entrant les d\u00e9tails de votre serveur SMTP (par exemple, Gmail, Office 365 ou votre fournisseur de messagerie) ;<br>&#8211; Testez la configuration pour vous assurer que les emails sont envoy\u00e9s correctement.<\/p><li style=\"list-style-type: none\"><h5 class=\"saswp-faq-question-title \">Puis-je utiliser un plugin SMTP gratuit pour WordPress ?<\/h5><p class=\"saswp-faq-answer-text\">Oui, TurboSMTP propose un plugin SMTP gratuit pour WordPress qui permet d\u2019envoyer jusqu\u2019\u00e0 6 000 emails par mois sans abonnement. Cette option est id\u00e9ale pour ceux qui cherchent une livraison fiable des emails sans avoir \u00e0 payer pour des plugins premium.<\/p><li style=\"list-style-type: none\"><h5 class=\"saswp-faq-question-title \">Pourquoi les emails de WordPress sont-ils marqu\u00e9s comme spam ?<\/h5><p class=\"saswp-faq-answer-text\">Les emails peuvent \u00eatre signal\u00e9s comme spam pour diverses raisons, telles que l\u2019utilisation d\u2019une adresse IP partag\u00e9e avec une mauvaise r\u00e9putation, l\u2019absence d\u2019authentification (enregistrements SPF ou DKIM), ou des contenus d\u00e9clenchant les filtres anti-spam.<\/p><li style=\"list-style-type: none\"><h5 class=\"saswp-faq-question-title \">Comment tester si les param\u00e8tres SMTP de WordPress fonctionnent ?<\/h5><p class=\"saswp-faq-answer-text\">Apr\u00e8s avoir configur\u00e9 le plugin SMTP, envoyez un email de test en utilisant la fonction de test int\u00e9gr\u00e9e dans le plugin. Cela confirmera que les emails sont envoy\u00e9s correctement et atteignent la bo\u00eete de r\u00e9ception du destinataire.<\/p><li style=\"list-style-type: none\"><h5 class=\"saswp-faq-question-title \">Dois-je payer pour un plugin SMTP WP Mail pour r\u00e9soudre les probl\u00e8mes d\u2019envoi d\u2019emails ?<\/h5><p class=\"saswp-faq-answer-text\">Pas n\u00e9cessairement. Alors que certains plugins SMTP n\u00e9cessitent des paiements pour des fonctionnalit\u00e9s premium, TurboSMTP propose un plugin WordPress gratuit qui garantit une livraison fiable des emails sans frais. Il inclut toutes les fonctionnalit\u00e9s n\u00e9cessaires pour am\u00e9liorer la d\u00e9livrabilit\u00e9 des emails.<\/p><li style=\"list-style-type: none\"><h5 class=\"saswp-faq-question-title \">Le SMTP peut-il aider \u00e0 am\u00e9liorer la livraison des emails de WooCommerce ?<\/h5><p class=\"saswp-faq-answer-text\">Oui, configurer votre SMTP garantit que les emails transactionnels de WooCommerce (tels que les confirmations de commande et les mises \u00e0 jour d\u2019exp\u00e9dition) sont livr\u00e9s de mani\u00e8re fiable. En envoyant ces emails via un serveur SMTP authentifi\u00e9, vous r\u00e9duisez les chances qu&#8217;ils soient marqu\u00e9s comme spam.<\/p><li style=\"list-style-type: none\"><h5 class=\"saswp-faq-question-title \">Quels sont les points forts de TurboSMTP par rapport aux autres plugins SMTP ?<\/h5><p class=\"saswp-faq-answer-text\">TurboSMTP est une alternative gratuite \u00e0 de nombreux plugins SMTP premium, offrant jusqu\u2019\u00e0 6 000 envois mensuels sans co\u00fbt d\u2019abonnement. Il propose une configuration simple, une haute d\u00e9livrabilit\u00e9 et une compatibilit\u00e9 avec divers outils WordPress comme WPForms et WooCommerce.<\/p><\/ul><\/div>\n<\/div>","protected":false},"excerpt":{"rendered":"<p>Am\u00e9liorez vos r\u00e9sultats en marketing par email et r\u00e9solvez les probl\u00e8mes de d\u00e9livrabilit\u00e9 avec WordPress gr\u00e2ce au plugin SMTP gratuit de TurboSMTP. WordPress ne livre pas vos emails \u00e0 destination ? C&#8217;est un probl\u00e8me tr\u00e8s courant. En effet, utiliser les param\u00e8tres email par d\u00e9faut de WordPress peut causer des probl\u00e8mes, en particulier avec les formulaires &#8230; <\/p>\n<p class=\"read-more-container\"><a title=\"Plugin WP gratuit pour SMTP : comment configurer un SMTP sur WordPress (et r\u00e9soudre les probl\u00e8mes de d\u00e9livrabilit\u00e9 des emails)\" class=\"read-more button\" href=\"https:\/\/serversmtp.com\/fr\/comment-configurer-un-smtp-sur-wordpress-et-resoudre-les-problemes-de-delivrabilite-des-emails\/#more-20904\" aria-label=\"En savoir plus sur Plugin WP gratuit pour SMTP : comment configurer un SMTP sur WordPress (et r\u00e9soudre les probl\u00e8mes de d\u00e9livrabilit\u00e9 des emails)\">Discover more<\/a><\/p>\n","protected":false},"author":8,"featured_media":0,"parent":0,"menu_order":0,"comment_status":"closed","ping_status":"closed","template":"","meta":{"_eb_attr":"","inline_featured_image":false,"_monsterinsights_skip_tracking":false,"_monsterinsights_sitenote_active":false,"_monsterinsights_sitenote_note":"","_monsterinsights_sitenote_category":0,"footnotes":""},"class_list":["post-20904","page","type-page","status-publish"],"yoast_head":"<!-- This site is optimized with the Yoast SEO plugin v25.3.1 - https:\/\/yoast.com\/wordpress\/plugins\/seo\/ -->\n<title>Configurer SMTP WordPress avec le plugin gratuit TurboSMTP<\/title>\n<meta name=\"description\" content=\"R\u00e9soudre les probl\u00e8mes de Livraison des Emails WordPress avec le Plugin Gratuit TurboSMTP. Configurer SMTP pour envois fiables sur WP &gt;&gt; T\u00e9l\u00e9chargez le plugin!\" \/>\n<meta name=\"robots\" content=\"index, follow, max-snippet:-1, max-image-preview:large, max-video-preview:-1\" \/>\n<link rel=\"canonical\" href=\"https:\/\/serversmtp.com\/fr\/comment-configurer-un-smtp-sur-wordpress-et-resoudre-les-problemes-de-delivrabilite-des-emails\/\" \/>\n<meta name=\"twitter:label1\" content=\"Dur\u00e9e de lecture estim\u00e9e\" \/>\n\t<meta name=\"twitter:data1\" content=\"3 minutes\" \/>\n<!-- \/ Yoast SEO plugin. -->","yoast_head_json":{"title":"Configurer SMTP WordPress avec le plugin gratuit TurboSMTP","description":"R\u00e9soudre les probl\u00e8mes de Livraison des Emails WordPress avec le Plugin Gratuit TurboSMTP. Configurer SMTP pour envois fiables sur WP >> T\u00e9l\u00e9chargez le plugin!","robots":{"index":"index","follow":"follow","max-snippet":"max-snippet:-1","max-image-preview":"max-image-preview:large","max-video-preview":"max-video-preview:-1"},"canonical":"https:\/\/serversmtp.com\/fr\/comment-configurer-un-smtp-sur-wordpress-et-resoudre-les-problemes-de-delivrabilite-des-emails\/","twitter_misc":{"Dur\u00e9e de lecture estim\u00e9e":"3 minutes"},"schema":{"@context":"https:\/\/schema.org","@graph":[{"@type":"WebPage","@id":"https:\/\/serversmtp.com\/fr\/comment-configurer-un-smtp-sur-wordpress-et-resoudre-les-problemes-de-delivrabilite-des-emails\/","url":"https:\/\/serversmtp.com\/fr\/comment-configurer-un-smtp-sur-wordpress-et-resoudre-les-problemes-de-delivrabilite-des-emails\/","name":"Configurer SMTP WordPress avec le plugin gratuit TurboSMTP","isPartOf":{"@id":"https:\/\/serversmtp.com\/es\/#website"},"primaryImageOfPage":{"@id":"https:\/\/serversmtp.com\/fr\/comment-configurer-un-smtp-sur-wordpress-et-resoudre-les-problemes-de-delivrabilite-des-emails\/#primaryimage"},"image":{"@id":"https:\/\/serversmtp.com\/fr\/comment-configurer-un-smtp-sur-wordpress-et-resoudre-les-problemes-de-delivrabilite-des-emails\/#primaryimage"},"thumbnailUrl":"https:\/\/serversmtp.com\/wp-content\/uploads\/2024\/10\/comment-configurer-un-smtp-sur-wordpress-et-resoudre-les-problemes-de-delivrabilite-des-emails.jpg","datePublished":"2024-10-23T15:59:39+00:00","dateModified":"2024-10-23T16:01:27+00:00","description":"R\u00e9soudre les probl\u00e8mes de Livraison des Emails WordPress avec le Plugin Gratuit TurboSMTP. Configurer SMTP pour envois fiables sur WP >> T\u00e9l\u00e9chargez le plugin!","breadcrumb":{"@id":"https:\/\/serversmtp.com\/fr\/comment-configurer-un-smtp-sur-wordpress-et-resoudre-les-problemes-de-delivrabilite-des-emails\/#breadcrumb"},"inLanguage":"fr-FR","potentialAction":[{"@type":"ReadAction","target":["https:\/\/serversmtp.com\/fr\/comment-configurer-un-smtp-sur-wordpress-et-resoudre-les-problemes-de-delivrabilite-des-emails\/"]}]},{"@type":"ImageObject","inLanguage":"fr-FR","@id":"https:\/\/serversmtp.com\/fr\/comment-configurer-un-smtp-sur-wordpress-et-resoudre-les-problemes-de-delivrabilite-des-emails\/#primaryimage","url":"https:\/\/serversmtp.com\/wp-content\/uploads\/2024\/10\/comment-configurer-un-smtp-sur-wordpress-et-resoudre-les-problemes-de-delivrabilite-des-emails.jpg","contentUrl":"https:\/\/serversmtp.com\/wp-content\/uploads\/2024\/10\/comment-configurer-un-smtp-sur-wordpress-et-resoudre-les-problemes-de-delivrabilite-des-emails.jpg"},{"@type":"BreadcrumbList","@id":"https:\/\/serversmtp.com\/fr\/comment-configurer-un-smtp-sur-wordpress-et-resoudre-les-problemes-de-delivrabilite-des-emails\/#breadcrumb","itemListElement":[{"@type":"ListItem","position":1,"name":"Home","item":"https:\/\/serversmtp.com\/fr\/"},{"@type":"ListItem","position":2,"name":"Plugin WP gratuit pour SMTP : comment configurer un SMTP sur WordPress (et r\u00e9soudre les probl\u00e8mes de d\u00e9livrabilit\u00e9 des emails)"}]},{"@type":"WebSite","@id":"https:\/\/serversmtp.com\/es\/#website","url":"https:\/\/serversmtp.com\/es\/","name":"smtp mail server - professional SMTP service provider","description":"smtp mail server - professional SMTP service provider","publisher":{"@id":"https:\/\/serversmtp.com\/es\/#organization"},"potentialAction":[{"@type":"SearchAction","target":{"@type":"EntryPoint","urlTemplate":"https:\/\/serversmtp.com\/es\/?s={search_term_string}"},"query-input":{"@type":"PropertyValueSpecification","valueRequired":true,"valueName":"search_term_string"}}],"inLanguage":"fr-FR"},{"@type":"Organization","@id":"https:\/\/serversmtp.com\/es\/#organization","name":"Delivery Tech","url":"https:\/\/serversmtp.com\/es\/","logo":{"@type":"ImageObject","inLanguage":"fr-FR","@id":"https:\/\/serversmtp.com\/es\/#\/schema\/logo\/image\/","url":"https:\/\/serversmtp.com\/wp-content\/uploads\/2021\/11\/og-image-2.jpg","contentUrl":"https:\/\/serversmtp.com\/wp-content\/uploads\/2021\/11\/og-image-2.jpg","width":1200,"height":1128,"caption":"Delivery Tech"},"image":{"@id":"https:\/\/serversmtp.com\/es\/#\/schema\/logo\/image\/"}}]}},"_links":{"self":[{"href":"https:\/\/serversmtp.com\/fr\/wp-json\/wp\/v2\/pages\/20904"}],"collection":[{"href":"https:\/\/serversmtp.com\/fr\/wp-json\/wp\/v2\/pages"}],"about":[{"href":"https:\/\/serversmtp.com\/fr\/wp-json\/wp\/v2\/types\/page"}],"author":[{"embeddable":true,"href":"https:\/\/serversmtp.com\/fr\/wp-json\/wp\/v2\/users\/8"}],"replies":[{"embeddable":true,"href":"https:\/\/serversmtp.com\/fr\/wp-json\/wp\/v2\/comments?post=20904"}],"version-history":[{"count":1,"href":"https:\/\/serversmtp.com\/fr\/wp-json\/wp\/v2\/pages\/20904\/revisions"}],"predecessor-version":[{"id":20918,"href":"https:\/\/serversmtp.com\/fr\/wp-json\/wp\/v2\/pages\/20904\/revisions\/20918"}],"wp:attachment":[{"href":"https:\/\/serversmtp.com\/fr\/wp-json\/wp\/v2\/media?parent=20904"}],"curies":[{"name":"wp","href":"https:\/\/api.w.org\/{rel}","templated":true}]}}