{"id":20728,"date":"2024-09-26T11:08:06","date_gmt":"2024-09-26T09:08:06","guid":{"rendered":"https:\/\/serversmtp.com\/?page_id=20728"},"modified":"2024-09-26T11:08:08","modified_gmt":"2024-09-26T09:08:08","slug":"serveur-smtp-dedie-pour-lenvoi-massif-de-mails","status":"publish","type":"page","link":"https:\/\/serversmtp.com\/fr\/serveur-smtp-dedie-pour-lenvoi-massif-de-mails\/","title":{"rendered":"Serveur SMTP d\u00e9di\u00e9 pour l\u2019envoi massif d\u2019e-mails"},"content":{"rendered":"\n<style>\r\n.saswp-faq-block-section ol {\r\n    margin-left: 0px;\r\n}\r\n.saswp-faq-block-section ol li {\r\n    border-bottom: dotted 2px #ccc;\r\n    margin-bottom: 46px;\r\n    padding-bottom: 20px;\r\n}\r\n.saswp-faq-block-section ol li:last-child {\r\n    border-bottom: none;\r\n    margin-bottom: 26px;\r\n}\r\n<\/style>\n\n\n<div class=\"gb-container gb-container-05f4b905\">\n<div class=\"gb-container gb-container-3bd3b6d8\">\n\n<h1 class=\"gb-headline gb-headline-80a0e6dc gb-headline-text\"><strong>TurboSMTP : le serveur SMTP d\u00e9di\u00e9 pour l\u2019envoi massif d\u2019e-mails.<\/strong><\/h1>\n\n\n\n<h2 class=\"gb-headline gb-headline-1238f619 gb-headline-text\">Commencez \u00e0 envoyer de gros volumes d\u2019e-mails de mani\u00e8re efficace avec la meilleure d\u00e9livrabilit\u00e9 du march\u00e9.<\/h2>\n\n\n\n<a class=\"gb-button gb-button-e42a2b01 gb-button-text\" href=\"https:\/\/serversmtp.com\/fr\/signup\">ESSAYEZ TURBOSMTP GRATUITEMENT<\/a>\n\n<\/div>\n<div class=\"gb-shapes\"><div class=\"gb-shape gb-shape-1\"><svg xmlns=\"http:\/\/www.w3.org\/2000\/svg\" viewBox=\"0 0 1200 230\" preserveAspectRatio=\"none\"><path d=\"M1200 230H0V0l600 207.2L1200 0z\"\/><\/svg><\/div><\/div><\/div>\n\n<div class=\"gb-container gb-container-367640b2\">\n<div class=\"gb-container gb-container-f641ef13\">\n\n<h2 class=\"gb-headline gb-headline-01ff8773 gb-headline-text\">Services d\u2019e-mail standards VS<br><strong>serveurs SMTP d\u00e9di\u00e9s pour l\u2019envoi massif<\/strong><\/h2>\n\n\n\n<div class=\"gb-headline gb-headline-de2afcb8 gb-headline-text\">Pour l\u2019envoi d\u2019e-mails en masse, qu\u2019il s\u2019agisse de campagnes marketing ou de messages transactionnels, <strong>disposer de la bonne infrastructure est essentiel<\/strong>.\u00a0En effet, les limites des services d\u2019e-mail standard deviennent vite \u00e9videntes lorsque vous envoyez de gros volumes de messages.<br><\/div>\n\n\n<div class=\"gb-container gb-container-566681d4\">\n<div class=\"gb-grid-wrapper gb-grid-wrapper-a8ab1467\">\n<div class=\"gb-grid-column gb-grid-column-17d5c32f\"><div class=\"gb-container gb-container-17d5c32f\">\n\n<h3 class=\"gb-headline gb-headline-8e34e99a\"><span class=\"gb-icon\"><svg viewBox=\"0 0 512 512\" xmlns=\"http:\/\/www.w3.org\/2000\/svg\"><path d=\"M256 48a208 208 0 1 1 0 416 208 208 0 1 1 0-416zm0 464a256 256 0 1 0 0-512 256 256 0 1 0 0 512zm-81-337c-9.4 9.4-9.4 24.6 0 33.9l47 47-47 47c-9.4 9.4-9.4 24.6 0 33.9s24.6 9.4 33.9 0l47-47 47 47c9.4 9.4 24.6 9.4 33.9 0s9.4-24.6 0-33.9l-47-47 47-47c9.4-9.4 9.4-24.6 0-33.9s-24.6-9.4-33.9 0l-47 47-47-47c-9.4-9.4-24.6-9.4-33.9 0z\"><\/path><\/svg><\/span><\/h3>\n\n\n\n<h3 class=\"gb-headline gb-headline-bae81829 gb-headline-text\"><strong>Services d\u2019e-mails standards<\/strong><\/h3>\n\n\n\n<p class=\"has-text-align-center\">Limites d\u2019envoi et risque \u00e9lev\u00e9 d&#8217;\u00eatre marqu\u00e9 comme spam.<\/p>\n\n<\/div><\/div>\n\n<div class=\"gb-grid-column gb-grid-column-654958e4\"><div class=\"gb-container gb-container-654958e4\">\n\n<h3 class=\"gb-headline gb-headline-4aa8db8d\"><span class=\"gb-icon\"><svg viewBox=\"0 0 512 512\" xmlns=\"http:\/\/www.w3.org\/2000\/svg\"><path d=\"M256 48a208 208 0 1 1 0 416 208 208 0 1 1 0-416zm0 464a256 256 0 1 0 0-512 256 256 0 1 0 0 512zm113-303c9.4-9.4 9.4-24.6 0-33.9s-24.6-9.4-33.9 0l-111 111-47-47c-9.4-9.4-24.6-9.4-33.9 0s-9.4 24.6 0 33.9l64 64c9.4 9.4 24.6 9.4 33.9 0L369 209z\"><\/path><\/svg><\/span><\/h3>\n\n\n\n<h3 class=\"gb-headline gb-headline-0e540be3 gb-headline-text\"><strong>Serveurs SMTP d\u00e9di\u00e9s<\/strong><\/h3>\n\n\n\n<p class=\"has-text-align-center\">Permettent l\u2019envoi efficace de grandes quantit\u00e9s d\u2019e-mails.<\/p>\n\n<\/div><\/div>\n<\/div>\n<\/div>\n<\/div>\n<\/div>\n\n<div class=\"gb-container gb-container-4d0ddaa8\">\n<div class=\"gb-container gb-container-1a7dbdef\">\n\n<h2 class=\"gb-headline gb-headline-b0b37e1f gb-headline-text\">Qu\u2019est-ce qu\u2019un serveur SMTP pour l\u2019envoi massif ?<\/h2>\n\n\n\n<p class=\"gb-headline gb-headline-dbad829a gb-headline-text\">Un serveur SMTP d\u00e9di\u00e9 est un outil essentiel pour envoyer de grandes quantit\u00e9s d\u2019e-mails.\u00a0<br>Contrairement aux serveurs de messagerie standard comme Gmail ou Yahoo, qui limitent les envois quotidiens, un serveur SMTP d\u00e9di\u00e9 <strong>est con\u00e7u pour g\u00e9rer des envois massifs<\/strong> avec une d\u00e9livrabilit\u00e9 \u00e9lev\u00e9e.<\/p>\n\n<\/div>\n<\/div>\n\n<div class=\"gb-container gb-container-8a37d80e\">\n<div class=\"gb-container gb-container-0643eca5\">\n<div class=\"gb-container gb-container-06a706dd\">\n\n<h3 class=\"gb-headline gb-headline-db122663 gb-headline-text\"><strong>Assurez la d\u00e9livrabilit\u00e9 et \u00e9vitez le spam<\/strong><\/h3>\n\n\n\n<p class=\"gb-headline gb-headline-6988be7b gb-headline-text\">Avec turboSMTP, nous proposons un <strong>serveur SMTP d\u00e9di\u00e9 puissant<\/strong> qui garantit que tous vos e-mails atteignent la bo\u00eete de r\u00e9ception, peu importe le volume de vos envois.<\/p>\n\n\n\n<a class=\"gb-button gb-button-2bbda6e5 gb-button-text\" href=\"https:\/\/serversmtp.com\/fr\/signup\">COMMENCEZ \u00c0 ENVOYER MAINTENANT<\/a>\n\n<\/div>\n<\/div>\n<\/div>\n\n<div class=\"gb-container gb-container-8d2fdc0a\">\n<div class=\"gb-container gb-container-e7a79736\">\n\n<h2 class=\"gb-headline gb-headline-8bc2097a gb-headline-text\">Les avantages cl\u00e9s d\u2019un serveur SMTP d\u00e9di\u00e9 pour l\u2019envoi massif.<\/h2>\n\n\n<div class=\"gb-container gb-container-01661071\">\n\n<p class=\"gb-headline gb-headline-3843956a\"><span class=\"gb-icon\"><svg xmlns=\"http:\/\/www.w3.org\/2000\/svg\" viewBox=\"0 0 512 512\"><path d=\"M256 48a208 208 0 1 1 0 416 208 208 0 1 1 0-416zm0 464a256 256 0 1 0 0-512 256 256 0 1 0 0 512zm-81-337c-9.4 9.4-9.4 24.6 0 33.9l47 47-47 47c-9.4 9.4-9.4 24.6 0 33.9s24.6 9.4 33.9 0l47-47 47 47c9.4 9.4 24.6 9.4 33.9 0s9.4-24.6 0-33.9l-47-47 47-47c9.4-9.4 9.4-24.6 0-33.9s-24.6-9.4-33.9 0l-47 47-47-47c-9.4-9.4-24.6-9.4-33.9 0z\"><\/path><\/svg><\/span><span class=\"gb-headline-text\">Les <strong>serveurs d\u2019e-mail classiques<\/strong> ne sont pas con\u00e7us pour g\u00e9rer des envois massifs. Ils imposent des limites strictes, rendant difficile, voire impossible, la mise en place d\u2019une strat\u00e9gie d\u2019email marketing r\u00e9ussie ou l\u2019envoi d\u2019e-mails transactionnels en masse.<\/span><\/p>\n\n\n\n<p class=\"gb-headline gb-headline-af7540df\"><span class=\"gb-icon\"><svg xmlns=\"http:\/\/www.w3.org\/2000\/svg\" viewBox=\"0 0 512 512\"><path d=\"M256 48a208 208 0 1 1 0 416 208 208 0 1 1 0-416zm0 464a256 256 0 1 0 0-512 256 256 0 1 0 0 512zm113-303c9.4-9.4 9.4-24.6 0-33.9s-24.6-9.4-33.9 0l-111 111-47-47c-9.4-9.4-24.6-9.4-33.9 0s-9.4 24.6 0 33.9l64 64c9.4 9.4 24.6 9.4 33.9 0L369 209z\"><\/path><\/svg><\/span><span class=\"gb-headline-text\">Avec un <strong>serveur SMTP d\u00e9di\u00e9<\/strong>, vous \u00e9vitez ces limitations et garantissez un taux de d\u00e9livrabilit\u00e9 beaucoup plus \u00e9lev\u00e9 pour vos campagnes.<br>Un serveur SMTP d\u00e9di\u00e9 pour l\u2019envoi massif garantit :<\/span><\/p>\n\n\n<div class=\"gb-container gb-container-b6afaeed\">\n\n<ul class=\"wp-block-list\">\n<li>Des envois efficaces sans limites ;<\/li>\n\n\n\n<li>Un taux de d\u00e9livrabilit\u00e9 \u00e9lev\u00e9 ;<\/li>\n\n\n\n<li>Des performances am\u00e9lior\u00e9es.<\/li>\n<\/ul>\n\n<\/div>\n<\/div>\n<\/div>\n<\/div>\n\n<div class=\"gb-container gb-container-43e871b9\">\n<div class=\"gb-container gb-container-6c49d50f\">\n\n<h2 class=\"gb-headline gb-headline-a51bf759 gb-headline-text\">Les avantages de turboSMTP pour vos envois massifs.<\/h2>\n\n\n\n<div class=\"gb-headline gb-headline-540aff9d gb-headline-text\">Notre plateforme est con\u00e7ue pour offrir un support complet aux <strong>entreprises de toutes tailles<\/strong>, avec des outils pour suivre et am\u00e9liorer vos campagnes.\u00a0Voici les principales raisons de choisir turboSMTP :<\/div>\n\n\n<div class=\"gb-container gb-container-277ab316\">\n<div class=\"gb-grid-wrapper gb-grid-wrapper-dde37266\">\n<div class=\"gb-grid-column gb-grid-column-9152a6b8\"><div class=\"gb-container gb-container-9152a6b8\">\n\n<h3 class=\"gb-headline gb-headline-e72f9650\"><span class=\"gb-icon\"><svg viewBox=\"0 0 320 512\" xmlns=\"http:\/\/www.w3.org\/2000\/svg\"><path d=\"M182.6 9.4c-12.5-12.5-32.8-12.5-45.3 0l-96 96c-12.5 12.5-12.5 32.8 0 45.3s32.8 12.5 45.3 0l41.4-41.4v293.5l-41.4-41.4c-12.5-12.5-32.8-12.5-45.3 0s-12.5 32.8 0 45.3l96 96c12.5 12.5 32.8 12.5 45.3 0l96-96c12.5-12.5 12.5-32.8 0-45.3s-32.8-12.5-45.3 0L192 402.7V109.2l41.4 41.4c12.5 12.5 32.8 12.5 45.3 0s12.5-32.8 0-45.3l-96-96z\"><\/path><\/svg><\/span><\/h3>\n\n\n\n<h3 class=\"gb-headline gb-headline-1b83c713 gb-headline-text\"><strong>Solutions \u00e9volutives<\/strong><\/h3>\n\n\n\n<p class=\"has-text-align-center\">Que vous envoyiez des petites campagnes ou de grandes distributions, turboSMTP s\u2019adapte \u00e0 vos besoins. Notre infrastructure est con\u00e7ue pour g\u00e9rer de gros volumes, et vous pouvez facilement \u00e9voluer \u00e0 mesure que votre entreprise grandit.<\/p>\n\n<\/div><\/div>\n\n<div class=\"gb-grid-column gb-grid-column-1c298745\"><div class=\"gb-container gb-container-1c298745\">\n\n<h3 class=\"gb-headline gb-headline-724ccd7d\"><span class=\"gb-icon\"><svg viewBox=\"0 0 512 512\" xmlns=\"http:\/\/www.w3.org\/2000\/svg\"><path d=\"M16.1 260.2c-22.6 12.9-20.5 47.3 3.6 57.3L160 376v103.3c0 18.1 14.6 32.7 32.7 32.7 9.7 0 18.9-4.3 25.1-11.8l62-74.3 123.9 51.6c18.9 7.9 40.8-4.5 43.9-24.7l64-416c1.9-12.1-3.4-24.3-13.5-31.2s-23.3-7.5-34-1.4l-448 256zm52.1 25.5L409.7 90.6 190.1 336l1.2 1-123.1-51.3zm335.1 139.7-166.6-69.5 214.1-239.3-47.5 308.8z\"><\/path><\/svg><\/span><\/h3>\n\n\n\n<h3 class=\"gb-headline gb-headline-657b36a9 gb-headline-text\"><strong>Haute d\u00e9livrabilit\u00e9<\/strong><\/h3>\n\n\n\n<p class=\"has-text-align-center\">L\u2019utilisation d\u2019un serveur SMTP d\u00e9di\u00e9 garantit que vos e-mails passent les filtres anti-spam et arrivent dans la bo\u00eete de r\u00e9ception de vos destinataires.<\/p>\n\n<\/div><\/div>\n\n<div class=\"gb-grid-column gb-grid-column-21a82ca9\"><div class=\"gb-container gb-container-21a82ca9\">\n\n<h3 class=\"gb-headline gb-headline-83baba61\"><span class=\"gb-icon\"><svg viewBox=\"0 0 512 512\" xmlns=\"http:\/\/www.w3.org\/2000\/svg\"><path d=\"M64 64c0-17.7-14.3-32-32-32S0 46.3 0 64v336c0 44.2 35.8 80 80 80h400c17.7 0 32-14.3 32-32s-14.3-32-32-32H80c-8.8 0-16-7.2-16-16V64zm406.6 86.6c12.5-12.5 12.5-32.8 0-45.3s-32.8-12.5-45.3 0L320 210.7l-57.4-57.4c-12.5-12.5-32.8-12.5-45.3 0l-112 112c-12.5 12.5-12.5 32.8 0 45.3s32.8 12.5 45.3 0l89.4-89.3 57.4 57.4c12.5 12.5 32.8 12.5 45.3 0l128-128z\"><\/path><\/svg><\/span><\/h3>\n\n\n\n<h3 class=\"gb-headline gb-headline-6a29a3d1 gb-headline-text\"><strong>Outils de suivi avanc\u00e9s<\/strong><\/h3>\n\n\n\n<p class=\"has-text-align-center\">Nous fournissons des analyses d\u00e9taill\u00e9es et des outils de tracking pour surveiller les performances de vos campagnes, vous aidant \u00e0 identifier les points \u00e0 am\u00e9liorer et \u00e0 optimiser vos futurs envois.<\/p>\n\n<\/div><\/div>\n\n<div class=\"gb-grid-column gb-grid-column-4bf5e668\"><div class=\"gb-container gb-container-4bf5e668\">\n\n<h3 class=\"gb-headline gb-headline-a35be1ee\"><span class=\"gb-icon\"><svg viewBox=\"0 0 512 512\" xmlns=\"http:\/\/www.w3.org\/2000\/svg\"><path d=\"m345 39.1 127.8 129.3c52.4 53 52.4 138.2 0 191.2l-112 113.3c-9.3 9.4-24.5 9.5-33.9.2s-9.5-24.5-.2-33.9l111.9-113.3c33.9-34.3 33.9-89.4 0-123.7L310.9 72.9c-9.3-9.4-9.2-24.6.2-33.9s24.6-9.2 33.9.2zM0 229.5V80c0-26.5 21.5-48 48-48h149.5c17 0 33.3 6.7 45.3 18.7l168 168c25 25 25 65.5 0 90.5L277.3 442.7c-25 25-65.5 25-90.5 0l-168-168C6.7 262.7 0 246.5 0 229.5zM144 144a32 32 0 1 0-64 0 32 32 0 1 0 64 0z\"><\/path><\/svg><\/span><\/h3>\n\n\n\n<h3 class=\"gb-headline gb-headline-8e8264a8 gb-headline-text\"><strong>Tarification abordable<\/strong><\/h3>\n\n\n\n<p class=\"has-text-align-center\">turboSMTP propose une solution gratuite avec jusqu\u2019\u00e0 6000 e-mails par mois, ainsi que des plans \u00e9volutifs pour les entreprises en croissance.<\/p>\n\n<\/div><\/div>\n<\/div>\n<\/div>\n<\/div>\n<\/div>\n\n<div class=\"gb-container gb-container-41d23342\">\n<div class=\"gb-container gb-container-889e6eb7\">\n\n<h2 class=\"gb-headline gb-headline-880eb43f gb-headline-text\">Commencez \u00e0 envoyer des e-mails en masse avec turboSMTP.<\/h2>\n\n\n\n<p class=\"gb-headline gb-headline-3cdc9dcf gb-headline-text\">TurboSMTP ne vous offre pas seulement l\u2019infrastructure, mais \u00e9galement <strong>les outils n\u00e9cessaires pour r\u00e9ussir chaque campagne<\/strong>.\u00a0Que vous envoyiez des e-mails marketing ou transactionnels, nous vous fournissons un serveur SMTP robuste pour tous vos besoins d\u2019envoi massif.<br><\/p>\n\n<\/div>\n<\/div>\n\n<div class=\"gb-container gb-container-3f5dbb2a\">\n<div class=\"gb-container gb-container-d46343ce\">\n<div class=\"gb-container gb-container-691e0d35\">\n\n<h3 class=\"gb-headline gb-headline-ae85f513 gb-headline-text\"><strong>Commencez d\u00e8s maintenant !<\/strong><\/h3>\n\n\n\n<h4 class=\"gb-headline gb-headline-4ef8f24c gb-headline-text\">Inscrivez-vous aujourd\u2019hui et envoyez jusqu\u2019\u00e0 6 000 emails gratuits par mois, pour toujours.<\/h4>\n\n\n\n<p class=\"gb-headline gb-headline-2c89998d gb-headline-text\">D\u00e9marrez avec le plan gratuit et ajustez vos besoins d\u2019envoi avec notre serveur SMTP d\u00e9di\u00e9.<br>Faites passer votre strat\u00e9gie d\u2019email marketing au niveau sup\u00e9rieur !<\/p>\n\n\n\n<a class=\"gb-button gb-button-406bfb4c gb-button-text\" href=\"https:\/\/serversmtp.com\/fr\/signup\">COMMENCEZ AVEC TURBOSMTP!<\/a>\n\n<\/div>\n<\/div>\n<\/div>\n\n<div class=\"gb-container gb-container-e5e81420\">\n<div class=\"gb-container gb-container-31433663\">\n\n<h2 class=\"gb-headline gb-headline-d7fae2ae gb-headline-text\">FAQ sur les serveurs SMTP pour l\u2019envoi en masse :<\/h2>\n\n\n<div class=\"gb-container gb-container-f8b591f6\">\n<div class=\"saswp-faq-block-section\"><ol style=\"list-style-type:none\"><li style=\"list-style-type: none\"><h4 class=\"\">Qu\u2019est-ce qu\u2019un serveur SMTP pour envoi en masse et comment \u00e7a fonctionne ?<\/h4><p class=\"saswp-faq-answer-text\">Un serveur SMTP d\u00e9di\u00e9 est con\u00e7u pour envoyer des volumes importants d\u2019emails de mani\u00e8re fiable et efficace. Il garantit que vos emails sont livr\u00e9s sans d\u00e9clencher de filtres anti-spam, ce qui le rend id\u00e9al pour les campagnes marketing, les newsletters et les communications de masse.<\/p><li style=\"list-style-type: none\"><h4 class=\"\">Comment choisir le meilleur serveur SMTP pour mon entreprise ?<\/h4><p class=\"saswp-faq-answer-text\">Lorsque vous choisissez un serveur SMTP, consid\u00e9rez des \u00e9l\u00e9ments comme le taux de d\u00e9livrabilit\u00e9 des emails, la capacit\u00e9 de mont\u00e9e en charge, le rapport qualit\u00e9-prix et le support client. Un serveur SMTP \u00e9volutif permet de g\u00e9rer une augmentation de volume sans compromettre les performances.<\/p><li style=\"list-style-type: none\"><h4 class=\"\">Qu\u2019est-ce qu\u2019un serveur SMTP \u00e9volutif ?<\/h4><p class=\"saswp-faq-answer-text\">Un serveur SMTP \u00e9volutif s&#8217;adapte \u00e0 vos besoins d&#8217;envoi croissants, permettant une augmentation de volume sans affecter la performance ou la d\u00e9livrabilit\u00e9 des emails.<\/p><li style=\"list-style-type: none\"><h4 class=\"\">Pourquoi utiliser un serveur SMTP d\u00e9di\u00e9 pour l\u2019envoi en masse ?<\/h4><p class=\"saswp-faq-answer-text\">Un serveur SMTP d\u00e9di\u00e9 pour l&#8217;envoi massif garantit des taux de d\u00e9livrabilit\u00e9 plus \u00e9lev\u00e9s, une meilleure gestion des emails et la capacit\u00e9 de g\u00e9rer de gros volumes de trafic.<\/p><li style=\"list-style-type: none\"><h4 class=\"\">Comment envoyer des emails en masse de mani\u00e8re fiable et \u00e9viter les filtres anti-spam ?<\/h4><p class=\"saswp-faq-answer-text\">Utilisez un serveur SMTP fiable avec des protocoles d&#8217;authentification tels que SPF, DKIM et DMARC. Respectez les <a href=\"https:\/\/serversmtp.com\/fr\/knowledgebase\/3847\/Best-practice-per-la-mailing-list.html\">bonnes pratiques de l&#8217;email marketing<\/a> et <a href=\"https:\/\/serversmtp.com\/email-validation-tool\/\">maintenez une liste d\u2019emails propre<\/a>.<\/p><li style=\"list-style-type: none\"><h4 class=\"\">Quels sont les avantages d\u2019un serveur SMTP \u00e9volutif pour l\u2019envoi massif ?<\/h4><p class=\"saswp-faq-answer-text\">Le principal avantage d&#8217;un serveur SMTP \u00e9volutif est sa capacit\u00e9 \u00e0 cro\u00eetre avec votre entreprise. Il garantit une haute d\u00e9livrabilit\u00e9, permet des campagnes d&#8217;emailing en masse et g\u00e8re des pics de volume sans interruption.<\/p><li style=\"list-style-type: none\"><h4 class=\"\">Puis-je utiliser un serveur SMTP pour envoyer des emails en illimit\u00e9 ?<\/h4><p class=\"saswp-faq-answer-text\">Oui, de nombreux fournisseurs de services SMTP proposent des <a href=\"https:\/\/serversmtp.com\/fr\/cart.php?carttpl=2clic\">plans incluant l&#8217;envoi illimit\u00e9 d&#8217;emails<\/a>. Toutefois, assurez-vous de lire les conditions g\u00e9n\u00e9rales pour \u00e9viter les restrictions cach\u00e9es.<\/p><li style=\"list-style-type: none\"><h4 class=\"\">Quelle est la diff\u00e9rence entre un serveur d&#8217;emails massifs et un serveur standard ?<\/h4><p class=\"saswp-faq-answer-text\">Un serveur pour envoi massif est optimis\u00e9 pour g\u00e9rer de grands volumes d&#8217;emails de mani\u00e8re efficace, tandis qu\u2019un serveur email standard est destin\u00e9 \u00e0 des communications individuelles ou en petits groupes. Les serveurs SMTP pour envoi massif disposent de fonctionnalit\u00e9s pour g\u00e9rer les volumes \u00e9lev\u00e9s et am\u00e9liorer la d\u00e9livrabilit\u00e9.<\/p><li style=\"list-style-type: none\"><h4 class=\"\">Comment configurer un serveur SMTP pour mes campagnes marketing ?<\/h4><p class=\"saswp-faq-answer-text\">La configuration d&#8217;un serveur SMTP n\u00e9cessite la s\u00e9lection d&#8217;un fournisseur SMTP fiable, la mise en place des protocoles d&#8217;authentification ad\u00e9quats et l&#8217;int\u00e9gration avec votre logiciel d&#8217;email marketing. Assurez-vous que le serveur soit \u00e9volutif pour r\u00e9pondre \u00e0 une augmentation des besoins d\u2019envoi.<\/p><li style=\"list-style-type: none\"><h4 class=\"\">Qu\u2019est-ce qu\u2019un serveur SMTP \u00e9volutif et pourquoi en ai-je besoin ?<\/h4><p class=\"saswp-faq-answer-text\">Un serveur SMTP \u00e9volutif est indispensable pour g\u00e9rer une croissance des envois sans affecter la performance. Il est essentiel pour les entreprises qui souhaitent d\u00e9velopper leur strat\u00e9gie d&#8217;email marketing tout en maintenant une bonne d\u00e9livrabilit\u00e9.<\/p><\/ul><\/div>\n<\/div>\n<\/div>\n<\/div>","protected":false},"excerpt":{"rendered":"<p>TurboSMTP : le serveur SMTP d\u00e9di\u00e9 pour l\u2019envoi massif d\u2019e-mails. Commencez \u00e0 envoyer de gros volumes d\u2019e-mails de mani\u00e8re efficace avec la meilleure d\u00e9livrabilit\u00e9 du march\u00e9. Services d\u2019e-mail standards VSserveurs SMTP d\u00e9di\u00e9s pour l\u2019envoi massif Pour l\u2019envoi d\u2019e-mails en masse, qu\u2019il s\u2019agisse de campagnes marketing ou de messages transactionnels, disposer de la bonne infrastructure est &#8230; <\/p>\n<p class=\"read-more-container\"><a title=\"Serveur SMTP d\u00e9di\u00e9 pour l\u2019envoi massif d\u2019e-mails\" class=\"read-more button\" href=\"https:\/\/serversmtp.com\/fr\/serveur-smtp-dedie-pour-lenvoi-massif-de-mails\/#more-20728\" aria-label=\"En savoir plus sur Serveur SMTP d\u00e9di\u00e9 pour l\u2019envoi massif d\u2019e-mails\">Discover more<\/a><\/p>\n","protected":false},"author":8,"featured_media":0,"parent":0,"menu_order":0,"comment_status":"closed","ping_status":"closed","template":"","meta":{"_eb_attr":"","inline_featured_image":false,"_monsterinsights_skip_tracking":false,"_monsterinsights_sitenote_active":false,"_monsterinsights_sitenote_note":"","_monsterinsights_sitenote_category":0,"footnotes":""},"class_list":["post-20728","page","type-page","status-publish"],"yoast_head":"<!-- This site is optimized with the Yoast SEO plugin v25.3.1 - https:\/\/yoast.com\/wordpress\/plugins\/seo\/ -->\n<title>TurboSMTP: serveur SMTP d\u00e9di\u00e9 pour l\u2019envoi massif d\u2019e-mails<\/title>\n<meta name=\"description\" content=\"Envoyer Emails en Masse Gratuitement. Meilleur Serveur SMTP Gratuit. Choisir un Service SMTP pour l&#039;Envoi Illimit\u00e9 d&#039;Emails en Masse. &gt;&gt; D\u00e9couvrez turboSMTP!\" \/>\n<meta name=\"robots\" content=\"index, follow, max-snippet:-1, max-image-preview:large, max-video-preview:-1\" \/>\n<link rel=\"canonical\" href=\"https:\/\/serversmtp.com\/fr\/serveur-smtp-dedie-pour-lenvoi-massif-de-mails\/\" \/>\n<meta name=\"twitter:label1\" content=\"Dur\u00e9e de lecture estim\u00e9e\" \/>\n\t<meta name=\"twitter:data1\" content=\"3 minutes\" \/>\n<!-- \/ Yoast SEO plugin. -->","yoast_head_json":{"title":"TurboSMTP: serveur SMTP d\u00e9di\u00e9 pour l\u2019envoi massif d\u2019e-mails","description":"Envoyer Emails en Masse Gratuitement. Meilleur Serveur SMTP Gratuit. Choisir un Service SMTP pour l'Envoi Illimit\u00e9 d'Emails en Masse. >> D\u00e9couvrez turboSMTP!","robots":{"index":"index","follow":"follow","max-snippet":"max-snippet:-1","max-image-preview":"max-image-preview:large","max-video-preview":"max-video-preview:-1"},"canonical":"https:\/\/serversmtp.com\/fr\/serveur-smtp-dedie-pour-lenvoi-massif-de-mails\/","twitter_misc":{"Dur\u00e9e de lecture estim\u00e9e":"3 minutes"},"schema":{"@context":"https:\/\/schema.org","@graph":[{"@type":"WebPage","@id":"https:\/\/serversmtp.com\/fr\/serveur-smtp-dedie-pour-lenvoi-massif-de-mails\/","url":"https:\/\/serversmtp.com\/fr\/serveur-smtp-dedie-pour-lenvoi-massif-de-mails\/","name":"TurboSMTP: serveur SMTP d\u00e9di\u00e9 pour l\u2019envoi massif d\u2019e-mails","isPartOf":{"@id":"https:\/\/serversmtp.com\/#website"},"datePublished":"2024-09-26T09:08:06+00:00","dateModified":"2024-09-26T09:08:08+00:00","description":"Envoyer Emails en Masse Gratuitement. Meilleur Serveur SMTP Gratuit. Choisir un Service SMTP pour l'Envoi Illimit\u00e9 d'Emails en Masse. >> D\u00e9couvrez turboSMTP!","breadcrumb":{"@id":"https:\/\/serversmtp.com\/fr\/serveur-smtp-dedie-pour-lenvoi-massif-de-mails\/#breadcrumb"},"inLanguage":"fr-FR","potentialAction":[{"@type":"ReadAction","target":["https:\/\/serversmtp.com\/fr\/serveur-smtp-dedie-pour-lenvoi-massif-de-mails\/"]}]},{"@type":"BreadcrumbList","@id":"https:\/\/serversmtp.com\/fr\/serveur-smtp-dedie-pour-lenvoi-massif-de-mails\/#breadcrumb","itemListElement":[{"@type":"ListItem","position":1,"name":"Home","item":"https:\/\/serversmtp.com\/fr\/"},{"@type":"ListItem","position":2,"name":"Serveur SMTP d\u00e9di\u00e9 pour l\u2019envoi massif d\u2019e-mails"}]},{"@type":"WebSite","@id":"https:\/\/serversmtp.com\/#website","url":"https:\/\/serversmtp.com\/","name":"smtp mail server - professional SMTP service provider","description":"smtp mail server - professional SMTP service provider","publisher":{"@id":"https:\/\/serversmtp.com\/#organization"},"potentialAction":[{"@type":"SearchAction","target":{"@type":"EntryPoint","urlTemplate":"https:\/\/serversmtp.com\/?s={search_term_string}"},"query-input":{"@type":"PropertyValueSpecification","valueRequired":true,"valueName":"search_term_string"}}],"inLanguage":"fr-FR"},{"@type":"Organization","@id":"https:\/\/serversmtp.com\/#organization","name":"Delivery Tech","url":"https:\/\/serversmtp.com\/","logo":{"@type":"ImageObject","inLanguage":"fr-FR","@id":"https:\/\/serversmtp.com\/#\/schema\/logo\/image\/","url":"https:\/\/serversmtp.com\/wp-content\/uploads\/2021\/11\/og-image-2.jpg","contentUrl":"https:\/\/serversmtp.com\/wp-content\/uploads\/2021\/11\/og-image-2.jpg","width":1200,"height":1128,"caption":"Delivery Tech"},"image":{"@id":"https:\/\/serversmtp.com\/#\/schema\/logo\/image\/"}}]}},"_links":{"self":[{"href":"https:\/\/serversmtp.com\/fr\/wp-json\/wp\/v2\/pages\/20728"}],"collection":[{"href":"https:\/\/serversmtp.com\/fr\/wp-json\/wp\/v2\/pages"}],"about":[{"href":"https:\/\/serversmtp.com\/fr\/wp-json\/wp\/v2\/types\/page"}],"author":[{"embeddable":true,"href":"https:\/\/serversmtp.com\/fr\/wp-json\/wp\/v2\/users\/8"}],"replies":[{"embeddable":true,"href":"https:\/\/serversmtp.com\/fr\/wp-json\/wp\/v2\/comments?post=20728"}],"version-history":[{"count":3,"href":"https:\/\/serversmtp.com\/fr\/wp-json\/wp\/v2\/pages\/20728\/revisions"}],"predecessor-version":[{"id":20731,"href":"https:\/\/serversmtp.com\/fr\/wp-json\/wp\/v2\/pages\/20728\/revisions\/20731"}],"wp:attachment":[{"href":"https:\/\/serversmtp.com\/fr\/wp-json\/wp\/v2\/media?parent=20728"}],"curies":[{"name":"wp","href":"https:\/\/api.w.org\/{rel}","templated":true}]}}