{"id":20669,"date":"2024-09-10T11:46:51","date_gmt":"2024-09-10T09:46:51","guid":{"rendered":"https:\/\/serversmtp.com\/?page_id=20669"},"modified":"2024-09-10T11:46:51","modified_gmt":"2024-09-10T09:46:51","slug":"ssl-tls-et-smtp","status":"publish","type":"page","link":"https:\/\/serversmtp.com\/fr\/ssl-tls-et-smtp\/","title":{"rendered":"SSL\/TLS et SMTP"},"content":{"rendered":"<p>Le <a href=\"https:\/\/serversmtp.com\/fr\/protocole-smtp\/\" title=\"SMTP : qu\u2019est-ce que c\u2019est et comment \u00e7a fonctionne\">protocole SMTP<\/a> est encore aujourd&#8217;hui responsable de l&#8217;envoi et de la livraison des emails. Cependant, le <em>Simple Mail Transfer Protocol<\/em> (d&#8217;o\u00f9 l&#8217;acronyme SMTP) a \u00e9t\u00e9 con\u00e7u sans un syst\u00e8me de s\u00e9curit\u00e9 natif. Cela signifie que les emails peuvent \u00eatre expos\u00e9s \u00e0 des risques potentiels pendant le processus de livraison et sont donc vuln\u00e9rables aux attaques frauduleuses.<\/p>\n<p>C&#8217;est pourquoi <strong>nous vous sugg\u00e9rons de configurer un SMTP s\u00e9curis\u00e9 avec un protocole de chiffrement<\/strong> &#8211; les plus populaires \u00e9tant SSL (Secure Socket Layer) et TLS (Transport Layer Security). Fondamentalement, un serveur SMTP avec SSL\/TLS \u00e9tablit une connexion avec le serveur r\u00e9cepteur en ne transmettant que des informations crypt\u00e9es, ce qui rend beaucoup plus difficile pour d&#8217;autres de les intercepter.<\/p>\n<p><strong>Alors, comment configurer un SMTP avec SSL\/TLS ?<\/strong><\/p>\n<p>C&#8217;est tr\u00e8s simple : il vous suffit d&#8217;ouvrir le panneau de configuration de votre client de messagerie et de s\u00e9lectionner \u00ab Utiliser SSL\/TLS \u00bb dans le champ \u00ab S\u00e9curit\u00e9 de la connexion \u00bb. N&#8217;oubliez pas non plus de configurer le port SMTP SSL correct pour la transmission des emails \u2013 g\u00e9n\u00e9ralement, le port 465.<\/p>\n<p><img decoding=\"async\" class=\"aligncenter wp-image-755 size-full\" src=\"https:\/\/serversmtp.com\/wp-content\/uploads\/2018\/03\/secure-smtp-settings.png\" alt=\"Comment configurer un SMTP avec SSL\/TLS\" width=\"338\" height=\"314\" srcset=\"https:\/\/serversmtp.com\/wp-content\/uploads\/2018\/03\/secure-smtp-settings.png 338w, https:\/\/serversmtp.com\/wp-content\/uploads\/2018\/03\/secure-smtp-settings-300x279.png 300w, https:\/\/serversmtp.com\/wp-content\/uploads\/2018\/03\/secure-smtp-settings-320x297.png 320w, https:\/\/serversmtp.com\/wp-content\/uploads\/2018\/03\/secure-smtp-settings-239x222.png 239w\" sizes=\"(max-width: 338px) 100vw, 338px\" \/><\/p>\n<p>Si vous souhaitez garantir une livraison plus rapide et encore plus fiable pour tous vos emails, faites confiance \u00e0 un service SMTP professionnel.<\/p>\n<p><strong><a href=\"https:\/\/serversmtp.com\/fr\/?doing_wp_cron=1725957843.0073029994964599609375\" title=\"Serveur de messagerie SMTP professionnel\">Avec turboSMTP, vous pouvez envoyer 6 000 emails par mois gratuitement<\/a><\/strong>, \u00e0 vie \u2013 puis passer \u00e0 un plan sup\u00e9rieur si vous avez besoin d&#8217;envoyer plus d&#8217;emails.<\/p>\n","protected":false},"excerpt":{"rendered":"<p>Le protocole SMTP est encore aujourd&#8217;hui responsable de l&#8217;envoi et de la livraison des emails. Cependant, le Simple Mail Transfer Protocol (d&#8217;o\u00f9 l&#8217;acronyme SMTP) a \u00e9t\u00e9 con\u00e7u sans un syst\u00e8me de s\u00e9curit\u00e9 natif. Cela signifie que les emails peuvent \u00eatre expos\u00e9s \u00e0 des risques potentiels pendant le processus de livraison et sont donc vuln\u00e9rables aux &#8230; <\/p>\n<p class=\"read-more-container\"><a title=\"SSL\/TLS et SMTP\" class=\"read-more button\" href=\"https:\/\/serversmtp.com\/fr\/ssl-tls-et-smtp\/#more-20669\" aria-label=\"En savoir plus sur SSL\/TLS et SMTP\">Discover more<\/a><\/p>\n","protected":false},"author":8,"featured_media":0,"parent":0,"menu_order":0,"comment_status":"closed","ping_status":"closed","template":"g1_template_page_sidebar_right.php","meta":{"_eb_attr":"","inline_featured_image":false,"_monsterinsights_skip_tracking":false,"_monsterinsights_sitenote_active":false,"_monsterinsights_sitenote_note":"","_monsterinsights_sitenote_category":0,"footnotes":""},"class_list":["post-20669","page","type-page","status-publish"],"yoast_head":"<!-- This site is optimized with the Yoast SEO plugin v25.3.1 - https:\/\/yoast.com\/wordpress\/plugins\/seo\/ -->\n<title>SSL\/TLS et SMTP: configurez un SMTP avec un protocole de chiffrement<\/title>\n<meta name=\"description\" content=\"Comment Configurer un SMTP avec un Protocole SSL\/TLS. Protocole de Chiffrement pour Prot\u00e9ger les Emails des Attaques de Hackers. &gt;&gt; D\u00e9couvrez plus dans l&#039;article !\" \/>\n<meta name=\"robots\" content=\"index, follow, max-snippet:-1, max-image-preview:large, max-video-preview:-1\" \/>\n<link rel=\"canonical\" href=\"https:\/\/serversmtp.com\/fr\/ssl-tls-et-smtp\/\" \/>\n<!-- \/ Yoast SEO plugin. -->","yoast_head_json":{"title":"SSL\/TLS et SMTP: configurez un SMTP avec un protocole de chiffrement","description":"Comment Configurer un SMTP avec un Protocole SSL\/TLS. Protocole de Chiffrement pour Prot\u00e9ger les Emails des Attaques de Hackers. >> D\u00e9couvrez plus dans l'article !","robots":{"index":"index","follow":"follow","max-snippet":"max-snippet:-1","max-image-preview":"max-image-preview:large","max-video-preview":"max-video-preview:-1"},"canonical":"https:\/\/serversmtp.com\/fr\/ssl-tls-et-smtp\/","schema":{"@context":"https:\/\/schema.org","@graph":[{"@type":"WebPage","@id":"https:\/\/serversmtp.com\/fr\/ssl-tls-et-smtp\/","url":"https:\/\/serversmtp.com\/fr\/ssl-tls-et-smtp\/","name":"SSL\/TLS et SMTP: configurez un SMTP avec un protocole de chiffrement","isPartOf":{"@id":"https:\/\/serversmtp.com\/de\/#website"},"primaryImageOfPage":{"@id":"https:\/\/serversmtp.com\/fr\/ssl-tls-et-smtp\/#primaryimage"},"image":{"@id":"https:\/\/serversmtp.com\/fr\/ssl-tls-et-smtp\/#primaryimage"},"thumbnailUrl":"https:\/\/serversmtp.com\/wp-content\/uploads\/2018\/03\/secure-smtp-settings.png","datePublished":"2024-09-10T09:46:51+00:00","description":"Comment Configurer un SMTP avec un Protocole SSL\/TLS. Protocole de Chiffrement pour Prot\u00e9ger les Emails des Attaques de Hackers. >> D\u00e9couvrez plus dans l'article !","breadcrumb":{"@id":"https:\/\/serversmtp.com\/fr\/ssl-tls-et-smtp\/#breadcrumb"},"inLanguage":"fr-FR","potentialAction":[{"@type":"ReadAction","target":["https:\/\/serversmtp.com\/fr\/ssl-tls-et-smtp\/"]}]},{"@type":"ImageObject","inLanguage":"fr-FR","@id":"https:\/\/serversmtp.com\/fr\/ssl-tls-et-smtp\/#primaryimage","url":"https:\/\/serversmtp.com\/wp-content\/uploads\/2018\/03\/secure-smtp-settings.png","contentUrl":"https:\/\/serversmtp.com\/wp-content\/uploads\/2018\/03\/secure-smtp-settings.png"},{"@type":"BreadcrumbList","@id":"https:\/\/serversmtp.com\/fr\/ssl-tls-et-smtp\/#breadcrumb","itemListElement":[{"@type":"ListItem","position":1,"name":"Home","item":"https:\/\/serversmtp.com\/fr\/"},{"@type":"ListItem","position":2,"name":"SSL\/TLS et SMTP"}]},{"@type":"WebSite","@id":"https:\/\/serversmtp.com\/de\/#website","url":"https:\/\/serversmtp.com\/de\/","name":"smtp mail server - professional SMTP service provider","description":"smtp mail server - professional SMTP service provider","publisher":{"@id":"https:\/\/serversmtp.com\/de\/#organization"},"potentialAction":[{"@type":"SearchAction","target":{"@type":"EntryPoint","urlTemplate":"https:\/\/serversmtp.com\/de\/?s={search_term_string}"},"query-input":{"@type":"PropertyValueSpecification","valueRequired":true,"valueName":"search_term_string"}}],"inLanguage":"fr-FR"},{"@type":"Organization","@id":"https:\/\/serversmtp.com\/de\/#organization","name":"Delivery Tech","url":"https:\/\/serversmtp.com\/de\/","logo":{"@type":"ImageObject","inLanguage":"fr-FR","@id":"https:\/\/serversmtp.com\/de\/#\/schema\/logo\/image\/","url":"https:\/\/serversmtp.com\/wp-content\/uploads\/2021\/11\/og-image-2.jpg","contentUrl":"https:\/\/serversmtp.com\/wp-content\/uploads\/2021\/11\/og-image-2.jpg","width":1200,"height":1128,"caption":"Delivery Tech"},"image":{"@id":"https:\/\/serversmtp.com\/de\/#\/schema\/logo\/image\/"}}]}},"_links":{"self":[{"href":"https:\/\/serversmtp.com\/fr\/wp-json\/wp\/v2\/pages\/20669"}],"collection":[{"href":"https:\/\/serversmtp.com\/fr\/wp-json\/wp\/v2\/pages"}],"about":[{"href":"https:\/\/serversmtp.com\/fr\/wp-json\/wp\/v2\/types\/page"}],"author":[{"embeddable":true,"href":"https:\/\/serversmtp.com\/fr\/wp-json\/wp\/v2\/users\/8"}],"replies":[{"embeddable":true,"href":"https:\/\/serversmtp.com\/fr\/wp-json\/wp\/v2\/comments?post=20669"}],"version-history":[{"count":1,"href":"https:\/\/serversmtp.com\/fr\/wp-json\/wp\/v2\/pages\/20669\/revisions"}],"predecessor-version":[{"id":20670,"href":"https:\/\/serversmtp.com\/fr\/wp-json\/wp\/v2\/pages\/20669\/revisions\/20670"}],"wp:attachment":[{"href":"https:\/\/serversmtp.com\/fr\/wp-json\/wp\/v2\/media?parent=20669"}],"curies":[{"name":"wp","href":"https:\/\/api.w.org\/{rel}","templated":true}]}}