{"id":20260,"date":"2024-07-25T10:31:32","date_gmt":"2024-07-25T08:31:32","guid":{"rendered":"https:\/\/serversmtp.com\/?page_id=20260"},"modified":"2024-07-25T10:31:33","modified_gmt":"2024-07-25T08:31:33","slug":"ip-bloque-comment-comprendre-et-eviter-une-liste-noire","status":"publish","type":"page","link":"https:\/\/serversmtp.com\/fr\/ip-bloque-comment-comprendre-et-eviter-une-liste-noire\/","title":{"rendered":"IP Bloqu\u00e9: Comment Comprendre et \u00c9viter une Liste Noire"},"content":{"rendered":"\n<p>Dans le jargon du marketing par courriel, une liste noire (ou blacklist) est une<strong> liste d&#8217;adresses \u00e9lectroniques ou d&#8217;adresses IP qui sont bloqu\u00e9es<\/strong> car consid\u00e9r\u00e9es comme sources de messages ind\u00e9sirables (et par cons\u00e9quent envoy\u00e9es dans le dossier de courriers ind\u00e9sirables, ou directement filtr\u00e9es).<\/p>\n\n\n\n<p>En substance, lorsque l\u2019on continue \u00e0 recevoir des messages non sollicit\u00e9s ou jug\u00e9s nuisibles d&#8217;une adresse IP ou d&#8217;un compte courriel, le serveur entrant les place dans une liste noire. L\u2019action peut \u00eatre tr\u00e8s stricte (blocage de tous les messages entrants) ou moins, selon les cas.<\/p>\n\n\n\n<p><a href=\"https:\/\/www.spamhaus.org\/\"><strong>SpamHaus<\/strong><\/a><strong> et <\/strong><a href=\"https:\/\/www.dnsbl.info\/\"><strong>DNSBL<\/strong><\/a><strong> fournissent des listes<\/strong> constamment mises \u00e0 jour d&#8217;IP bloqu\u00e9es (converties en noms de domaine), ce qui rend tr\u00e8s simple de v\u00e9rifier si le protocole \u00e0 partir duquel on envoie est fiable (sur une liste blanche) ou non. Bien entendu, le maintien d&#8217;une liste blanche ou noire d&#8217;adresses \u00e9lectroniques individuelles est un travail ardu : c\u2019est pourquoi un marketeur utilise normalement ces termes en parlant d\u2019IP.<\/p>\n\n\n\n<figure class=\"gb-block-image gb-block-image-4c417e54\"><img decoding=\"async\" width=\"683\" height=\"157\" class=\"gb-image gb-image-4c417e54\" src=\"https:\/\/serversmtp.com\/wp-content\/uploads\/2018\/03\/black-list-and-white-list.png\" alt=\"IP Bloqu\u00e9: Comment Comprendre et \u00c9viter une Liste Noire\" title=\"IP Bloqu\u00e9: Comment Comprendre et \u00c9viter une Liste Noire\" srcset=\"https:\/\/serversmtp.com\/wp-content\/uploads\/2018\/03\/black-list-and-white-list.png 683w, https:\/\/serversmtp.com\/wp-content\/uploads\/2018\/03\/black-list-and-white-list-300x69.png 300w, https:\/\/serversmtp.com\/wp-content\/uploads\/2018\/03\/black-list-and-white-list-636x146.png 636w, https:\/\/serversmtp.com\/wp-content\/uploads\/2018\/03\/black-list-and-white-list-320x74.png 320w, https:\/\/serversmtp.com\/wp-content\/uploads\/2018\/03\/black-list-and-white-list-239x55.png 239w\" sizes=\"(max-width: 683px) 100vw, 683px\" \/><\/figure>\n\n\n\n<p>En g\u00e9n\u00e9ral, l\u2019id\u00e9e de la liste noire est tr\u00e8s bonne : mais malheureusement, \u00e9tant donn\u00e9 que le spam est un fl\u00e9au terrible et en constante \u00e9volution, les filtres des fournisseurs sont de plus en plus stricts.&nbsp;<\/p>\n\n\n\n<p><strong>Il arrive m\u00eame qu\u2019ils refusent des courriels l\u00e9gitimes<\/strong>.<\/p>\n\n\n\n<p>En fait, environ 15 pour cent des messages seront filtr\u00e9s \u2013 c\u2019est-\u00e0-dire m\u00eame pas livr\u00e9s \u2013 sans que vous le sachiez : ce qui est \u00e9videmment une question cruciale pour toute campagne de marketing. Si vous envoyez un courriel de masse en utilisant un fournisseur SMTP classique, il est toujours possible que l\u2019IP d\u2019envoi soit partag\u00e9 avec un spammeur (ou m\u00eame d\u00e9j\u00e0 sur une liste noire).<\/p>\n\n\n\n<p>Ainsi, le meilleur moyen d\u2019\u00e9viter ce probl\u00e8me et de garantir que votre IP soit \u201csur liste blanche\u201d est de <a href=\"https:\/\/serversmtp.com\/fr\/\"><strong>choisir un service SMTP professionnel<\/strong><\/a> qui utilise uniquement des adresses IP surveill\u00e9es.<\/p>\n\n\n\n<p>De cette fa\u00e7on, tous vos courriels arriveront correctement \u00e0 destination sans plus aucun probl\u00e8me de livraison.<\/p>\n","protected":false},"excerpt":{"rendered":"<p>Dans le jargon du marketing par courriel, une liste noire (ou blacklist) est une liste d&#8217;adresses \u00e9lectroniques ou d&#8217;adresses IP qui sont bloqu\u00e9es car consid\u00e9r\u00e9es comme sources de messages ind\u00e9sirables (et par cons\u00e9quent envoy\u00e9es dans le dossier de courriers ind\u00e9sirables, ou directement filtr\u00e9es). En substance, lorsque l\u2019on continue \u00e0 recevoir des messages non sollicit\u00e9s ou &#8230; <\/p>\n<p class=\"read-more-container\"><a title=\"IP Bloqu\u00e9: Comment Comprendre et \u00c9viter une Liste Noire\" class=\"read-more button\" href=\"https:\/\/serversmtp.com\/fr\/ip-bloque-comment-comprendre-et-eviter-une-liste-noire\/#more-20260\" aria-label=\"En savoir plus sur IP Bloqu\u00e9: Comment Comprendre et \u00c9viter une Liste Noire\">Discover more<\/a><\/p>\n","protected":false},"author":8,"featured_media":0,"parent":0,"menu_order":0,"comment_status":"closed","ping_status":"closed","template":"","meta":{"_eb_attr":"","inline_featured_image":false,"_monsterinsights_skip_tracking":false,"_monsterinsights_sitenote_active":false,"_monsterinsights_sitenote_note":"","_monsterinsights_sitenote_category":0,"footnotes":""},"class_list":["post-20260","page","type-page","status-publish"],"yoast_head":"<!-- This site is optimized with the Yoast SEO plugin v25.3.1 - https:\/\/yoast.com\/wordpress\/plugins\/seo\/ -->\n<title>IP Bloqu\u00e9: Comment Comprendre et \u00c9viter une Liste Noire<\/title>\n<meta name=\"description\" content=\"\u00c9viter qu&#039;un IP soit bloqu\u00e9 et mis sur liste noire. Marketing par courriel pour garantir la d\u00e9livrabilit\u00e9. Maintenir une bonne r\u00e9putation d&#039;exp\u00e9diteur et \u00e9viter les blacklist\" \/>\n<meta name=\"robots\" content=\"index, follow, max-snippet:-1, max-image-preview:large, max-video-preview:-1\" \/>\n<link rel=\"canonical\" href=\"https:\/\/serversmtp.com\/fr\/ip-bloque-comment-comprendre-et-eviter-une-liste-noire\/\" \/>\n<meta name=\"twitter:label1\" content=\"Dur\u00e9e de lecture estim\u00e9e\" \/>\n\t<meta name=\"twitter:data1\" content=\"2 minutes\" \/>\n<!-- \/ Yoast SEO plugin. -->","yoast_head_json":{"title":"IP Bloqu\u00e9: Comment Comprendre et \u00c9viter une Liste Noire","description":"\u00c9viter qu'un IP soit bloqu\u00e9 et mis sur liste noire. Marketing par courriel pour garantir la d\u00e9livrabilit\u00e9. Maintenir une bonne r\u00e9putation d'exp\u00e9diteur et \u00e9viter les blacklist","robots":{"index":"index","follow":"follow","max-snippet":"max-snippet:-1","max-image-preview":"max-image-preview:large","max-video-preview":"max-video-preview:-1"},"canonical":"https:\/\/serversmtp.com\/fr\/ip-bloque-comment-comprendre-et-eviter-une-liste-noire\/","twitter_misc":{"Dur\u00e9e de lecture estim\u00e9e":"2 minutes"},"schema":{"@context":"https:\/\/schema.org","@graph":[{"@type":"WebPage","@id":"https:\/\/serversmtp.com\/fr\/ip-bloque-comment-comprendre-et-eviter-une-liste-noire\/","url":"https:\/\/serversmtp.com\/fr\/ip-bloque-comment-comprendre-et-eviter-une-liste-noire\/","name":"IP Bloqu\u00e9: Comment Comprendre et \u00c9viter une Liste Noire","isPartOf":{"@id":"https:\/\/serversmtp.com\/sv\/#website"},"primaryImageOfPage":{"@id":"https:\/\/serversmtp.com\/fr\/ip-bloque-comment-comprendre-et-eviter-une-liste-noire\/#primaryimage"},"image":{"@id":"https:\/\/serversmtp.com\/fr\/ip-bloque-comment-comprendre-et-eviter-une-liste-noire\/#primaryimage"},"thumbnailUrl":"https:\/\/serversmtp.com\/wp-content\/uploads\/2018\/03\/black-list-and-white-list.png","datePublished":"2024-07-25T08:31:32+00:00","dateModified":"2024-07-25T08:31:33+00:00","description":"\u00c9viter qu'un IP soit bloqu\u00e9 et mis sur liste noire. Marketing par courriel pour garantir la d\u00e9livrabilit\u00e9. Maintenir une bonne r\u00e9putation d'exp\u00e9diteur et \u00e9viter les blacklist","breadcrumb":{"@id":"https:\/\/serversmtp.com\/fr\/ip-bloque-comment-comprendre-et-eviter-une-liste-noire\/#breadcrumb"},"inLanguage":"fr-FR","potentialAction":[{"@type":"ReadAction","target":["https:\/\/serversmtp.com\/fr\/ip-bloque-comment-comprendre-et-eviter-une-liste-noire\/"]}]},{"@type":"ImageObject","inLanguage":"fr-FR","@id":"https:\/\/serversmtp.com\/fr\/ip-bloque-comment-comprendre-et-eviter-une-liste-noire\/#primaryimage","url":"https:\/\/serversmtp.com\/wp-content\/uploads\/2018\/03\/black-list-and-white-list.png","contentUrl":"https:\/\/serversmtp.com\/wp-content\/uploads\/2018\/03\/black-list-and-white-list.png"},{"@type":"BreadcrumbList","@id":"https:\/\/serversmtp.com\/fr\/ip-bloque-comment-comprendre-et-eviter-une-liste-noire\/#breadcrumb","itemListElement":[{"@type":"ListItem","position":1,"name":"Home","item":"https:\/\/serversmtp.com\/fr\/"},{"@type":"ListItem","position":2,"name":"IP Bloqu\u00e9: Comment Comprendre et \u00c9viter une Liste Noire"}]},{"@type":"WebSite","@id":"https:\/\/serversmtp.com\/sv\/#website","url":"https:\/\/serversmtp.com\/sv\/","name":"smtp mail server - professional SMTP service provider","description":"smtp mail server - professional SMTP service provider","publisher":{"@id":"https:\/\/serversmtp.com\/sv\/#organization"},"potentialAction":[{"@type":"SearchAction","target":{"@type":"EntryPoint","urlTemplate":"https:\/\/serversmtp.com\/sv\/?s={search_term_string}"},"query-input":{"@type":"PropertyValueSpecification","valueRequired":true,"valueName":"search_term_string"}}],"inLanguage":"fr-FR"},{"@type":"Organization","@id":"https:\/\/serversmtp.com\/sv\/#organization","name":"Delivery Tech","url":"https:\/\/serversmtp.com\/sv\/","logo":{"@type":"ImageObject","inLanguage":"fr-FR","@id":"https:\/\/serversmtp.com\/sv\/#\/schema\/logo\/image\/","url":"https:\/\/serversmtp.com\/wp-content\/uploads\/2021\/11\/og-image-2.jpg","contentUrl":"https:\/\/serversmtp.com\/wp-content\/uploads\/2021\/11\/og-image-2.jpg","width":1200,"height":1128,"caption":"Delivery Tech"},"image":{"@id":"https:\/\/serversmtp.com\/sv\/#\/schema\/logo\/image\/"}}]}},"_links":{"self":[{"href":"https:\/\/serversmtp.com\/fr\/wp-json\/wp\/v2\/pages\/20260"}],"collection":[{"href":"https:\/\/serversmtp.com\/fr\/wp-json\/wp\/v2\/pages"}],"about":[{"href":"https:\/\/serversmtp.com\/fr\/wp-json\/wp\/v2\/types\/page"}],"author":[{"embeddable":true,"href":"https:\/\/serversmtp.com\/fr\/wp-json\/wp\/v2\/users\/8"}],"replies":[{"embeddable":true,"href":"https:\/\/serversmtp.com\/fr\/wp-json\/wp\/v2\/comments?post=20260"}],"version-history":[{"count":1,"href":"https:\/\/serversmtp.com\/fr\/wp-json\/wp\/v2\/pages\/20260\/revisions"}],"predecessor-version":[{"id":20261,"href":"https:\/\/serversmtp.com\/fr\/wp-json\/wp\/v2\/pages\/20260\/revisions\/20261"}],"wp:attachment":[{"href":"https:\/\/serversmtp.com\/fr\/wp-json\/wp\/v2\/media?parent=20260"}],"curies":[{"name":"wp","href":"https:\/\/api.w.org\/{rel}","templated":true}]}}